{"id":12269,"date":"2026-03-18T22:05:31","date_gmt":"2026-03-18T21:05:31","guid":{"rendered":"https:\/\/gltestm.webology.pl\/produkt\/maszyna-do-szycia-lucznik-master-craft-100-100\/"},"modified":"2026-03-22T22:11:37","modified_gmt":"2026-03-22T21:11:37","slug":"maszyna-do-szycia-lucznik-master-craft-100-100","status":"publish","type":"product","link":"https:\/\/gltestm.webology.pl\/pl\/produkt\/maszyna-do-szycia-lucznik-master-craft-100-100\/","title":{"rendered":"Maszyna do szycia \u0141ucznik Master Craft 100.100"},"content":{"rendered":"<div>\n<div><img fetchpriority=\"high\" decoding=\"async\" src=\"\/hpeciai\/6ee523dad3a2189b6c27665386ada5be\/pol_pl_Maszyna-do-szycia-Lucznik-Master-Craft-100-100-2170_7.webp\" alt=\"Master Craft 100.100\" width=\"1472\" height=\"704\"><\/div>\n<div>\n<h2><span>\u0141ucznik Master Craft 100.100 \u2013 Si\u0142a tradycji, moc nowoczesno\u015bci<\/span><\/h2>\n<p><span>S\u0105 maszyny, kt\u00f3re po prostu szyj\u0105. I s\u0105 takie, kt\u00f3re <strong>inspiruj\u0105<\/strong>. <\/span><span>Master Craft 100.100 to model stworzony na szczeg\u00f3ln\u0105 okazj\u0119 \u2013 <\/span><strong>100-lecie marki \u0141ucznik<\/strong><span>. To symbol stu lat do\u015bwiadczenia, pasji i zaufania, kt\u00f3rym obdarzy\u0142y nas pokolenia krawc\u00f3w i pasjonat\u00f3w szycia.<\/span><\/p>\n<p><span>Ten model powsta\u0142 po to, aby ka\u017cdy, kto siada do szycia, m\u00f3g\u0142 poczu\u0107 t\u0119 sam\u0105 rado\u015b\u0107 i satysfakcj\u0119, kt\u00f3r\u0105 od zawsze niesie tworzenie w\u0142asnych projekt\u00f3w.<\/span><\/p>\n<h2><span>Najwa\u017cniejsze cechy i funkcje<\/span><\/h2>\n<ul>\n<li><span>Silnik o <strong>mocy 90W<\/strong><\/span><\/li>\n<li><span><strong>Metalowy <\/strong>korpus<\/span><\/li>\n<li><span><strong>Metalowe <\/strong>wyko\u0144czenie pola pracy<\/span><\/li>\n<li><span>Pr\u0119dko\u015b\u0107 <strong>1000 \u015bcieg\u00f3w na minut\u0119<\/strong><\/span><\/li>\n<li><strong>24 programy \u015bciegowe<\/strong><\/li>\n<li><span>Chwytacz <strong>rotacyjny<\/strong><\/span><\/li>\n<li><span>Regulacja <strong>d\u0142ugo\u015bci <\/strong>\u015bciegu (0\u20134,5 mm)<\/span><\/li>\n<li><span>Regulacja <strong>szeroko\u015bci <\/strong>\u015bciegu (0\u20136 mm)<\/span><\/li>\n<li><span>Mo\u017cliwo\u015b\u0107 <strong>zmiany pozycji ig\u0142y<\/strong> (lewa, \u015brodek, prawa)<\/span><\/li>\n<li><span>Regulacja <strong>docisku <\/strong>stopki<\/span><\/li>\n<li><span>Automatyczny <strong>nawlekacz <\/strong>ig\u0142y<\/span><\/li>\n<li><strong>Obcinacz <\/strong>nici<\/li>\n<li><span>Stolik powi\u0119kszaj\u0105cy pole pracy<\/span><\/li>\n<li><span>O\u015bwietlenie LED<\/span><\/li>\n<li><span>Wolne rami\u0119<\/span><\/li>\n<li><strong>36 miesi\u0119cy gwarancji w systemie Door-to-Door<\/strong><\/li>\n<\/ul>\n<\/div>\n<div><img decoding=\"async\" src=\"\/hpeciai\/f5b9117066b63a5481d10b6d5731cc93\/pol_pl_Maszyna-do-szycia-Lucznik-Master-Craft-100-100-2170_15.webp\" alt=\"Maszyna do szycia \u0141ucznik Master Craft 100.100 pol_pl_Maszyna-do-szycia-Lucznik-Master-Craft-100-100-2170_15\" width=\"1472\" height=\"704\"><\/div>\n<div>\n<h2><span>Elementy podstawowego wyposa\u017cenia maszyny<\/span><\/h2>\n<ul>\n<li><span>Maszyna do szycia Master Craft 100.100<\/span><\/li>\n<li><span><strong>Stolik powi\u0119kszaj\u0105cy<\/strong> pole pracy<\/span><\/li>\n<li><span>Bogaty zestaw <strong>akcesori\u00f3w<\/strong>, tj.:  <\/span>\n<ul>\n<li><span>ogranicznik na trzpie\u0144 (ma\u0142y i du\u017cy)<\/span><span>, <\/span><\/li>\n<li><span>trzpie\u0144 szpulki<\/span><span>, <\/span><\/li>\n<li><span>ig\u0142a 90 (3 szt.)<\/span><span>, <\/span><\/li>\n<li><span>prujka ze szczoteczk\u0105<\/span><span>, <\/span><\/li>\n<li><span>wkr\u0119tak<\/span><span>, <\/span><\/li>\n<li><span>szpulka (3 szt.)<\/span><span>, <\/span><\/li>\n<li><span>podk\u0142adka pod szpulk\u0119<\/span><span>, <\/span><\/li>\n<li><span>pokrowiec przeciwkurzowy<\/span><span>, <\/span><\/li>\n<li><span>prowadnik do pikowania.<\/span><\/li>\n<\/ul>\n<\/li>\n<\/ul>\n<h2><span>Maszyna do szycia, kt\u00f3ra dotrzyma Ci kroku<\/span><\/h2>\n<p><span>Od maszyny wymagasz przede wszystkim precyzji i pewno\u015bci, \u017ce poradzi sobie z ka\u017cdym materia\u0142em. Master Craft 100.100 ma:<\/span><\/p>\n<ul>\n<li><span>silnik o <strong>mocy 90W<\/strong><\/span><span>, kt\u00f3ry bez wysi\u0142ku przebija si\u0119 przez <strong>grubsze tkaniny<\/strong>,<\/span><\/li>\n<li><span><strong>metalowy korpus<\/strong> i<strong> metalowe wyko\u0144czenie pola pracy<\/strong><\/span><span>, kt\u00f3re sprawiaj\u0105, \u017ce maszyna jest <strong>stabilna<\/strong> i gotowa na <strong>wieloletnie <\/strong>u\u017cytkowanie,<\/span><\/li>\n<li><span>pr\u0119dko\u015b\u0107 a\u017c <strong>1000 \u015bcieg\u00f3w na minut\u0119<\/strong><\/span> <span>\u2013 bo czasem liczy si\u0119 tempo, a Ty nie chcesz czeka\u0107, a\u017c Twoje pomys\u0142y dogoni\u0105 rzeczywisto\u015b\u0107.<\/span><\/li>\n<\/ul>\n<p><span>To partner, kt\u00f3ry zawsze dotrzyma Ci kroku.<\/span><\/p>\n<h2><span>Precyzja, kt\u00f3rej oczekujesz od mistrza<\/span><\/h2>\n<p><span>Ka\u017cdy szczeg\u00f3\u0142 ma znaczenie. Dlatego Master Craft 100.100<\/span><span> daje Ci <\/span><strong>24 programy \u015bciegowe <\/strong><span>\u2013 od tych <strong>prostych <\/strong>i <strong>klasycznych<\/strong>, po <strong>dekoracyjne <\/strong>i <strong>elastyczne<\/strong>, kt\u00f3re rozci\u0105gaj\u0105 si\u0119 razem z materia\u0142em, Idealne do domowych prac, a tak\u017ce bardziej skomplikowanych przer\u00f3bek.<\/span><span>.<\/span><\/p>\n<p><strong>Chwytacz rotacyjny<\/strong><span> sprawia, \u017ce maszyna <strong>pracuje ciszej<\/strong> w stosunku do chwytacza wahad\u0142owego,<\/span><span> a mo\u017cliwo\u015b\u0107 r<strong>egulacji d\u0142ugo\u015bci (0\u20134,5 mm)<\/strong> i <strong>szeroko\u015bci \u015bciegu (0\u20136 mm) <\/strong>pozwala dopasowa\u0107 maszyn\u0119 do ka\u017cdej tkaniny.<\/span><\/p>\n<p><span>Chcesz jeszcze wi\u0119kszej kontroli? <strong>Zmieniaj pozycj\u0119 ig\u0142y <\/strong>(lewa, \u015brodek, prawa), <strong>reguluj docisk stopki <\/strong>i tw\u00f3rz projekty, kt\u00f3re wygl\u0105daj\u0105 dok\u0142adnie tak, jak je sobie wyobrazi\u0142a\u015b.<\/span><\/p>\n<\/div>\n<div><img decoding=\"async\" src=\"\/hpeciai\/3aea5cbd5cc883a54ca44f63d5d79eef\/pol_pl_Maszyna-do-szycia-Lucznik-Master-Craft-100-100-2170_8.webp\" alt=\"Maszyna do szycia Master Craft 100.100\" width=\"1472\" height=\"704\"><\/p>\n<h2><span>Komfort, kt\u00f3ry daje swobod\u0119 tworzenia<\/span><\/h2>\n<p><span>Szycie ma by\u0107 rado\u015bci\u0105, a nie zmaganiem si\u0119 ze sprz\u0119tem. Dlatego w tym modelu znajdziesz funkcje, kt\u00f3re naprawd\u0119 u\u0142atwiaj\u0105 prac\u0119:<\/span><\/p>\n<ul>\n<li><span><strong>automatyczny nawlekacz <\/strong>ig\u0142y<\/span><span> i <\/span><span><strong>obcinacz <\/strong>nici<\/span><span>,<\/span><\/li>\n<li><strong>stolik powi\u0119kszaj\u0105cy pole pracy<\/strong><span>, kt\u00f3ry sprawdzi si\u0119 przy narzutach i du\u017cych projektach,<\/span><\/li>\n<li><span>o\u015bwietlenie <strong>LED <\/strong>i <strong>wolne rami\u0119<\/strong><\/span><span> \u2013 aby ka\u017cdy mankiet i ka\u017cda nogawka by\u0142y dopracowane do perfekcji.<\/span><\/li>\n<\/ul>\n<p><span>A do tego bogaty zestaw akcesori\u00f3w, kt\u00f3re pozwol\u0105 Ci zacz\u0105\u0107 szycie od razu, bez dodatkowych zakup\u00f3w.<\/span><\/p>\n<h2><span>Tradycja, kt\u00f3ra zobowi\u0105zuje<\/span><\/h2>\n<p><span>Kupuj\u0105c Master Craft 100.100, wybierasz <\/span><strong>cz\u0119\u015b\u0107 historii marki \u0141ucznik<\/strong><span>, kt\u00f3ra od stu lat wspiera w tworzeniu. <strong>Zyskujesz gwarancj\u0119 bezpiecze\u0144stwa \u2013 <\/strong><\/span><strong>36 miesi\u0119cy gwarancji w systemie Door-to-Door<\/strong><span>. <\/span><span>W przypadku usterki serwis <strong>odbierze maszyn\u0119 bezpo\u015brednio od Ciebie<\/strong> i <strong>ode\u015ble <\/strong>naprawion\u0105, <strong>bez dodatkowych koszt\u00f3w<\/strong> i konieczno\u015bci samodzielnego dostarczania jej do punktu serwisowego.<\/span><strong><br \/><\/strong><\/p>\n<h2><span>\u0141ucznik Master Craft 100.100 \u2013 Twoje projekty zas\u0142uguj\u0105 na wi\u0119cej<\/span><\/h2>\n<p><span>To najbardziej zaawansowana maszyna mechaniczna, jak\u0105 stworzyli\u015bmy. Mocna, precyzyjna i pi\u0119kna w swojej prostocie. <\/span><span>To sprz\u0119t, kt\u00f3ry pozwoli Ci szy\u0107, rozwija\u0107 pasj\u0119 i wyra\u017ca\u0107 siebie. <\/span><span>Bo szycie to nie tylko \u0142\u0105czenie tkanin. To opowie\u015b\u0107, kt\u00f3r\u0105 tworzysz w\u0142asnymi r\u0119kami.<\/span><\/p>\n<\/div>\n<div><img loading=\"lazy\" decoding=\"async\" src=\"\/hpeciai\/c8afdd28114e1535b6da06c4af847147\/pol_pl_Maszyna-do-szycia-Lucznik-Master-Craft-100-100-2170_4.webp\" alt=\"Maszyna do szycia \u0141ucznik Master Craft 100.100 pol_pl_Maszyna-do-szycia-Lucznik-Master-Craft-100-100-2170_4\" width=\"1472\" height=\"704\"><\/div>\n<\/div>\n","protected":false},"excerpt":{"rendered":"<p>Maszyna do szycia, kt\u00f3ra \u0142\u0105czy moc i pr\u0119dko\u015b\u0107. Dzi\u0119ki solidnej, metalowej konstrukcji oraz 24 programom \u015bciegowym, pozwala na realizacj\u0119 zaawansowanych projekt\u00f3w z najwy\u017csz\u0105 precyzj\u0105. Idealna dla pasjonat\u00f3w i profesjonalist\u00f3w.<\/p>\n","protected":false},"featured_media":14647,"comment_status":"open","ping_status":"closed","template":"","meta":[],"product_brand":[],"product_cat":[393],"product_tag":[],"class_list":{"0":"post-12269","1":"product","2":"type-product","3":"status-publish","4":"has-post-thumbnail","6":"product_cat-maszyny-do-szycia-tradycyjne","8":"first","9":"instock","10":"taxable","11":"shipping-taxable","12":"purchasable","13":"product-type-simple"},"_links":{"self":[{"href":"https:\/\/gltestm.webology.pl\/pl\/wp-json\/wp\/v2\/product\/12269","targetHints":{"allow":["GET"]}}],"collection":[{"href":"https:\/\/gltestm.webology.pl\/pl\/wp-json\/wp\/v2\/product"}],"about":[{"href":"https:\/\/gltestm.webology.pl\/pl\/wp-json\/wp\/v2\/types\/product"}],"replies":[{"embeddable":true,"href":"https:\/\/gltestm.webology.pl\/pl\/wp-json\/wp\/v2\/comments?post=12269"}],"version-history":[{"count":0,"href":"https:\/\/gltestm.webology.pl\/pl\/wp-json\/wp\/v2\/product\/12269\/revisions"}],"wp:featuredmedia":[{"embeddable":true,"href":"https:\/\/gltestm.webology.pl\/pl\/wp-json\/wp\/v2\/media\/14647"}],"wp:attachment":[{"href":"https:\/\/gltestm.webology.pl\/pl\/wp-json\/wp\/v2\/media?parent=12269"}],"wp:term":[{"taxonomy":"product_brand","embeddable":true,"href":"https:\/\/gltestm.webology.pl\/pl\/wp-json\/wp\/v2\/product_brand?post=12269"},{"taxonomy":"product_cat","embeddable":true,"href":"https:\/\/gltestm.webology.pl\/pl\/wp-json\/wp\/v2\/product_cat?post=12269"},{"taxonomy":"product_tag","embeddable":true,"href":"https:\/\/gltestm.webology.pl\/pl\/wp-json\/wp\/v2\/product_tag?post=12269"}],"curies":[{"name":"wp","href":"https:\/\/api.w.org\/{rel}","templated":true}]}}