{"id":12264,"date":"2026-03-18T22:05:30","date_gmt":"2026-03-18T21:05:30","guid":{"rendered":"https:\/\/gltestm.webology.pl\/produkt\/maszyna-do-szycia-lucznik-marilyn-2018-hd-outlet-1\/"},"modified":"2026-03-22T22:11:36","modified_gmt":"2026-03-22T21:11:36","slug":"maszyna-do-szycia-lucznik-marilyn-2018-hd-outlet-1","status":"publish","type":"product","link":"https:\/\/gltestm.webology.pl\/pl\/produkt\/maszyna-do-szycia-lucznik-marilyn-2018-hd-outlet-1\/","title":{"rendered":"Maszyna do szycia \u0141ucznik Marilyn 2018 HD OUTLET-1"},"content":{"rendered":"<div>\n<div>\n<h2><strong>Outlet<\/strong><\/h2>\n<div>Zdarza si\u0119, \u017ce maszyny do szycia wracaj\u0105 do nas ze sklep\u00f3w jako egzemplarze powystawowe lub po zwrocie konsumenckim. Zamiast wyrzuca\u0107 sprz\u0119t, kt\u00f3rego jedyn\u0105 &#8222;wad\u0105&#8221; jest brak idealnego opakowania lub pojedynczego akcesorium, dajemy mu drugie \u017cycie w naszym outlecie.<\/p>\n<\/div>\n<div><strong>\u0141ucznik w Outlecie &#8211; Oszcz\u0119dzaj, szyj\u0105c z pasj\u0105!<br \/><\/strong><\/div>\n<div>Szukasz niezawodnej maszyny do szycia, ale wolisz nie przep\u0142aca\u0107? Mamy dla Ciebie idealne rozwi\u0105zanie! Prezentowana maszyna pochodzi z naszej specjalnej linii <strong>OUTLET 1<\/strong>. Oznacza to, \u017ce jest to w pe\u0142ni sprawny, serwisowo sprawdzony model, gotowy do pracy od zaraz!<\/p>\n<\/div>\n<div><strong>Czym charakteryzuje si\u0119 maszyna OUTLET 1?<br \/><\/strong><\/div>\n<div>Maszyny oznaczone jako OUTLET 1 s\u0105 sprz\u0119tem powystawowym lub po kr\u00f3tkotrwa\u0142ym zwrocie. Zosta\u0142y dok\u0142adnie przetestowane przez nasz serwis, aby zapewni\u0107 Ci pe\u0142n\u0105 funkcjonalno\u015b\u0107 i niezawodno\u015b\u0107.<\/p>\n<\/div>\n<div><strong>Pami\u0119taj, \u017ce w przypadku tej maszyny, cena jest obni\u017cona ze wzgl\u0119du na:<\/strong><\/p>\n<\/div>\n<ul>\n<li><strong>Mo\u017cliwy brak instrukcji obs\u0142ugi<\/strong> (kt\u00f3r\u0105 zawsze mo\u017cesz pobra\u0107 ze strony \u0141ucznika).\n<\/li>\n<li><strong>Mo\u017cliwy brak pokrowca przeciwkurzowego lub niekt\u00f3rych akcesori\u00f3w<\/strong> (element\u00f3w, kt\u00f3re nie wp\u0142ywaj\u0105 na prawid\u0142owe dzia\u0142anie maszyny, np. dodatkowej ig\u0142y).\n<\/li>\n<li><strong>Delikatnie uszkodzone oryginalne opakowanie.<br \/><\/strong><\/li>\n<\/ul>\n<div><strong>Wa\u017cne:<\/strong> To wci\u0105\u017c w 100% sprawna maszyna, kt\u00f3ra zapewni Ci rado\u015b\u0107 szycia na d\u0142ugie lata!<\/div>\n<h2><strong>Maszyna do szycia Marilyn 2018<\/strong> &#8211; prosta w obs\u0142udze, niezawodna w dzia\u0142aniu<\/h2>\n<p>Oto jedyna w swoim rodzaju, wyj\u0105tkowa i pe\u0142na wdzi\u0119ku <strong>Marilyn HD 2018<\/strong>. Niech jednak nie zwiedzie Ci\u0119 jej uroczy wygl\u0105d! Marilyn to maszyna z &#8222;powerem&#8221;, kt\u00f3rej spokojnie mo\u017cesz powierzy\u0107 wszelkie rodzaje materia\u0142\u00f3w, od <strong>delikatnych jedwabi\u00f3w po sztywny d\u017cins<\/strong>. <\/p>\n<h2>Najwa\u017cniejsze cechy<\/h2>\n<ul>\n<li><strong>99 \u015bcieg\u00f3w<\/strong> (prosty, <strong>overlock<\/strong>, zygzak, tr\u00f3jskok, trykotowy, <strong>elastyczny<\/strong>, satynowy, kryty ozdobny i wiele innych)<\/li>\n<li><strong>automatyczne szycie<\/strong> (przycisk START\/STOP)<\/li>\n<li>regulacja<strong> pr\u0119dko\u015bci szycia<\/strong> (suwak, regulator no\u017cny), <\/li>\n<li>automatyczne <strong>obszywanie<\/strong> dziurki na guzik<\/li>\n<li>automatyczne <strong>nawijanie<\/strong> nici na szpulk\u0119<\/li>\n<li>automatyczne<strong> nawlekanie ig\u0142y<\/strong><\/li>\n<li>automatyczne<strong> podnoszenie i opuszczanie ig\u0142y<\/strong><\/li>\n<li>automatyczne<strong> ryglowanie<\/strong><\/li>\n<li><strong>wysokie <\/strong>podnoszenie stopki<\/li>\n<li>szycie wsteczne (<strong>przycisk<\/strong>)<\/li>\n<li>regulacja napr\u0119\u017cenia nici<\/li>\n<li>mo\u017cliwo\u015b\u0107 modyfikacji \u015bciegu (d\u0142ugo\u015b\u0107, szeroko\u015b\u0107)<\/li>\n<li>mo\u017cliwo\u015b\u0107 szycia <strong>podw\u00f3jn\u0105 ig\u0142\u0105<\/strong><\/li>\n<li>wolne rami\u0119<\/li>\n<li>funkcje<strong> ostrzegawcze<\/strong><\/li>\n<li><strong>o\u015bwietlenie LED<\/strong><\/li>\n<\/ul>\n<h2>Wyposa\u017cenie w zestawie<\/h2>\n<ul>\n<li>stopka <strong>uniwersalna<\/strong> (zamocowana na maszynie)<\/li>\n<li>stopka do obszywania <strong>dziurki na guzik<\/strong><\/li>\n<li>stopka do przyszywania <strong>guzik\u00f3w<\/strong><\/li>\n<li>stopka do wyszywania <strong>zamk\u00f3w<\/strong><\/li>\n<li>stopka do \u015bciegu <strong>satynowego<\/strong><\/li>\n<li><strong>prujka<\/strong><\/li>\n<li>prowadnik do pikowania<\/li>\n<li><strong>zapasowe ig\u0142y 90 (3)<\/strong><\/li>\n<li><strong>zapasowe szpulki (3)<\/strong><\/li>\n<li>nasadka na szpul\u0119 du\u017ca<\/li>\n<li>nasadka na szpul\u0119 ma\u0142a<\/li>\n<li>pokrowiec preciwkurzowy<\/li>\n<li>\u015brubokr\u0119t<\/li>\n<li>filcowe podk\u0142adki na trzpie\u0144 szpuli<\/li>\n<li>dodatkowy trzpie\u0144 na szpul\u0119<\/li>\n<\/ul>\n<h2>99 \u015bcieg\u00f3w do i p\u0142ynna regulacja d\u0142ugo\u015bci i szeroko\u015bci \u015bciegu<\/h2>\n<p>Co takiego potrafi <strong>Marilyn HD 2018<\/strong>? Ma w swojej pami\u0119ci zaprogramowane <strong>99 \u015bcieg\u00f3w<\/strong> wraz z ich poszczeg\u00f3lnymi, standardowymi parametrami, dzi\u0119ki czemu nie musimy martwi\u0107 si\u0119 o ka\u017cdorazowe programowanie ustawie\u0144 maszyny, kiedy tylko zmieniamy spos\u00f3b szycia. \u017badnego manewrowania pokr\u0119t\u0142ami &#8211; czyni to z niej idealn\u0105 propozycj\u0119 dla os\u00f3b mniej wtajemniczonych i zupe\u0142nie pocz\u0105tkuj\u0105cych.<\/p>\n<p>Kiedy jednak zechcesz zmieni\u0107 standardowe ustawienia pod specyficzny materia\u0142, z kt\u00f3rym b\u0119dziesz pracowa\u0107, maszyna umo\u017cliwi Ci dok\u0142adn\u0105, <strong>p\u0142ynn\u0105 regulacj\u0119<\/strong> ka\u017cdego z parametr\u00f3w szycia &#8211; w tym <strong>d\u0142ugo\u015bci oraz szeroko\u015bci \u015bciegu<\/strong>. W<span>yb\u00f3r ustawie\u0144 odbywa si\u0119 przez wprowadzenie odpowiednich warto\u015bci na czytelnym <\/span><strong>elektronicznym wy\u015bwietlaczu<\/strong><span>. Wbrew pozorom &#8211; jest to dziecinnie proste!<\/span><\/p>\n<h2><span>Szycie automatyczne z p\u0142ynn\u0105 regulacj\u0105 pr\u0119dko\u015bci<\/span><\/h2>\n<p>W odr\u00f3\u017cnieniu od tradycyjnych maszyn mechanicznych Marilyn pozwala na sterowanie nie tylko poprzez do\u0142\u0105czony do niej <strong>regulator no\u017cny<\/strong><span>, ale r\u00f3wnie\u017c przez <\/span><strong>przycisk START\/STOP<\/strong><span> w obudowie, co dla wielu os\u00f3b jest bardziej komfortowe<\/span><span>. To troch\u0119 tak, jakby maszyna &#8222;szy\u0142a sama&#8221; &#8211; naciskamy START i tyle, szyjemy. <\/span><\/p>\n<p><span>Co wi\u0119cej, <\/span><strong>Marilyn HD 2018<\/strong><span> umo\u017cliwia manualne <\/span><strong>ustawienie pr\u0119dko\u015bci szycia<\/strong><span> dzi\u0119ki jasno oznaczonemu suwakowi. Je\u017celi ma ni\u0105 operowa\u0107 osoba mniej do\u015bwiadczona lub wykonujemy szczeg\u00f3lnie skomplikowany element, mo\u017cemy po prostu przesun\u0105\u0107 suwak w lewo, aby spowodowa\u0107 maksymalne spowolnienie pracy ig\u0142y. I odwrotnie &#8211; je\u017celi zale\u017cy nam na zwi\u0119kszeniu pr\u0119dko\u015bci szycia, wystarczy, \u017ce przesuniemy suwak w prawo. Szyj\u0105c wi\u0119ksze powierzchnie materia\u0142u (jak na przyk\u0142ad po\u015bciel czy zas\u0142ony) mo\u017cemy po prostu ustawi\u0107 maszyn\u0119 na okre\u015blon\u0105 pr\u0119dko\u015b\u0107 szycia, w\u0142\u0105czy\u0107 szycie automatyczne i kontrolowa\u0107 jedynie, czy \u015bcieg biegnie prosto po wyznaczonej linii.<\/span><\/p>\n<h2><span>Przyciski funkcyjne u\u0142atwiaj\u0105ce szycie<\/span><\/h2>\n<p><span>Ogromn\u0105 zalet\u0105 <strong>Marilyn<\/strong> s\u0105 <strong>przyciski funkcyjne<\/strong><span>, kt\u00f3re znacznie umilaj\u0105 prac\u0119 krawieck\u0105, jednocze\u015bnie oszcz\u0119dzaj\u0105c Tw\u00f3j czas. <\/span><\/span><\/p>\n<ul>\n<li><span>Przycisk w pe\u0142ni <\/span><strong>automatycznego blokowania, <\/strong>kt\u00f3ry<span> pozwala maszynowo zap\u0119tli\u0107 pocz\u0105tek i koniec \u015bciegu, aby zapobiec jego pruciu si\u0119. Nie trzeba wykonywa\u0107 &#8222;rygla&#8221; na pocz\u0105tku oraz ko\u0144cu szycia, aby zablokowa\u0107 szew. Wystarczy nacisn\u0105\u0107 przycisk, a maszyna w dowolnym momencie automatycznie wykona p\u0119telk\u0119.<\/span><\/li>\n<li><span><span>Przycisk <strong>automatycznego podnoszenia ig\u0142y <\/strong>pozwala natomiast <span>zaprogramowa\u0107 ko\u0144czenie szycia zawsze z ig\u0142\u0105 podniesion\u0105 w g\u00f3r\u0119 lub wbit\u0105 w materia\u0142. Ju\u017c nigdy nie zapomnisz o podniesieniu ig\u0142y przed zmian\u0105 \u015bciegu. Nie trzeba te\u017c manewrowa\u0107 ko\u0142em r\u0119cznym po zako\u0144czeniu szycia.<\/span><\/span><\/span><\/li>\n<li>Kiedy zajdzie potrzeba wy\u0142\u0105czenia transportu materia\u0142u (jak na przyk\u0142ad podczas przyszywania guzika lub haftowania), mo\u017cna zwyczajnie schowa\u0107 z\u0105bki transportera przesuwaj\u0105c specjalny <strong>wy\u0142\u0105cznik dolnego transportu<\/strong> maszyny.<\/li>\n<li><span><span>Dla os\u00f3b pocz\u0105tkuj\u0105cych, kt\u00f3rym cz\u0119sto zrywa si\u0119 ni\u0107 podczas szycia oraz dla os\u00f3b o s\u0142abym wzroku lub obni\u017conej sprawno\u015bci d\u0142oni, niezast\u0105piona b\u0119dzie funkcja <strong>automatycznego nawlekania nici<\/strong> na ig\u0142\u0119 maszyny. Brak konieczno\u015bci celowania w oczko zdecydowanie u\u0142atwia \u017cycie, oszcz\u0119dza czas i nerwy!<\/span><\/span><\/li>\n<\/ul>\n<h2><span><strong>Przejrzysta rozpiska dost\u0119pnych \u015bcieg\u00f3w<\/strong><\/span><\/h2>\n<p><span><strong>Marilyn HD 2018<\/strong> daje mo\u017cliwo\u015b\u0107 operowania szerokim wachlarzem \u015bcieg\u00f3w ozdobnych, szlaczk\u00f3w i ornament\u00f3w. Sp\u00f3jrz tylko, ile pi\u0119kna zawiera w swoim wn\u0119trzu! Nie obawiaj si\u0119, \u017ce si\u0119 w nich pogubisz <span>&#8211; przygotowali\u015bmy dla Ciebie specjaln\u0105 <\/span><strong>&#8222;\u015bci\u0105gawk\u0119&#8221;<\/strong><span> zawieraj\u0105c\u0105 pogrupowane tematycznie \u015bciegi wraz z ich numerami oraz ilustracjami. Mo\u017ce by\u0107 wygodnie zamocowana na g\u00f3rze maszyny, tu\u017c na wysoko\u015bci Twojego wzroku lub wyci\u0105gana w razie potrzeby.<\/span><\/span><\/p>\n<h2>Cicha praca dzi\u0119ki chwytaczowi rotacyjnemu<\/h2>\n<p><span><span><strong>Marilyn HD 2018<\/strong> posiada wysokiej klasy <strong>chwytacz typu rotacyjnego<\/strong><span>, kt\u00f3ry w odr\u00f3\u017cnieniu od chwytacza wahad\u0142owego umo\u017cliwia <\/span><strong>cichsz\u0105 prac\u0119<\/strong><span> oraz \u0142atwiejsze mocowanie dolnej szpulki w b\u0119benku maszyny. Poprzez <strong>przezroczyst\u0105 os\u0142on\u0119 b\u0119benka<\/strong> mo\u017cna w ka\u017cdej chwili podejrze\u0107 ilo\u015b\u0107 nici pozosta\u0142ej na dolnej szpulce maszyny. Ju\u017c nigdy nie zaskoczy Ci\u0119 nag\u0142y koniec \u015bciegu i ni\u0107 ko\u0144cz\u0105ca si\u0119 w najmniej odpowiednim momencie. <\/span><\/span><\/span><\/p>\n<h2><span><span><span>Funkcje automatyczne i nowoczesne o\u015bwietlenie LED<\/span><\/span><\/span><\/h2>\n<p><span><span><span>Naturalnie, <strong>Marilyn<\/strong> posiada r\u00f3wnie\u017c funkcje i udogodnienia w\u0142a\u015bciwe dla maszyn ni\u017cszej od niej klasy, takie jak <span>o\u015bwietlenie <\/span><strong>LED<\/strong><span> nad polem pracy, <\/span><strong>automatyczne obszywanie dziurek<\/strong><span> na guziki czy <\/span><strong>szycie wsteczne. <\/strong><span>W wysuwanym pojemniku maszyny znajduje si\u0119 komplet niezb\u0119dnych <\/span><strong>akcesori\u00f3w <\/strong>do szycia oraz do konserwacji maszyny.<\/span><\/span><\/span> <\/p>\n<h2>Metalowe podzespo\u0142y maszyny<\/h2>\n<p><span>Korpus oraz drobne elementy <strong>Marilyn HD 2018<\/strong> wytworzono z <\/span><strong>nowoczesnych stop\u00f3w metali<\/strong><span>, w\u0142a\u015bciwo\u015bciami odpowiadaj\u0105cymi warunkom, w kt\u00f3rych dane podzespo\u0142y pracuj\u0105 lub mog\u0105 potencjalnie zosta\u0107 nara\u017cone. W \u015brodku znajduje si\u0119 r\u00f3wnie\u017c p\u0142yta g\u0142\u00f3wna wraz z okablowaniem &#8211; podobnie jak w komputerze. Pozwala to na sterowanie urz\u0105dzeniem przy pomocy przycisk\u00f3w i wy\u015bwietlanie informacji na ekranie.<\/span><\/p>\n<p><span><span>W<span>ewn\u0119trzne <\/span><strong>m<\/strong><\/span><\/span><strong>etalowe podzespo\u0142y<\/strong><span><span> Marilyn<\/span> zosta\u0142y zamkni\u0119te w <strong>lekkiej obudowie<\/strong> wykonanej z poliw\u0119glanu \u0142\u0105cz\u0105cego ochron\u0119 mechanizmu z niewielk\u0105 wag\u0105. Dzi\u0119ki temu z \u0142atwo\u015bci\u0105 przeniesiesz urz\u0105dzenie z miejsca na miejsce lub schowasz (na przyk\u0142ad do szafy) po zako\u0144czeniu pracy.<\/span><\/p>\n<h2><span><strong>24-miesi\u0119czna gwarancja<\/strong><\/span><\/h2>\n<p><span><strong>Marilyn HD 2018<\/strong> posiada dwuletni\u0105 gwarancj\u0119. Do maszyny do\u0142\u0105czona jest <\/span><strong>przyst\u0119pnie napisana instrukcja<\/strong><span><span> w j\u0119zyku polskim oraz angielskim, <\/span>maj\u0105ca za zadanie zapozna\u0107 Ci\u0119 z maszyn\u0105 i umo\u017cliwi\u0107 wykorzystanie pe\u0142ni jej mo\u017cliwo\u015bci. Przypominamy, \u017ce najlepiej zajrze\u0107 do niej jeszcze przed rozpocz\u0119ciem szycia.<\/span><\/p>\n<p><span>Zapisz<\/span><\/p>\n<h2>Konserwacja maszyny do szycia. Krok po kroku.<\/h2>\n<\/div>\n<\/div>\n","protected":false},"excerpt":{"rendered":"<p>Mocna maszyna elektroniczna wyposa\u017cona w 99 \u015bcieg\u00f3w, automatyczne blokowanie ko\u0144ca \u015bciegu, programowanie pozycji ig\u0142y oraz szycie automatyczne. Zobacz jej pi\u0119kno, poczuj jej moc! OUTLET<\/p>\n","protected":false},"featured_media":13095,"comment_status":"open","ping_status":"closed","template":"","meta":[],"product_brand":[],"product_cat":[788],"product_tag":[],"class_list":{"0":"post-12264","1":"product","2":"type-product","3":"status-publish","4":"has-post-thumbnail","6":"product_cat-maszyny","8":"first","9":"instock","10":"taxable","11":"shipping-taxable","12":"purchasable","13":"product-type-simple"},"_links":{"self":[{"href":"https:\/\/gltestm.webology.pl\/pl\/wp-json\/wp\/v2\/product\/12264","targetHints":{"allow":["GET"]}}],"collection":[{"href":"https:\/\/gltestm.webology.pl\/pl\/wp-json\/wp\/v2\/product"}],"about":[{"href":"https:\/\/gltestm.webology.pl\/pl\/wp-json\/wp\/v2\/types\/product"}],"replies":[{"embeddable":true,"href":"https:\/\/gltestm.webology.pl\/pl\/wp-json\/wp\/v2\/comments?post=12264"}],"version-history":[{"count":0,"href":"https:\/\/gltestm.webology.pl\/pl\/wp-json\/wp\/v2\/product\/12264\/revisions"}],"wp:featuredmedia":[{"embeddable":true,"href":"https:\/\/gltestm.webology.pl\/pl\/wp-json\/wp\/v2\/media\/13095"}],"wp:attachment":[{"href":"https:\/\/gltestm.webology.pl\/pl\/wp-json\/wp\/v2\/media?parent=12264"}],"wp:term":[{"taxonomy":"product_brand","embeddable":true,"href":"https:\/\/gltestm.webology.pl\/pl\/wp-json\/wp\/v2\/product_brand?post=12264"},{"taxonomy":"product_cat","embeddable":true,"href":"https:\/\/gltestm.webology.pl\/pl\/wp-json\/wp\/v2\/product_cat?post=12264"},{"taxonomy":"product_tag","embeddable":true,"href":"https:\/\/gltestm.webology.pl\/pl\/wp-json\/wp\/v2\/product_tag?post=12264"}],"curies":[{"name":"wp","href":"https:\/\/api.w.org\/{rel}","templated":true}]}}