{"id":12259,"date":"2026-03-18T22:05:28","date_gmt":"2026-03-18T21:05:28","guid":{"rendered":"https:\/\/gltestm.webology.pl\/produkt\/maszyna-do-szycia-lucznik-teresa-outlet-1\/"},"modified":"2026-03-22T22:11:36","modified_gmt":"2026-03-22T21:11:36","slug":"maszyna-do-szycia-lucznik-teresa-outlet-1","status":"publish","type":"product","link":"https:\/\/gltestm.webology.pl\/pl\/produkt\/maszyna-do-szycia-lucznik-teresa-outlet-1\/","title":{"rendered":"Maszyna do szycia \u0141ucznik Teresa OUTLET-1"},"content":{"rendered":"<div>\n<div>\n<h2><strong><img fetchpriority=\"high\" decoding=\"async\" src=\"\/data\/include\/cms\/.product\/6\/3\/36\/Teresa_lifestyle_1a.jpg\" alt=\"maszyna do szycia \u0141ucznik Teresa\" width=\"2000\" height=\"1333\"><\/strong><\/h2>\n<h2>Outlet<\/h2>\n<div>Zdarza si\u0119, \u017ce maszyny do szycia wracaj\u0105 do nas ze sklep\u00f3w jako egzemplarze powystawowe lub po zwrocie konsumenckim. Zamiast wyrzuca\u0107 sprz\u0119t, kt\u00f3rego jedyn\u0105 &#8222;wad\u0105&#8221; jest brak idealnego opakowania lub pojedynczego akcesorium, dajemy mu drugie \u017cycie w naszym outlecie.<\/p>\n<\/div>\n<div><strong>\u0141ucznik w Outlecie &#8211; Oszcz\u0119dzaj, szyj\u0105c z pasj\u0105!<br \/><\/strong><\/div>\n<div>Szukasz niezawodnej maszyny do szycia, ale wolisz nie przep\u0142aca\u0107? Mamy dla Ciebie idealne rozwi\u0105zanie! Prezentowana maszyna pochodzi z naszej specjalnej linii <strong>OUTLET 1<\/strong>. Oznacza to, \u017ce jest to w pe\u0142ni sprawny, serwisowo sprawdzony model, gotowy do pracy od zaraz!<\/p>\n<\/div>\n<div><strong>Czym charakteryzuje si\u0119 maszyna OUTLET 1?<br \/><\/strong><\/div>\n<div>Maszyny oznaczone jako OUTLET 1 s\u0105 sprz\u0119tem powystawowym lub po kr\u00f3tkotrwa\u0142ym zwrocie. Zosta\u0142y dok\u0142adnie przetestowane przez nasz serwis, aby zapewni\u0107 Ci pe\u0142n\u0105 funkcjonalno\u015b\u0107 i niezawodno\u015b\u0107.<\/p>\n<\/div>\n<div><strong>Pami\u0119taj, \u017ce w przypadku tej maszyny, cena jest obni\u017cona ze wzgl\u0119du na:<\/strong><\/p>\n<\/div>\n<ul>\n<li><strong>Mo\u017cliwy brak instrukcji obs\u0142ugi<\/strong> (kt\u00f3r\u0105 zawsze mo\u017cesz pobra\u0107 ze strony \u0141ucznika).\n<\/li>\n<li><strong>Mo\u017cliwy brak pokrowca przeciwkurzowego lub niekt\u00f3rych akcesori\u00f3w<\/strong> (element\u00f3w, kt\u00f3re nie wp\u0142ywaj\u0105 na prawid\u0142owe dzia\u0142anie maszyny, np. dodatkowej ig\u0142y).\n<\/li>\n<li><strong>Delikatnie uszkodzone oryginalne opakowanie.<br \/><\/strong><\/li>\n<\/ul>\n<div><strong>Wa\u017cne:<\/strong> To wci\u0105\u017c w 100% sprawna maszyna, kt\u00f3ra zapewni Ci rado\u015b\u0107 szycia na d\u0142ugie lata!<\/div>\n<h2>Maszyna do szycia \u0141ucznik Teresa \u2013 niezawodna \u201edziewczyna\u201d do zada\u0144 specjalnych!<\/h2>\n<p>Delikatny, minimalistyczny design? Niech Was to nie zwiedzie! Nasza \u0142ucznikowa Teresa to naprawd\u0119 <strong>mocna \u201ezawodniczka\u201d \u2013 skuteczna i niezawodna<\/strong>. To uniwersalna <a href=\"https:\/\/galerialucznik.pl\/\" target=\"_blank\" rel=\"noopener\">maszyna do szycia<\/a>, kt\u00f3ra b\u0119dzie praw\u0105 r\u0119k\u0105 i chlub\u0105 nawet najbardziej wymagaj\u0105cej domowej krawcowej. Umo\u017cliwia szycie a\u017c <strong>34 \u015bciegami<\/strong>, w tym elastycznymi i <strong>overlockowymi<\/strong>, a tak\u017ce wygodne <strong>szycie podw\u00f3jn\u0105 ig\u0142\u0105<\/strong>. Posiada przy tym bardzo <strong>prost\u0105 obs\u0142ug\u0119<\/strong> wspieran\u0105 przez system <strong>automatycznego nawlekania<\/strong>.<\/p>\n<p>Maszyna do szycia Teresa to nasz <strong>ho\u0142d z\u0142o\u017cony legendarnym maszynom do szycia \u0141ucznik wyprodukowanym w latach 80-tych XX wieku<\/strong>, kt\u00f3re by\u0142y \u00ad\u2013 i cz\u0119sto nadal s\u0105 \u2013 obecne w niemal ka\u017cdym polskim domu. Niejednokrotnie s\u0142u\u017c\u0105 wiernie do dzi\u015b.<\/p>\n<h2>Najwa\u017cniejsze cechy<\/h2>\n<ul>\n<li><strong>34 \u015bciegi<\/strong> (prosty, <strong>overlock<\/strong>, zygzak, tr\u00f3jskok, trykotowy, elastyczny, satynowy, kryty ozdobny i wiele innych)<\/li>\n<li>automatyczne obszywanie dziurki na guzik<\/li>\n<li>automatyczne nawijanie nici na szpulk\u0119<\/li>\n<li><strong>automatyczne nawlekanie ig\u0142y<\/strong><\/li>\n<li>regulacja napr\u0119\u017cenia nici<\/li>\n<li>mo\u017cliwo\u015b\u0107 modyfikacji \u015bciegu (d\u0142ugo\u015b\u0107, szeroko\u015b\u0107)<\/li>\n<li><strong>wysokie<\/strong> podnoszenie stopki<\/li>\n<li>mo\u017cliwo\u015b\u0107 szycia <strong>podw\u00f3jn\u0105 ig\u0142\u0105<\/strong><\/li>\n<li>wolne rami\u0119<\/li>\n<li>szycie wsteczne (d\u017awignia)<\/li>\n<li><strong>o\u015bwietlenie LED<\/strong><\/li>\n<li>solidne, <strong>metalowe<\/strong> podzespo\u0142y<\/li>\n<\/ul>\n<h2>Do\u0142\u0105czane wyposa\u017cenie<\/h2>\n<h3>(w maszynie outlet mo\u017ce brakowa\u0107 kilku element\u00f3w z podstawowego wyposa\u017ceni)<\/h3>\n<div>\n<ul>\n<li>\n<div>Stopka <strong>uniwersalna<\/strong> (zamontowana na maszynie)<\/div>\n<\/li>\n<li>\n<div>Stopka do obszywania <strong>dziurek na guzik<\/strong><\/div>\n<\/li>\n<li>Stopka do <strong>przyszywania guzik\u00f3w<\/strong><\/li>\n<li>Stopka do <strong>wyszywania zamk\u00f3w<\/strong><\/li>\n<li><strong>ig\u0142y 90 (3 szt.)<\/strong><\/li>\n<li>zapasowe <strong>szpulki<\/strong> (3 szt.)<\/li>\n<li>prujka<\/li>\n<li>olej<\/li>\n<li>wkr\u0119tak<\/li>\n<li>p\u0142ytka wy\u0142\u0105czaj\u0105ca transporter<\/li>\n<li><strong>prowadnik do pikowania<\/strong><\/li>\n<li>os\u0142ona <strong>przeciwkurzowa<\/strong><\/li>\n<\/ul>\n<p><strong><img decoding=\"async\" src=\"\/data\/include\/cms\/.product\/6\/3\/36\/Teresa_lifestyle_2a.jpg\" alt=\"maszyna do szycia \u0141ucznik Teresa\" width=\"2000\" height=\"1333\"><\/strong><\/p>\n<\/div>\n<h2>\u0141ucznik Teresa \u2013 zachwyci Ci\u0119 tak\u017ce jej wn\u0119trze\u2026<\/h2>\n<p>Technika posz\u0142a do przodu, dzi\u0119ki czemu tworzone przez nas maszyny s\u0105 teraz mniejsze, l\u017cejsze i pracuj\u0105 du\u017co ciszej ni\u017c ich doskona\u0142e poprzedniczki. S\u0105 jednak tak samo niezawodne i \u2013 podobnie jak one \u2013 sprawdzaj\u0105 si\u0119 na wielu frontach. <strong>Wielozadaniowa maszyna do zada\u0144 specjalnych<\/strong>? Teresa to strza\u0142 w dziesi\u0105tk\u0119!<\/p>\n<p>Maszyna do szycia \u0141ucznik &#8222;Teresa&#8221; to idea\u0142, kt\u00f3ry <strong>\u0142\u0105czy w sobie prostot\u0119 obs\u0142ugi i solidno\u015b\u0107 wykonania z funkcjonalno\u015bci\u0105 urz\u0105dze\u0144 tworzonych w XXI wieku<\/strong>. Trzy cechy, kt\u00f3re doceniaj\u0105 wszystkie krawcowe \u2013 niezale\u017cnie od sta\u017cu i do\u015bwiadczenia. Teresa to maszyna odpowiednia do nauki szycia, a jednocze\u015bnie wysokiej klasy sprz\u0119t, kt\u00f3ry mo\u017ce pos\u0142u\u017cy\u0107 do szycia z szerokiej gamy materia\u0142\u00f3w (od cienkich i delikatnych, poprzez rozci\u0105gliwe dzianiny i klasyczne bawe\u0142niane tkaniny, po grube i sztywne materia\u0142y d\u017cinsowe i obiciowe).<\/p>\n<h2>\u0141ucznik Teresa &#8211; intuicyjna maszyna do szycia dla ka\u017cdego<\/h2>\n<p>Teresa zosta\u0142a zaprojektowana z zachowaniem estetycznego minimalizmu \u2013 wystarczy na ni\u0105 popatrze\u0107, by zorientowa\u0107 si\u0119 w jej obs\u0142udze. Na przedzie jej korpusu zamontowane jest przezrocze, kt\u00f3re pozwala <strong>\u0142atwo i czytelnie <\/strong>wybra\u0107 \u015bcieg za pomoc\u0105 pokr\u0119t\u0142a. Nad przezroczem umieszczone jest pokr\u0119t\u0142o <strong>d\u0142ugo\u015bci \u015bciegu <\/strong>(dzi\u0119ki niemu mo\u017cemy sprawi\u0107, \u017ce \u015bcieg b\u0119dzie drobniejszy), pokr\u0119t\u0142o ustawiaj\u0105ce <strong>szeroko\u015b\u0107 \u015bciegu<\/strong> oraz regulator napr\u0119\u017cenia nici. Na obudowie jest r\u00f3wnie\u017c zaznaczona <strong>droga prowadzenia nici<\/strong>, kt\u00f3ra krok po kroku pokieruje nas, by poprawne nawlec maszyn\u0119.<\/p>\n<p>Przy pomocy funkcji <strong>regulacji szeroko\u015bci \u015bciegu<\/strong> stworzysz <strong>idealny \u015bcieg<\/strong>, pasuj\u0105cy do struktury wybranego materia\u0142u oraz dopasujesz ustawienie ig\u0142y podczas szycia \u015bciegiem prostym (i nie tylko). \u0141atwiejsze i bardziej precyzyjne jest r\u00f3wnie\u017c dopasowanie ustawie\u0144 pod <strong>szycie podw\u00f3jn\u0105 ig\u0142\u0105. <\/strong>A je\u015bli ju\u017c mowa o podw\u00f3jnej igle \u2013 warto wspomnie\u0107 te\u017c o tym, \u017ce Teresa ma <strong>wbudowane dwa metalowe trzpienie <\/strong>na szpule nici, aby dodatkowo u\u0142atwi\u0107 w\u0142a\u015bnie ten rodzaj szycia. By maszyna by\u0142a odpowiednio zabezpieczona podczas przechowywania, trzpienie mo\u017cna szybko i wygodnie wcisn\u0105\u0107 do wewn\u0105trz i wyci\u0105ga\u0107 w momencie, w kt\u00f3rym b\u0119d\u0105 nam potrzebne<\/p>\n<p>Dobrze wiemy, jak irytuj\u0105ca jest konieczno\u015b\u0107 cz\u0119stego celowania nitk\u0105 w oczko ig\u0142y i jak potrafi to zniech\u0119ci\u0107 do dalszej pracy. W Teresie umie\u015bcili\u015bmy wi\u0119c <strong>automatyczny nawlekacz <\/strong>nici, kt\u00f3ry wystarczy nacisn\u0105\u0107 i przy\u0142o\u017cy\u0107 do niego ni\u0107. Funkcj\u0119 t\u0119 doceni\u0105 r\u00f3wnie\u017c osoby o s\u0142abszym wzroku oraz o obni\u017conej sprawno\u015bci d\u0142oni.<\/p>\n<p>Z kolei dzi\u0119ki funkcji <strong>automatycznego obszywania dziurki na guzik<\/strong>, z Teres\u0105 czynno\u015b\u0107 ta staje si\u0119 czyst\u0105 przyjemno\u015bci\u0105. Wystarczy, \u017ce pod\u0142o\u017cymy odpowiedni\u0105 stopk\u0119 i odmierzymy odpowiedni rozmiar dziurki, a maszyna wykona za nas ca\u0142\u0105 prac\u0119. Bez wielokrotnego zmieniania \u015bciegu, przek\u0142adania materia\u0142u i obaw, czy nie wyjdzie nam krzywo.<\/p>\n<h2>Maszyna do szycia \u0141ucznik Teresa \u2013 poradzi sobie z ka\u017cdym wyzwaniem!<\/h2>\n<p>Teresa posiada <strong>34 \u015bciegi, <\/strong>w tym wyka\u0144czanie kraw\u0119dzi materia\u0142u szerokim wyborem \u015bcieg\u00f3w <strong>owerlokowych, <\/strong>pozwalaj\u0105cych zbli\u017cy\u0107 si\u0119 do efektu uzyskanego na pe\u0142nowymiarowym overlocku. Umo\u017cliwia r\u00f3wnie\u017c podwijanie z u\u017cyciem <strong>\u015bciegu krytego<\/strong> oraz szycie z rozci\u0105gliwych materia\u0142\u00f3w po zastosowaniu specjalnych <strong>\u015bcieg\u00f3w elastycznych<\/strong>. Na tabliczce \u015bcieg\u00f3w &#8222;Teresy&#8221; umieszczonej wygodnie na wysoko\u015bci wzroku znajdziesz r\u00f3wnie\u017c <strong>\u015bciegi ozdobne<\/strong> (np. muszelkowy), \u015bcieg <strong>trykotowy<\/strong>, ga\u0142\u0105zkowy, \u0142ukowy, krzy\u017cykowy, \u015bciegi potr\u00f3jne (np. elastyczny szew prosty przeznaczony do szycia z dzianin) oraz \u015bcieg bieli\u017aniany (inaczej <strong>tr\u00f3jskok<\/strong> &#8211; czyli \u015bcieg nieoceniony podczas wszywania gumy). <span><strong>Ilo\u015b\u0107 wyszywanych wzor\u00f3w mo\u017ce by\u0107 nawet wi\u0119ksza<\/strong>, kiedy poniesie Ci\u0119 fantazja i u\u017cyjesz <\/span><strong>podw\u00f3jnej ig\u0142y<\/strong><span> &#8211; poniewa\u017c wiele tryb\u00f3w szycia oferowanych przez &#8222;Teres\u0119&#8221; daje si\u0119 wyszywa\u0107 r\u00f3wnie\u017c podw\u00f3jnie. Bardzo ciekawy, artystyczny efekt daje u\u017cycie nici w dw\u00f3ch kontrastowych kolorach. <\/span><\/p>\n<p>Maszyna posiada <strong>o\u015bwietlenie pola pracy<\/strong>, dzi\u0119ki kt\u00f3remu dok\u0142adnie obejrzysz ka\u017cdy szew oraz materia\u0142. Co wi\u0119cej, elementem o\u015bwietlaj\u0105cym jest w niej <strong>dioda LED<\/strong>, kt\u00f3ra \u2013 w odr\u00f3\u017cnieniu od zwyk\u0142ej \u017car\u00f3wki \u2013 generuje \u015bwiat\u0142o lepszej jako\u015bci, mocniejsze (cho\u0107 delikatne dla oka) i pozwalaj\u0105ce dostrzec wi\u0119cej szczeg\u00f3\u0142\u00f3w.<\/p>\n<p>Korpus oraz drobne elementy Teresy wytworzono z <strong>nowoczesnych stop\u00f3w metali<\/strong>, w\u0142a\u015bciwo\u015bciami odpowiadaj\u0105cych warunkom, w kt\u00f3rych dane podzespo\u0142y pracuj\u0105 lub mog\u0105 potencjalnie zosta\u0107 nara\u017cone. W \u015brodku znajduje si\u0119 r\u00f3wnie\u017c okablowanie umo\u017cliwiaj\u0105ce pod\u015bwietlanie pola pracy oraz symbolu \u015bciegu. Wewn\u0119trzne <strong>metalowe podzespo\u0142y<\/strong> Teresy zamkni\u0119te zosta\u0142y w obudowie wykonanej z dw\u00f3ch rodzaj\u00f3w tworzyw poliw\u0119glanowych. Jej pokr\u0119t\u0142a s\u0105 mi\u0142e w dotyku, matowe, antypo\u015blizgowe i idealnie le\u017c\u0105 w d\u0142oni. Sp\u00f3jna obudowa dobrze zabezpiecza jej wn\u0119trze, a wygodna r\u0105czka umo\u017cliwia komfortowe przenoszenie po zako\u0144czeniu pracy. <\/p>\n<h2>Konserwacja maszyny do szycia. Krok po kroku.<\/h2>\n<\/div>\n<\/div>\n","protected":false},"excerpt":{"rendered":"<p>Teresa to klasyczna domowa maszyna do szycia wyposa\u017cona w mocne, metalowe podzespo\u0142y i umo\u017cliwiaj\u0105ca szycie w trybie overlockowym. Idealna do szycia z bardzo r\u00f3\u017cnorodnych materia\u0142\u00f3w i wyposa\u017cona w automatyczne nawlekanie i automatyczne obszywanie dziurek.<\/p>\n","protected":false},"featured_media":15534,"comment_status":"open","ping_status":"closed","template":"","meta":[],"product_brand":[],"product_cat":[788],"product_tag":[],"class_list":{"0":"post-12259","1":"product","2":"type-product","3":"status-publish","4":"has-post-thumbnail","6":"product_cat-maszyny","8":"first","9":"instock","10":"taxable","11":"shipping-taxable","12":"purchasable","13":"product-type-simple"},"_links":{"self":[{"href":"https:\/\/gltestm.webology.pl\/pl\/wp-json\/wp\/v2\/product\/12259","targetHints":{"allow":["GET"]}}],"collection":[{"href":"https:\/\/gltestm.webology.pl\/pl\/wp-json\/wp\/v2\/product"}],"about":[{"href":"https:\/\/gltestm.webology.pl\/pl\/wp-json\/wp\/v2\/types\/product"}],"replies":[{"embeddable":true,"href":"https:\/\/gltestm.webology.pl\/pl\/wp-json\/wp\/v2\/comments?post=12259"}],"version-history":[{"count":0,"href":"https:\/\/gltestm.webology.pl\/pl\/wp-json\/wp\/v2\/product\/12259\/revisions"}],"wp:featuredmedia":[{"embeddable":true,"href":"https:\/\/gltestm.webology.pl\/pl\/wp-json\/wp\/v2\/media\/15534"}],"wp:attachment":[{"href":"https:\/\/gltestm.webology.pl\/pl\/wp-json\/wp\/v2\/media?parent=12259"}],"wp:term":[{"taxonomy":"product_brand","embeddable":true,"href":"https:\/\/gltestm.webology.pl\/pl\/wp-json\/wp\/v2\/product_brand?post=12259"},{"taxonomy":"product_cat","embeddable":true,"href":"https:\/\/gltestm.webology.pl\/pl\/wp-json\/wp\/v2\/product_cat?post=12259"},{"taxonomy":"product_tag","embeddable":true,"href":"https:\/\/gltestm.webology.pl\/pl\/wp-json\/wp\/v2\/product_tag?post=12259"}],"curies":[{"name":"wp","href":"https:\/\/api.w.org\/{rel}","templated":true}]}}