{"id":12255,"date":"2026-03-18T22:05:27","date_gmt":"2026-03-18T21:05:27","guid":{"rendered":"https:\/\/gltestm.webology.pl\/produkt\/suszarka-do-wlosow-bldc-lucznik-hyperair-iq-1-0-midnight-blue1800w-funkcja-jonizacji-ujemnej-outlet\/"},"modified":"2026-03-18T22:27:37","modified_gmt":"2026-03-18T21:27:37","slug":"suszarka-do-wlosow-bldc-lucznik-hyperair-iq-1-0-midnight-blue1800w-funkcja-jonizacji-ujemnej-outlet","status":"publish","type":"product","link":"https:\/\/gltestm.webology.pl\/pl\/produkt\/suszarka-do-wlosow-bldc-lucznik-hyperair-iq-1-0-midnight-blue1800w-funkcja-jonizacji-ujemnej-outlet\/","title":{"rendered":"Suszarka do w\u0142os\u00f3w BLDC \u0141ucznik HyperAir IQ 1.0 Midnight Blue1800W funkcja jonizacji ujemnej OUTLET"},"content":{"rendered":"<div>\n<div>\n<h2>Outlet<\/h2>\n<ul>\n<li>uszkodzone opakowanie<\/li>\n<\/ul>\n<h2><strong><img fetchpriority=\"high\" decoding=\"async\" src=\"\/data\/include\/cms\/.product\/0\/0\/2100\/20250510-Lucznik-BLDC-lifestyle-1_web.jpg\" alt=\"Suszarka do w\u0142os\u00f3w BLDC \u0141ucznik HyperAir IQ 1.0\" width=\"1500\" height=\"1000\"><\/strong><\/h2>\n<h2><strong>\u0141ucznik HyperAir IQ 1.0 \u2013 Twoja nowa definicja suszenia w\u0142os\u00f3w<\/strong><\/h2>\n<p>Poznaj suszark\u0119 do w\u0142os\u00f3w, kt\u00f3ra \u0142\u0105czy technologiczn\u0105 innowacyjno\u015b\u0107, elegancki design i niezr\u00f3wnan\u0105 wydajno\u015b\u0107. <strong>\u0141ucznik HyperAir IQ 1.0<\/strong> to urz\u0105dzenie stworzone z my\u015bl\u0105 o Twojej wygodzie, kt\u00f3re pozwoli Ci cieszy\u0107 si\u0119 zdrowymi, l\u015bni\u0105cymi i idealnie u\u0142o\u017conymi w\u0142osami ka\u017cdego dnia.<\/p>\n<h2><strong>Najwa\u017cniejsze cechy \u0141ucznik HyperAir IQ 1.0:<\/strong><\/h2>\n<ul>\n<li><strong>Silnik BLDC<\/strong> z pr\u0119dko\u015bci\u0105 <strong>110 000 obrot\u00f3w na minut\u0119<\/strong>, gwarantuj\u0105cy ultraszybkie suszenie i wyj\u0105tkow\u0105 trwa\u0142o\u015b\u0107.<\/li>\n<li><strong>3 pr\u0119dko\u015bci nawiewu<\/strong>: 13,6 m\/s, 17,5 m\/s, 23 m\/s \u2013 dostosowane do r\u00f3\u017cnych potrzeb stylizacji.<\/li>\n<li><strong>3 ustawienia temperatury<\/strong>: 40\u00b0C, 80\u00b0C i 110\u00b0C, kt\u00f3re pozwalaj\u0105 na precyzyjn\u0105 kontrol\u0119 ciep\u0142a.<\/li>\n<li><strong>Funkcja jonizacji<\/strong>: zapewnia g\u0142adkie i l\u015bni\u0105ce w\u0142osy bez elektryzowania si\u0119.<\/li>\n<li><strong>Funkcja<\/strong> zapami\u0119tywania ustawie\u0144<\/li>\n<li><strong>Lekka konstrukcja<\/strong>: wa\u017cy tylko 480 g, co sprawia, \u017ce jest wygodna w codziennym u\u017cytkowaniu i idealna na podr\u00f3\u017c.<\/li>\n<li><strong>Akcesoria<\/strong>: magnetyczny koncentrator do precyzyjnej stylizacji i dyfuzor dla naturalnych lok\u00f3w i fal.<\/li>\n<li><strong>Cicha praca<\/strong>: suszarka pracuje wyj\u0105tkowo cicho, zapewniaj\u0105c komfort ka\u017cdej stylizacji.<\/li>\n<li><strong>D\u0142ugi przew\u00f3d zasilaj\u0105cy:<\/strong> 250 cm.<\/li>\n<\/ul>\n<h2><strong>Silnik BLDC \u2013 technologia przysz\u0142o\u015bci w Twoich r\u0119kach<\/strong><\/h2>\n<p>Serce tej suszarki to zaawansowany silnik bezszczotkowy BLDC, kt\u00f3ry oferuje niezwyk\u0142\u0105 trwa\u0142o\u015b\u0107 i wydajno\u015b\u0107. Dzi\u0119ki pr\u0119dko\u015bci obrotowej <strong>110 000 obrot\u00f3w na minut\u0119<\/strong> suszarka dzia\u0142a nawet <strong>6 razy szybciej<\/strong> ni\u017c tradycyjne modele, oszcz\u0119dzaj\u0105c Tw\u00f3j czas. Silnik BLDC wyr\u00f3\u017cnia si\u0119 r\u00f3wnie\u017c <strong>do 40 razy d\u0142u\u017csz\u0105 \u017cywotno\u015bci\u0105<\/strong> i <strong>energooszcz\u0119dno\u015bci\u0105<\/strong>, co sprawia, \u017ce jest to inwestycja na lata.<\/p>\n<h2><strong>Ultraszybkie suszenie \u2013 oszcz\u0119dzaj czas, dbaj o w\u0142osy<\/strong><\/h2>\n<p>Czy Twoje poranki s\u0105 zbyt kr\u00f3tkie na d\u0142ug\u0105 stylizacj\u0119? Dzi\u0119ki <strong>HyperAir IQ 1.0<\/strong> suszenie w\u0142os\u00f3w zajmuje zaledwie kilka minut. <strong>Trzy pr\u0119dko\u015bci nawiewu<\/strong> \u2013 <strong>13,6 m\/s, 17,5 m\/s i 23 m\/s<\/strong> \u2013 pozwalaj\u0105 dostosowa\u0107 si\u0142\u0119 suszenia do Twoich potrzeb, niezale\u017cnie od typu w\u0142os\u00f3w. To idealne rozwi\u0105zanie dla os\u00f3b, kt\u00f3re ceni\u0105 skuteczno\u015b\u0107 i szybko\u015b\u0107.<\/p>\n<h2><strong>Funkcja zapami\u0119tywania ustawie\u0144 \u2013 personalizacja dla Ciebie<\/strong><\/h2>\n<p><strong>\u0141ucznik HyperAir IQ 1.0<\/strong> posiada funkcj\u0119 zapami\u0119tywania preferowanych ustawie\u0144 suszenia, co pozwala na szybkie przywr\u00f3cenie ulubionych parametr\u00f3w pracy, zapewniaj\u0105c spersonalizowane do\u015bwiadczenie stylizacji.<\/p>\n<h2><strong>Cicha praca &#8211; jedyne 75 dB. Koniec z ha\u0142asem w \u0142azience<\/strong><\/h2>\n<p>Dzi\u0119ki zaawansowanemu silnikowi BLDC, <strong>\u0141ucznik HyperAir IQ 1.0<\/strong> pracuje wyj\u0105tkowo cicho \u2013 nawet przy maksymalnej pr\u0119dko\u015bci generuje zaledwie <strong>75 dB<\/strong>. To poziom d\u017awi\u0119ku, kt\u00f3ry pozwala na komfortowe u\u017cytkowanie bez irytuj\u0105cego ha\u0142asu typowego dla tradycyjnych suszarek. Mo\u017cesz stylizowa\u0107 w\u0142osy rano lub wieczorem, nie martwi\u0105c si\u0119 o zak\u0142\u00f3canie spokoju domownik\u00f3w.<\/p>\n<h2><strong>Precyzyjna stylizacja dzi\u0119ki nowoczesnym akcesoriom<\/strong><\/h2>\n<p>W zestawie znajdziesz dwa praktyczne dodatki:<\/p>\n<ul>\n<li><strong>Dyfuzor<\/strong>, kt\u00f3ry podkre\u015bla naturalne loki i fale, nadaj\u0105c fryzurze obj\u0119to\u015bci.<\/li>\n<li><strong>Magnetyczny koncentrator<\/strong>, kt\u00f3ry jednym ruchem zak\u0142adasz na suszark\u0119, by precyzyjnie skierowa\u0107 strumie\u0144 powietrza tam, gdzie go potrzebujesz. Dzi\u0119ki mo\u017cliwo\u015bci obrotu o <strong>360\u00b0<\/strong> z \u0142atwo\u015bci\u0105 dopasujesz kierunek nawiewu, tworz\u0105c perfekcyjn\u0105 stylizacj\u0119 za ka\u017cdym razem.<\/li>\n<\/ul>\n<h2><strong>Moc i kontrola \u2013 wszystko, czego potrzebujesz<\/strong><\/h2>\n<p>HyperAir IQ 1.0 oferuje moc <strong>1800 W<\/strong>, co w po\u0142\u0105czeniu z trzema ustawieniami temperatury (<strong>40\u00b0C, 80\u00b0C, 110\u00b0C<\/strong>) zapewnia pe\u0142n\u0105 kontrol\u0119 nad stylizacj\u0105. Bez wzgl\u0119du na to, czy potrzebujesz delikatnego ciep\u0142a do cienkich w\u0142os\u00f3w, czy intensywnego nawiewu do szybkiego suszenia \u2013 znajdziesz tryb odpowiedni dla siebie.<\/p>\n<h2><strong>Ergonomia i lekko\u015b\u0107 \u2013 stworzona dla Twojej wygody<\/strong><\/h2>\n<p>Suszarka wa\u017cy zaledwie <strong>480 g<\/strong>, dzi\u0119ki czemu jest niezwykle lekka i wygodna w u\u017cyciu. Ergonomiczny uchwyt w kszta\u0142cie litery <strong>\u201eT\u201d<\/strong> sprawia, \u017ce urz\u0105dzenie doskonale le\u017cy w d\u0142oni, a jego zr\u00f3wnowa\u017cona konstrukcja zapobiega zm\u0119czeniu r\u0119ki. Idealnie sprawdzi si\u0119 zar\u00f3wno w codziennym u\u017cytkowaniu, jak i podczas podr\u00f3\u017cy.<\/p>\n<h2><strong>D\u0142u\u017csza \u017cywotno\u015b\u0107 dzi\u0119ki \u0142atwemu czyszczeniu filtra<\/strong><\/h2>\n<p><strong>\u0141ucznik HyperAir IQ 1.0<\/strong> to nie tylko zaawansowana technologia, ale tak\u017ce praktyczno\u015b\u0107 w codziennym u\u017cytkowaniu. Regularne czyszczenie wlotu powietrza zapewnia:<\/p>\n<ul>\n<li><strong>D\u0142u\u017csz\u0105 \u017cywotno\u015b\u0107<\/strong>: Usuwanie zabrudze\u0144 zapobiega przegrzewaniu si\u0119 silnika, co znacz\u0105co wyd\u0142u\u017ca czas u\u017cytkowania urz\u0105dzenia.<\/li>\n<li><strong>Wi\u0119ksze bezpiecze\u0144stwo<\/strong>: Czysty filtr minimalizuje ryzyko uszkodzenia suszarki, gwarantuj\u0105c niezawodn\u0105 prac\u0119 przez lata.<\/li>\n<li><strong>Higien\u0119 pracy<\/strong>: Wolne od kurzu wn\u0119trze suszarki zapewnia, \u017ce powietrze wydmuchiwane na w\u0142osy jest \u015bwie\u017ce i czyste.<\/li>\n<li><strong>Sta\u0142\u0105 moc<\/strong>: Brak zator\u00f3w w filtrze utrzymuje pe\u0142n\u0105 wydajno\u015b\u0107 urz\u0105dzenia, co przek\u0142ada si\u0119 na niezmiennie szybkie i efektywne suszenie w\u0142os\u00f3w.<\/li>\n<\/ul>\n<p>Dzi\u0119ki \u0142atwemu dost\u0119powi do filtra utrzymanie suszarki w idealnym stanie jest szybkie i proste.<\/p>\n<h2><strong>Dlaczego \u0141ucznik HyperAir IQ 1.0?<\/strong><\/h2>\n<ul>\n<li><strong>Nowoczesna technologia<\/strong>: silnik BLDC, jonizacja, funkcja zimnego nadmuchu.<\/li>\n<li><strong>Wysoka wydajno\u015b\u0107<\/strong>: moc 1600\u20131800 W, pr\u0119dko\u015bci nawiewu <strong>13,6 m\/s, 17,5 m\/s i 23 m\/s<\/strong>.<\/li>\n<li><strong>Komfort u\u017cytkowania<\/strong>: lekka konstrukcja, ergonomiczny uchwyt, cicha praca.<\/li>\n<li><strong>Stylowy design<\/strong>: dost\u0119pna w kolorach <strong>Midnight Gray<\/strong> i <strong>Midnight Navy<\/strong>.<\/li>\n<\/ul>\n<p>Ciesz si\u0119 szybkim, skutecznym i przyjemnym suszeniem w\u0142os\u00f3w ka\u017cdego dnia. Wybierz <strong>\u0141ucznik HyperAir IQ 1.0<\/strong> i odkryj nowy poziom piel\u0119gnacji w\u0142os\u00f3w.<\/p>\n<p><img decoding=\"async\" src=\"\/data\/include\/cms\/.product\/0\/0\/2100\/20250510-Lucznik-BLDC-lifestyle-2_web.jpg\" alt=\"Suszarka do w\u0142os\u00f3w BLDC \u0141ucznik HyperAir IQ 1.0\" width=\"1500\" height=\"1000\"><\/p>\n<\/div>\n<\/div>\n","protected":false},"excerpt":{"rendered":"<p>Mocny silnik BLDC (1800w, 110 000 obrot\u00f3w\/min), trzy pr\u0119dko\u015bci nawiewu, jonizacja, trzy ustawienia temperatury (40\u00b0C, 80\u00b0C, 110\u00b0C), funkcja zimnego nadmuchu, lekka (480 g), cicha praca (75 dB), dyfuzor i magnetyczny koncentrator w zestawie. Przew\u00f3d: 2,5 m<\/p>\n","protected":false},"featured_media":15819,"comment_status":"open","ping_status":"closed","template":"","meta":[],"product_brand":[],"product_cat":[888],"product_tag":[],"class_list":{"0":"post-12255","1":"product","2":"type-product","3":"status-publish","4":"has-post-thumbnail","6":"product_cat-suszarki","8":"first","9":"outofstock","10":"taxable","11":"shipping-taxable","12":"purchasable","13":"product-type-simple"},"_links":{"self":[{"href":"https:\/\/gltestm.webology.pl\/pl\/wp-json\/wp\/v2\/product\/12255","targetHints":{"allow":["GET"]}}],"collection":[{"href":"https:\/\/gltestm.webology.pl\/pl\/wp-json\/wp\/v2\/product"}],"about":[{"href":"https:\/\/gltestm.webology.pl\/pl\/wp-json\/wp\/v2\/types\/product"}],"replies":[{"embeddable":true,"href":"https:\/\/gltestm.webology.pl\/pl\/wp-json\/wp\/v2\/comments?post=12255"}],"version-history":[{"count":0,"href":"https:\/\/gltestm.webology.pl\/pl\/wp-json\/wp\/v2\/product\/12255\/revisions"}],"wp:featuredmedia":[{"embeddable":true,"href":"https:\/\/gltestm.webology.pl\/pl\/wp-json\/wp\/v2\/media\/15819"}],"wp:attachment":[{"href":"https:\/\/gltestm.webology.pl\/pl\/wp-json\/wp\/v2\/media?parent=12255"}],"wp:term":[{"taxonomy":"product_brand","embeddable":true,"href":"https:\/\/gltestm.webology.pl\/pl\/wp-json\/wp\/v2\/product_brand?post=12255"},{"taxonomy":"product_cat","embeddable":true,"href":"https:\/\/gltestm.webology.pl\/pl\/wp-json\/wp\/v2\/product_cat?post=12255"},{"taxonomy":"product_tag","embeddable":true,"href":"https:\/\/gltestm.webology.pl\/pl\/wp-json\/wp\/v2\/product_tag?post=12255"}],"curies":[{"name":"wp","href":"https:\/\/api.w.org\/{rel}","templated":true}]}}