{"id":12251,"date":"2026-03-18T22:05:26","date_gmt":"2026-03-18T21:05:26","guid":{"rendered":"https:\/\/gltestm.webology.pl\/produkt\/zestaw-5-szt-papierowych-workow-do-odkurzacza-ot-2022\/"},"modified":"2026-03-18T22:27:36","modified_gmt":"2026-03-18T21:27:36","slug":"zestaw-5-szt-papierowych-workow-do-odkurzacza-ot-2022","status":"publish","type":"product","link":"https:\/\/gltestm.webology.pl\/pl\/produkt\/zestaw-5-szt-papierowych-workow-do-odkurzacza-ot-2022\/","title":{"rendered":"ZESTAW 5 SZT. PAPIEROWYCH WORK\u00d3W DO ODKURZACZA OT-2022"},"content":{"rendered":"<h2><span>Zestaw 5 szt. papierowych work\u00f3w do <strong>odkurzacza OP-2022<\/strong> <\/span><\/h2>\n<p><span>To niezast\u0105pione akcesorium dla wszystkich posiadaczy tego modelu odkurzacza. Dzi\u0119ki wysokiej jako\u015bci <strong>materia\u0142om<\/strong> i <strong>solidnemu<\/strong> <strong>wykonaniu<\/strong> ten worek zapewnia <strong>efektywne<\/strong> i <strong>higieniczne<\/strong> <strong>odkurzanie<\/strong>, jednocze\u015bnie chroni\u0105c wn\u0119trze odkurzacza przed zabrudzeniem.<\/span><\/p>\n<h2><span>Najwa\u017cniejsze cechy<\/span><\/h2>\n<ul>\n<li><strong>Ekologiczny <strong>materia\u0142<\/strong>: <\/strong>papier, z kt\u00f3rego wykonany jest worek, jest <strong>przyjazny<\/strong> dla \u015brodowiska i nadaje si\u0119 do <strong>recyklingu<\/strong>.<\/li>\n<li><strong>Pakiet wielopak<\/strong>: kupuj\u0105c worek w pakiecie oszcz\u0119dzasz<\/li>\n<li>\n<p><strong>Kompatybilno\u015b\u0107<\/strong>: worek jest<strong> idealnie dopasowany<\/strong> do odkurzaczy modelu OP-2022. Dzi\u0119ki temu mo\u017cesz mie\u0107 pewno\u015b\u0107, \u017ce pasuje i dzia\u0142a perfekcyjnie z Twoim urz\u0105dzeniem.<\/p>\n<\/li>\n<li><strong>Pojemno\u015b\u0107<\/strong>: worek ma  <strong>pojemno\u015b\u0107 2,5 l<\/strong>, co oznacza, \u017ce mo\u017cesz odkurza\u0107 d\u0142u\u017cej, zanim b\u0119dziesz musia\u0142 go wymienia\u0107. To oszcz\u0119dza Tw\u00f3j czas i zmniejsza liczb\u0119 przerw w trakcie sprz\u0105tania.<\/li>\n<li><strong>Wydajno\u015b\u0107 filtracji<\/strong>: papier u\u017cyty do produkcji tego worka doskonale zbiera i zatrzymuje kurz i inne cz\u0105stki, co poprawia jako\u015b\u0107 powietrza w Twoim domu.<\/li>\n<li><strong>\u0141atwa wymiana<\/strong>: worek jest<strong> \u0142atwy do zamontowania i zdemontowania<\/strong>. W instrukcji u\u017cytkowania odkurzacza OT-2022 znajdziesz wskaz\u00f3wki, jak to zrobi\u0107 krok po kroku.<\/li>\n<\/ul>\n","protected":false},"excerpt":{"rendered":"<p>Papierowy  worek na kurz do odkurzacza. Pojemno\u015b\u0107 2,5 l. \u0141atwa i szybka wymiana. Skuteczne zatrzymywanie py\u0142u i zanieczyszcze\u0144. Kompatybilny z odkurzaczem \u0141ucznik OT-2022. ZESTAW 5 szt.<\/p>\n","protected":false},"featured_media":13695,"comment_status":"open","ping_status":"closed","template":"","meta":[],"product_brand":[],"product_cat":[628],"product_tag":[],"class_list":{"0":"post-12251","1":"product","2":"type-product","3":"status-publish","4":"has-post-thumbnail","6":"product_cat-odkurzacze","8":"first","9":"instock","10":"taxable","11":"shipping-taxable","12":"purchasable","13":"product-type-simple"},"_links":{"self":[{"href":"https:\/\/gltestm.webology.pl\/pl\/wp-json\/wp\/v2\/product\/12251","targetHints":{"allow":["GET"]}}],"collection":[{"href":"https:\/\/gltestm.webology.pl\/pl\/wp-json\/wp\/v2\/product"}],"about":[{"href":"https:\/\/gltestm.webology.pl\/pl\/wp-json\/wp\/v2\/types\/product"}],"replies":[{"embeddable":true,"href":"https:\/\/gltestm.webology.pl\/pl\/wp-json\/wp\/v2\/comments?post=12251"}],"version-history":[{"count":0,"href":"https:\/\/gltestm.webology.pl\/pl\/wp-json\/wp\/v2\/product\/12251\/revisions"}],"wp:featuredmedia":[{"embeddable":true,"href":"https:\/\/gltestm.webology.pl\/pl\/wp-json\/wp\/v2\/media\/13695"}],"wp:attachment":[{"href":"https:\/\/gltestm.webology.pl\/pl\/wp-json\/wp\/v2\/media?parent=12251"}],"wp:term":[{"taxonomy":"product_brand","embeddable":true,"href":"https:\/\/gltestm.webology.pl\/pl\/wp-json\/wp\/v2\/product_brand?post=12251"},{"taxonomy":"product_cat","embeddable":true,"href":"https:\/\/gltestm.webology.pl\/pl\/wp-json\/wp\/v2\/product_cat?post=12251"},{"taxonomy":"product_tag","embeddable":true,"href":"https:\/\/gltestm.webology.pl\/pl\/wp-json\/wp\/v2\/product_tag?post=12251"}],"curies":[{"name":"wp","href":"https:\/\/api.w.org\/{rel}","templated":true}]}}