{"id":12250,"date":"2026-03-18T22:05:26","date_gmt":"2026-03-18T21:05:26","guid":{"rendered":"https:\/\/gltestm.webology.pl\/produkt\/zestaw-igiel-uniwersalnych-10-szt-90-ha1\/"},"modified":"2026-03-22T22:11:36","modified_gmt":"2026-03-22T21:11:36","slug":"zestaw-igiel-uniwersalnych-10-szt-90-ha1","status":"publish","type":"product","link":"https:\/\/gltestm.webology.pl\/pl\/produkt\/zestaw-igiel-uniwersalnych-10-szt-90-ha1\/","title":{"rendered":"Zestaw igie\u0142 uniwersalnych 10 szt. 90 HA*1"},"content":{"rendered":"<h2>Uniwersalny komplet 10 szt. igie\u0142 p\u00f3\u0142p\u0142askich w rozmiarze 90\/14<\/h2>\n<p>Jest to niezb\u0119dny zestaw w ka\u017cdej pracowni krawieckiej. Ig\u0142y w tym rozmiarze zawsze si\u0119 przydaj\u0105. <\/p>\n<p>B\u0119d\u0105 pasowa\u0107 do wszystkich maszyn \u0141ucznik z aktualnej oferty, ale te\u017c innych marek produkuj\u0105cych taki sprz\u0119t. Maszyn do szycia mechanicznych, elektronicznych oraz mini, a tak\u017ce overlock\u00f3w. S\u0105 to ig\u0142y z kolb\u0105 p\u00f3\u0142p\u0142ask\u0105, wi\u0119c je\u017celi Twoja maszyna posiada takie montowanie to bez problemu b\u0119d\u0105 pasowa\u0107!<\/p>\n<p><strong>PAMI\u0118TAJ!<\/strong><\/p>\n<p>Na bie\u017c\u0105co nale\u017cy kontrolowa\u0107 czubek ig\u0142y. Gdy zauwa\u017cysz jakiekolwiek \u015blady zu\u017cycia, wymie\u0144 ig\u0142\u0119 na now\u0105. Stan ig\u0142y wp\u0142ywa na jako\u015b\u0107 \u015bciegu, uszkodzony czubek ig\u0142y mo\u017ce zniszczy\u0107 szyt\u0105 tkanin\u0119. Ig\u0142y powinny by\u0107 przechowywane w oryginalnych opakowaniach, zapobiegaj\u0105cych ich uszkodzeniu.<\/p>\n","protected":false},"excerpt":{"rendered":"<p>Najbardziej uniwersalne, klasyczne ig\u0142y do maszyny do szycia. Zestaw zawiera najbardziej uniwersalny rozmiar igie\u0142 &#8211; 90. W opakowanie jest 10 szt. igie\u0142 p\u00f3\u0142p\u0142askich.<\/p>\n","protected":false},"featured_media":13445,"comment_status":"open","ping_status":"closed","template":"","meta":[],"product_brand":[],"product_cat":[518],"product_tag":[],"class_list":{"0":"post-12250","1":"product","2":"type-product","3":"status-publish","4":"has-post-thumbnail","6":"product_cat-igly-do-maszyn","8":"first","9":"instock","10":"taxable","11":"shipping-taxable","12":"purchasable","13":"product-type-simple"},"_links":{"self":[{"href":"https:\/\/gltestm.webology.pl\/pl\/wp-json\/wp\/v2\/product\/12250","targetHints":{"allow":["GET"]}}],"collection":[{"href":"https:\/\/gltestm.webology.pl\/pl\/wp-json\/wp\/v2\/product"}],"about":[{"href":"https:\/\/gltestm.webology.pl\/pl\/wp-json\/wp\/v2\/types\/product"}],"replies":[{"embeddable":true,"href":"https:\/\/gltestm.webology.pl\/pl\/wp-json\/wp\/v2\/comments?post=12250"}],"version-history":[{"count":0,"href":"https:\/\/gltestm.webology.pl\/pl\/wp-json\/wp\/v2\/product\/12250\/revisions"}],"wp:featuredmedia":[{"embeddable":true,"href":"https:\/\/gltestm.webology.pl\/pl\/wp-json\/wp\/v2\/media\/13445"}],"wp:attachment":[{"href":"https:\/\/gltestm.webology.pl\/pl\/wp-json\/wp\/v2\/media?parent=12250"}],"wp:term":[{"taxonomy":"product_brand","embeddable":true,"href":"https:\/\/gltestm.webology.pl\/pl\/wp-json\/wp\/v2\/product_brand?post=12250"},{"taxonomy":"product_cat","embeddable":true,"href":"https:\/\/gltestm.webology.pl\/pl\/wp-json\/wp\/v2\/product_cat?post=12250"},{"taxonomy":"product_tag","embeddable":true,"href":"https:\/\/gltestm.webology.pl\/pl\/wp-json\/wp\/v2\/product_tag?post=12250"}],"curies":[{"name":"wp","href":"https:\/\/api.w.org\/{rel}","templated":true}]}}