{"id":12247,"date":"2026-03-18T22:05:25","date_gmt":"2026-03-18T21:05:25","guid":{"rendered":"https:\/\/gltestm.webology.pl\/produkt\/suszarka-do-wlosow-lucznik-hd-2400-z-dyfuzorem\/"},"modified":"2026-03-18T22:27:36","modified_gmt":"2026-03-18T21:27:36","slug":"suszarka-do-wlosow-lucznik-hd-2400-z-dyfuzorem","status":"publish","type":"product","link":"https:\/\/gltestm.webology.pl\/pl\/produkt\/suszarka-do-wlosow-lucznik-hd-2400-z-dyfuzorem\/","title":{"rendered":"Suszarka do w\u0142os\u00f3w \u0141ucznik HD-2400 z dyfuzorem"},"content":{"rendered":"<h2>Suszarka do w\u0142os\u00f3w \u0141ucznik HD-2400: Twoja fryzura pod kontrol\u0105!<\/h2>\n<p><span>Marzysz o idealnie wystylizowanych w\u0142osach,<\/span><span> pe\u0142nych blasku i bez elektryzowania?<\/span><span> Suszarka \u0141ucznik HD-2400 to odpowied\u017a na Twoje potrzeby!<\/span><span> Ten elegancki,<\/span><span> czekoladowo-z\u0142oty model to po\u0142\u0105czenie wysokiej mocy,<\/span><span> innowacyjnych technologii i przemy\u015blanych rozwi\u0105za\u0144,<\/span><span> kt\u00f3re sprawi\u0105,<\/span><span> \u017ce suszenie w\u0142os\u00f3w stanie si\u0119 prawdziw\u0105 przyjemno\u015bci\u0105.<\/span><\/p>\n<h2>Szybkie suszenie, pi\u0119kne rezultaty<\/h2>\n<p><span>Zapomnij o d\u0142ugim i m\u0119cz\u0105cym suszeniu!<\/span><span> Dzi\u0119ki imponuj\u0105cej mocy w zakresie 2000-2400W,<\/span><span> suszarka \u0141ucznik HD-2400 gwarantuje ekspresowe efekty,<\/span><span> nawet w przypadku g\u0119stych i d\u0142ugich w\u0142os\u00f3w.<\/span><span> To idealne rozwi\u0105zanie dla os\u00f3b ceni\u0105cych czas i efektywno\u015b\u0107.<\/span><\/p>\n<h2>Technologia jonizacji: Po\u017cegnaj puszenie!<\/h2>\n<p><span>Koniec z elektryzuj\u0105cymi si\u0119 i pusz\u0105cymi w\u0142osami!<\/span><span> Suszarka \u0141ucznik HD-2400 wyposa\u017cona zosta\u0142a w funkcj\u0119 jonizacji.<\/span><span> Miliony ujemnych jon\u00f3w,<\/span><span> emitowanych podczas suszenia,<\/span><span> neutralizuj\u0105 \u0142adunki dodatnie,<\/span><span> sprawiaj\u0105c,<\/span><span> \u017ce Twoje w\u0142osy staj\u0105 si\u0119 g\u0142adkie,<\/span><span> l\u015bni\u0105ce i \u0142atwiejsze do u\u0142o\u017cenia.<\/span><span> To sekret zdrowo wygl\u0105daj\u0105cych,<\/span><span> perfekcyjnie wyko\u0144czonych fryzur!<\/span><\/p>\n<h2>Pe\u0142na kontrola nad stylizacj\u0105<\/h2>\n<p><span>Dzi\u0119ki trzem poziomom regulacji temperatury oraz dw\u00f3m stopniom pr\u0119dko\u015bci nawiewu,<\/span><span> suszarka \u0141ucznik HD-2400 dopasuje si\u0119 do ka\u017cdego rodzaju w\u0142os\u00f3w i ka\u017cdej stylizacji.<\/span><span> Niezale\u017cnie od tego,<\/span><span> czy potrzebujesz delikatnego suszenia,<\/span><span> czy intensywnego strumienia powietrza do szybkiego modelowania,<\/span><span> masz pe\u0142n\u0105 kontrol\u0119 nad procesem.<\/span><span> Co wi\u0119cej,<\/span><span> funkcja zimnego nawiewu &#8222;cool shot&#8221; pozwoli Ci utrwali\u0107 fryzur\u0119 na d\u0142u\u017cej,<\/span><span> zapewniaj\u0105c jej trwa\u0142o\u015b\u0107 i idealny wygl\u0105d przez ca\u0142y dzie\u0144.<\/span><\/p>\n<h2>Komfort i funkcjonalno\u015b\u0107 w Twojej d\u0142oni<\/h2>\n<p><span>Suszarka \u0141ucznik HD-2400 to nie tylko doskona\u0142e parametry,<\/span><span> ale tak\u017ce wygoda u\u017cytkowania.<\/span><span> Sk\u0142adana r\u0105czka sprawia,<\/span><span> \u017ce przechowywanie urz\u0105dzenia jest niezwykle proste \u2013 idealnie sprawdzi si\u0119 zar\u00f3wno w ma\u0142ej \u0142azience,<\/span><span> jak i w podr\u00f3\u017cy.<\/span><span> Dodatkowo,<\/span><span> praktyczny uchwyt do zawieszenia pozwala na wygodne przechowywanie w zasi\u0119gu r\u0119ki.<\/span><span> Urz\u0105dzenie zosta\u0142o r\u00f3wnie\u017c wyposa\u017cone w ochron\u0119 przed przegrzaniem,<\/span><span> co zapewnia bezpiecze\u0144stwo i d\u0142ug\u0105 \u017cywotno\u015b\u0107 suszarki.<\/span><\/p>\n<h2>Akcesoria dla perfekcyjnej stylizacji<\/h2>\n<p><span>W zestawie z suszark\u0105 \u0141ucznik HD-2400 znajdziesz dwie niezb\u0119dne nak\u0142adki modeluj\u0105ce:<\/span><\/p>\n<ul>\n<li><strong>Koncentrator nadmuchu<\/strong><span> \u2013 idealny do precyzyjnego suszenia i wyg\u0142adzania w\u0142os\u00f3w,<\/span><span> u\u0142atwiaj\u0105c tworzenie konkretnych fryzur.<\/span><\/li>\n<li><strong>Dyfuzor<\/strong><span> \u2013 niezast\u0105piony dla posiadaczek falowanych i kr\u0119conych w\u0142os\u00f3w,<\/span><span> pomagaj\u0105cy podkre\u015bli\u0107 naturalny skr\u0119t i doda\u0107 obj\u0119to\u015bci,<\/span><span> jednocze\u015bnie zapobiegaj\u0105c puszeniu.<\/span><\/li>\n<\/ul>\n<h2>Design, kt\u00f3ry zachwyca<\/h2>\n<p><span>Suszarka \u0141ucznik HD-2400 wyr\u00f3\u017cnia si\u0119 eleganckim,<\/span><span> czekoladowym odcieniem satyny,<\/span><span> po\u0142\u0105czonym ze z\u0142otymi akcentami.<\/span><span> To designerski dodatek do Twojej \u0142azienki,<\/span><span> kt\u00f3ry podkre\u015bli Tw\u00f3j styl i dba\u0142o\u015b\u0107 o detale.<\/span><\/p>\n<h2>Najwa\u017cniejsze informacje w skr\u00f3cie:<\/h2>\n<ul>\n<li><strong>Moc maksymalna:<\/strong><span> 2000-2400W<\/span><\/li>\n<li><strong>Funkcje:<\/strong><span> Jonizacja,<\/span><span> zimny nawiew &#8222;cool shot&#8221;,<\/span><span> ochrona przed przegrzaniem<\/span><\/li>\n<li><strong>Regulacja:<\/strong><span> 3 poziomy temperatury,<\/span><span> 2 poziomy pr\u0119dko\u015bci nawiewu<\/span><\/li>\n<li><strong>Design:<\/strong><span> Sk\u0142adana r\u0105czka,<\/span><span> uchwyt do zawieszenia,<\/span><span> kolor czekoladowo-z\u0142oty<\/span><\/li>\n<li><strong>D\u0142ugo\u015b\u0107 przewodu:<\/strong><span> 1,<\/span><span>64 m<\/span><\/li>\n<li><strong>Waga produktu:<\/strong><span> 0,<\/span><span>52 kg (netto)<\/span><\/li>\n<li><strong>Wymiary produktu (d\u0142. x szer. x wys.):<\/strong><span> 25,<\/span><span>0 x 8,<\/span><span>5 x 28,<\/span><span>0 cm<\/span><\/li>\n<li><strong>Akcesoria w zestawie:<\/strong><span> Koncentrator nadmuchu,<\/span><span> dyfuzor<\/span><\/li>\n<li><strong>Gwarancja:<\/strong><span> 24 miesi\u0105ce<\/span><\/li>\n<\/ul>\n","protected":false},"excerpt":{"rendered":"<p>\u0141ucznik HD-2400: Suszarka, kt\u00f3ra odmieni Twoje w\u0142osy! Moc, jonizacja i styl w jednym \u2013 dla perfekcyjnej fryzury ka\u017cdego dnia.<\/p>\n","protected":false},"featured_media":13075,"comment_status":"open","ping_status":"closed","template":"","meta":[],"product_brand":[],"product_cat":[678],"product_tag":[],"class_list":{"0":"post-12247","1":"product","2":"type-product","3":"status-publish","4":"has-post-thumbnail","6":"product_cat-suszarki-do-wlosow","8":"first","9":"instock","10":"taxable","11":"shipping-taxable","12":"purchasable","13":"product-type-simple"},"_links":{"self":[{"href":"https:\/\/gltestm.webology.pl\/pl\/wp-json\/wp\/v2\/product\/12247","targetHints":{"allow":["GET"]}}],"collection":[{"href":"https:\/\/gltestm.webology.pl\/pl\/wp-json\/wp\/v2\/product"}],"about":[{"href":"https:\/\/gltestm.webology.pl\/pl\/wp-json\/wp\/v2\/types\/product"}],"replies":[{"embeddable":true,"href":"https:\/\/gltestm.webology.pl\/pl\/wp-json\/wp\/v2\/comments?post=12247"}],"version-history":[{"count":0,"href":"https:\/\/gltestm.webology.pl\/pl\/wp-json\/wp\/v2\/product\/12247\/revisions"}],"wp:featuredmedia":[{"embeddable":true,"href":"https:\/\/gltestm.webology.pl\/pl\/wp-json\/wp\/v2\/media\/13075"}],"wp:attachment":[{"href":"https:\/\/gltestm.webology.pl\/pl\/wp-json\/wp\/v2\/media?parent=12247"}],"wp:term":[{"taxonomy":"product_brand","embeddable":true,"href":"https:\/\/gltestm.webology.pl\/pl\/wp-json\/wp\/v2\/product_brand?post=12247"},{"taxonomy":"product_cat","embeddable":true,"href":"https:\/\/gltestm.webology.pl\/pl\/wp-json\/wp\/v2\/product_cat?post=12247"},{"taxonomy":"product_tag","embeddable":true,"href":"https:\/\/gltestm.webology.pl\/pl\/wp-json\/wp\/v2\/product_tag?post=12247"}],"curies":[{"name":"wp","href":"https:\/\/api.w.org\/{rel}","templated":true}]}}