{"id":12237,"date":"2026-03-18T22:05:21","date_gmt":"2026-03-18T21:05:21","guid":{"rendered":"https:\/\/gltestm.webology.pl\/produkt\/blender-reczny-lucznik-jk-1500-titanium-black-extra-strong-outlet\/"},"modified":"2026-03-22T22:11:36","modified_gmt":"2026-03-22T21:11:36","slug":"blender-reczny-lucznik-jk-1500-titanium-black-extra-strong-outlet","status":"publish","type":"product","link":"https:\/\/gltestm.webology.pl\/pl\/produkt\/blender-reczny-lucznik-jk-1500-titanium-black-extra-strong-outlet\/","title":{"rendered":"Blender r\u0119czny \u0141ucznik JK-1500 Titanium Black Extra Strong outlet"},"content":{"rendered":"<h3><strong><span>Outlet<\/span><\/strong><\/h3>\n<ul>\n<li><strong><span>uszkodzone opakowanie<\/span><\/strong><\/li>\n<\/ul>\n<p>Nasze urz\u0105dzenie gwarantuje niezawodno\u015b\u0107, umo\u017cliwiaj\u0105c bezproblemowe blendowanie nawet najtwardszych sk\u0142adnik\u00f3w (w tym lodu), co pozwala na przygotowanie kremowych sos\u00f3w, aksamitnych zup czy g\u0142adkich smoothie. Kolor stalowo-czarny oraz wykonanie ze stali nierdzewnej zapewniaj\u0105 trwa\u0142o\u015b\u0107 i elegancj\u0119. Blender r\u0119czny czarny \u0141ucznik JK-1500W to idealne rozwi\u0105zanie dla os\u00f3b, kt\u00f3re ceni\u0105 sobie nie tylko moc, ale tak\u017ce komfort i precyzj\u0119 podczas przygotowywania posi\u0142k\u00f3w.<\/p>\n<h2>Kluczowe cechy naszego blendera r\u0119cznego 1500W<\/h2>\n<ul>\n<li><strong>Wzmacniane tytanem 4-ramienne z\u0142ote ostrze<\/strong><\/li>\n<li>Stopka z <strong>nylonow\u0105 os\u0142on\u0105 chroni\u0105ca naczynie<\/strong> przed zarysowaniem i rozpryskiwaniem potraw<\/li>\n<li>Niezawodny, wysokiej klasy silnik o <strong>du\u017cej mocy 1500W<\/strong><\/li>\n<li>1<strong>5-stopniowa<\/strong>, <strong>p\u0142ynna<\/strong> regulacja pr\u0119dko\u015bci<\/li>\n<li><strong>Funkcja &#8222;TURBO&#8221;<\/strong><\/li>\n<li><strong>Cicha<\/strong> praca<\/li>\n<li>\u0141atwe czyszczenie<\/li>\n<li>Uchwyt o <strong>ergonomicznym kszta\u0142cie<\/strong> (idealnie uk\u0142ada si\u0119 w d\u0142oni)<\/li>\n<li>Solidna konstrukcja<\/li>\n<li>Gwarancja 24 miesi\u0105ce<\/li>\n<li>Instrukcja w j\u0119zyku polskim, angielskim i ukrai\u0144skim<\/li>\n<\/ul>\n<h2>Z\u0142ote, tytanowe ostrze<\/h2>\n<p>Dzi\u0119ki <strong>wytrzyma\u0142emu ostrzu<\/strong>, z\u0142o\u017conemu z <strong>czterech ramion<\/strong>, wzmocnionemu <strong>tytanem<\/strong>, nasz blender r\u0119czny JK-1500W Titanium Black Extra Strong jest gotowy na<strong> ka\u017cde wyzwanie kulinarnego \u015bwiata<\/strong>. To ostrze \u015bwietnie radzi sobie z <strong>kruszeniem lodu<\/strong> na pyszne napoje oraz z blendowaniem <strong>najtwardszych sk\u0142adnik\u00f3w<\/strong>, jak <strong>orzechy<\/strong> czy surowe <strong>warzywa<\/strong>. Ta funkcja zapewnia jeszcze wi\u0119ksz\u0105 wszechstronno\u015b\u0107 i mo\u017cliwo\u015b\u0107 przygotowywania r\u00f3\u017cnorodnych da\u0144 i napoj\u00f3w. Dzi\u0119ki temu w mgnieniu oka przygotujesz idealne smoothie z mro\u017conych owoc\u00f3w lub pyszny lodowy sorbet.<\/p>\n<h2>Precyzyjna regulacja pr\u0119dko\u015bci<\/h2>\n<p><strong>P\u0142ynna regulacja pr\u0119dko\u015bci w 15 stopniach<\/strong> pozwala na dostosowanie dzia\u0142ania blendera r\u0119cznego <strong>JK-1500W Titanium Black Extra Strong<\/strong> do r\u00f3\u017cnorodnych sk\u0142adnik\u00f3w i potrzeb. Niezale\u017cnie od tego, czy chcesz <strong>delikatnie zmiesza\u0107 sk\u0142adniki<\/strong>, czy te\u017c <strong>szybko rozdrobni\u0107<\/strong>, nasz blender z \u0142atwo\u015bci\u0105 sprosta Twoim oczekiwaniom.<\/p>\n<p>Mechaniczna regulacja obrot\u00f3w zapewnia precyzyjn\u0105 kontrol\u0119 nad procesem blendowania, co pozwala osi\u0105gn\u0105\u0107 doskona\u0142e, powtarzalne efekty w ka\u017cdej potrawie. Dzi\u0119ki precyzyjnej regulacji pr\u0119dko\u015bci, blender r\u0119czny czarny zapewnia wyj\u0105tkow\u0105 wszechstronno\u015b\u0107, umo\u017cliwiaj\u0105c przygotowanie zar\u00f3wno delikatnych mus\u00f3w, jak i g\u0142adkich, intensywnie zmiksowanych sk\u0142adnik\u00f3w.<\/p>\n<h2>Pe\u0142na moc pod jednym przyciskiem<\/h2>\n<p><strong>Funkcja turbo<\/strong> to dodatkowy atut, kt\u00f3ry sprawia, \u017ce blender r\u0119czny JK-1500W Titanium Black Extra Strong jest <strong>niezast\u0105pionym narz\u0119dziem w kuchni<\/strong>. Dzi\u0119ki niej mo\u017cesz jeszcze <strong>szybciej<\/strong> i <strong>skuteczniej<\/strong> przygotowa\u0107 swoje ulubione potrawy i napoje, oszcz\u0119dzaj\u0105c cenny czas i energi\u0119.<\/p>\n<h2>Cisza, wygoda, skuteczno\u015b\u0107<\/h2>\n<p>Dzi\u0119ki zaawansowanej konstrukcji nasz blender r\u0119czny czarny 1500W pracuje nie tylko skutecznie, ale tak\u017ce cicho, co pozwala na skupienie si\u0119 na przyjemno\u015bci gotowania bez irytuj\u0105cych ha\u0142as\u00f3w. Dodatkowo ergonomiczny kszta\u0142t uchwytu zapewnia wygodne i komfortowe korzystanie z urz\u0105dzenia. Os\u0142ona ostrza z nylonu chroni naczynia przed zarysowaniem, a kszta\u0142t samej os\u0142ony skutecznie zapobiega rozpryskiwaniu si\u0119 blendowanych potraw. Dzi\u0119ki temu mo\u017cesz cieszy\u0107 si\u0119 nie tylko doskona\u0142ym smakiem, ale tak\u017ce zachowa\u0107 porz\u0105dek w kuchni.<\/p>\n<h2>Blender r\u0119czny &#8211; funkcjonalno\u015b\u0107 wielu zastosowa\u0144<\/h2>\n<p>Blender r\u0119czny czarny naszej produkcji to nie tylko narz\u0119dzie do miksowania owoc\u00f3w i warzyw. Dzi\u0119ki funkcji kruszenia lodu, rozdrabniania oraz miksowania, z \u0142atwo\u015bci\u0105 przygotujesz r\u00f3\u017cnorodne potrawy i napoje, kt\u00f3re zachwyc\u0105 Twoich go\u015bci. Mo\u017cliwo\u015bci s\u0105 niemal nieograniczone, a jedynym ograniczeniem jest Twoja wyobra\u017ania kulinarna.<\/p>\n<h2>Instrukcja obs\u0142ugi w 3 j\u0119zykach<\/h2>\n<p>W komplecie znajdziesz instrukcj\u0119 obs\u0142ugi w j\u0119zyku <strong>polskim<\/strong>, <strong>angielskim<\/strong> i <strong>ukrai\u0144skim<\/strong>, co u\u0142atwia korzystanie z urz\u0105dzenia niezale\u017cnie od Twoich preferencji j\u0119zykowych. Dok\u0142adne wyja\u015bnienia<strong> krok po kroku<\/strong> sprawi\u0105, \u017ce nawet pocz\u0105tkuj\u0105cy u\u017cytkownicy b\u0119d\u0105 w stanie wykorzysta\u0107 wszystkie mo\u017cliwo\u015bci blendera r\u0119cznego 1500W. <\/p>\n","protected":false},"excerpt":{"rendered":"<p>Poznaj si\u0142\u0119 naszego blendera r\u0119cznego JK-1500W Titanium Black Extra Strong wyposa\u017conego w mocny silnik, kt\u00f3ry umo\u017cliwia szybkie i efektywne mieszanie, miksowanie oraz rozdrabnianie sk\u0142adnik\u00f3w.<br \/>\nOUTLET-USZKODZONE OPAKOWANIE<\/p>\n","protected":false},"featured_media":13451,"comment_status":"open","ping_status":"closed","template":"","meta":[],"product_brand":[],"product_cat":[838],"product_tag":[],"class_list":{"0":"post-12237","1":"product","2":"type-product","3":"status-publish","4":"has-post-thumbnail","6":"product_cat-blendery","8":"first","9":"instock","10":"taxable","11":"shipping-taxable","12":"purchasable","13":"product-type-simple"},"_links":{"self":[{"href":"https:\/\/gltestm.webology.pl\/pl\/wp-json\/wp\/v2\/product\/12237","targetHints":{"allow":["GET"]}}],"collection":[{"href":"https:\/\/gltestm.webology.pl\/pl\/wp-json\/wp\/v2\/product"}],"about":[{"href":"https:\/\/gltestm.webology.pl\/pl\/wp-json\/wp\/v2\/types\/product"}],"replies":[{"embeddable":true,"href":"https:\/\/gltestm.webology.pl\/pl\/wp-json\/wp\/v2\/comments?post=12237"}],"version-history":[{"count":0,"href":"https:\/\/gltestm.webology.pl\/pl\/wp-json\/wp\/v2\/product\/12237\/revisions"}],"wp:featuredmedia":[{"embeddable":true,"href":"https:\/\/gltestm.webology.pl\/pl\/wp-json\/wp\/v2\/media\/13451"}],"wp:attachment":[{"href":"https:\/\/gltestm.webology.pl\/pl\/wp-json\/wp\/v2\/media?parent=12237"}],"wp:term":[{"taxonomy":"product_brand","embeddable":true,"href":"https:\/\/gltestm.webology.pl\/pl\/wp-json\/wp\/v2\/product_brand?post=12237"},{"taxonomy":"product_cat","embeddable":true,"href":"https:\/\/gltestm.webology.pl\/pl\/wp-json\/wp\/v2\/product_cat?post=12237"},{"taxonomy":"product_tag","embeddable":true,"href":"https:\/\/gltestm.webology.pl\/pl\/wp-json\/wp\/v2\/product_tag?post=12237"}],"curies":[{"name":"wp","href":"https:\/\/api.w.org\/{rel}","templated":true}]}}