{"id":12236,"date":"2026-03-18T22:05:20","date_gmt":"2026-03-18T21:05:20","guid":{"rendered":"https:\/\/gltestm.webology.pl\/produkt\/blender-reczny-lucznik-jk-1500-titanium-silver-extra-strong-outlet\/"},"modified":"2026-03-22T22:11:36","modified_gmt":"2026-03-22T21:11:36","slug":"blender-reczny-lucznik-jk-1500-titanium-silver-extra-strong-outlet","status":"publish","type":"product","link":"https:\/\/gltestm.webology.pl\/pl\/produkt\/blender-reczny-lucznik-jk-1500-titanium-silver-extra-strong-outlet\/","title":{"rendered":"Blender r\u0119czny \u0141ucznik JK-1500 Titanium Silver Extra Strong Outlet"},"content":{"rendered":"<h3><span><strong>Outlet<\/strong><\/span><\/h3>\n<ul>\n<li><span><strong>uszkodzone opakowanie<\/strong><\/span><\/li>\n<\/ul>\n<p>Wprowad\u017a do swojej kuchni nowoczesny <strong>blender r\u0119czny o mocy 1500 W<\/strong>, kt\u00f3ry gwarantuje <strong>szybkie<\/strong> i <strong>efektywne<\/strong> <strong>mieszanie<\/strong>, <strong>miksowanie<\/strong> oraz <strong>rozdrabnianie<\/strong> sk\u0142adnik\u00f3w.<\/p>\n<p>Nasz niezawodny blender z serii JK-1500 umo\u017cliwia bezproblemowe przygotowanie kremowych sos\u00f3w, aksamitnych zup i g\u0142adkich smoothie. Jego elegancki <strong>stalowo-srebrny<\/strong> odcie\u0144 oraz wykonanie z wysokiej jako\u015bci <strong>stali nierdzewnej<\/strong> dodaj\u0105 mu <strong>trwa\u0142o\u015bci<\/strong> i stylowego wygl\u0105du.<\/p>\n<h2>Kluczowe cechy naszego blendera r\u0119cznego JK-1500 Titanium Silver Extra Strong<\/h2>\n<ul>\n<li>Niezawodny, wysokiej klasy silnik o <strong>du\u017cej mocy 1500 W<\/strong><\/li>\n<li><strong>Wzmacniane tytanem 4-ramienne z\u0142ote ostrze<\/strong><\/li>\n<li>Stopka z kielichow\u0105 <strong>os\u0142on\u0105<\/strong> <strong>zapobiegaj\u0105c\u0105 rozpryskiwaniu<\/strong> potraw<\/li>\n<li><strong>15-stopniowa, p\u0142ynna regulacja pr\u0119dko\u015bci<\/strong><\/li>\n<li>Funkcja \u201e<strong>TURBO<\/strong>\u201d<\/li>\n<li><strong>Cicha<\/strong> praca<\/li>\n<li><strong>\u0141atwe<\/strong> czyszczenie<\/li>\n<li>Uchwyt o <strong>ergonomicznym<\/strong> <strong>kszta\u0142cie<\/strong> (idealnie uk\u0142ada si\u0119 w d\u0142oni)<\/li>\n<li>Solidna konstrukcja<\/li>\n<li>Gwarancja 24 miesi\u0105ce<\/li>\n<li>Instrukcja w j\u0119zyku polskim, angielskim i ukrai\u0144skim<\/li>\n<\/ul>\n<h2>Ostrze gotowe na wyzwania<\/h2>\n<p>Nasz blender wyposa\u017cony jest w <strong>wytrzyma\u0142e<\/strong>, <strong>tytanowe<\/strong> ostrze z\u0142o\u017cone z <strong>czterech ramion<\/strong>, kt\u00f3re radzi sobie nawet z <strong>najtwardszymi sk\u0142adnikami<\/strong>, takimi jak <strong>orzechy<\/strong> czy <strong>surowe warzywa<\/strong>.<\/p>\n<p>Dzi\u0119ki mo\u017cliwo\u015bci <strong>kruszenia lodu<\/strong>, nasz blender JK-1500 Titanium Silver Extra Strong staje si\u0119 jeszcze bardziej <strong>wszechstronny<\/strong>, umo\u017cliwiaj\u0105c szybkie przygotowanie r\u00f3\u017cnorodnych da\u0144 i napoj\u00f3w. Z \u0142atwo\u015bci\u0105 przygotujesz idealne <strong>smoothie<\/strong> z <strong>mro\u017conych owoc\u00f3w<\/strong> oraz pyszne <strong>lodowe desery<\/strong>.<\/p>\n<h2>Wi\u0119kszy kielich &#8211; wi\u0119cej mo\u017cliwo\u015bci<\/h2>\n<p>Dzi\u0119ki <strong>wi\u0119kszej pojemno\u015bci kielicha<\/strong> blendera mo\u017cesz szybko przygotowa\u0107 wi\u0119ksze porcje smacznych smoothie czy zupy-krem dla ca\u0142ej rodziny. Specjalny <strong>kszta\u0142t<\/strong> <strong>kielicha<\/strong> <strong>zapobiega<\/strong> <strong>rozpryskiwaniu<\/strong> si\u0119 zawarto\u015bci podczas mieszania, co sprawia, \u017ce korzystanie z blendera jest jeszcze bardziej wygodne, a <strong>kuchnia pozostaje czysta<\/strong>.<\/p>\n<h2>Precyzyjna regulacja pr\u0119dko\u015bci<\/h2>\n<p>Nasz blender JK-1500 Titanium Silver Extra Strong oferuje <strong>p\u0142ynn\u0105 regulacj\u0119 pr\u0119dko\u015bci w 15 stopniach<\/strong>, dzi\u0119ki czemu mo\u017cesz precyzyjnie dostosowa\u0107 urz\u0105dzenie do r\u00f3\u017cnorodnych sk\u0142adnik\u00f3w i potrzeb. <strong>Mechaniczna kontrola pr\u0119dko\u015bci obrot\u00f3w<\/strong> za ka\u017cdym razem zapewnia nie tylko <strong>doskona\u0142e efekty<\/strong>, ale tak\u017ce <strong>intuicyjne<\/strong> i <strong>satysfakcjonuj\u0105ce<\/strong> <strong>u\u017cytkowanie<\/strong>.<\/p>\n<h2>Pe\u0142na moc 1500 W<\/h2>\n<p>Za pomoc\u0105 <strong>funkcji turbo<\/strong>, nasz blender staje si\u0119 jeszcze bardziej wydajny i wszechstronny. Dzi\u0119ki temu mo\u017cesz w <strong>mgnieniu oka<\/strong> uzyska\u0107 idealn\u0105 konsystencj\u0119 w swoich daniach, bez wzgl\u0119du na to, czy chcesz przygotowa\u0107 kremow\u0105 zup\u0119, aksamitne smoothie czy g\u0119sty sos.<\/p>\n<h2>Cichy, komfortowy, skuteczny<\/h2>\n<p>Dzi\u0119ki zaawansowanej konstrukcji oraz <strong>ergonomicznemu kszta\u0142towi<\/strong>, nasz blender doskonale le\u017cy w d\u0142oni, zapewniaj\u0105c komfort podczas u\u017cytkowania. Pracuje <strong>skutecznie<\/strong> i <strong>cicho<\/strong>, dzi\u0119ki czemu mo\u017cesz cieszy\u0107 si\u0119 spokojn\u0105 atmosfer\u0105 podczas gotowania.<\/p>\n<h2>Wielofunkcyjno\u015b\u0107 w Twoich r\u0119kach<\/h2>\n<p>Nasz blender JK-1500 Titanium Silver Extra Strong to nie tylko narz\u0119dzie do blendowania owoc\u00f3w i warzyw. Dzi\u0119ki <strong>funkcji kruszenia lodu<\/strong>, rozdrabniania oraz miksowania, z \u0142atwo\u015bci\u0105 przygotujesz r\u00f3\u017cnorodne <strong>potrawy<\/strong> i <strong>napoje<\/strong>, kt\u00f3re <strong>zachwyc\u0105 Twoich go\u015bci<\/strong>. Mo\u017cliwo\u015bci s\u0105 niemal <strong>nieograniczone<\/strong>, a jedynym ograniczeniem jest Twoja wyobra\u017ania kulinarna.<\/p>\n<h2>Instrukcja obs\u0142ugi w 3 j\u0119zykach i 2 lata gwarancji<\/h2>\n<p>W komplecie znajdziesz <strong>instrukcj\u0119<\/strong> obs\u0142ugi w j\u0119zyku <strong>polskim<\/strong>, <strong>angielskim<\/strong> i <strong>ukrai\u0144skim<\/strong>, co u\u0142atwia korzystanie z urz\u0105dzenia niezale\u017cnie od Twoich preferencji j\u0119zykowych. Dok\u0142adne wyja\u015bnienia krok po kroku sprawi\u0105, \u017ce nawet pocz\u0105tkuj\u0105cy u\u017cytkownicy b\u0119d\u0105 w stanie wykorzysta\u0107 wszystkie mo\u017cliwo\u015bci naszego blendera. Dodatkowo, zapewniamy Ci spok\u00f3j ducha dzi\u0119ki <strong>24-miesi\u0119cznej gwarancji<\/strong>.<\/p>\n","protected":false},"excerpt":{"rendered":"<p>Mocny r\u0119czny blender kuchenny o mocy 1500 W. 4-ramienne ostrze wzmacniane tytanem. Kruszy l\u00f3d. Funkcja \u201eTurbo\u201d. 15-stopniowa p\u0142ynna regulacja pr\u0119dko\u015bci. Stopa kielichowa zapobiegaj\u0105ca rozpryskiwaniu potraw.<br \/>\nOUTLET_USZKODZONE OPAKOWANIE<\/p>\n","protected":false},"featured_media":15648,"comment_status":"open","ping_status":"closed","template":"","meta":[],"product_brand":[],"product_cat":[838],"product_tag":[],"class_list":{"0":"post-12236","1":"product","2":"type-product","3":"status-publish","4":"has-post-thumbnail","6":"product_cat-blendery","8":"first","9":"instock","10":"taxable","11":"shipping-taxable","12":"purchasable","13":"product-type-simple"},"_links":{"self":[{"href":"https:\/\/gltestm.webology.pl\/pl\/wp-json\/wp\/v2\/product\/12236","targetHints":{"allow":["GET"]}}],"collection":[{"href":"https:\/\/gltestm.webology.pl\/pl\/wp-json\/wp\/v2\/product"}],"about":[{"href":"https:\/\/gltestm.webology.pl\/pl\/wp-json\/wp\/v2\/types\/product"}],"replies":[{"embeddable":true,"href":"https:\/\/gltestm.webology.pl\/pl\/wp-json\/wp\/v2\/comments?post=12236"}],"version-history":[{"count":0,"href":"https:\/\/gltestm.webology.pl\/pl\/wp-json\/wp\/v2\/product\/12236\/revisions"}],"wp:featuredmedia":[{"embeddable":true,"href":"https:\/\/gltestm.webology.pl\/pl\/wp-json\/wp\/v2\/media\/15648"}],"wp:attachment":[{"href":"https:\/\/gltestm.webology.pl\/pl\/wp-json\/wp\/v2\/media?parent=12236"}],"wp:term":[{"taxonomy":"product_brand","embeddable":true,"href":"https:\/\/gltestm.webology.pl\/pl\/wp-json\/wp\/v2\/product_brand?post=12236"},{"taxonomy":"product_cat","embeddable":true,"href":"https:\/\/gltestm.webology.pl\/pl\/wp-json\/wp\/v2\/product_cat?post=12236"},{"taxonomy":"product_tag","embeddable":true,"href":"https:\/\/gltestm.webology.pl\/pl\/wp-json\/wp\/v2\/product_tag?post=12236"}],"curies":[{"name":"wp","href":"https:\/\/api.w.org\/{rel}","templated":true}]}}