{"id":12235,"date":"2026-03-18T22:05:20","date_gmt":"2026-03-18T21:05:20","guid":{"rendered":"https:\/\/gltestm.webology.pl\/produkt\/blender-reczny-lucznik-jk-1200-titanium-black-strong-outlet\/"},"modified":"2026-03-22T22:11:36","modified_gmt":"2026-03-22T21:11:36","slug":"blender-reczny-lucznik-jk-1200-titanium-black-strong-outlet","status":"publish","type":"product","link":"https:\/\/gltestm.webology.pl\/pl\/produkt\/blender-reczny-lucznik-jk-1200-titanium-black-strong-outlet\/","title":{"rendered":"Blender r\u0119czny \u0141ucznik JK-1200 Titanium Black Strong outlet"},"content":{"rendered":"<h2>Outlet<\/h2>\n<ul>\n<li>uszkodzone opakowanie<\/li>\n<\/ul>\n<h2>Najwa\u017cniejsze cechy blendera r\u0119cznego 1200W<\/h2>\n<ul>\n<li>niezawodny, wysokiej klasy silnik o <strong>du\u017cej mocy 1200W<\/strong><\/li>\n<li><strong>wzmacniane tytanem 4-ramienne z\u0142ote ostrze<\/strong><\/li>\n<li><strong>stopka z nylonow\u0105 os\u0142on\u0105 chroni\u0105ca naczynie przed zarysowaniem<\/strong> i rozpryskiwaniem potraw<\/li>\n<li><strong>15-stopniowa<\/strong>, p\u0142ynna regulacja pr\u0119dko\u015bci<\/li>\n<li><strong>funkcja &#8222;TURBO&#8221;<\/strong><\/li>\n<li><strong>cicha praca<\/strong><\/li>\n<li><strong>\u0142atwe<\/strong> czyszczenie<\/li>\n<li>uchwyt o <strong>ergonomicznym kszta\u0142cie<\/strong> (idealnie uk\u0142ada si\u0119 w d\u0142oni)<\/li>\n<li>solidna konstrukcja<\/li>\n<li>gwarancja 24 miesi\u0105ce<\/li>\n<li>instrukcja w j\u0119zyku polskim, angielskim i ukrai\u0144skim<\/li>\n<\/ul>\n<h2>Z\u0142ote tytanowe ostrze<\/h2>\n<p>Wyposa\u017cony w <strong>4-ramienne ostrze<\/strong>, kt\u00f3re zosta\u0142o <strong>wzmocnione tytanem<\/strong>, nasz<strong> blender r\u0119czny 1200W<\/strong> jest gotowy na ka\u017cde wyzwanie kulinarnego \u015bwiata. To <strong>ostrze radzi sobie z mieleniem lodu<\/strong> na pyszne napoje zimowe oraz z blendowaniem najtwardszych sk\u0142adnik\u00f3w, jak <strong>orzechy<\/strong> czy <strong>surowe warzywa.<\/strong> Dzi\u0119ki temu stworzysz w mgnieniu oka<strong> idealne smoothie<\/strong> z mro\u017conych owoc\u00f3w lub pyszny lodowy sorbet. <strong>Funkcja kruszenia lodu<\/strong> zapewnia jeszcze wi\u0119ksz\u0105 wszechstronno\u015b\u0107 i mo\u017cliwo\u015b\u0107 przygotowywania r\u00f3\u017cnorodnych da\u0144 i napoj\u00f3w.<\/p>\n<h2>Precyzyjna regulacja pr\u0119dko\u015bci \u2014 blender r\u0119czny o mocy 1200W<\/h2>\n<p><strong>15-stopniowa p\u0142ynna regulacja pr\u0119dko\u015bci<\/strong> pozwala dostosowa\u0107 dzia\u0142anie blendera do r\u00f3\u017cnorodnych sk\u0142adnik\u00f3w i potrzeb. Bez wzgl\u0119du na to, czy chcesz <strong>delikatnie zmiesza\u0107<\/strong> <strong>sk\u0142adniki<\/strong>, czy te\u017c <strong>szybko rozdrobni\u0107<\/strong>, nasz blender r\u0119czny 1200W z \u0142atwo\u015bci\u0105 sprosta Twoim oczekiwaniom. <strong>Mechaniczna regulacja obrot\u00f3w<\/strong> zapewnia <strong>precyzyjn\u0105 kontrol\u0119<\/strong> nad procesem blendowania, co pozwala osi\u0105gn\u0105\u0107 doskona\u0142e efekty w ka\u017cdej potrawie. 15-stopniowa p\u0142ynna regulacja pr\u0119dko\u015bci pozwala dostosowa\u0107 dzia\u0142anie blendera do r\u00f3\u017cnorodnych sk\u0142adnik\u00f3w i potrzeb. Bez wzgl\u0119du na to, czy chcesz delikatnie zmiesza\u0107 sk\u0142adniki, czy te\u017c szybko rozdrobni\u0107, nasz blender r\u0119czny 1200W z \u0142atwo\u015bci\u0105 sprosta Twoim oczekiwaniom. Mechaniczna regulacja obrot\u00f3w zapewnia precyzyjn\u0105 kontrol\u0119 nad procesem blendowania, co pozwala osi\u0105gn\u0105\u0107 doskona\u0142e efekty w ka\u017cdej potrawie. Mimo imponuj\u0105cej mocy 1200W blender r\u0119czny dzia\u0142a p\u0142ynnie i bez nadmiernych wibracji, co pozwala na komfortowe u\u017cytkowanie nawet podczas d\u0142u\u017cszego blendowania.<\/p>\n<h2>Cisza, prosz\u0119!<\/h2>\n<p>Dzi\u0119ki <strong>zaawansowanej konstrukcji blender r\u0119czny 1200W<\/strong> dzia\u0142a nie tylko <strong>skutecznie<\/strong>, ale tak\u017ce <strong>cicho<\/strong>. <strong>Cicha praca urz\u0105dzenia<\/strong> pozwala na skupienie si\u0119 na przyjemno\u015bci gotowania, bez irytuj\u0105cych ha\u0142as\u00f3w, co czyni go idealnym towarzyszem w ka\u017cdej kuchennej przygodzie. <strong>Nylonowa stopka<\/strong>, <strong>chroni\u0105ca naczynie<\/strong> przed <strong>zarysowaniem<\/strong> i <strong>rozpryskiwaniem potraw<\/strong>, dodatkowo podnosi komfort u\u017cytkowania.<\/p>\n<h2>Blender r\u0119czny 1200W \u2014 funkcje urz\u0105dzenia<\/h2>\n<p><strong>Blender r\u0119czny JK-1200W Titanium Black Strong<\/strong> to nie tylko narz\u0119dzie do mieszania <strong>owoc\u00f3w<\/strong> i <strong>warzyw<\/strong>. Dzi\u0119ki funkcji <strong>kruszenia lodu<\/strong>, <strong>rozdrabniania<\/strong> oraz <strong>miksowania<\/strong>, z \u0142atwo\u015bci\u0105 przygotujesz r\u00f3\u017cnorodne potrawy i napoje, kt\u00f3re zachwyc\u0105 Twoich go\u015bci. Blender r\u0119czny 1200W sprawdzi si\u0119 tak\u017ce przy przygotowywaniu hummusu, pur\u00e9e ziemniaczanego czy sos\u00f3w o idealnie aksamitnej teksturze. Dzi\u0119ki tym funkcjom ograniczeniem jest jedynie Twoja wyobra\u017ania kulinarna.<\/p>\n<h2>Instrukcja obs\u0142ugi w 3 j\u0119zykach i<\/h2>\n<p>W komplecie znajdziesz <strong>instrukcj\u0119<\/strong> obs\u0142ugi w j\u0119zyku <strong>polskim<\/strong>, <strong>angielskim<\/strong> i ukrai\u0144skim, co u\u0142atwia korzystanie z urz\u0105dzenia niezale\u017cnie od Twoich preferencji j\u0119zykowych. <strong>Dok\u0142adne wyja\u015bnienia krok po kroku<\/strong> sprawi\u0105, \u017ce nawet pocz\u0105tkuj\u0105cy u\u017cytkownicy b\u0119d\u0105 w <strong>stanie<\/strong> wykorzysta\u0107 wszystkie mo\u017cliwo\u015bci naszego <strong>blendera r\u0119cznego 1200W<\/strong>. <\/p>\n","protected":false},"excerpt":{"rendered":"<p>Blender r\u0119czny JK-1200W Titanium Black Strong: moc 1200W i wysokiej klasy silnik gwarantuj\u0105 b\u0142yskawiczne i efektywne mieszanie, miksowanie oraz rozdrabnianie sk\u0142adnik\u00f3w.<br \/>\noulet-uszkodzone opakowanie<\/p>\n","protected":false},"featured_media":14650,"comment_status":"open","ping_status":"closed","template":"","meta":[],"product_brand":[],"product_cat":[838],"product_tag":[],"class_list":{"0":"post-12235","1":"product","2":"type-product","3":"status-publish","4":"has-post-thumbnail","6":"product_cat-blendery","8":"first","9":"instock","10":"taxable","11":"shipping-taxable","12":"purchasable","13":"product-type-simple"},"_links":{"self":[{"href":"https:\/\/gltestm.webology.pl\/pl\/wp-json\/wp\/v2\/product\/12235","targetHints":{"allow":["GET"]}}],"collection":[{"href":"https:\/\/gltestm.webology.pl\/pl\/wp-json\/wp\/v2\/product"}],"about":[{"href":"https:\/\/gltestm.webology.pl\/pl\/wp-json\/wp\/v2\/types\/product"}],"replies":[{"embeddable":true,"href":"https:\/\/gltestm.webology.pl\/pl\/wp-json\/wp\/v2\/comments?post=12235"}],"version-history":[{"count":0,"href":"https:\/\/gltestm.webology.pl\/pl\/wp-json\/wp\/v2\/product\/12235\/revisions"}],"wp:featuredmedia":[{"embeddable":true,"href":"https:\/\/gltestm.webology.pl\/pl\/wp-json\/wp\/v2\/media\/14650"}],"wp:attachment":[{"href":"https:\/\/gltestm.webology.pl\/pl\/wp-json\/wp\/v2\/media?parent=12235"}],"wp:term":[{"taxonomy":"product_brand","embeddable":true,"href":"https:\/\/gltestm.webology.pl\/pl\/wp-json\/wp\/v2\/product_brand?post=12235"},{"taxonomy":"product_cat","embeddable":true,"href":"https:\/\/gltestm.webology.pl\/pl\/wp-json\/wp\/v2\/product_cat?post=12235"},{"taxonomy":"product_tag","embeddable":true,"href":"https:\/\/gltestm.webology.pl\/pl\/wp-json\/wp\/v2\/product_tag?post=12235"}],"curies":[{"name":"wp","href":"https:\/\/api.w.org\/{rel}","templated":true}]}}