{"id":12234,"date":"2026-03-18T22:05:20","date_gmt":"2026-03-18T21:05:20","guid":{"rendered":"https:\/\/gltestm.webology.pl\/produkt\/blender-reczny-lucznik-jk-1200-titanium-silver-strong-outlet\/"},"modified":"2026-03-22T22:11:36","modified_gmt":"2026-03-22T21:11:36","slug":"blender-reczny-lucznik-jk-1200-titanium-silver-strong-outlet","status":"publish","type":"product","link":"https:\/\/gltestm.webology.pl\/pl\/produkt\/blender-reczny-lucznik-jk-1200-titanium-silver-strong-outlet\/","title":{"rendered":"Blender r\u0119czny \u0141ucznik JK-1200 Titanium Silver Strong Outlet"},"content":{"rendered":"<h3>Outlet<\/h3>\n<ul>\n<li>uszkodzone opakowanie<\/li>\n<\/ul>\n<p>Odkryj pot\u0119g\u0119 <strong>1200 W silnika<\/strong>, umo\u017cliwiaj\u0105c\u0105 <strong>szybkie<\/strong> i <strong>skuteczne mieszanie<\/strong>, <strong>miksowanie<\/strong> oraz <strong>rozdrabnianie<\/strong> sk\u0142adnik\u00f3w. Nasz blender <strong>JK-1200 Titanium Silver Strong<\/strong> pozwala na bezproblemowe przygotowanie kremowych sos\u00f3w, aksamitnych zup i g\u0142adkich smoothie.<\/p>\n<p><strong>Stalowo-srebrny<\/strong> odcie\u0144 oraz wykonanie z wysokiej jako\u015bci stali nierdzewnej zapewniaj\u0105 nie tylko trwa\u0142o\u015b\u0107, ale i elegancki wygl\u0105d.<\/p>\n<h2>Najwa\u017cniejsze cechy blendera r\u0119cznego<\/h2>\n<ul>\n<li><strong>Niezawodny<\/strong>, wysokiej klasy silnik o<strong> du\u017cej mocy 1200 W<\/strong><\/li>\n<li><strong>Wzmacniane tytanem 4-ramienne z\u0142ote ostrze<\/strong><\/li>\n<li>Stopka z kielichow\u0105 os\u0142on\u0105 <strong>zapobiegaj\u0105c\u0105 rozpryskiwaniu potraw<\/strong><\/li>\n<li><strong>15-stopniowa<\/strong>, p\u0142ynna regulacja pr\u0119dko\u015bci<\/li>\n<li>Funkcja \u201e<strong>TURBO<\/strong>\u201d<\/li>\n<li>Cicha praca<\/li>\n<li><strong>\u0141atwe czyszczenie<\/strong><\/li>\n<li><strong>Uchwyt o ergonomicznym kszta\u0142cie<\/strong> (idealnie uk\u0142ada si\u0119 w d\u0142oni)<\/li>\n<li>Solidna konstrukcja<\/li>\n<li>Gwarancja 24 miesi\u0105ce<\/li>\n<li>Instrukcja w j\u0119zyku polskim, angielskim i ukrai\u0144skim<\/li>\n<\/ul>\n<h2>Ostrze gotowe na wyzwania<\/h2>\n<p>Dzi\u0119ki <strong>4-ramiennemu ostrzu wzmocnionemu tytanem<\/strong>, nasz blender JK-1200 Titanium Silver Strong poradzi sobie nawet z <strong>najtwardszymi sk\u0142adnikami<\/strong>, jak <strong>orzechy<\/strong> czy <strong>surowe warzywa<\/strong>. <strong>Funkcja kruszenia lodu<\/strong> umo\u017cliwia szybkie przygotowanie pysznych napoj\u00f3w z <strong>mro\u017conych owoc\u00f3w<\/strong> czy <strong>lodowych sorbet\u00f3w<\/strong>.<\/p>\n<h2>Wi\u0119kszy kielich &#8211; wi\u0119cej mo\u017cliwo\u015bci<\/h2>\n<p>Dzi\u0119ki <strong>wi\u0119kszej pojemno\u015bci kielicha blendera<\/strong>, mo\u017cesz szybko i za jednym razem przygotowa\u0107 <strong>wi\u0119ksze porcje<\/strong> smacznych smoothie czy zup dla ca\u0142ej rodziny jednorazowo.<\/p>\n<p>Dodatkowo, <strong>specjalny kszta\u0142t kielicha<\/strong> <strong>zapobiega rozpryskiwaniu si\u0119<\/strong> zawarto\u015bci podczas mieszania, co sprawia, \u017ce korzystanie z blendera jest jeszcze bardziej wygodne, a <strong>kuchnia czysta<\/strong>.<\/p>\n<h2>Precyzyjna regulacja pr\u0119dko\u015bci<\/h2>\n<p>Zapewnij sobie kontrol\u0119 nad procesem nad blendowaniem dzi\u0119ki naszemu blenderowi JK-1200 Titanium Silver Strong, kt\u00f3ry <strong>oferuje p\u0142ynn\u0105 regulacj\u0119 pr\u0119dko\u015bci w 15 stopniach<\/strong>.<\/p>\n<p>Bez wzgl\u0119du na rodzaj sk\u0142adnik\u00f3w czy konsystencj\u0119 potrawy, mo\u017cesz dostosowa\u0107 nasz blender do Twoich potrzeb i <strong>precyzyjnie kontrolowa\u0107<\/strong> ka\u017cdy etap blendowania.<\/p>\n<p><strong>Mechaniczna kontrola obrot\u00f3w<\/strong> zapewnia nie tylko doskona\u0142e efekty w ka\u017cdej potrawie, ale tak\u017ce sprawia, \u017ce korzystanie z naszego blendera staje si\u0119 <strong>intuicyjne<\/strong> i satysfakcjonuj\u0105ce.<\/p>\n<h2>Cichy, komfortowy, skuteczny<\/h2>\n<p>Dzi\u0119ki <strong>zaawansowanej konstrukcji<\/strong> oraz <strong>ergonomicznemu kszta\u0142towi<\/strong>, doskonale le\u017cy w d\u0142oni, zapewniaj\u0105c komfort podczas u\u017cytkowania. Pracuje <strong>skutecznie<\/strong> i <strong>cicho<\/strong>, dzi\u0119ki czemu mo\u017cesz cieszy\u0107 si\u0119 spokojn\u0105 atmosfer\u0105 podczas gotowania.<\/p>\n<p>To niezast\u0105piony pomocnik, kt\u00f3ry umo\u017cliwia tworzenie pysznych potraw bez zb\u0119dnego ha\u0142asu i wysi\u0142ku.<\/p>\n<h2>Wielofunkcyjno\u015b\u0107 w Twoich r\u0119kach<\/h2>\n<p>Nasz blender, to niezast\u0105pione narz\u0119dzie w Twojej kuchni, kt\u00f3re umo\u017cliwia nie tylko<strong> blendowanie owoc\u00f3w<\/strong> i <strong>warzyw<\/strong>, ale tak\u017ce <strong>kruszenie lodu<\/strong> i <strong>rozdrabnianie<\/strong> r\u00f3\u017cnorodnych sk\u0142adnik\u00f3w.<\/p>\n<p>Z \u0142atwo\u015bci\u0105 przygotujesz smaczne <strong>smoothie<\/strong> z ulubionych owoc\u00f3w,<strong> kremowe zupy warzywne<\/strong> czy te\u017c <strong>orze\u017awiaj\u0105ce koktajle lodowe<\/strong>. Dzi\u0119ki funkcji kruszenia lodu, mo\u017cesz tak\u017ce szybko przygotowa\u0107 <strong>zimne napoje<\/strong>, takie jak mro\u017cone margarity czy lody owocowe.<\/p>\n<p>Nie ma ogranicze\u0144 co do mo\u017cliwo\u015bci kulinarnych, gdy\u017c nasz blender r\u0119czny <strong>JK-1200 Titanium Silver Strong<\/strong> jest gotowy sprosta\u0107 ka\u017cdemu wyzwaniu, jakie stawia przed nim Twoja wyobra\u017ania kulinarna.<\/p>\n<h2>Instrukcja obs\u0142ugi w 3 j\u0119zykach<\/h2>\n<p>W zestawie znajdziesz <strong>instrukcj\u0119<\/strong> obs\u0142ugi w j\u0119zyku <strong>polskim<\/strong>, <strong>angielskim<\/strong> i <strong>ukrai\u0144skim<\/strong>.<\/p>\n","protected":false},"excerpt":{"rendered":"<p>R\u0119czny blender kuchenny o mocy 1200 W. 4-ramienne ostrze wzmacniane tytanem. Kruszy l\u00f3d. Funkcja \u201eTurbo\u201d. 15-stopniowa p\u0142ynna regulacja pr\u0119dko\u015bci. Stopa kielichowa zapobiegaj\u0105ca rozpryskiwaniu potraw.<br \/>\nOutlet &#8211; uszkodzone opakowanie<\/p>\n","protected":false},"featured_media":14223,"comment_status":"open","ping_status":"closed","template":"","meta":[],"product_brand":[],"product_cat":[838],"product_tag":[],"class_list":{"0":"post-12234","1":"product","2":"type-product","3":"status-publish","4":"has-post-thumbnail","6":"product_cat-blendery","8":"first","9":"instock","10":"taxable","11":"shipping-taxable","12":"purchasable","13":"product-type-simple"},"_links":{"self":[{"href":"https:\/\/gltestm.webology.pl\/pl\/wp-json\/wp\/v2\/product\/12234","targetHints":{"allow":["GET"]}}],"collection":[{"href":"https:\/\/gltestm.webology.pl\/pl\/wp-json\/wp\/v2\/product"}],"about":[{"href":"https:\/\/gltestm.webology.pl\/pl\/wp-json\/wp\/v2\/types\/product"}],"replies":[{"embeddable":true,"href":"https:\/\/gltestm.webology.pl\/pl\/wp-json\/wp\/v2\/comments?post=12234"}],"version-history":[{"count":0,"href":"https:\/\/gltestm.webology.pl\/pl\/wp-json\/wp\/v2\/product\/12234\/revisions"}],"wp:featuredmedia":[{"embeddable":true,"href":"https:\/\/gltestm.webology.pl\/pl\/wp-json\/wp\/v2\/media\/14223"}],"wp:attachment":[{"href":"https:\/\/gltestm.webology.pl\/pl\/wp-json\/wp\/v2\/media?parent=12234"}],"wp:term":[{"taxonomy":"product_brand","embeddable":true,"href":"https:\/\/gltestm.webology.pl\/pl\/wp-json\/wp\/v2\/product_brand?post=12234"},{"taxonomy":"product_cat","embeddable":true,"href":"https:\/\/gltestm.webology.pl\/pl\/wp-json\/wp\/v2\/product_cat?post=12234"},{"taxonomy":"product_tag","embeddable":true,"href":"https:\/\/gltestm.webology.pl\/pl\/wp-json\/wp\/v2\/product_tag?post=12234"}],"curies":[{"name":"wp","href":"https:\/\/api.w.org\/{rel}","templated":true}]}}