{"id":12233,"date":"2026-03-18T22:05:19","date_gmt":"2026-03-18T21:05:19","guid":{"rendered":"https:\/\/gltestm.webology.pl\/produkt\/blender-reczny-lucznik-jk-1500-titanium-black-extra-strong-deluxe-set-outlet\/"},"modified":"2026-03-22T22:11:36","modified_gmt":"2026-03-22T21:11:36","slug":"blender-reczny-lucznik-jk-1500-titanium-black-extra-strong-deluxe-set-outlet","status":"publish","type":"product","link":"https:\/\/gltestm.webology.pl\/pl\/produkt\/blender-reczny-lucznik-jk-1500-titanium-black-extra-strong-deluxe-set-outlet\/","title":{"rendered":"Blender r\u0119czny \u0141ucznik JK-1500 Titanium Black Extra Strong Deluxe Set OUTLET"},"content":{"rendered":"<p>Poznaj potencja\u0142 naszego <strong>blendera r\u0119cznego z zestawem akcesori\u00f3w JK-1500 Titanium Black Extra Strong Deluxe Set,<\/strong> wyposa\u017conego w <strong>silnik o mocy 1500W<\/strong>. Ten <strong>wyj\u0105tkowo silny<\/strong> sprz\u0119t umo\u017cliwia nie tylko <strong>szybkie<\/strong> i <strong>skuteczne<\/strong> <strong>mieszanie<\/strong>, <strong>miksowanie<\/strong> oraz <strong>rozdrabnianie<\/strong> <strong>sk\u0142adnik\u00f3w<\/strong>, ale tak\u017ce zapewnia <strong>niezawodno\u015b\u0107<\/strong> i <strong>trwa\u0142o\u015b\u0107<\/strong>.<\/p>\n<p>Dzi\u0119ki niemu bezproblemowo zblendujesz nawet <strong>najtwardsze sk\u0142adniki<\/strong>, w tym <strong>kostki lodu<\/strong>, co pozwala na przygotowanie szerokiej gamy potraw, w tym <strong>kremowych sos\u00f3w<\/strong>, <strong>aksamitnych zup<\/strong> czy <strong>g\u0142adkich smoothie<\/strong>.<\/p>\n<p>Stalowo-czarny kolor i wykonanie ze <strong>stali nierdzewnej<\/strong> nadaj\u0105 mu<strong> elegancki wygl\u0105d<\/strong>, kt\u00f3ry doskonale komponuje si\u0119 z ka\u017cd\u0105 kuchni\u0105. <strong>Dodatkowe akcesoria<\/strong> w zestawie zwi\u0119kszaj\u0105 jego wszechstronno\u015b\u0107 i pozwalaj\u0105 na jeszcze wi\u0119ksz\u0105 <strong>kreatywno\u015b\u0107 w gotowaniu<\/strong>. Blender r\u0119czny czarny <strong>JK-1500 Titanium Black Extra Strong Deluxe Set<\/strong> \u0142\u0105czy w sobie <strong>efektywno\u015b\u0107<\/strong> i <strong>nowoczesny wygl\u0105d<\/strong>.<\/p>\n<h3>Outlet<\/h3>\n<ul>\n<li>uszkodzone opakowanie<\/li>\n<\/ul>\n<h2>Kluczowe cechy naszego blendera r\u0119cznego z zestawem akcesori\u00f3w<\/h2>\n<ul>\n<li><strong>niezawodny, wysokiej klasy silnik o du\u017cej mocy 1500W<\/strong><\/li>\n<li>wzmacniane <strong>tytanem 4-ramienne z\u0142ote ostrze<\/strong><\/li>\n<li>akcesoria w zestawie: <strong>rozdrabniacz z 2-ramiennym stalowym ostrzem<\/strong> (600 ml), <strong>pojemnik do miksowania<\/strong> (800 ml), <strong>ko\u0144c\u00f3wka do ubijania<\/strong><\/li>\n<li><strong>stopka z nylonow\u0105 os\u0142on\u0105 chroni\u0105ca naczynie przed zarysowaniem i rozpryskiwaniem potraw<\/strong><\/li>\n<li><strong>15-stopniowa<\/strong>, p\u0142ynna regulacja pr\u0119dko\u015bci<\/li>\n<li><strong>funkcja \u201eTURBO\u201d<\/strong><\/li>\n<li><strong>cicha praca<\/strong><\/li>\n<li><strong>\u0142atwe<\/strong> czyszczenie<\/li>\n<li>uchwyt o <strong>ergonomicznym kszta\u0142cie<\/strong> (idealnie uk\u0142ada si\u0119 w d\u0142oni)<\/li>\n<li>solidna konstrukcja<\/li>\n<li>gwarancja 24 miesi\u0105ce<\/li>\n<li>instrukcja w j\u0119zyku polskim, angielskim i ukrai\u0144skim<\/li>\n<\/ul>\n<h2>Zwi\u0119ksz sw\u00f3j potencja\u0142 kulinarny<\/h2>\n<p>W zestawie otrzymujesz nie tylko wyj\u0105tkowy <strong>blender r\u0119czny z wymiennymi ko\u0144c\u00f3wkami<\/strong>, ale tak\u017ce <strong>dodatkowe akcesoria<\/strong>, kt\u00f3re zwi\u0119kszaj\u0105 jego wszechstronno\u015b\u0107 i funkcjonalno\u015b\u0107.<\/p>\n<p><strong>Rozdrabniacz z 2-ramiennym stalowym ostrzem<\/strong>: ten rozdrabniacz o <strong>pojemno\u015bci 600 ml<\/strong> to idealne narz\u0119dzie do <strong>siekania mi\u0119sa<\/strong>, <strong>orzech\u00f3w<\/strong> oraz <strong>przecierania<\/strong> i <strong>miksowania<\/strong> \u017cywno\u015bci. Dzi\u0119ki niemu mo\u017cesz <strong>szybko<\/strong> i <strong>\u0142atwo<\/strong> przygotowywa\u0107 r\u00f3\u017cnorodne dania, takie jak pasty, sosy czy dipy. Oszcz\u0119dzaj czas i energi\u0119 w kuchni.<\/p>\n<p><strong>Pojemnik do miksowania<\/strong>: wykonany z <strong>wysokogatunkowego tworzywa sztucznego<\/strong> pojemnik o <strong>pojemno\u015bci 800 ml<\/strong> jest doskona\u0142ym rozwi\u0105zaniem do przygotowywania <strong>wi\u0119kszych porcji koktajli<\/strong>, <strong>smoothie<\/strong> czy <strong>zup<\/strong>. Dzi\u0119ki niemu mo\u017cesz szybko przygotowywa\u0107 ulubione napoje i dania dla ca\u0142ej rodziny bez konieczno\u015bci korzystania z dodatkowych naczy\u0144, co pozwala zaoszcz\u0119dzi\u0107 miejsce i u\u0142atwia utrzymanie porz\u0105dku w kuchni.<\/p>\n<p><strong>Ko\u0144c\u00f3wka do ubijania<\/strong>: ta <strong>specjalna ko\u0144c\u00f3wka<\/strong> jest idealna do ubijania <strong>\u015bmietany<\/strong>, <strong>bia\u0142ek<\/strong> <strong>jajek<\/strong> czy innych sk\u0142adnik\u00f3w, kt\u00f3re wymagaj\u0105 ubijania. Dzi\u0119ki niej mo\u017cesz <strong>szybko<\/strong> przygotowywa\u0107 <strong>kremy<\/strong>, <strong>pianki<\/strong> czy <strong>bezy<\/strong>, co pozwala na jeszcze wi\u0119ksz\u0105 kreatywno\u015b\u0107 w kuchni i zaspokaja Twoje kulinarne potrzeby.<\/p>\n<h2>Ostrze wzmocnione tytanem<\/h2>\n<p>Nasz blender r\u0119czny z wymiennymi ko\u0144c\u00f3wkami <strong>JK-1500 Titanium Black Extra Strong Deluxe Set<\/strong> wyposa\u017cony jest w <strong>wytrzyma\u0142e ostrze z\u0142o\u017cone z czterech ramion<\/strong>, kt\u00f3re zosta\u0142o <strong>wzmocnione tytanem<\/strong>. To ostrze nie tylko radzi sobie z <strong>kruszeniem lodu<\/strong> i <strong>blendowaniem<\/strong> twardych sk\u0142adnik\u00f3w, ale tak\u017ce oferuje wszechstronno\u015b\u0107 w przygotowywaniu potraw. Dzi\u0119ki temu mo\u017cesz \u0142atwo przygotowa\u0107 <strong>g\u0142adkie smoothie<\/strong> z mro\u017conych owoc\u00f3w, a tak\u017ce kremowe zupy warzywne czy pyszne sosy.<\/p>\n<p><strong>Wzmocnione ostrze<\/strong> gwarantuje nie tylko <strong>doskona\u0142e efekty blendowania<\/strong>, ale tak\u017ce <strong>trwa\u0142o\u015b\u0107<\/strong> i <strong>wydajno\u015b\u0107<\/strong> blendera.<\/p>\n<h2>Funkcjonalno\u015b\u0107 kruszenia lodu<\/h2>\n<p>Dodatkowa <strong>funkcja kruszenia lodu<\/strong> dodaje jeszcze wi\u0119kszej wszechstronno\u015bci naszemu blenderowi. Dzi\u0119ki niej mo\u017cesz szybko przygotowa\u0107 r\u00f3\u017cnorodne dania i napoje, takie jak <strong>orze\u017awiaj\u0105ce smoothie<\/strong> z mro\u017conych owoc\u00f3w czy <strong>pyszne lodowe sorbety<\/strong>. To idealne rozwi\u0105zanie na gor\u0105ce letnie dni, kiedy chcesz si\u0119 och\u0142odzi\u0107 pysznymi, sch\u0142odzonymi napojami.<\/p>\n<p><strong>Funkcjonalno\u015b\u0107 kruszenia lodu<\/strong> sprawia, \u017ce nasz blender staje si\u0119 <strong>niezast\u0105pionym narz\u0119dziem w kuchni<\/strong>, pozwalaj\u0105c na przygotowanie ulubionych przek\u0105sek i napoj\u00f3w w zaledwie kilka chwil.<\/p>\n<h2>Os\u0142ona z nylonu chroni Twoje naczynia<\/h2>\n<p>Dzi\u0119ki <strong>os\u0142onie ostrza z nylonu<\/strong> nasz blender r\u0119czny z zestawem akcesori\u00f3w <strong>chroni naczynia przed zarysowaniem<\/strong> i skutecznie <strong>zapobiega rozpryskiwaniu si\u0119 potraw<\/strong>. Ta funkcja nie tylko dba o stan Twoich naczy\u0144, ale tak\u017ce <strong>zachowuje czysto\u015b\u0107 w kuchni<\/strong>, eliminuj\u0105c konieczno\u015b\u0107 dodatkowego sprz\u0105tania po ka\u017cdym u\u017cyciu blendera. To <strong>praktyczne rozwi\u0105zanie<\/strong> dla os\u00f3b, kt\u00f3re ceni\u0105 sobie <strong>porz\u0105dek<\/strong> i <strong>estetyk\u0119<\/strong> w swojej kuchni.<\/p>\n<h2>Precyzyjna regulacja pr\u0119dko\u015bci<\/h2>\n<p><strong>P\u0142ynna regulacja pr\u0119dko\u015bci w 15 stopniach<\/strong> umo\u017cliwia dostosowanie dzia\u0142ania blendera do r\u00f3\u017cnorodnych sk\u0142adnik\u00f3w i potrzeb. Niezale\u017cnie od tego, czy chcesz <strong>delikatnie zmiesza\u0107<\/strong> sk\u0142adniki, czy te\u017c <strong>szybko<\/strong> <strong>rozdrobni\u0107<\/strong>, nasz blender r\u0119czny z mikserem z \u0142atwo\u015bci\u0105 sprosta Twoim oczekiwaniom. <strong>Mechaniczna regulacja obrot\u00f3w<\/strong> zapewnia <strong>precyzyjn\u0105<\/strong> kontrol\u0119 nad procesem blendowania, co pozwala osi\u0105gn\u0105\u0107 doskona\u0142e efekty w ka\u017cdej potrawie.<\/p>\n<h2>Funkcja turbo<\/h2>\n<p>Dodatkow\u0105 funkcj\u0105 naszego<strong> blendera JK-1500 Titanium Black Extra Strong Deluxe Set jest funkcja turbo<\/strong>, kt\u00f3ra sprawia, \u017ce jest on jeszcze bardziej wszechstronny i efektywny. Dzi\u0119ki tej funkcji mo\u017cesz jeszcze <strong>szybciej<\/strong> i <strong>skuteczniej<\/strong> przygotowa\u0107 swoje ulubione potrawy i napoje, oszcz\u0119dzaj\u0105c <strong>cenny czas<\/strong> i <strong>energi\u0119<\/strong>. To idealne rozwi\u0105zanie dla os\u00f3b, kt\u00f3re ceni\u0105 sobie szybko\u015b\u0107 i wydajno\u015b\u0107 w kuchennych przygotowaniach.<\/p>\n<h2>Cisza, wygoda, skuteczno\u015b\u0107<\/h2>\n<p><strong>Zaawansowana konstrukcja<\/strong> i <strong>ergonomiczny<\/strong> kszta\u0142t uchwytu zapewniaj\u0105 <strong>cich\u0105<\/strong> i <strong>wygodn\u0105<\/strong> <strong>prac\u0119<\/strong> naszego blendera r\u0119cznego z mikserem. Dzi\u0119ki temu mo\u017cesz skupi\u0107 si\u0119 na przyjemno\u015bci gotowania bez niepotrzebnego ha\u0142asu. To niezast\u0105pione narz\u0119dzie dla os\u00f3b, kt\u00f3re ceni\u0105 sobie <strong>komfort<\/strong> i <strong>efektywno\u015b\u0107<\/strong> w kuchennych przygotowaniach.<\/p>\n<h2>Wielofunkcyjno\u015b\u0107<\/h2>\n<p><strong>Blender r\u0119czny z wymiennymi ko\u0144c\u00f3wkami<\/strong> to nie tylko narz\u0119dzie do <strong>miksowania owoc\u00f3w<\/strong> i <strong>warzyw<\/strong>, ale tak\u017ce <strong>kruszenia lodu<\/strong> i <strong>rozdrabniania<\/strong> sk\u0142adnik\u00f3w. Dzi\u0119ki temu oferuje szerokie mo\u017cliwo\u015bci kulinarnych eksperyment\u00f3w, pozwalaj\u0105c na<strong> przygotowanie r\u00f3\u017cnorodnych potraw<\/strong> i <strong>napoj\u00f3w<\/strong>, kt\u00f3re zachwyc\u0105 Twoich go\u015bci. To niezast\u0105pione narz\u0119dzie dla os\u00f3b, kt\u00f3re ceni\u0105 sobie wszechstronno\u015b\u0107 i kreatywno\u015b\u0107 w kuchennych przygotowaniach.<\/p>\n","protected":false},"excerpt":{"rendered":"<p>Wielofunkcyjny blender r\u0119czny JK-1500 Titanium Black Deluxe Set (1500W) z akcesoriami. Skutecznie miesza, miksuje i rozdrabnia.<br \/>\noutlet-uszkodzone opakowanie<\/p>\n","protected":false},"featured_media":13347,"comment_status":"open","ping_status":"closed","template":"","meta":[],"product_brand":[],"product_cat":[838],"product_tag":[],"class_list":{"0":"post-12233","1":"product","2":"type-product","3":"status-publish","4":"has-post-thumbnail","6":"product_cat-blendery","8":"first","9":"outofstock","10":"taxable","11":"shipping-taxable","12":"purchasable","13":"product-type-simple"},"_links":{"self":[{"href":"https:\/\/gltestm.webology.pl\/pl\/wp-json\/wp\/v2\/product\/12233","targetHints":{"allow":["GET"]}}],"collection":[{"href":"https:\/\/gltestm.webology.pl\/pl\/wp-json\/wp\/v2\/product"}],"about":[{"href":"https:\/\/gltestm.webology.pl\/pl\/wp-json\/wp\/v2\/types\/product"}],"replies":[{"embeddable":true,"href":"https:\/\/gltestm.webology.pl\/pl\/wp-json\/wp\/v2\/comments?post=12233"}],"version-history":[{"count":0,"href":"https:\/\/gltestm.webology.pl\/pl\/wp-json\/wp\/v2\/product\/12233\/revisions"}],"wp:featuredmedia":[{"embeddable":true,"href":"https:\/\/gltestm.webology.pl\/pl\/wp-json\/wp\/v2\/media\/13347"}],"wp:attachment":[{"href":"https:\/\/gltestm.webology.pl\/pl\/wp-json\/wp\/v2\/media?parent=12233"}],"wp:term":[{"taxonomy":"product_brand","embeddable":true,"href":"https:\/\/gltestm.webology.pl\/pl\/wp-json\/wp\/v2\/product_brand?post=12233"},{"taxonomy":"product_cat","embeddable":true,"href":"https:\/\/gltestm.webology.pl\/pl\/wp-json\/wp\/v2\/product_cat?post=12233"},{"taxonomy":"product_tag","embeddable":true,"href":"https:\/\/gltestm.webology.pl\/pl\/wp-json\/wp\/v2\/product_tag?post=12233"}],"curies":[{"name":"wp","href":"https:\/\/api.w.org\/{rel}","templated":true}]}}