{"id":12230,"date":"2026-03-18T22:05:18","date_gmt":"2026-03-18T21:05:18","guid":{"rendered":"https:\/\/gltestm.webology.pl\/produkt\/nozyczki-dla-dzieci-ryba-fiskars\/"},"modified":"2026-03-18T22:27:36","modified_gmt":"2026-03-18T21:27:36","slug":"nozyczki-dla-dzieci-ryba-fiskars","status":"publish","type":"product","link":"https:\/\/gltestm.webology.pl\/pl\/produkt\/nozyczki-dla-dzieci-ryba-fiskars\/","title":{"rendered":"No\u017cyczki dla dzieci RYBA Fiskars"},"content":{"rendered":"<h2><strong><span>No\u017cyczki dla Ma\u0142ych Artyst\u00f3w z Motywem Rybki!<\/span><\/strong><\/h2>\n<h3><strong><span>Weso\u0142y Wygl\u0105d i Bezpiecze\u0144stwo<\/span><\/strong><\/h3>\n<p><span>Te radosne no\u017cyczki maj\u0105 specjalnie wyprofilowany, wygodny uchwyt i zaokr\u0105glone ostrza, co zapewnia maksymalne bezpiecze\u0144stwo dla ma\u0142ych r\u0105czek. Mo\u017cna ich u\u017cywa\u0107 ju\u017c od <strong>4 roku \u017cycia<\/strong>! Doskonale sprawdz\u0105 si\u0119 podczas <strong>kreatywnych zaj\u0119\u0107 w domu i w szkole<\/strong>.<\/span><\/p>\n<h3><strong><span>Dla Ka\u017cdej R\u0105czki<\/span><\/strong><\/h3>\n<p><span>Co wa\u017cne, te no\u017cyczki s\u0105 odpowiednie zar\u00f3wno dla dzieci <strong>prawor\u0119cznych<\/strong>, jak i<strong> lewor\u0119cznych<\/strong>! Niezale\u017cnie od tego, kt\u00f3r\u0105 r\u0105czk\u0105 wolisz wycina\u0107, z \u0142atwo\u015bci\u0105 stworzysz morskie opowie\u015bci z papieru.<\/span><\/p>\n<h3><strong><span>Wytrzyma\u0142e i Wygodne<\/span><\/strong><\/h3>\n<p><span>Ostrza tych no\u017cyczek wykonane s\u0105 z trwa\u0142ej stali nierdzewnej, gwarantuj\u0105c d\u0142ugie u\u017cytkowanie. Lekki, plastikowy uchwyt zapewnia komfortowe trzymanie.<\/span><\/p>\n<h3><strong><span>Idealne Rozmiary<\/span><\/strong><\/h3>\n<p><span>D\u0142ugo\u015b\u0107 ostrzy wynosi <strong>5 cm<\/strong>, a ca\u0142kowita d\u0142ugo\u015b\u0107 no\u017cyczek to <strong>13 cm<\/strong>. Wa\u017c\u0105 zaledwie <strong>48 g<\/strong>, dzi\u0119ki czemu nie obci\u0105\u017caj\u0105 d\u0142oni podczas wycinania.<\/span><\/p>\n<p><span>Z tymi no\u017cyczkami tworzenie wspania\u0142ych morskich opowie\u015bci i wycinanek b\u0119dzie jeszcze fajniejsze i bezpieczniejsze!<\/span><\/p>\n","protected":false},"excerpt":{"rendered":"<p>Bezpieczne no\u017cyczki do wycinania dla prawo i lewor\u0119cznych. Nietuzinkowy kszta\u0142t i wygoda u\u017cytkowania.<\/p>\n","protected":false},"featured_media":13570,"comment_status":"open","ping_status":"closed","template":"","meta":[],"product_brand":[],"product_cat":[768],"product_tag":[],"class_list":{"0":"post-12230","1":"product","2":"type-product","3":"status-publish","4":"has-post-thumbnail","6":"product_cat-nozyce-i-obcinaczki","8":"first","9":"instock","10":"taxable","11":"shipping-taxable","12":"purchasable","13":"product-type-simple"},"_links":{"self":[{"href":"https:\/\/gltestm.webology.pl\/pl\/wp-json\/wp\/v2\/product\/12230","targetHints":{"allow":["GET"]}}],"collection":[{"href":"https:\/\/gltestm.webology.pl\/pl\/wp-json\/wp\/v2\/product"}],"about":[{"href":"https:\/\/gltestm.webology.pl\/pl\/wp-json\/wp\/v2\/types\/product"}],"replies":[{"embeddable":true,"href":"https:\/\/gltestm.webology.pl\/pl\/wp-json\/wp\/v2\/comments?post=12230"}],"version-history":[{"count":0,"href":"https:\/\/gltestm.webology.pl\/pl\/wp-json\/wp\/v2\/product\/12230\/revisions"}],"wp:featuredmedia":[{"embeddable":true,"href":"https:\/\/gltestm.webology.pl\/pl\/wp-json\/wp\/v2\/media\/13570"}],"wp:attachment":[{"href":"https:\/\/gltestm.webology.pl\/pl\/wp-json\/wp\/v2\/media?parent=12230"}],"wp:term":[{"taxonomy":"product_brand","embeddable":true,"href":"https:\/\/gltestm.webology.pl\/pl\/wp-json\/wp\/v2\/product_brand?post=12230"},{"taxonomy":"product_cat","embeddable":true,"href":"https:\/\/gltestm.webology.pl\/pl\/wp-json\/wp\/v2\/product_cat?post=12230"},{"taxonomy":"product_tag","embeddable":true,"href":"https:\/\/gltestm.webology.pl\/pl\/wp-json\/wp\/v2\/product_tag?post=12230"}],"curies":[{"name":"wp","href":"https:\/\/api.w.org\/{rel}","templated":true}]}}