{"id":12228,"date":"2026-03-18T22:05:18","date_gmt":"2026-03-18T21:05:18","guid":{"rendered":"https:\/\/gltestm.webology.pl\/produkt\/miarka-krawiecka-pastel-samonawijajaca-sie\/"},"modified":"2026-03-18T22:27:35","modified_gmt":"2026-03-18T21:27:35","slug":"miarka-krawiecka-pastel-samonawijajaca-sie","status":"publish","type":"product","link":"https:\/\/gltestm.webology.pl\/pl\/produkt\/miarka-krawiecka-pastel-samonawijajaca-sie\/","title":{"rendered":"Miarka krawiecka PASTEL samonawijaj\u0105ca si\u0119"},"content":{"rendered":"<h2><strong>Centymetr krawiecki w pastelowych kolorach<\/strong><\/h2>\n<p><strong>Masz do\u015b\u0107 popl\u0105tanych miarek? Poznaj nasz\u0105 pastelow\u0105 samonawijaj\u0105c\u0105 si\u0119 miark\u0119 krawieck\u0105 \u2013 Twojego nowego, ulubionego pomocnika!<\/strong><\/p>\n<p>Ta miarka ma a\u017c <strong>150 cm<\/strong> d\u0142ugo\u015bci, wi\u0119c zmierzysz ni\u0105 wiele rzeczy. Jest dwustronna \u2013 z jednej strony s\u0105 centymetry, a z drugiej cale.<\/p>\n<p>Wyobra\u017a sobie, jak \u0142atwo i przyjemnie b\u0119dzie Ci mierzy\u0107 materia\u0142y, wykroje, a nawet swoj\u0105 sylwetk\u0119 dzi\u0119ki tej uroczej miarce. Mo\u017cesz jej u\u017cywa\u0107 nie tylko do szycia i rysowania wykroj\u00f3w, ale te\u017c na co dzie\u0144, gdy potrzebujesz co\u015b szybko zmierzy\u0107. Bez problemu zmierzysz ni\u0105 te\u017c swoje wymiary.<\/p>\n<p>Miarka jest zrobiona z elastycznego materia\u0142u, wi\u0119c \u0142atwo dopasuje si\u0119 do tego, co mierzysz, zapewniaj\u0105c dok\u0142adny pomiar za ka\u017cdym razem. A co super, sama si\u0119 zwija! Wystarczy nacisn\u0105\u0107, i ju\u017c jest gotowa do schowania. Dzi\u0119ki temu zawsze b\u0119dzie schludna i \u0142atwo j\u0105 znajdziesz.<\/p>\n<p><span>Dost\u0119pna jest w trzech \u015blicznych pastelowych kolorach: r\u00f3\u017cowym, b\u0142\u0119kitnym i mi\u0119towym. Pami\u0119taj, \u017ce wysy\u0142amy<strong> jeden losowy kolor<\/strong>.<\/span><\/p>\n","protected":false},"excerpt":{"rendered":"<p>Miarka krawiecka samonawijaj\u0105ca si\u0119 o d\u0142ugo\u015bci 150 cm. Wyst\u0119puje w trzech kolorach: czerwony, niebieski i \u017c\u00f3\u0142ty.<\/p>\n","protected":false},"featured_media":15707,"comment_status":"open","ping_status":"closed","template":"","meta":[],"product_brand":[],"product_cat":[753],"product_tag":[],"class_list":{"0":"post-12228","1":"product","2":"type-product","3":"status-publish","4":"has-post-thumbnail","6":"product_cat-miary-linijki-i-cyrkle","8":"first","9":"instock","10":"taxable","11":"shipping-taxable","12":"purchasable","13":"product-type-simple"},"_links":{"self":[{"href":"https:\/\/gltestm.webology.pl\/pl\/wp-json\/wp\/v2\/product\/12228","targetHints":{"allow":["GET"]}}],"collection":[{"href":"https:\/\/gltestm.webology.pl\/pl\/wp-json\/wp\/v2\/product"}],"about":[{"href":"https:\/\/gltestm.webology.pl\/pl\/wp-json\/wp\/v2\/types\/product"}],"replies":[{"embeddable":true,"href":"https:\/\/gltestm.webology.pl\/pl\/wp-json\/wp\/v2\/comments?post=12228"}],"version-history":[{"count":0,"href":"https:\/\/gltestm.webology.pl\/pl\/wp-json\/wp\/v2\/product\/12228\/revisions"}],"wp:featuredmedia":[{"embeddable":true,"href":"https:\/\/gltestm.webology.pl\/pl\/wp-json\/wp\/v2\/media\/15707"}],"wp:attachment":[{"href":"https:\/\/gltestm.webology.pl\/pl\/wp-json\/wp\/v2\/media?parent=12228"}],"wp:term":[{"taxonomy":"product_brand","embeddable":true,"href":"https:\/\/gltestm.webology.pl\/pl\/wp-json\/wp\/v2\/product_brand?post=12228"},{"taxonomy":"product_cat","embeddable":true,"href":"https:\/\/gltestm.webology.pl\/pl\/wp-json\/wp\/v2\/product_cat?post=12228"},{"taxonomy":"product_tag","embeddable":true,"href":"https:\/\/gltestm.webology.pl\/pl\/wp-json\/wp\/v2\/product_tag?post=12228"}],"curies":[{"name":"wp","href":"https:\/\/api.w.org\/{rel}","templated":true}]}}