{"id":12226,"date":"2026-03-18T22:05:17","date_gmt":"2026-03-18T21:05:17","guid":{"rendered":"https:\/\/gltestm.webology.pl\/produkt\/tamborek-bambusowy-10-cm\/"},"modified":"2026-03-18T22:27:35","modified_gmt":"2026-03-18T21:27:35","slug":"tamborek-bambusowy-10-cm","status":"publish","type":"product","link":"https:\/\/gltestm.webology.pl\/pl\/produkt\/tamborek-bambusowy-10-cm\/","title":{"rendered":"Tamborek bambusowy 10 cm"},"content":{"rendered":"<h2>Tamborek bambusowy 10 cm<\/h2>\n<p>Odkryj wyj\u0105tkow\u0105 jako\u015b\u0107 i komfort haftowania z naszym Tamborkiem bambusowym o \u015brednicy 10 cm! Ten produkt to nieodzowny element ka\u017cdej pasjonatki r\u0119kodzie\u0142a, \u0142\u0105cz\u0105cy w sobie estetyk\u0119, funkcjonalno\u015b\u0107 i ekologiczn\u0105 \u015bwiadomo\u015b\u0107.<\/p>\n<h3><strong>Cechy produktu:<\/strong><\/h3>\n<ul>\n<li>\n<p><strong>Naturalne pi\u0119kno i ekologia:<\/strong> Wykonany z wysokiej jako\u015bci bambusa, nasz tamborek jest nie tylko estetyczny, ale r\u00f3wnie\u017c przyjazny dla \u015brodowiska. Bambus to szybko odnawialny surowiec, kt\u00f3ry wspiera zr\u00f3wnowa\u017cony rozw\u00f3j.<\/p>\n<\/li>\n<li>\n<p><strong>Perfekcyjne napi\u0119cie materia\u0142u:<\/strong> Dzi\u0119ki precyzyjnemu mechanizmowi zaciskowemu, zapewnia idealne napi\u0119cie tkaniny, co u\u0142atwia prac\u0119 i sprawia, \u017ce ka\u017cdy \u015bcieg wygl\u0105da nieskazitelnie.<\/p>\n<\/li>\n<li>\n<p><strong>Optymalny rozmiar:<\/strong> \u015arednica 10 cm to uniwersalny rozmiar, kt\u00f3ry doskonale sprawdza si\u0119 zar\u00f3wno przy mniejszych, jak i wi\u0119kszych projektach haftu, zapewniaj\u0105c wygod\u0119 u\u017cytkowania.<\/p>\n<\/li>\n<li>\n<p><strong>Lekko\u015b\u0107 i trwa\u0142o\u015b\u0107:<\/strong> Bambusowy tamborek jest lekki, a jednocze\u015bnie niezwykle wytrzyma\u0142y, co gwarantuje jego d\u0142ugowieczno\u015b\u0107 i niezawodno\u015b\u0107 w codziennym u\u017cytkowaniu.<\/p>\n<\/li>\n<\/ul>\n<p>Nasz Tamborek bambusowy 10 cm to idealne narz\u0119dzie zar\u00f3wno dla pocz\u0105tkuj\u0105cych, jak i zaawansowanych hafciarek. Zapewnia komfort pracy i pomaga w tworzeniu perfekcyjnych wzor\u00f3w. Spraw, aby Twoje r\u0119kodzie\u0142o by\u0142o jeszcze bardziej przyjemne i efektowne.<\/p>\n<h3><strong>Wymiary<\/strong><\/h3>\n<p><span>Nasz pomocnik haftowania sk\u0142ada si\u0119 z dw\u00f3ch drewnianych obr\u0119czy, kt\u00f3re zaciska si\u0119 na siebie napinaj\u0105c jednocze\u015bnie naci\u0105gni\u0119ty mi\u0119dzy nimi materia\u0142 &#8211; kanw\u0119. Dodatkowo tamborek wyposa\u017cony jest w metalowe pokr\u0119t\u0142o, dzi\u0119ki kt\u00f3remu mo\u017cna regulowa\u0107 napr\u0119\u017cenie haftowanego materia\u0142u. <\/span><\/p>\n<div>Kolory \u015brubki mog\u0105 si\u0119 r\u00f3\u017cni\u0107.<\/div>\n<div>\n<ul>\n<li>\u015arednica wewn\u0119trzna: <strong>9,5 cm<\/strong><\/li>\n<li>\u015arodkowa \u015brednica: <strong>10 cm<\/strong><\/li>\n<li>Zewn\u0119trzna \u015brednica: <strong>10,8 cm<\/strong><\/li>\n<\/ul>\n<p><strong><span>Dodaj nasz Tamborek bambusowy do swojego koszyka i ciesz si\u0119 ka\u017cdym momentem sp\u0119dzonym na haftowaniu!<\/span><\/strong><\/p>\n<\/div>\n","protected":false},"excerpt":{"rendered":"<p>Tamborek to przedmiot u\u0142atwiaj\u0105cy haftowanie. Pozwala na stworzenie wyj\u0105tkowych wzor\u00f3w na kanwie jak i innych materia\u0142ach !<\/p>\n","protected":false},"featured_media":15848,"comment_status":"open","ping_status":"closed","template":"","meta":[],"product_brand":[],"product_cat":[373],"product_tag":[],"class_list":{"0":"post-12226","1":"product","2":"type-product","3":"status-publish","4":"has-post-thumbnail","6":"product_cat-tamborki","8":"first","9":"instock","10":"taxable","11":"shipping-taxable","12":"purchasable","13":"product-type-simple"},"_links":{"self":[{"href":"https:\/\/gltestm.webology.pl\/pl\/wp-json\/wp\/v2\/product\/12226","targetHints":{"allow":["GET"]}}],"collection":[{"href":"https:\/\/gltestm.webology.pl\/pl\/wp-json\/wp\/v2\/product"}],"about":[{"href":"https:\/\/gltestm.webology.pl\/pl\/wp-json\/wp\/v2\/types\/product"}],"replies":[{"embeddable":true,"href":"https:\/\/gltestm.webology.pl\/pl\/wp-json\/wp\/v2\/comments?post=12226"}],"version-history":[{"count":0,"href":"https:\/\/gltestm.webology.pl\/pl\/wp-json\/wp\/v2\/product\/12226\/revisions"}],"wp:featuredmedia":[{"embeddable":true,"href":"https:\/\/gltestm.webology.pl\/pl\/wp-json\/wp\/v2\/media\/15848"}],"wp:attachment":[{"href":"https:\/\/gltestm.webology.pl\/pl\/wp-json\/wp\/v2\/media?parent=12226"}],"wp:term":[{"taxonomy":"product_brand","embeddable":true,"href":"https:\/\/gltestm.webology.pl\/pl\/wp-json\/wp\/v2\/product_brand?post=12226"},{"taxonomy":"product_cat","embeddable":true,"href":"https:\/\/gltestm.webology.pl\/pl\/wp-json\/wp\/v2\/product_cat?post=12226"},{"taxonomy":"product_tag","embeddable":true,"href":"https:\/\/gltestm.webology.pl\/pl\/wp-json\/wp\/v2\/product_tag?post=12226"}],"curies":[{"name":"wp","href":"https:\/\/api.w.org\/{rel}","templated":true}]}}