{"id":12218,"date":"2026-03-18T22:05:15","date_gmt":"2026-03-18T21:05:15","guid":{"rendered":"https:\/\/gltestm.webology.pl\/produkt\/lucznik-frytkownica-beztluszczowa-af-1500-air-fryer-steam-gotowanie-na-parze\/"},"modified":"2026-03-22T22:11:36","modified_gmt":"2026-03-22T21:11:36","slug":"lucznik-frytkownica-beztluszczowa-af-1500-air-fryer-steam-gotowanie-na-parze","status":"publish","type":"product","link":"https:\/\/gltestm.webology.pl\/pl\/produkt\/lucznik-frytkownica-beztluszczowa-af-1500-air-fryer-steam-gotowanie-na-parze\/","title":{"rendered":"\u0141ucznik frytkownica bezt\u0142uszczowa AF-1500 Air Fryer Steam+ gotowanie na parze"},"content":{"rendered":"<div>\n<div><img fetchpriority=\"high\" decoding=\"async\" src=\"\/hpeciai\/838c6173906215534a63ee1275c4438c\/pol_pl_Lucznik-frytkownica-beztluszczowa-AF-1500-Air-Fryer-Steam-gotowanie-na-parze-2028_11.jpg\" alt=\"\u0141ucznik frytkownica bezt\u0142uszczowa AF-1500 Air Fryer Steam+ gotowanie na parze pol_pl_Lucznik-frytkownica-beztluszczowa-AF-1500-Air-Fryer-Steam-gotowanie-na-parze-2028_11\" width=\"1472\" height=\"704\"><\/div>\n<div>\n<h2><strong>\u0141ucznik AF-1500 Air Fryer Steam+: Twoje kulinarne rewolucje zaczynaj\u0105 si\u0119 tutaj!<\/strong><\/h2>\n<p>Zastanawiasz si\u0119, jak po\u0142\u0105czy\u0107 zdrowe jedzenie z wyj\u0105tkowym smakiem, jednocze\u015bnie oszcz\u0119dzaj\u0105c czas i miejsce w kuchni? \u0141ucznik AF-1500 Air Fryer Steam+ to odpowied\u017a na wyzwania, z kt\u00f3rymi mierzy si\u0119 ka\u017cdy domowy kucharz. Dzi\u0119ki innowacyjnym rozwi\u0105zaniom, codzienne gotowanie stanie si\u0119 prostsze, szybsze i przyjemniejsze ni\u017c kiedykolwiek wcze\u015bniej.<\/p>\n<h2><strong>Zdrowe gotowanie? To \u0142atwiejsze, ni\u017c my\u015blisz!<\/strong><\/h2>\n<p>Masz do\u015b\u0107 t\u0142ustych potraw, ale boisz si\u0119, \u017ce zdrowsze alternatywy b\u0119d\u0105 md\u0142e i pozbawione smaku? Dzi\u0119ki technologii <strong>Rapid Air<\/strong>, kt\u00f3ra r\u00f3wnomiernie rozprowadza ciep\u0142o, mo\u017cesz przygotowa\u0107 chrupi\u0105ce frytki, soczystego kurczaka czy aromatyczne warzywa, u\u017cywaj\u0105c minimalnej ilo\u015bci t\u0142uszczu. A co, je\u015bli zale\u017cy Ci na jeszcze zdrowszym stylu \u017cycia?<\/p>\n<p><strong>Funkcja gotowania na parze<\/strong> zachowuje w potrawach pe\u0142ni\u0119 witamin, minera\u0142\u00f3w i naturalny smak \u2013 idealne rozwi\u0105zanie dla os\u00f3b dbaj\u0105cych o zdrowie i lekk\u0105 kuchni\u0119.<\/p>\n<h2>Najwa\u017cniejsze cechy i funkcje AF-1500 Air Fryer Steam+<\/h2>\n<ul>\n<li><strong>A\u017c 15 program\u00f3w<\/strong>, w tym<strong> sma\u017cenie<\/strong>, <strong>grillowanie<\/strong>, <strong>pieczenie<\/strong>, <strong>podgrzewanie<\/strong> i <strong>gotowanie na parze<\/strong> &#8211; wszystko to dost\u0119pne w jednym urz\u0105dzeniu<\/li>\n<li>Technologia <strong>Rapid Air<\/strong><\/li>\n<li>Moc <strong>1500 W<\/strong><\/li>\n<li>Pojemno\u015b\u0107: <strong>6,5 l<\/strong><\/li>\n<li><strong>Dotykowy panel sterowania LED<\/strong> z wbudowanymi programami oraz mo\u017cliwo\u015bci\u0105 w\u0142asnych ustawie\u0144<\/li>\n<li>Dodatkowa <strong>funkcja gotowania na parze<\/strong> \u2013 urz\u0105dzenie wyposa\u017cone jest w zbiornik na wod\u0119, dzi\u0119ki czemu mo\u017cna przygotowywa\u0107 potrawy na parze<\/li>\n<li>Mo\u017cliwo\u015b\u0107 samodzielnego <strong>ustawienia czasu<\/strong> i <strong>temperatury<\/strong><\/li>\n<li><strong>Okienko<\/strong>, przez kt\u00f3re mo\u017cna <strong>obserwowa\u0107 przygotowywanie potrawy<\/strong> \u2013 nie trzeba otwiera\u0107 urz\u0105dzenia<\/li>\n<li><strong>Wbudowane o\u015bwietlenie<\/strong> w\u0142\u0105czane przyciskiem<\/li>\n<li>Urz\u0105dzenie wyposa\u017cone jest w <strong>tac\u0119<\/strong> \u2013 pozwala to na maksymalne wykorzystanie pojemno\u015bci frytkownicy<\/li>\n<li>Zakres temperatury pracy: <strong>80-200\u2103<\/strong><\/li>\n<li>Timer: <strong>0-60min<\/strong><\/li>\n<li>Element grzejny ze <strong>stali nierdzewnej<\/strong><\/li>\n<li><strong>Nienagrzewaj\u0105ca si\u0119 r\u0105czka<\/strong> i<strong> zabezpieczenie przed przegrzaniem<\/strong> urz\u0105dzenia<\/li>\n<li>Gwarancja 24 miesi\u0105ce<\/li>\n<li>Instrukcja w j\u0119zyku polskim, angielskim i ukrai\u0144skim<\/li>\n<\/ul>\n<\/div>\n<div><img decoding=\"async\" src=\"\/hpeciai\/ec444d668b1a2dfc59737ffd217d1357\/pol_pl_Lucznik-frytkownica-beztluszczowa-AF-1500-Air-Fryer-Steam-gotowanie-na-parze-2028_8.jpg\" alt=\"\u0141ucznik frytkownica bezt\u0142uszczowa AF-1500 Air Fryer Steam+ gotowanie na parze pol_pl_Lucznik-frytkownica-beztluszczowa-AF-1500-Air-Fryer-Steam-gotowanie-na-parze-2028_8\" width=\"1500\" height=\"136\"><\/div>\n<div>\n<h2><strong>Jeden sprz\u0119t, tysi\u0105c mo\u017cliwo\u015bci<\/strong><\/h2>\n<p>Czy Tw\u00f3j blat kuchenny p\u0119ka w szwach od sprz\u0119t\u00f3w, kt\u00f3re u\u017cywasz sporadycznie? Frytkownica \u0141ucznik AF-1500 Air Fryer Steam+ rozwi\u0105zuje ten problem, \u0142\u0105cz\u0105c w sobie funkcje <strong>sma\u017cenia<\/strong>, <strong>grillowania<\/strong>, <strong>pieczenia<\/strong>, <strong>podgrzewania<\/strong> i <strong>gotowania na parze<\/strong>.<\/p>\n<p>Od soczystych stek\u00f3w, przez puszyste muffiny, po delikatne ryby gotowane na parze \u2013 to urz\u0105dzenie sprosta ka\u017cdemu kulinarnemu wyzwaniu.<\/p>\n<p>Dzi\u0119ki mocy <strong>1500 W<\/strong> i pojemno\u015bci <strong>6,5 litra<\/strong> mo\u017cesz przygotowa\u0107 zar\u00f3wno szybkie przek\u0105ski, jak i posi\u0142ki na rodzinne spotkania.<\/p>\n<p>Co wi\u0119cej, <strong>funkcja gotowania na parze <\/strong>mo\u017ce wsp\u00f3\u0142pracowa\u0107 z <strong>innymi programami<\/strong>, co oznacza, \u017ce w tym samym czasie mo\u017cesz piec mi\u0119so i gotowa\u0107 na parze warzywa. Zdrowo i efektywnie!<\/p>\n<h2><strong>15 Program\u00f3w Gotowania \u2013 Wszechstronno\u015b\u0107 w Twojej Kuchni<\/strong><\/h2>\n<p>\u0141ucznik <strong>AF-1500 Air Fryer Steam+<\/strong> oferuje a\u017c <strong>15 funkcji gotowania<\/strong>, w tym <strong>10 predefiniowanych program\u00f3w<\/strong>, z czego <strong>5<\/strong> umo\u017cliwia dodatkowo <strong>gotowanie na parze<\/strong>. Dzi\u0119ki temu mo\u017cesz nie tylko <strong>sma\u017cy\u0107<\/strong>, <strong>piec<\/strong> czy <strong>grillowa\u0107<\/strong>, ale tak\u017ce przygotowywa\u0107 <strong>zdrowe<\/strong>, <strong>pe\u0142ne witamin potrawy<\/strong> na parze. Programy takie jak <strong>ryba<\/strong>, <strong>krewetki<\/strong>, <strong>stek<\/strong>, <strong>pa\u0142ki<\/strong> z <strong>kurczaka<\/strong> i <strong>skrzyde\u0142ka<\/strong> z <strong>kurczaka<\/strong> wsp\u00f3\u0142pracuj\u0105 z funkcj\u0105 pary, co zapewnia soczysto\u015b\u0107 i wyj\u0105tkowy smak przygotowywanych potraw. To idealne rozwi\u0105zanie dla os\u00f3b, kt\u00f3re ceni\u0105 r\u00f3\u017cnorodno\u015b\u0107 i zdrowe gotowanie w jednej kompaktowej formie.<\/p>\n<p><strong>Programy gotowania w \u0141ucznik AF-1500 Air Fryer Steam+:<\/strong><\/p>\n<ol>\n<li><strong>Mro\u017cone frytki<\/strong> \u2013 23 min, 200\u00b0C (wymaga przemieszania)<\/li>\n<li><strong>Ciasto<\/strong> \u2013 14 min, 170\u00b0C<\/li>\n<li><strong>S\u0142odkie ziemniaki<\/strong> \u2013 30 min, 200\u00b0C<\/li>\n<li><strong>Pizza<\/strong> \u2013 20 min, 200\u00b0C<\/li>\n<li><strong>Ryba<\/strong> \u2013 18 min, 200\u00b0C (z opcj\u0105 gotowania na parze)<\/li>\n<li><strong>Krewetki<\/strong> \u2013 18 min, 170\u00b0C (z opcj\u0105 gotowania na parze)<\/li>\n<li><strong>Stek<\/strong> \u2013 18 min, 180\u00b0C (z opcj\u0105 gotowania na parze)<\/li>\n<li><strong>Pa\u0142ki z kurczaka<\/strong> \u2013 23 min, 200\u00b0C (z opcj\u0105 gotowania na parze)<\/li>\n<li><strong>Skrzyde\u0142ka z kurczaka<\/strong> \u2013 18 min, 180\u00b0C (z opcj\u0105 gotowania na parze)<\/li>\n<li><strong>Orzeszki ziemne<\/strong> \u2013 9 min, 180\u00b0C<\/li>\n<\/ol>\n<p><strong>5 program\u00f3w z funkcj\u0105 gotowania na parze:<\/strong><\/p>\n<ul>\n<li>Ryba<\/li>\n<li>Krewetki<\/li>\n<li>Stek<\/li>\n<li>Pa\u0142ki z kurczaka<\/li>\n<li>Skrzyde\u0142ka z kurczaka<\/li>\n<\/ul>\n<p>\u0141\u0105cznie urz\u0105dzenie oferuje 15 funkcji gotowania dzi\u0119ki mo\u017cliwo\u015bci \u0142\u0105czenia predefiniowanych program\u00f3w z opcj\u0105 pary. Idealne do przygotowania zar\u00f3wno chrupi\u0105cych, jak i soczystych potraw.<\/p>\n<\/div>\n<div>\n<div><img decoding=\"async\" src=\"\/hpeciai\/4e08037167bc56485c736d99c005bdb0\/pol_pl_Lucznik-frytkownica-beztluszczowa-AF-1500-Air-Fryer-Steam-gotowanie-na-parze-2028_5.jpg\" alt=\"\u0141ucznik frytkownica bezt\u0142uszczowa AF-1500 Air Fryer Steam+ gotowanie na parze pol_pl_Lucznik-frytkownica-beztluszczowa-AF-1500-Air-Fryer-Steam-gotowanie-na-parze-2028_5\" width=\"1500\" height=\"1500\"><\/div>\n<div><img loading=\"lazy\" decoding=\"async\" src=\"\/hpeciai\/75deee73bb5d39c7f69f1e9e447cef91\/pol_pl_Lucznik-frytkownica-beztluszczowa-AF-1500-Air-Fryer-Steam-gotowanie-na-parze-2028_2.jpg\" alt=\"\u0141ucznik frytkownica bezt\u0142uszczowa AF-1500 Air Fryer Steam+ gotowanie na parze pol_pl_Lucznik-frytkownica-beztluszczowa-AF-1500-Air-Fryer-Steam-gotowanie-na-parze-2028_2\" width=\"1500\" height=\"1500\"><\/div>\n<\/div>\n<div>\n<p><!--StartFragment--><\/p>\n<h2><strong>Predefiniowane programy: Twoje wsparcie w kuchni<\/strong><\/h2>\n<p>Zastanawiasz si\u0119, jak ustawi\u0107 czas i temperatur\u0119 dla ulubionych da\u0144? Dzi\u0119ki <strong>predefiniowanym programom<\/strong> w \u0141ucznik AF-1500 Air Fryer Steam+ to urz\u0105dzenie zrobi to za Ciebie! Wystarczy jedno dotkni\u0119cie, aby przygotowa\u0107 idealne frytki, soczystego kurczaka czy chrupi\u0105c\u0105 pizz\u0119.<\/p>\n<ul>\n<li><strong>Frytki mro\u017cone<\/strong>: 200\u00b0C przez 23 minuty \u2013 perfekcyjnie chrupi\u0105ce po przemieszaniu w po\u0142owie gotowania.<\/li>\n<li><strong>Ryby<\/strong>: 200\u00b0C przez 18 minut \u2013 delikatne i soczyste.<\/li>\n<li><strong>Pizza<\/strong>: 200\u00b0C przez 20 minut \u2013 jak z pieca, ale bez czekania.<\/li>\n<li><strong>S\u0142odkie ziemniaki<\/strong>: 200\u00b0C przez 30 minut \u2013 zdrowa i smaczna alternatywa dla tradycyjnych frytek.<\/li>\n<\/ul>\n<p>Gotowanie nigdy nie by\u0142o prostsze \u2013 wybierz program i ciesz si\u0119 rezultatami jak z restauracji!<\/p>\n<h2>Tryb gotowania na parze<\/h2>\n<p>Tryb <strong>gotowania na parze<\/strong> wsp\u00f3\u0142pracuje z a\u017c 5 predefiniowanymi programami, daj\u0105c \u0142\u0105czne a\u017c <strong>15 program\u00f3w<\/strong>. <\/p>\n<h2><strong>Czas to Tw\u00f3j sprzymierzeniec<\/strong><\/h2>\n<p>Codzienne gotowanie bywa czasoch\u0142onne, a ka\u017cda minuta ma znaczenie w zabieganym dniu. Z \u0141ucznik AF-1500 Air Fryer Steam+ <strong>zaoszcz\u0119dzisz cenny czas<\/strong> \u2013 wystarczy kilka klikni\u0119\u0107 na intuicyjnym <strong>dotykowym panelu LED<\/strong>, aby wybra\u0107 jeden z wbudowanych program\u00f3w lub dostosowa\u0107 ustawienia do w\u0142asnych potrzeb.<\/p>\n<p><strong>Timer<\/strong> i <strong>szeroki zakres temperatury<\/strong> (od <strong>80<\/strong> do <strong>200\u2103<\/strong>) umo\u017cliwiaj\u0105 precyzyjne przygotowanie ka\u017cdej potrawy. Co wi\u0119cej, okienko podgl\u0105du oraz wbudowane o\u015bwietlenie pozwalaj\u0105 na bie\u017c\u0105co kontrolowa\u0107 proces gotowania bez utraty ciep\u0142a i smaku.<\/p>\n<h2><strong>\u0141atwo\u015b\u0107 obs\u0142ugi i bezpiecze\u0144stwo: gotowanie bez stresu<\/strong><\/h2>\n<p>Nie jeste\u015b pewien, jak prawid\u0142owo ustawi\u0107 urz\u0105dzenie? Dotykowy panel LED i intuicyjne programy u\u0142atwi\u0105 Ci \u017cycie. Ustaw czas, temperatur\u0119 lub wybierz gotowy program \u2013 wszystko w kilka sekund. Co wi\u0119cej:<\/p>\n<ul>\n<li><strong>Okienko podgl\u0105du<\/strong> i <strong>wbudowane o\u015bwietlenie<\/strong> pozwalaj\u0105 \u015bledzi\u0107 proces gotowania bez konieczno\u015bci otwierania urz\u0105dzenia.<\/li>\n<li><strong>Nienagrzewaj\u0105ca si\u0119 r\u0105czka<\/strong> i zabezpieczenie przed przegrzaniem dbaj\u0105 o Twoje bezpiecze\u0144stwo.<\/li>\n<\/ul>\n<p>Czysto\u015b\u0107 po gotowaniu? To r\u00f3wnie\u017c \u017caden problem. Wyjmowane elementy s\u0105 \u0142atwe do umycia i gotowe do ponownego u\u017cycia w kilka chwil.<\/p>\n<h2><strong>Problemy, kt\u00f3re staj\u0105 si\u0119 przesz\u0142o\u015bci<\/strong><\/h2>\n<ul>\n<li><strong>Brak miejsca w kuchni?<\/strong> \u0141ucznik AF-1500 Air Fryer Steam+ zast\u0105pi wiele urz\u0105dze\u0144, oszcz\u0119dzaj\u0105c miejsce na blacie.<\/li>\n<li><strong>Chcesz ograniczy\u0107 t\u0142uszcz?<\/strong> Rapid Air i gotowanie na parze pomog\u0105 Ci przygotowa\u0107 zdrowsze posi\u0142ki bez kompromis\u00f3w w smaku.<\/li>\n<li><strong>Nie wiesz, jak zaoszcz\u0119dzi\u0107 czas w kuchni?<\/strong> Dzi\u0119ki intuicyjnym programom, gotowanie stanie si\u0119 szybkie i bezproblemowe.<\/li>\n<li><strong>Masz du\u017c\u0105 rodzin\u0119 lub cz\u0119sto przyjmujesz go\u015bci?<\/strong> Pojemno\u015b\u0107 6,5 litra pozwala na przygotowanie posi\u0142k\u00f3w dla wielu os\u00f3b jednocze\u015bnie.<\/li>\n<\/ul>\n<h2><strong>Nowoczesny design i niezawodno\u015b\u0107<\/strong><\/h2>\n<p>Urz\u0105dzenie przyci\u0105ga uwag\u0119 swoim <strong>eleganckim<\/strong>, <strong>nowoczesnym<\/strong> wygl\u0105dem, kt\u00f3ry doskonale wpasuje si\u0119 w ka\u017cd\u0105 kuchni\u0119. Wykonane z <strong>trwa\u0142ych materia\u0142\u00f3w<\/strong>, z elementami grzejnymi ze stali nierdzewnej, \u0141ucznik AF-1500 Air Fryer Steam+ jest gotowy s\u0142u\u017cy\u0107 Ci przez lata.<\/p>\n<h2><strong>Twoje kulinarne rewolucje zaczynaj\u0105 si\u0119 teraz!<\/strong><\/h2>\n<p>Je\u015bli szukasz sprz\u0119tu, kt\u00f3ry pozwoli Ci cieszy\u0107 si\u0119 smakiem ulubionych potraw w <strong>zdrowszej wersji<\/strong>, jednocze\u015bnie <strong>oszcz\u0119dzaj\u0105c czas<\/strong> i <strong>miejsce<\/strong>, \u0141ucznik AF-1500 Air Fryer Steam+ to idealny wyb\u00f3r. Wprowad\u017a nowoczesne technologie do swojej kuchni i odkryj, jak \u0142atwe i przyjemne mo\u017ce by\u0107 gotowanie!<\/p>\n<p><!--EndFragment--> <\/p>\n<\/div>\n<div><img loading=\"lazy\" decoding=\"async\" src=\"\/hpeciai\/4eb3d7f2531226141e6eb4afcdb64226\/pol_pl_Lucznik-frytkownica-beztluszczowa-AF-1500-Air-Fryer-Steam-gotowanie-na-parze-2028_10.jpg\" alt=\"\u0141ucznik frytkownica bezt\u0142uszczowa AF-1500 Air Fryer Steam+ gotowanie na parze pol_pl_Lucznik-frytkownica-beztluszczowa-AF-1500-Air-Fryer-Steam-gotowanie-na-parze-2028_10\" width=\"1472\" height=\"704\"><\/div>\n<\/div>\n","protected":false},"excerpt":{"rendered":"<p>Frytkownica bezt\u0142uszczowa AF-1500 Air Fryer Steam +. Moc 1500 W. Pojemno\u015b\u0107: 6,5 l. Technologia Rapid Air. Sma\u017cenie, grillowanie, pieczenie, podgrzewanie i gotowanie na parze. Dotykowy panel sterowania. Nienagrzewaj\u0105ca si\u0119 r\u0105czka. Okienko inspekcyjne.<\/p>\n","protected":false},"featured_media":13217,"comment_status":"open","ping_status":"closed","template":"","meta":[],"product_brand":[],"product_cat":[583],"product_tag":[],"class_list":{"0":"post-12218","1":"product","2":"type-product","3":"status-publish","4":"has-post-thumbnail","6":"product_cat-tostery-i-opiekacze","8":"first","9":"instock","10":"taxable","11":"shipping-taxable","12":"purchasable","13":"product-type-simple"},"_links":{"self":[{"href":"https:\/\/gltestm.webology.pl\/pl\/wp-json\/wp\/v2\/product\/12218","targetHints":{"allow":["GET"]}}],"collection":[{"href":"https:\/\/gltestm.webology.pl\/pl\/wp-json\/wp\/v2\/product"}],"about":[{"href":"https:\/\/gltestm.webology.pl\/pl\/wp-json\/wp\/v2\/types\/product"}],"replies":[{"embeddable":true,"href":"https:\/\/gltestm.webology.pl\/pl\/wp-json\/wp\/v2\/comments?post=12218"}],"version-history":[{"count":0,"href":"https:\/\/gltestm.webology.pl\/pl\/wp-json\/wp\/v2\/product\/12218\/revisions"}],"wp:featuredmedia":[{"embeddable":true,"href":"https:\/\/gltestm.webology.pl\/pl\/wp-json\/wp\/v2\/media\/13217"}],"wp:attachment":[{"href":"https:\/\/gltestm.webology.pl\/pl\/wp-json\/wp\/v2\/media?parent=12218"}],"wp:term":[{"taxonomy":"product_brand","embeddable":true,"href":"https:\/\/gltestm.webology.pl\/pl\/wp-json\/wp\/v2\/product_brand?post=12218"},{"taxonomy":"product_cat","embeddable":true,"href":"https:\/\/gltestm.webology.pl\/pl\/wp-json\/wp\/v2\/product_cat?post=12218"},{"taxonomy":"product_tag","embeddable":true,"href":"https:\/\/gltestm.webology.pl\/pl\/wp-json\/wp\/v2\/product_tag?post=12218"}],"curies":[{"name":"wp","href":"https:\/\/api.w.org\/{rel}","templated":true}]}}