{"id":12214,"date":"2026-03-18T22:05:14","date_gmt":"2026-03-18T21:05:14","guid":{"rendered":"https:\/\/gltestm.webology.pl\/produkt\/elektroniczna-waga-lazienkowa-lucznik-bs-973-w14-plumeria-outlet\/"},"modified":"2026-03-22T22:11:36","modified_gmt":"2026-03-22T21:11:36","slug":"elektroniczna-waga-lazienkowa-lucznik-bs-973-w14-plumeria-outlet","status":"publish","type":"product","link":"https:\/\/gltestm.webology.pl\/pl\/produkt\/elektroniczna-waga-lazienkowa-lucznik-bs-973-w14-plumeria-outlet\/","title":{"rendered":"Elektroniczna waga \u0142azienkowa \u0141ucznik BS-973 W14 &#8211; plumeria  OUTLET"},"content":{"rendered":"<h2>Outlet<\/h2>\n<ul>\n<li>uszkodzone opakowanie<\/li>\n<\/ul>\n<h2>Elektroniczna waga \u0142azienkowa BS-973<\/h2>\n<p>Elektroniczna waga \u0142azienkowa o zakresie pomiarowym od <strong>0,1<\/strong> do <strong>150 kg<\/strong> (lub<strong> 330 lb<\/strong> b\u0105d\u017a <strong>23,6 st.<\/strong>) i dok\u0142adno\u015bci pomiaru na poziomie <strong>100 gram<\/strong>.<\/p>\n<h2>Automatyczne w\u0142\u0105czanie i samokalibracja<\/h2>\n<p>Elektroniczna waga osobowa BS-973 zosta\u0142a zaopatrzona w <strong>wyra\u017any wy\u015bwietlacz LCD<\/strong>, potrafi dokona\u0107 <strong>samokalibracji<\/strong>, a ponadto jest zasilana wy\u0142\u0105cznie <strong>pojedyncz\u0105 bateri\u0105 litow\u0105 CR2032<\/strong> i zaopatrzona we wska\u017aniki <strong>przeci\u0105\u017cenia<\/strong>, stanu <strong>baterii<\/strong> i alarmu <strong>b\u0142\u0119du pomiarowego<\/strong>. Waga <strong>w\u0142\u0105cza si\u0119 automatycznie<\/strong> pod wp\u0142ywem nacisku i <strong>wy\u0142\u0105cza samoczynnie<\/strong> po kilku sekundach od ustania nacisku.<\/p>\n<h2>Najwa\u017cniejsze cechy<\/h2>\n<ul>\n<li>Maksymalna waga: <strong>150 kg<\/strong> (330 lb, 23,6 st.)<\/li>\n<li>Powierzchnia: <strong>szk\u0142o hartowane<\/strong><\/li>\n<li>Automatyczne w\u0142\u0105czanie i wy\u0142\u0105czanie<\/li>\n<li><strong>Samokalibruj\u0105ca<\/strong><\/li>\n<li>Pomiar: kg, lb, st.<\/li>\n<li>Odczyt pomiaru: wy\u015bwietlacz<\/li>\n<li>Typ wagi: elektroniczna<\/li>\n<li>Zasilanie: bateria CR2032 (w zestawie)<\/li>\n<li>Wymiary: 30 x 30 cm<\/li>\n<\/ul>\n<h2>Hartowane szk\u0142o z estetyczn\u0105 fotofoli\u0105<\/h2>\n<p>Wykonana z wytrzyma\u0142ego <strong>szk\u0142a hartowanego<\/strong> pokrytego gustown\u0105 i estetyczn\u0105 fotofoli\u0105, kt\u00f3ra uprzyjemni proces wa\u017cenia.<\/p>\n","protected":false},"excerpt":{"rendered":"<p>Waga osobowa o maksymalnym nacisku 150 kg, ze szklan\u0105 platform\u0105 i elektronicznym wy\u015bwietlaczem LCD.<br \/>\nUszkodzone opakowanie<\/p>\n","protected":false},"featured_media":14881,"comment_status":"open","ping_status":"closed","template":"","meta":[],"product_brand":[],"product_cat":[878],"product_tag":[],"class_list":{"0":"post-12214","1":"product","2":"type-product","3":"status-publish","4":"has-post-thumbnail","6":"product_cat-wagi-lazienkowe","8":"first","9":"instock","10":"taxable","11":"shipping-taxable","12":"purchasable","13":"product-type-simple"},"_links":{"self":[{"href":"https:\/\/gltestm.webology.pl\/pl\/wp-json\/wp\/v2\/product\/12214","targetHints":{"allow":["GET"]}}],"collection":[{"href":"https:\/\/gltestm.webology.pl\/pl\/wp-json\/wp\/v2\/product"}],"about":[{"href":"https:\/\/gltestm.webology.pl\/pl\/wp-json\/wp\/v2\/types\/product"}],"replies":[{"embeddable":true,"href":"https:\/\/gltestm.webology.pl\/pl\/wp-json\/wp\/v2\/comments?post=12214"}],"version-history":[{"count":0,"href":"https:\/\/gltestm.webology.pl\/pl\/wp-json\/wp\/v2\/product\/12214\/revisions"}],"wp:featuredmedia":[{"embeddable":true,"href":"https:\/\/gltestm.webology.pl\/pl\/wp-json\/wp\/v2\/media\/14881"}],"wp:attachment":[{"href":"https:\/\/gltestm.webology.pl\/pl\/wp-json\/wp\/v2\/media?parent=12214"}],"wp:term":[{"taxonomy":"product_brand","embeddable":true,"href":"https:\/\/gltestm.webology.pl\/pl\/wp-json\/wp\/v2\/product_brand?post=12214"},{"taxonomy":"product_cat","embeddable":true,"href":"https:\/\/gltestm.webology.pl\/pl\/wp-json\/wp\/v2\/product_cat?post=12214"},{"taxonomy":"product_tag","embeddable":true,"href":"https:\/\/gltestm.webology.pl\/pl\/wp-json\/wp\/v2\/product_tag?post=12214"}],"curies":[{"name":"wp","href":"https:\/\/api.w.org\/{rel}","templated":true}]}}