{"id":12212,"date":"2026-03-18T22:05:13","date_gmt":"2026-03-18T21:05:13","guid":{"rendered":"https:\/\/gltestm.webology.pl\/produkt\/elektroniczna-waga-kuchenna-lucznik-pt-852-ex-przyprawy-outlet\/"},"modified":"2026-03-22T22:11:36","modified_gmt":"2026-03-22T21:11:36","slug":"elektroniczna-waga-kuchenna-lucznik-pt-852-ex-przyprawy-outlet","status":"publish","type":"product","link":"https:\/\/gltestm.webology.pl\/pl\/produkt\/elektroniczna-waga-kuchenna-lucznik-pt-852-ex-przyprawy-outlet\/","title":{"rendered":"Elektroniczna waga kuchenna \u0141ucznik PT-852 EX przyprawy OUTLET"},"content":{"rendered":"<h2>Elektroniczna<\/h2>\n<ul>\n<li>uszkodzone opakowanie<\/li>\n<\/ul>\n<h2>Elektroniczna waga kuchenna PT-852 EX<\/h2>\n<p>Elektroniczna waga kuchenna PT-852 EX jest niezwykle pomocna przy przygotowywaniu da\u0144 wymagaj\u0105cych okre\u015blonych porcji produkt\u00f3w. Idealna do wa\u017cenia przypraw i sk\u0142adnik\u00f3w potraw. Posiada dotykowy panel sterowania. Szklana platforma wyposa\u017cona jest w wysokiej jako\u015bci czujniki z wy\u015bwietlaczem LCD.<\/p>\n<h2>Najwa\u017cniejsze cechy<\/h2>\n<ul>\n<li>Funkcje: w\u0142\u0105czenie\/ wy\u0142\u0105czenie, automatyczne wy\u0142\u0105czanie, tarowanie, zmiana jednostek (unit), wska\u017anik wyczerpania baterii<\/li>\n<li>Wymiary: 20 x 18 cm<\/li>\n<li>Zakres pomiaru: 2-5000 g<\/li>\n<li>Dok\u0142adno\u015b\u0107 pomiaru: 1 g<\/li>\n<li>Pod\u015bwietlenie LED<\/li>\n<li>Jednostki pomiaru: g, oz, lb, ml, cup<\/li>\n<li>Platforma z hartowanego szk\u0142a<\/li>\n<li>Zasilanie 2 x baterie AAA (w zestawie)<\/li>\n<\/ul>\n","protected":false},"excerpt":{"rendered":"<p>Waga kuchenna z dotykowym panelem. Platforma z hartowanego szk\u0142a. Idealna do wa\u017cenia przypraw i sk\u0142adnik\u00f3w potraw. Zakres pomiary 2-5000 g z dok\u0142adno\u015bci\u0105 do pomiaru 1 g.<\/p>\n","protected":false},"featured_media":15346,"comment_status":"open","ping_status":"closed","template":"","meta":[],"product_brand":[],"product_cat":[803],"product_tag":[],"class_list":{"0":"post-12212","1":"product","2":"type-product","3":"status-publish","4":"has-post-thumbnail","6":"product_cat-wagi-kuchenne","8":"first","9":"outofstock","10":"taxable","11":"shipping-taxable","12":"purchasable","13":"product-type-simple"},"_links":{"self":[{"href":"https:\/\/gltestm.webology.pl\/pl\/wp-json\/wp\/v2\/product\/12212","targetHints":{"allow":["GET"]}}],"collection":[{"href":"https:\/\/gltestm.webology.pl\/pl\/wp-json\/wp\/v2\/product"}],"about":[{"href":"https:\/\/gltestm.webology.pl\/pl\/wp-json\/wp\/v2\/types\/product"}],"replies":[{"embeddable":true,"href":"https:\/\/gltestm.webology.pl\/pl\/wp-json\/wp\/v2\/comments?post=12212"}],"version-history":[{"count":0,"href":"https:\/\/gltestm.webology.pl\/pl\/wp-json\/wp\/v2\/product\/12212\/revisions"}],"wp:featuredmedia":[{"embeddable":true,"href":"https:\/\/gltestm.webology.pl\/pl\/wp-json\/wp\/v2\/media\/15346"}],"wp:attachment":[{"href":"https:\/\/gltestm.webology.pl\/pl\/wp-json\/wp\/v2\/media?parent=12212"}],"wp:term":[{"taxonomy":"product_brand","embeddable":true,"href":"https:\/\/gltestm.webology.pl\/pl\/wp-json\/wp\/v2\/product_brand?post=12212"},{"taxonomy":"product_cat","embeddable":true,"href":"https:\/\/gltestm.webology.pl\/pl\/wp-json\/wp\/v2\/product_cat?post=12212"},{"taxonomy":"product_tag","embeddable":true,"href":"https:\/\/gltestm.webology.pl\/pl\/wp-json\/wp\/v2\/product_tag?post=12212"}],"curies":[{"name":"wp","href":"https:\/\/api.w.org\/{rel}","templated":true}]}}