{"id":12207,"date":"2026-03-18T22:05:11","date_gmt":"2026-03-18T21:05:11","guid":{"rendered":"https:\/\/gltestm.webology.pl\/produkt\/zelazko-parowe-lucznik-si-920-2200-w-outlet\/"},"modified":"2026-03-22T22:11:35","modified_gmt":"2026-03-22T21:11:35","slug":"zelazko-parowe-lucznik-si-920-2200-w-outlet","status":"publish","type":"product","link":"https:\/\/gltestm.webology.pl\/pl\/produkt\/zelazko-parowe-lucznik-si-920-2200-w-outlet\/","title":{"rendered":"\u017belazko parowe \u0141ucznik SI-920 2200 W OUTLET"},"content":{"rendered":"<h2>Outlet<\/h2>\n<ul>\n<li>uszkodzone opakowanie<\/li>\n<\/ul>\n<p>\u017belazko parowe \u0141ucznik SI-920 to niezawodny towarzysz w codziennym prasowaniu, \u0142\u0105cz\u0105cy <strong>moc 2200 W<\/strong> z przemy\u015blanymi rozwi\u0105zaniami. Z <strong>wyrzutem pary 160 g\/min<\/strong> oraz <strong>sta\u0142\u0105 emisj\u0105 pary 35 g\/min<\/strong>, poradzi sobie z <strong>ka\u017cdym niepokornej rodzajem tkaniny<\/strong>.<\/p>\n<p>Technologia <strong>nano-ceramiczna w stopie<\/strong> gwarantuje <strong>delikatno\u015b\u0107<\/strong> i <strong>skuteczno\u015b\u0107 prasowania<\/strong>, a systemy <strong>Anti-Drip<\/strong> i <strong>Anti-Calc<\/strong> eliminuj\u0105 kapanie i osadzanie si\u0119 kamienia. Funkcje, takie jak pionowy wyrzut pary, automatyczne czyszczenie i spryskiwacz, sprawiaj\u0105, \u017ce prasowanie staje si\u0119 <strong>\u0142atwe<\/strong> i <strong>przyjemne<\/strong>. \u017belazko SI-920 oferuje nie tylko efektywne prasowanie, ale tak\u017ce <strong>wygod\u0119<\/strong> i <strong>trwa\u0142o\u015b\u0107<\/strong>.<\/p>\n<p><img fetchpriority=\"high\" decoding=\"async\" src=\"\/data\/include\/cms\/.product\/3\/2\/1823\/12.jpg\" alt=\"\u017celazko parowe SI-2021\" width=\"768\" height=\"480\" \/><\/p>\n<h2>Najwa\u017cniejsze cechy \u017celazka SI-920<\/h2>\n<ul>\n<li>Moc: <strong>1800-2200 W<\/strong><\/li>\n<li><strong>Silne uderzenie<\/strong> pary: <strong>160 g\/min<\/strong><\/li>\n<li><strong>Sta\u0142a<\/strong> <strong>emisja<\/strong> pary: <strong>35 g\/min<\/strong><\/li>\n<li><strong>Nano-ceramiczna stopa<\/strong> \u2013 zapewnia jeszcze lepszy po\u015blizg \u017celazka na tkaninie.<\/li>\n<li><strong>System Anti-Drip<\/strong> \u2013 chro\u0144 tkaniny przed poplamieniem. System blokuje kapanie wody z otwor\u00f3w parowych.<\/li>\n<li><strong>System Anti-Calc<\/strong> \u2013 zapomnij o osadzaniu si\u0119 kamienia<\/li>\n<li>Funkcja <strong>automatycznego czyszczenia<\/strong> (Self-Clean)<\/li>\n<li><strong>400 ml<\/strong> pojemno\u015bci zbiornika na wod\u0119 \u2013 prasuj bez zb\u0119dnych przerw na dolewanie wody<\/li>\n<li>Spryskiwacz<\/li>\n<li>Wytrzyma\u0142y przew\u00f3d zasilaj\u0105cy o <strong>d\u0142ugo\u015bci 2 m<\/strong><\/li>\n<li>Przyjazna u\u017cytkownikowi <strong>instrukcja<\/strong> obs\u0142ugi w j\u0119zyku <strong>polskim<\/strong><\/li>\n<li>24-miesi\u0119czna gwarancja<\/li>\n<\/ul>\n<h2> <img decoding=\"async\" src=\"\/data\/include\/cms\/.product\/3\/2\/1823\/4.jpg\" alt=\"\u017celazko parowe SI-2021\" width=\"768\" height=\"480\" \/><\/h2>\n<h2>Idealna Moc &#8211; 2200 W<\/h2>\n<p>Zainwestuj w efektywno\u015b\u0107! \u017belazko parowe \u0141ucznik SI-920 <strong>moc\u0105 od 1800 do 2200 W<\/strong>, zapewniaj\u0105c\u0105 <strong>szybkie<\/strong> i <strong>skuteczne wyg\u0142adzanie<\/strong> nawet najbardziej <strong>opornych<\/strong> zagniece\u0144. Prasowanie staje si\u0119 <strong>\u0142atwiejsze<\/strong>, a oporne <strong>zagniecenia ust\u0119puj\u0105<\/strong> bez trudu. Dzi\u0119ki sile pary i <strong>specjalnej pow\u0142oce<\/strong> to \u017celazko skutecznie i b\u0142yskawicznie wyg\u0142adzi wszelkie ubrania, zapewniaj\u0105c <strong>doskona\u0142e prowadzenie<\/strong> podczas prasowania.<\/p>\n<p><img decoding=\"async\" src=\"\/data\/include\/cms\/.product\/3\/2\/1823\/2.jpg\" alt=\"\u017celazko parowe SI-2021\" width=\"768\" height=\"480\" \/><\/p>\n<h2>Silne uderzenie pary<\/h2>\n<p>Wyg\u0142adzaj ubrania <strong>sprawnie<\/strong> i <strong>szybko<\/strong>, korzystaj\u0105c z <strong>ci\u0105g\u0142ego wytwarzania pary<\/strong> na poziomie do <strong>35 g\/min<\/strong>. Para <strong>penetruj\u0105ca struktury tkanin<\/strong> delikatnie <strong>rozlu\u017ania<\/strong> w\u0142\u00f3kna, u\u0142atwiaj\u0105c skuteczne usuwanie zagniece\u0144.<\/p>\n<p>Dodatkowo dzi\u0119ki <strong>intensywnemu uderzeniu pary<\/strong> o nat\u0119\u017ceniu <strong>160 g\/min<\/strong>, prasowanie nawet najbardziej opornych zagniece\u0144 staje si\u0119 \u0142atwe. To rozwi\u0105zanie, kt\u00f3re pozwala osi\u0105gn\u0105\u0107 <strong>efektywno\u015b\u0107<\/strong> podczas prasowania, zapewniaj\u0105c jednocze\u015bnie <strong>delikatne traktowanie tkanin<\/strong>.<\/p>\n<p><img loading=\"lazy\" decoding=\"async\" src=\"\/data\/include\/cms\/.product\/3\/2\/1823\/11.jpg\" alt=\"\u017celazko parowe SI-2021\" width=\"768\" height=\"480\" \/><\/p>\n<h2>Nano-ceramiczna stopa. Poczuj r\u00f3\u017cnic\u0119 w prowadzeniu \u017celazka<\/h2>\n<p>Nano-ceramiczna stopa, to klucz do <strong>efektywnego prasowania<\/strong>. Wygodniejsza w obs\u0142udze ni\u017c standardowe \u017celazka, gwarantuje <strong>r\u00f3wnomierne rozprowadzanie pary<\/strong> po ca\u0142ej powierzchni, chroni\u0105c tkaniny przed przypaleniem.<\/p>\n<p>Z 52 otworami umo\u017cliwia <strong>wyrzut pary o nat\u0119\u017ceniu do 160 g\/min<\/strong>, a <strong>szczelina na guziki<\/strong> u\u0142atwia prasowanie trudno dost\u0119pnych miejsc.<\/p>\n<p><img loading=\"lazy\" decoding=\"async\" src=\"\/data\/include\/cms\/.product\/3\/2\/1823\/6.jpg\" alt=\"\u017celazko parowe SI-2021\" width=\"768\" height=\"480\" \/><\/p>\n<h2>System Anti-Drip \u2013 chro\u0144 tkaniny przed poplamieniem<\/h2>\n<p>Zapomnij o <strong>niechcianych \u015bladach wody<\/strong> na ubraniach dzi\u0119ki <strong>blokadzie kapania \u2013 Anti-Drip<\/strong>. System zapobiega <strong>przypadkowemu wyciekowi wody<\/strong> na ubranie podczas prasowania. Blokuje <strong>kapanie wody z otwor\u00f3w parowych<\/strong> w stopie \u017celazka, co eliminuje ryzyko powstawania <strong>nieestetycznych plam na tkaninach<\/strong>.<\/p>\n<p><strong>System Anti-Drip<\/strong> dzia\u0142a poprzez <strong>kontrolowanie<\/strong> i <strong>regulacj\u0119 ilo\u015bci wody<\/strong>, kt\u00f3ra dostaje si\u0119 do systemu pary. Gdy \u017celazko jest w pozycji pionowej lub stoi nieruchomo, system Anti-Drip zabezpiecza przed niekontrolowanym wyciekiem wody, co jest szczeg\u00f3lnie istotne podczas <strong>prasowania delikatnych<\/strong> lub <strong>cienkich tkanin<\/strong>. Dzi\u0119ki temu mo\u017cesz prasowa\u0107 <strong>bez obaw o pozostawianie \u015blad\u00f3w<\/strong> wody na ubraniach.<\/p>\n<p><img loading=\"lazy\" decoding=\"async\" src=\"\/data\/include\/cms\/.product\/3\/2\/1823\/9.jpg\" alt=\"\u017celazko parowe SI-2021\" width=\"768\" height=\"480\" \/><\/p>\n<h2>System Anti-Calc<\/h2>\n<p>System Anti-Calc ma na celu <strong>zapobieganie osadzaniu si\u0119 kamienia wewn\u0105trz urz\u0105dzenia<\/strong>. Kamie\u0144, kt\u00f3ry mo\u017ce si\u0119 gromadzi\u0107 wewn\u0119trznie, pochodzi z <strong>twardej wody<\/strong> i mo\u017ce negatywnie wp\u0142ywa\u0107 na <strong>wydajno\u015b\u0107 Twojego \u017celazka<\/strong> SI-920 oraz <strong>skuteczno\u015b\u0107 wytwarzanej pary<\/strong>.<\/p>\n<p>System Anti-Calc usuwa potrzeb\u0119 <strong>r\u0119cznego usuwania kamienia z \u017celazka<\/strong>, co jest nie tylko uci\u0105\u017cliwe, ale tak\u017ce mo\u017ce <strong>skr\u00f3ci\u0107 \u017cywotno\u015b\u0107 urz\u0105dzenia<\/strong>. Dzia\u0142a to poprzez zastosowanie <strong>specjalnego filtra \u017cywicznego<\/strong> znajduj\u0105cego si\u0119 <strong>wewn\u0105trz zbiornika na wod\u0119<\/strong>.  <strong>Zmi\u0119kcza j\u0105<\/strong> i <strong>zapobiega tworzeniu si\u0119 osadu<\/strong> kamienia wewn\u0105trz \u017celazka. Filtr zosta\u0142 zamontowany <strong>na sta\u0142e<\/strong> i <strong>nie wymaga okresowej wymiany<\/strong>.<\/p>\n<p>Dzi\u0119ki temu rozwi\u0105zaniu, Twoje \u017celazko SI-920 utrzymuje swoj\u0105 wydajno\u015b\u0107 na d\u0142u\u017cej, a u\u017cytkownik nie musi martwi\u0107 si\u0119 o konieczno\u015b\u0107 regularnego czyszczenia urz\u0105dzenia z osadu kamienia. To istotne, zw\u0142aszcza w regionach o twardej wodzie, gdzie osadzanie si\u0119 kamienia jest cz\u0119stym problemem.<\/p>\n<p><strong>Uwaga.<\/strong> Podczas prasowania <strong>zaleca si\u0119 korzystanie jedynie z wody kranowej<\/strong>! U\u017cycie wody <strong>destylowanej<\/strong> lub <strong>demineralizowanej<\/strong> mo\u017ce wp\u0142yn\u0105\u0107 na w\u0142a\u015bciwo\u015bci fizyczne i chemiczne, co prowadzi do <strong>utraty efektywno\u015bci systemu Anti-Calc<\/strong>.<\/p>\n<p><img loading=\"lazy\" decoding=\"async\" src=\"\/data\/include\/cms\/.product\/3\/2\/1823\/5.jpg\" alt=\"\u017celazko parowe SI-2021\" width=\"768\" height=\"480\" \/><\/p>\n<h2>Funkcja automatycznego czyszczenia (Self-Clean)<\/h2>\n<p>Zachowaj swoje \u017celazko parowe SI-920 w <strong>doskona\u0142ej kondycji<\/strong> dzi\u0119ki funkcji <strong>samoczyszczenia \u2013 Self-Clean<\/strong>, kt\u00f3ra pozwala <strong>usun\u0105\u0107 osady<\/strong> z wn\u0119trza urz\u0105dzenia. Proces czyszczenia jest <strong>szybki<\/strong> i <strong>efektywny<\/strong>, zajmuje <strong>niewiele czasu<\/strong>, a korzy\u015bci s\u0105 znacz\u0105ce. Dzi\u0119ki temu utrzymasz wydajno\u015b\u0107 urz\u0105dzenia na wysokim poziomie przez d\u0142ugi czas, nie martwi\u0105c si\u0119 o <strong>ewentualne zabrudzenia ubra\u0144<\/strong> podczas prasowania.<\/p>\n<p>Aby skorzysta\u0107 z funkcji Self-Clean:<\/p>\n<ol>\n<li><strong>Od\u0142\u0105cz rozgrzane<\/strong> \u017celazko od zasilania.<\/li>\n<li>Przytrzymaj je nad zlewem w <strong>pozycji poziomej<\/strong>.<\/li>\n<li>Przesu\u0144 <strong>prze\u0142\u0105cznik pary na maksimum<\/strong>.<\/li>\n<li>Z <strong>otwor\u00f3w w stopie<\/strong> \u017celazka poleci <strong>gor\u0105ca woda<\/strong> i <strong>para<\/strong>, oraz wszelkie wewn\u0105trz <strong>zanieczyszczenia<\/strong>.<\/li>\n<li>Po zako\u0144czeniu czyszczenia <strong>wytrzyj do sucha stop\u0119 \u017celazka<\/strong>.<\/li>\n<\/ol>\n<p>Zalecamy <strong>regularne czyszczenie urz\u0105dzenia<\/strong> (najlepiej po ka\u017cdym u\u017cyciu), aby utrzyma\u0107 doskona\u0142e efekty prasowania i cieszy\u0107 si\u0119 d\u0142ugotrwa\u0142\u0105 wydajno\u015bci\u0105. <\/p>\n<h2>Prasuj bez zb\u0119dnych przerw<\/h2>\n<p>Zapomnij o cz\u0119stych uzupe\u0142nianiu! <strong>Zbiornik \u017celazka o pojemno\u015bci 400 ml<\/strong> sprawia, \u017ce mo\u017cesz cieszy\u0107 si\u0119 d\u0142u\u017cszym czasem prasowania <strong>bez konieczno\u015bci cz\u0119stego dolewanie wody<\/strong>. To idealna pojemno\u015b\u0107 do prasowania <strong>du\u017cych powierzchni<\/strong> takich jak <strong>po\u015bciel<\/strong> czy <strong>zas\u0142ony<\/strong>.<\/p>\n<p><img loading=\"lazy\" decoding=\"async\" src=\"\/data\/include\/cms\/.product\/3\/2\/1823\/10.jpg\" alt=\"\u017celazko parowe SI-2021\" width=\"768\" height=\"480\" \/><\/p>\n<h2>Swoboda ruchu z 2-metrowym przewodem zasilaj\u0105cym<\/h2>\n<p>Niech prasowanie b\u0119dzie jeszcze bardziej <strong>komfortowe<\/strong>! <strong>Bez zb\u0119dnych ogranicze\u0144 w zasi\u0119gu<\/strong>, mo\u017cesz skoncentrowa\u0107 si\u0119 na zadaniu, osi\u0105gaj\u0105c perfekcyjne rezultaty prasowania bez przerywania procesu. To nie tylko wygodne, ale r\u00f3wnie\u017c <strong>skuteczne rozwi\u0105zanie<\/strong>, kt\u00f3re sprawia, \u017ce prasowanie \u017celazkiem parowym SI-920 staje si\u0119 bardziej komfortowe i efektywne.<\/p>\n<p><img loading=\"lazy\" decoding=\"async\" src=\"\/data\/include\/cms\/.product\/3\/2\/1823\/7.jpg\" alt=\"\u017celazko parowe SI-2021\" width=\"768\" height=\"480\" \/><\/p>\n","protected":false},"excerpt":{"rendered":"<p>\u017belazko parowe o mocy 2200 W wyposa\u017cone w nano-ceramiczn\u0105 stop\u0119, systemy Anti-Drip, Anti-Calc i Self-Clean. Wyrzutem pary 160 g\/min i sta\u0142\u0105 emisj\u0105 pary 35 g\/min. 400 ml pojemno\u015bci zbiornika na wod\u0119. 2 m wytrzyma\u0142y przew\u00f3d zasilaj\u0105cy.<br \/>\nUszkodzone opakowanie<\/p>\n","protected":false},"featured_media":14457,"comment_status":"open","ping_status":"closed","template":"","meta":[],"product_brand":[],"product_cat":[853],"product_tag":[],"class_list":{"0":"post-12207","1":"product","2":"type-product","3":"status-publish","4":"has-post-thumbnail","6":"product_cat-zelazka","8":"first","9":"instock","10":"taxable","11":"shipping-taxable","12":"purchasable","13":"product-type-simple"},"_links":{"self":[{"href":"https:\/\/gltestm.webology.pl\/pl\/wp-json\/wp\/v2\/product\/12207","targetHints":{"allow":["GET"]}}],"collection":[{"href":"https:\/\/gltestm.webology.pl\/pl\/wp-json\/wp\/v2\/product"}],"about":[{"href":"https:\/\/gltestm.webology.pl\/pl\/wp-json\/wp\/v2\/types\/product"}],"replies":[{"embeddable":true,"href":"https:\/\/gltestm.webology.pl\/pl\/wp-json\/wp\/v2\/comments?post=12207"}],"version-history":[{"count":0,"href":"https:\/\/gltestm.webology.pl\/pl\/wp-json\/wp\/v2\/product\/12207\/revisions"}],"wp:featuredmedia":[{"embeddable":true,"href":"https:\/\/gltestm.webology.pl\/pl\/wp-json\/wp\/v2\/media\/14457"}],"wp:attachment":[{"href":"https:\/\/gltestm.webology.pl\/pl\/wp-json\/wp\/v2\/media?parent=12207"}],"wp:term":[{"taxonomy":"product_brand","embeddable":true,"href":"https:\/\/gltestm.webology.pl\/pl\/wp-json\/wp\/v2\/product_brand?post=12207"},{"taxonomy":"product_cat","embeddable":true,"href":"https:\/\/gltestm.webology.pl\/pl\/wp-json\/wp\/v2\/product_cat?post=12207"},{"taxonomy":"product_tag","embeddable":true,"href":"https:\/\/gltestm.webology.pl\/pl\/wp-json\/wp\/v2\/product_tag?post=12207"}],"curies":[{"name":"wp","href":"https:\/\/api.w.org\/{rel}","templated":true}]}}