{"id":12206,"date":"2026-03-18T22:05:11","date_gmt":"2026-03-18T21:05:11","guid":{"rendered":"https:\/\/gltestm.webology.pl\/produkt\/elektroniczna-waga-kuchenna-z-misa-lucznik-pt-2019-outlet\/"},"modified":"2026-03-22T22:00:14","modified_gmt":"2026-03-22T21:00:14","slug":"elektroniczna-waga-kuchenna-z-misa-lucznik-pt-2019-outlet","status":"publish","type":"product","link":"https:\/\/gltestm.webology.pl\/pl\/produkt\/elektroniczna-waga-kuchenna-z-misa-lucznik-pt-2019-outlet\/","title":{"rendered":"Elektroniczna waga kuchenna z mis\u0105 \u0141ucznik PT-2019 OUTLET"},"content":{"rendered":"<h2>Outlet<\/h2>\n<ul>\n<li>uszkodzone opakowanie<\/li>\n<\/ul>\n<h2>Elektroniczna waga kuchenna z mis\u0105 PT-2019<\/h2>\n<p>Waga kuchenna elektroniczna z misk\u0105 PT-2019 to niezwykle przydatne urz\u0105dzenie w ka\u017cdej kuchni. Charakteryzuje si\u0119 wysok\u0105 dok\u0142adno\u015bci\u0105 pomiaru na poziomie 1 g oraz maksymalnym obci\u0105\u017ceniem wynosz\u0105cym 5 kg, co pozwala na precyzyjne dobieranie proporcji sk\u0142adnik\u00f3w niezb\u0119dnych do przygotowania zar\u00f3wno przepysznych ciast, jak i r\u00f3\u017cnorodnych potraw. Dzi\u0119ki temu mo\u017cna z \u0142atwo\u015bci\u0105 osi\u0105gn\u0105\u0107 perfekcyjne rezultaty kulinarne, niezale\u017cnie od rodzaju dania.<\/p>\n<h2>Najwa\u017cniejsze cech<\/h2>\n<ul>\n<li>Maksymalne obci\u0105\u017cenie: <strong>5 kg<\/strong><\/li>\n<li>Dok\u0142adno\u015b\u0107 pomiaru: <strong>1 g<\/strong><\/li>\n<li><strong>Misa<\/strong> w zestawie<\/li>\n<li>Du\u017cy czytelny wy\u015bwietlacz <strong>LCD<\/strong><\/li>\n<li>Funkcja <strong>tarowania<\/strong><\/li>\n<li>Automatyczne <strong>wy\u0142\u0105czanie<\/strong><\/li>\n<li>Zasilanie: bateria 1 szt. <strong>CR2032<\/strong> (w zestawie)<\/li>\n<\/ul>\n<h2>Wygodna misa na sk\u0142adniki<\/h2>\n<p>Waga \u0141ucznik PT-2019 jest wyposa\u017cona jest w przydatn\u0105 i wygodn\u0105 mis\u0119, kt\u00f3ra zmie\u015bci wszystkie sk\u0142adniki. Misa ta jest nie tylko funkcjonalna, ale r\u00f3wnie\u017c \u0142atwa do czyszczenia, co sprawia, \u017ce codzienne korzystanie z wagi jest jeszcze bardziej komfortowe.<\/p>\n<h2>\u0141atwe przechowywanie<\/h2>\n<p>Dzi\u0119ki p\u0142askiej konstrukcji waga kuchenna elektroniczna z misk\u0105 jest \u0142atwa do przechowywania. Bez problemu zmie\u015bci si\u0119 w szafce czy szufladzie, nie zajmuj\u0105c przy tym du\u017co miejsca. To rozwi\u0105zanie jest idealne dla os\u00f3b, kt\u00f3re ceni\u0105 sobie porz\u0105dek i oszcz\u0119dno\u015b\u0107 przestrzeni w kuchni.<\/p>\n<h2>Du\u017cy i czytelny wy\u015bwietlacz LCD<\/h2>\n<p>Waga kuchenna elektroniczna z misk\u0105 PT-2019 wyposa\u017cona jest du\u017cy i czytelny wy\u015bwietlacz LCD, kt\u00f3ry znacznie u\u0142atwia odczyt wynik\u00f3w wa\u017cenia. Dzi\u0119ki temu mo\u017cna szybko sprawdzi\u0107 wag\u0119 sk\u0142adnik\u00f3w, co jest cz\u0119sto podstaw\u0105 podczas gotowania i pieczenia. Dodatkowo, waga posiada funkcj\u0119 tarowania, umo\u017cliwiaj\u0105c\u0105 dok\u0142adne pomiary netto, bez uwzgl\u0119dniania wagi naczynia.<\/p>\n","protected":false},"excerpt":{"rendered":"<p>Elektroniczna waga kuchenna z mis\u0105 PT-2019. Maksymalne obci\u0105\u017cenie 5 kg. Dok\u0142adno\u015b\u0107 pomiary 1 g.  Bateria w zestawie.<br \/>\nUszkodzone opakowanie<\/p>\n","protected":false},"featured_media":15468,"comment_status":"open","ping_status":"closed","template":"","meta":[],"product_brand":[],"product_cat":[803],"product_tag":[],"class_list":{"0":"post-12206","1":"product","2":"type-product","3":"status-publish","4":"has-post-thumbnail","6":"product_cat-wagi-kuchenne","8":"first","9":"instock","10":"taxable","11":"shipping-taxable","12":"purchasable","13":"product-type-simple"},"_links":{"self":[{"href":"https:\/\/gltestm.webology.pl\/pl\/wp-json\/wp\/v2\/product\/12206","targetHints":{"allow":["GET"]}}],"collection":[{"href":"https:\/\/gltestm.webology.pl\/pl\/wp-json\/wp\/v2\/product"}],"about":[{"href":"https:\/\/gltestm.webology.pl\/pl\/wp-json\/wp\/v2\/types\/product"}],"replies":[{"embeddable":true,"href":"https:\/\/gltestm.webology.pl\/pl\/wp-json\/wp\/v2\/comments?post=12206"}],"version-history":[{"count":0,"href":"https:\/\/gltestm.webology.pl\/pl\/wp-json\/wp\/v2\/product\/12206\/revisions"}],"wp:featuredmedia":[{"embeddable":true,"href":"https:\/\/gltestm.webology.pl\/pl\/wp-json\/wp\/v2\/media\/15468"}],"wp:attachment":[{"href":"https:\/\/gltestm.webology.pl\/pl\/wp-json\/wp\/v2\/media?parent=12206"}],"wp:term":[{"taxonomy":"product_brand","embeddable":true,"href":"https:\/\/gltestm.webology.pl\/pl\/wp-json\/wp\/v2\/product_brand?post=12206"},{"taxonomy":"product_cat","embeddable":true,"href":"https:\/\/gltestm.webology.pl\/pl\/wp-json\/wp\/v2\/product_cat?post=12206"},{"taxonomy":"product_tag","embeddable":true,"href":"https:\/\/gltestm.webology.pl\/pl\/wp-json\/wp\/v2\/product_tag?post=12206"}],"curies":[{"name":"wp","href":"https:\/\/api.w.org\/{rel}","templated":true}]}}