{"id":12204,"date":"2026-03-18T22:05:10","date_gmt":"2026-03-18T21:05:10","guid":{"rendered":"https:\/\/gltestm.webology.pl\/produkt\/czajnik-elektryczny-szklany-lucznik-pk-2018-2200-w-17-l-bialy-outlet\/"},"modified":"2026-03-22T22:11:35","modified_gmt":"2026-03-22T21:11:35","slug":"czajnik-elektryczny-szklany-lucznik-pk-2018-2200-w-17-l-bialy-outlet","status":"publish","type":"product","link":"https:\/\/gltestm.webology.pl\/pl\/produkt\/czajnik-elektryczny-szklany-lucznik-pk-2018-2200-w-17-l-bialy-outlet\/","title":{"rendered":"Czajnik elektryczny szklany \u0141ucznik PK-2018 2200 W 1,7 l &#8211; bia\u0142y OUTLET"},"content":{"rendered":"<h2><strong>Outlet<\/strong><\/h2>\n<ul>\n<li>uszkodzone opakowanie<\/li>\n<\/ul>\n<h2><strong>Czajnik Elektryczny Premium PK 2018<\/strong><\/h2>\n<p>Dobrze jest mie\u0107 wok\u00f3\u0142 siebie pi\u0119kne rzeczy &#8211; sprawiaj\u0105 one, \u017ce czujemy si\u0119 lepiej i jeste\u015bmy szcz\u0119\u015bliwsi. Je\u015bli dodatkowo ich pi\u0119kno \u0142\u0105czy si\u0119 z jako\u015bci\u0105, otrzymamy po\u0142\u0105czenie gwarantuj\u0105ce Tw\u00f3j najwy\u017cszy komfort. Taki w\u0142asnie jest <strong>Czajnik \u0141ucznik Premium PK 2018<\/strong>.<\/p>\n<p>Ju\u017c pierwsze spojrzenie na czajnik <strong>\u0141ucznik Premium PK 2018<\/strong> wystarczy by zorientowa\u0107 si\u0119, \u017ce mamy do czynienia z niezwyk\u0142ym sprz\u0119tem. Sprawiaj\u0105 to wra\u017cenie przede wszystkim <strong>szykowne, ozdobne wy\u017c\u0142obienia obudowy<\/strong> przypominaj\u0105ce do z\u0142udzenia kszta\u0142t jej pikowanych r\u0105b\u00f3w. Zosta\u0142y one umieszczone w podstawie oraz przy pokrywie, \u0142adnie dope\u0142niaj\u0105c ca\u0142\u0105 kompozycj\u0119. To nie jest zwyk\u0142y czajnik &#8211; to czajnik z klas\u0105! Umie\u015b\u0107 go w widocznym miejscu w swojej kuchni, a doda jej szyku.<\/p>\n<p><span>O <\/span><span>jako\u015bci<\/span> <span>urz\u0105dzenia elektrycznego<\/span><span> stanowi przede wszystkim jako\u015b\u0107 jego <\/span><span>podzespo\u0142\u00f3w. Dlatego zdecydowali\u015bmy si\u0119 na wyposa\u017cenie czajnika <strong>\u0141ucznik Premium PK 2018<\/strong> w <\/span><strong>system Strix<\/strong><span>, czyli wysokiej jako\u015bci markowy<\/span><span> kontroler, kt\u00f3ry jest odpowiedzialny za przesy\u0142anie energii pomi\u0119dzy urz\u0105dzeniem a jego podstaw\u0105. Dzi\u0119ki temu rozwi\u0105zaniu \u017cywotno\u015b\u0107 urz\u0105dzenia jest d\u0142u\u017csza, co <\/span><span>oznacza dla Ciebie nie tylko wi\u0119ksz\u0105 satysfakcj\u0119<\/span><span>, ale <\/span><span>i<\/span><span> oszcz\u0119dno\u015b\u0107! <\/span><\/p>\n<p><strong>Grza\u0142ka<\/strong> czajnika <strong>\u0141ucznik Premium PK 2018<\/strong> jest sprytnie <strong>ukryta w dnie ze stali nierdzewnej<\/strong>, dzi\u0119ki czemu mo\u017cliwy jest pe\u0142en podgl\u0105d zawarto\u015bci w szklanym zbiorniku. Po w\u0142\u0105czeniu grzania natychmiast zapali si\u0119 delikatne o\u015bwietlenie od spodu, wskazuj\u0105ce na prac\u0119 urz\u0105dzenia i podkre\u015blaj\u0105ce niezwyk\u0142y widok, kt\u00f3ry zaraz ujrzysz. W miar\u0119 up\u0142ywu czasu i dochodzenia do wrzenia na Twoich oczach rozegra si\u0119 prawdziwy spektakl \u015bwiat\u0142a i wody.<\/p>\n<p><strong>Obrotowa, okr\u0105g\u0142a podstawa<\/strong> czajnika <strong>\u0141ucznik Premium PK 2018 <\/strong>pozwala na umieszczenie go w dowolnym miejscu kuchni lub biura i wygodny dost\u0119p do jego r\u0105czki z ka\u017cdej strony. Sama r\u0105czka zaprojektowana jest tak, by maksymalnie zwi\u0119kszy\u0107 Twoje bezpiecze\u0144stwo. Nie nagrzewa si\u0119, a dzi\u0119ki swojemu kszta\u0142towi dobrze le\u017cy w d\u0142oni i minimalizuje ryzyko oparzenia par\u0105. <\/p>\n<p>Bezpiecze\u0144stwo korzystania z czajnika <strong>\u0141ucznik Premium PK 2018 <\/strong>zwi\u0119ksza r\u00f3wnie\u017c <strong>funkcja ochrony przed przegrzaniem<\/strong>, kt\u00f3ra uniemo\u017cliwi przepalenie si\u0119 mechanizmu.<\/p>\n<p>Zbiornik na wod\u0119 czajnika <strong>\u0141ucznik Premium PK 2018 <\/strong>wykonany zosta\u0142 <strong>ze szk\u0142a boro-krzemowego <\/strong>charakteryzuj\u0105cego si\u0119 wysok\u0105 tolerancj\u0105 na zmiany temperatury oraz odporno\u015bci\u0105 na wstrz\u0105sy, dzi\u0119ki czemu nie musisz obawia\u0107 si\u0119 jego uszkodzenia podczas normalnego u\u017cytkowania. Opr\u00f3cz tego nie spos\u00f3b odm\u00f3wi\u0107 temu materia\u0142owi wyj\u0105tkowej estetyki, nienagannej przezroczysto\u015bci i g\u0142adko\u015bci, co nie tylko podnosi walory wygl\u0105du, ale tak\u017ce sprawia, \u017ce c<strong>zyszczenie czajnika jest szybkie i zupe\u0142nie bezproblemowe<\/strong>. Maksymalna ilo\u015b\u0107 wody, kt\u00f3rej zagotowanie umo\u017cliwia zbiornik czajnika to a\u017c <strong>1,7 litra<\/strong>, co wystarczy na przygotowanie pi\u0119ciu \u015bredniej wielko\u015bci kubk\u00f3w kawy b\u0105d\u017a herbaty na raz.<\/p>\n<p><span>Czajnik Elektryczny <\/span><strong>\u0141ucznik Premium PK 2018<\/strong><span> posiada 24-miesi\u0119czn\u0105 gwarancj\u0119 oraz instrukcj\u0119 obs\u0142ugi w <\/span><span>j\u0119zyku<\/span><span> polskim i j\u0119zyku angielskim, z kt\u00f3r\u0105 nale\u017cy zapozna\u0107 si\u0119 przed rozpocz\u0119ciem jego u\u017cytkowania.<\/span><\/p>\n","protected":false},"excerpt":{"rendered":"<p>Ozdobny bia\u0142y czajnik elektryczny wykonany ze szk\u0142a i wyposa\u017cony w ukryty element grzewczy &#8211; szyk i elegancja w ka\u017cdej kuchni!<br \/>\nUszkodzone opakowanie<\/p>\n","protected":false},"featured_media":13830,"comment_status":"open","ping_status":"closed","template":"","meta":[],"product_brand":[],"product_cat":[833],"product_tag":[],"class_list":{"0":"post-12204","1":"product","2":"type-product","3":"status-publish","4":"has-post-thumbnail","6":"product_cat-czajniki","8":"first","9":"instock","10":"taxable","11":"shipping-taxable","12":"purchasable","13":"product-type-simple"},"_links":{"self":[{"href":"https:\/\/gltestm.webology.pl\/pl\/wp-json\/wp\/v2\/product\/12204","targetHints":{"allow":["GET"]}}],"collection":[{"href":"https:\/\/gltestm.webology.pl\/pl\/wp-json\/wp\/v2\/product"}],"about":[{"href":"https:\/\/gltestm.webology.pl\/pl\/wp-json\/wp\/v2\/types\/product"}],"replies":[{"embeddable":true,"href":"https:\/\/gltestm.webology.pl\/pl\/wp-json\/wp\/v2\/comments?post=12204"}],"version-history":[{"count":0,"href":"https:\/\/gltestm.webology.pl\/pl\/wp-json\/wp\/v2\/product\/12204\/revisions"}],"wp:featuredmedia":[{"embeddable":true,"href":"https:\/\/gltestm.webology.pl\/pl\/wp-json\/wp\/v2\/media\/13830"}],"wp:attachment":[{"href":"https:\/\/gltestm.webology.pl\/pl\/wp-json\/wp\/v2\/media?parent=12204"}],"wp:term":[{"taxonomy":"product_brand","embeddable":true,"href":"https:\/\/gltestm.webology.pl\/pl\/wp-json\/wp\/v2\/product_brand?post=12204"},{"taxonomy":"product_cat","embeddable":true,"href":"https:\/\/gltestm.webology.pl\/pl\/wp-json\/wp\/v2\/product_cat?post=12204"},{"taxonomy":"product_tag","embeddable":true,"href":"https:\/\/gltestm.webology.pl\/pl\/wp-json\/wp\/v2\/product_tag?post=12204"}],"curies":[{"name":"wp","href":"https:\/\/api.w.org\/{rel}","templated":true}]}}