{"id":12190,"date":"2026-03-18T22:05:05","date_gmt":"2026-03-18T21:05:05","guid":{"rendered":"https:\/\/gltestm.webology.pl\/produkt\/podkladka-magnetyczna-do-igiel-na-reke-prostokat\/"},"modified":"2026-03-18T22:27:34","modified_gmt":"2026-03-18T21:27:34","slug":"podkladka-magnetyczna-do-igiel-na-reke-prostokat","status":"publish","type":"product","link":"https:\/\/gltestm.webology.pl\/pl\/produkt\/podkladka-magnetyczna-do-igiel-na-reke-prostokat\/","title":{"rendered":"Podk\u0142adka magnetyczna do igie\u0142 na r\u0119k\u0119 prostok\u0105t"},"content":{"rendered":"<div>\n<div>\n<div>\n<h2><strong>Magnetyczna podk\u0142adka na ig\u0142y z fioletow\u0105 opask\u0105 i prostok\u0105tn\u0105 p\u0142ytk\u0105<\/strong><\/h2>\n<p>Magnetyczna podk\u0142adka na ig\u0142y w kszta\u0142cie prostok\u0105ta to doskona\u0142y pomocnik dla ka\u017cdego, kto uwielbia szy\u0107. Dzi\u0119ki mocnej, magnetycznej powierzchni o wymiarach 3,8 cm x 5,4 cm, ig\u0142y i szpilki zawsze pozostaj\u0105 na swoim miejscu, zapewniaj\u0105c maksymalny komfort pracy.<\/p>\n<p>Opaska wykonana z elastycznego, mi\u0119kkiego silikonu automatycznie dopasowuje si\u0119 do nadgarstka, zapewniaj\u0105c wygod\u0119 noszenia przez ca\u0142y dzie\u0144. Samozwijaj\u0105ca si\u0119 bransoleta nie tylko praktycznie si\u0119 nosi, ale r\u00f3wnie\u017c \u0142atwo przylega do r\u0119ki, umo\u017cliwiaj\u0105c szybki dost\u0119p do narz\u0119dzi. Prostok\u0105tna p\u0142ytka magnetyczna jest solidna i przesuwa si\u0119 po opasce, co zwi\u0119ksza funkcjonalno\u015b\u0107 produktu.<\/p>\n<h2><strong>Dlaczego warto wybra\u0107 nasz\u0105 magnetyczn\u0105 podk\u0142adk\u0119 na ig\u0142y?<\/strong><\/h2>\n<ul>\n<li><strong>Porz\u0105dek i wygoda<\/strong>: Ig\u0142y zawsze w zasi\u0119gu r\u0119ki, bez obawy o ich zagubienie.<\/li>\n<li><strong>Elastyczno\u015b\u0107 i komfort<\/strong>: Mi\u0119kka, samozwijaj\u0105ca si\u0119 opaska idealnie dopasowuje si\u0119 do nadgarstka.<\/li>\n<li><strong>Elegancki design<\/strong>: Fioletowa opaska z prostok\u0105tn\u0105 p\u0142ytk\u0105 to stylowe i funkcjonalne narz\u0119dzie.<\/li>\n<li><strong>Idealna do codziennego u\u017cytku<\/strong>: \u015awietnie sprawdzi si\u0119 zar\u00f3wno w domowych projektach, jak i w profesjonalnych pracowniach krawieckich.<\/li>\n<\/ul>\n<h2><strong>Specyfikacja produktu:<\/strong><\/h2>\n<ul>\n<li><strong>D\u0142ugo\u015b\u0107 opaski<\/strong>: 24 cm<\/li>\n<li><strong>Szeroko\u015b\u0107 opaski<\/strong>: 3 cm<\/li>\n<li><strong>Wymiary prostok\u0105tnej p\u0142ytki<\/strong>: 3,8 cm x 5,4 cm<\/li>\n<li><strong>Kolor opaski<\/strong>: fioletowy<\/li>\n<\/ul>\n<p>Wzboga\u0107 sw\u00f3j zestaw narz\u0119dzi krawieckich o funkcjonalny i stylowy dodatek, kt\u00f3ry u\u0142atwi ka\u017cd\u0105 prac\u0119 przy szyciu!<\/p>\n<\/div>\n<\/div>\n<\/div>\n","protected":false},"excerpt":{"rendered":"<p>Bardzo przydatna magnetyczna podk\u0142adka na ig\u0142y, szpilki czy agrafki zak\u0142adana na r\u0119k\u0119. Pozwala na szybkie zebranie igie\u0142 po pracy i dzi\u0119ki wybudowanemu magnesowi zapobiega gubieniu ostrych akcesori\u00f3w krawieckich.<\/p>\n","protected":false},"featured_media":15326,"comment_status":"open","ping_status":"closed","template":"","meta":[],"product_brand":[],"product_cat":[738],"product_tag":[],"class_list":{"0":"post-12190","1":"product","2":"type-product","3":"status-publish","4":"has-post-thumbnail","6":"product_cat-szpilki-agrafki-i-poduszeczki","8":"first","9":"instock","10":"taxable","11":"shipping-taxable","12":"purchasable","13":"product-type-simple"},"_links":{"self":[{"href":"https:\/\/gltestm.webology.pl\/pl\/wp-json\/wp\/v2\/product\/12190","targetHints":{"allow":["GET"]}}],"collection":[{"href":"https:\/\/gltestm.webology.pl\/pl\/wp-json\/wp\/v2\/product"}],"about":[{"href":"https:\/\/gltestm.webology.pl\/pl\/wp-json\/wp\/v2\/types\/product"}],"replies":[{"embeddable":true,"href":"https:\/\/gltestm.webology.pl\/pl\/wp-json\/wp\/v2\/comments?post=12190"}],"version-history":[{"count":0,"href":"https:\/\/gltestm.webology.pl\/pl\/wp-json\/wp\/v2\/product\/12190\/revisions"}],"wp:featuredmedia":[{"embeddable":true,"href":"https:\/\/gltestm.webology.pl\/pl\/wp-json\/wp\/v2\/media\/15326"}],"wp:attachment":[{"href":"https:\/\/gltestm.webology.pl\/pl\/wp-json\/wp\/v2\/media?parent=12190"}],"wp:term":[{"taxonomy":"product_brand","embeddable":true,"href":"https:\/\/gltestm.webology.pl\/pl\/wp-json\/wp\/v2\/product_brand?post=12190"},{"taxonomy":"product_cat","embeddable":true,"href":"https:\/\/gltestm.webology.pl\/pl\/wp-json\/wp\/v2\/product_cat?post=12190"},{"taxonomy":"product_tag","embeddable":true,"href":"https:\/\/gltestm.webology.pl\/pl\/wp-json\/wp\/v2\/product_tag?post=12190"}],"curies":[{"name":"wp","href":"https:\/\/api.w.org\/{rel}","templated":true}]}}