{"id":12186,"date":"2026-03-18T22:05:03","date_gmt":"2026-03-18T21:05:03","guid":{"rendered":"https:\/\/gltestm.webology.pl\/produkt\/elektryczna-szczotka-podlogowa-do-odkurzacza-lucznik-op-2019\/"},"modified":"2026-03-22T22:11:30","modified_gmt":"2026-03-22T21:11:30","slug":"elektryczna-szczotka-podlogowa-do-odkurzacza-lucznik-op-2019","status":"publish","type":"product","link":"https:\/\/gltestm.webology.pl\/pl\/produkt\/elektryczna-szczotka-podlogowa-do-odkurzacza-lucznik-op-2019\/","title":{"rendered":"Elektryczna szczotka pod\u0142ogowa do odkurzacza \u0141ucznik OP-2019"},"content":{"rendered":"<div>\n<div>\n<h2>Stopa pod\u0142ogowa z elektroszczotk\u0105 do odkurzacza \u0141ucznik OP-2019 z wa\u0142kiem<\/h2>\n<p><strong>Stopa pod\u0142ogowa z elektroszczotk\u0105<\/strong>, zaprojektowana, jako cz\u0119\u015b\u0107 zamienna do <strong><a href=\"https:\/\/galerialucznik.pl\/pl\/products\/agd\/agd-do-domu\/odkurzacze\/odkurzacz-pionowy-2w1-lucznik-op-2019-1129.html\" target=\"_blank\" rel=\"noopener\">odkurzacza \u0141ucznik OP-2019<\/a><\/strong>. Ten zaawansowany komponent sprawi, \u017ce codzienne porz\u0105dki stan\u0105 si\u0119 jeszcze bardziej <strong>efektywne<\/strong> i <strong>wygodne<\/strong>.<\/p>\n<h2>Najwa\u017cniejsze cechy<\/h2>\n<ul>\n<li>Wyj\u0105tkowa skuteczno\u015b\u0107 w zbieraniu brudu, kurzu i sier\u015bci z r\u00f3\u017cnych powierzchni.<\/li>\n<li>Wbudowany mechanizm szczotkowy usuwa zanieczyszczenia z g\u0142\u0119bokich szczelin dywan\u00f3w i twardych pod\u0142\u00f3g.<\/li>\n<li>Lekka i ergonomiczna konstrukcja u\u0142atwia manewrowanie.<\/li>\n<li>Elastyczny przegub umo\u017cliwia dotarcie do trudno dost\u0119pnych miejsc.<\/li>\n<li>Sta\u0142a moc ssania dzi\u0119ki zasilaniu z odkurzacza.<\/li>\n<li>Wysoka wydajno\u015b\u0107 sprz\u0105tania oszcz\u0119dza czas i energi\u0119.<\/li>\n<li>\u0141atwy monta\u017c i demonta\u017c.<\/li>\n<li>Intuicyjna obs\u0142uga.<\/li>\n<li>Pe\u0142na kompatybilno\u015b\u0107 z odkurzaczem \u0141ucznik OP-2019.<\/li>\n<li>Innowacyjna technologia chroni\u0105ca delikatne powierzchnie.<\/li>\n<\/ul>\n<h2>Wyj\u0105tkowa skuteczno\u015b\u0107<\/h2>\n<p>Stopa pod\u0142ogowa z elektroszczotk\u0105 zapewnia <strong>doskona\u0142\u0105 skuteczno\u015b\u0107<\/strong> w zbieraniu <strong>brudu<\/strong>, <strong>kurzu<\/strong> i <strong>sier\u015bci<\/strong> z r\u00f3\u017cnych powierzchni. Dzi\u0119ki wbudowanemu <strong>mechanizmowi szczotkowemu<\/strong>, elektroszczotka efektywnie usuwa zanieczyszczenia nawet z <strong>g\u0142\u0119bokich szczelin dywan\u00f3w<\/strong> oraz twardych <strong>pod\u0142\u00f3g<\/strong>, gwarantuj\u0105c perfekcyjn\u0105 czysto\u015b\u0107.<\/p>\n<h2>Wygoda u\u017cytkowania<\/h2>\n<p>Konstrukcja stopy pod\u0142ogowej z elektroszczotk\u0105 jest <strong>lekka<\/strong> i <strong>ergonomiczna<\/strong>, co u\u0142atwia <strong>manewrowanie odkurzaczem<\/strong> po ca\u0142ym domu. Dzi\u0119ki <strong>elastycznemu<\/strong> <strong>przegubowi<\/strong>, \u0142atwo dotrzesz do trudno dost\u0119pnych miejsc, takich jak przestrzenie pod meblami czy naro\u017cniki.<\/p>\n<p>Dzi\u0119ki mo\u017cliwo\u015bci ustawienia pod r\u00f3\u017cnymi k\u0105tami \u2013<strong> 90\u00b0, 135\u00b0, i 180\u00b0<\/strong> \u2013 doskonale sprawdza si\u0119 w trudno dost\u0119pnych miejscach.<\/p>\n<p><strong>Dodatkowym atutem<\/strong> jest <strong>wbudowane o\u015bwietlenie LED<\/strong>, kt\u00f3re o\u015bwietla <strong>ciemne zakamarki<\/strong>, u\u0142atwiaj\u0105c precyzyjne sprz\u0105tanie w miejscach o <strong>ograniczonej widoczno\u015bci<\/strong>.<\/p>\n<h2>Wydajno\u015b\u0107 i moc<\/h2>\n<p>Elektroszczotka jest <strong>zasilana bezpo\u015brednio z odkurzacza<\/strong>, co zapewnia <strong>sta\u0142\u0105 moc ssania<\/strong> i efektywno\u015b\u0107 pracy. Wyj\u0105tkowa wydajno\u015b\u0107 sprawia, \u017ce sprz\u0105tanie staje si\u0119 szybsze i bardziej efektywne, oszcz\u0119dzaj\u0105c Tw\u00f3j czas i energi\u0119.<\/p>\n<h2>\u0141atwo\u015b\u0107 obs\u0142ugi<\/h2>\n<p>Stopa pod\u0142ogowa z elektroszczotk\u0105 jest <strong>\u0142atwa w monta\u017cu<\/strong> i <strong>demonta\u017cu<\/strong>, co pozwala na szybk\u0105 wymian\u0119 uszkodzonej cz\u0119\u015bci i dostosowanie odkurzacza do r\u00f3\u017cnych zada\u0144. Intuicyjna obs\u0142uga sprawia, \u017ce sprz\u0105tanie staje si\u0119 przyjemno\u015bci\u0105.<\/p>\n<h2>Kompatybilno\u015b\u0107<\/h2>\n<p>Stopa pod\u0142ogowa z elektroszczotk\u0105 jest idealnie dopasowana do odkurzacza \u0141ucznik OP-2019, zapewniaj\u0105c pe\u0142n\u0105 kompatybilno\u015b\u0107 i optymaln\u0105 wydajno\u015b\u0107. Dzi\u0119ki precyzyjnemu wykonaniu, masz pewno\u015b\u0107, \u017ce produkt b\u0119dzie dzia\u0142a\u0107 niezawodnie przez d\u0142ugi czas.<\/p>\n<h2>Innowacyjna technologia<\/h2>\n<p>Wyposa\u017cona w zaawansowan\u0105 technologi\u0119, elektroszczotka doskonale radzi sobie z r\u00f3\u017cnorodnymi zabrudzeniami. Wbudowane mechanizmy ochronne zapobiegaj\u0105 uszkodzeniom delikatnych powierzchni, dbaj\u0105c o Twoje pod\u0142ogi i dywany.<\/p>\n<p>Zainwestuj w stop\u0119 pod\u0142ogow\u0105 z elektroszczotk\u0105 jako zamiennik do odkurzacza \u0141ucznik OP-2019 i odkryj nowy poziom czysto\u015bci oraz wygody podczas sprz\u0105tania. Teraz Twoje pod\u0142ogi b\u0119d\u0105 l\u015bni\u0142y czysto\u015bci\u0105, a Ty zaoszcz\u0119dzisz czas i wysi\u0142ek!<\/p>\n<h2><strong>UWAGA!<\/strong><\/h2>\n<p>Stopa <strong>NIE PASUJE<\/strong> do innego modelu odkurzacza, w tym do modelu OP-2018.<\/p>\n<\/div>\n<\/div>\n","protected":false},"excerpt":{"rendered":"<p>Elektryczna szczotka pod\u0142ogowa wraz z wa\u0142kiem do odkurzacza OP-2019.<\/p>\n","protected":false},"featured_media":14462,"comment_status":"open","ping_status":"closed","template":"","meta":[],"product_brand":[],"product_cat":[628],"product_tag":[],"class_list":{"0":"post-12186","1":"product","2":"type-product","3":"status-publish","4":"has-post-thumbnail","6":"product_cat-odkurzacze","8":"first","9":"instock","10":"taxable","11":"shipping-taxable","12":"purchasable","13":"product-type-simple"},"_links":{"self":[{"href":"https:\/\/gltestm.webology.pl\/pl\/wp-json\/wp\/v2\/product\/12186","targetHints":{"allow":["GET"]}}],"collection":[{"href":"https:\/\/gltestm.webology.pl\/pl\/wp-json\/wp\/v2\/product"}],"about":[{"href":"https:\/\/gltestm.webology.pl\/pl\/wp-json\/wp\/v2\/types\/product"}],"replies":[{"embeddable":true,"href":"https:\/\/gltestm.webology.pl\/pl\/wp-json\/wp\/v2\/comments?post=12186"}],"version-history":[{"count":0,"href":"https:\/\/gltestm.webology.pl\/pl\/wp-json\/wp\/v2\/product\/12186\/revisions"}],"wp:featuredmedia":[{"embeddable":true,"href":"https:\/\/gltestm.webology.pl\/pl\/wp-json\/wp\/v2\/media\/14462"}],"wp:attachment":[{"href":"https:\/\/gltestm.webology.pl\/pl\/wp-json\/wp\/v2\/media?parent=12186"}],"wp:term":[{"taxonomy":"product_brand","embeddable":true,"href":"https:\/\/gltestm.webology.pl\/pl\/wp-json\/wp\/v2\/product_brand?post=12186"},{"taxonomy":"product_cat","embeddable":true,"href":"https:\/\/gltestm.webology.pl\/pl\/wp-json\/wp\/v2\/product_cat?post=12186"},{"taxonomy":"product_tag","embeddable":true,"href":"https:\/\/gltestm.webology.pl\/pl\/wp-json\/wp\/v2\/product_tag?post=12186"}],"curies":[{"name":"wp","href":"https:\/\/api.w.org\/{rel}","templated":true}]}}