{"id":12183,"date":"2026-03-18T22:05:02","date_gmt":"2026-03-18T21:05:02","guid":{"rendered":"https:\/\/gltestm.webology.pl\/produkt\/zestaw-ssawek-do-odkurzacza-lucznik-op-2019\/"},"modified":"2026-03-22T22:11:30","modified_gmt":"2026-03-22T21:11:30","slug":"zestaw-ssawek-do-odkurzacza-lucznik-op-2019","status":"publish","type":"product","link":"https:\/\/gltestm.webology.pl\/pl\/produkt\/zestaw-ssawek-do-odkurzacza-lucznik-op-2019\/","title":{"rendered":"Zestaw ssawek do odkurzacza \u0141ucznik OP-2019"},"content":{"rendered":"<h2>Zestaw na\u0142ych i niezwykle por\u0119cznych ssawek do odkurzacza \u0141ucznik OP-2019<\/h2>\n<p>Zestaw <strong>ma\u0142ych<\/strong> i <strong>por\u0119cznych<\/strong> <strong>ssawek<\/strong> zaprojektowanych specjalnie do odkurzacza \u0141ucznik <strong>OP-2019<\/strong> to idealne rozwi\u0105zanie dla os&oacute;b ceni\u0105cych <strong>skuteczno\u015b\u0107<\/strong> i <strong>wygod\u0119 sprz\u0105tania<\/strong>. W jego sk\u0142ad wchodzi <strong>ssawka szczelinowa<\/strong> oraz <strong>ssawka tapicerska<\/strong>, kt&oacute;re doskonale sprawdz\u0105 si\u0119 w r&oacute;\u017cnych sytuacjach, u\u0142atwiaj\u0105c utrzymanie czysto\u015bci w <strong>trudno dost\u0119pnych miejscach<\/strong> oraz na r&oacute;\u017cnorodnych powierzchniach.<\/p>\n<h2>Ssawka szczelinowa<\/h2>\n<p>Ssawka szczelinowa to nieodzowne narz\u0119dzie podczas odkurzania<strong> miejsc trudnodost\u0119pnych<\/strong>. Dzi\u0119ki swojej <strong>smuk\u0142ej<\/strong> <strong>konstrukcji<\/strong> idealnie nadaje si\u0119 do sprz\u0105tania:<\/p>\n<ul>\n<li><strong>Kaloryfer&oacute;w<\/strong>, gdzie zwyk\u0142a ssawka nie jest w stanie dotrze\u0107.<\/li>\n<li>Zakamark&oacute;w<strong> wewn\u0105trz samochodu<\/strong>, zapewniaj\u0105c dok\u0142adne usuni\u0119cie zanieczyszcze\u0144 z <strong>w\u0105skich szczelin<\/strong> i trudno dost\u0119pnych miejsc.<\/li>\n<li>Innych trudno dost\u0119pnych przestrzeni w domu, takich jak <strong>szpary mi\u0119dzy meblami<\/strong> czy <strong>w\u0105skie przestrzenie za sprz\u0119tem RTV<\/strong>.<\/li>\n<\/ul>\n<h2>Ssawka tapicerska<\/h2>\n<p>Ssawka tapicerska to specjalistyczne narz\u0119dzie dedykowane do odkurzania r&oacute;\u017cnych rodzaj&oacute;w <strong>tapicerki<\/strong> oraz <strong>materia\u0142&oacute;w<\/strong>. Charakteryzuje si\u0119 nast\u0119puj\u0105cymi cechami:<\/p>\n<ul>\n<li><strong>Skuteczno\u015b\u0107 w usuwaniu w\u0142os&oacute;w i sier\u015bci:<\/strong> dzi\u0119ki <strong>w\u0142a\u015bciwo\u015bciom elektrostatycznym<\/strong>, w\u0142osy i sier\u015b\u0107 \u0142atwo przywieraj\u0105 do powierzchni ssawki, co umo\u017cliwia ich szybkie i efektywne usuni\u0119cie.<\/li>\n<li><strong>Wszechstronno\u015b\u0107:<\/strong> idealnie sprawdza si\u0119 na meblach <strong>tapicerowanych<\/strong>, <strong>dywanach<\/strong>, <strong>materacach<\/strong> oraz innych <strong>tekstyliach<\/strong>, u\u0142atwiaj\u0105c utrzymanie ich w czysto\u015bci.<\/li>\n<li><strong>\u0141atwo\u015b\u0107 u\u017cycia:<\/strong> dzi\u0119ki <strong>ergonomicznej<\/strong> konstrukcji ssawka jest wygodna w u\u017cyciu, co sprawia, \u017ce sprz\u0105tanie staje si\u0119 prostsze i mniej <strong>m\u0119cz\u0105ce<\/strong>.<\/li>\n<\/ul>\n<h3>Zestaw ssawek do odkurzacza \u0141ucznik OP-2019 &ndash; komfort i skuteczno\u015b\u0107 sprz\u0105tania<\/h3>\n<p>Dzi\u0119ki zestawowi ma\u0142ych i por\u0119cznych ssawek do odkurzacza \u0141ucznik OP-2019, sprz\u0105tanie staje si\u0119 <strong>bardziej efektywne<\/strong> i mniej <strong>czasoch\u0142onne<\/strong>. Zar&oacute;wno ssawka <strong>szczelinowa<\/strong>, jak i <strong>tapicerska<\/strong> zosta\u0142y zaprojektowane z my\u015bl\u0105 o maksymalnej <strong>wygodzie u\u017cytkowania<\/strong>, pozwalaj\u0105c na dok\u0142adne odkurzanie nawet najtrudniej dost\u0119pnych miejsc oraz powierzchni.<\/p>\n<p>Z tym zestawem Twoje sprz\u0105tanie stanie si\u0119 prostsze, a dom b\u0119dzie zawsze czysty i schludny.<\/p>\n","protected":false},"excerpt":{"rendered":"<p>Komplet ssawek sk\u0142ada si\u0119 ze ssawki szczelinowej i ssawki tapicerskiej. Zestaw ssawek do odkurzacza \u0141ucznik OP-2019.<\/p>\n","protected":false},"featured_media":13817,"comment_status":"open","ping_status":"closed","template":"","meta":[],"product_brand":[],"product_cat":[628],"product_tag":[],"class_list":{"0":"post-12183","1":"product","2":"type-product","3":"status-publish","4":"has-post-thumbnail","6":"product_cat-odkurzacze","8":"first","9":"instock","10":"taxable","11":"shipping-taxable","12":"purchasable","13":"product-type-simple"},"_links":{"self":[{"href":"https:\/\/gltestm.webology.pl\/pl\/wp-json\/wp\/v2\/product\/12183","targetHints":{"allow":["GET"]}}],"collection":[{"href":"https:\/\/gltestm.webology.pl\/pl\/wp-json\/wp\/v2\/product"}],"about":[{"href":"https:\/\/gltestm.webology.pl\/pl\/wp-json\/wp\/v2\/types\/product"}],"replies":[{"embeddable":true,"href":"https:\/\/gltestm.webology.pl\/pl\/wp-json\/wp\/v2\/comments?post=12183"}],"version-history":[{"count":0,"href":"https:\/\/gltestm.webology.pl\/pl\/wp-json\/wp\/v2\/product\/12183\/revisions"}],"wp:featuredmedia":[{"embeddable":true,"href":"https:\/\/gltestm.webology.pl\/pl\/wp-json\/wp\/v2\/media\/13817"}],"wp:attachment":[{"href":"https:\/\/gltestm.webology.pl\/pl\/wp-json\/wp\/v2\/media?parent=12183"}],"wp:term":[{"taxonomy":"product_brand","embeddable":true,"href":"https:\/\/gltestm.webology.pl\/pl\/wp-json\/wp\/v2\/product_brand?post=12183"},{"taxonomy":"product_cat","embeddable":true,"href":"https:\/\/gltestm.webology.pl\/pl\/wp-json\/wp\/v2\/product_cat?post=12183"},{"taxonomy":"product_tag","embeddable":true,"href":"https:\/\/gltestm.webology.pl\/pl\/wp-json\/wp\/v2\/product_tag?post=12183"}],"curies":[{"name":"wp","href":"https:\/\/api.w.org\/{rel}","templated":true}]}}