{"id":12182,"date":"2026-03-18T22:05:01","date_gmt":"2026-03-18T21:05:01","guid":{"rendered":"https:\/\/gltestm.webology.pl\/produkt\/nozyczki-krawieckie-z-prowadnikiem-laserowym-21-cm\/"},"modified":"2026-03-18T22:27:33","modified_gmt":"2026-03-18T21:27:33","slug":"nozyczki-krawieckie-z-prowadnikiem-laserowym-21-cm","status":"publish","type":"product","link":"https:\/\/gltestm.webology.pl\/pl\/produkt\/nozyczki-krawieckie-z-prowadnikiem-laserowym-21-cm\/","title":{"rendered":"No\u017cyczki krawieckie z prowadnikiem laserowym 21 cm"},"content":{"rendered":"<h2><strong>Laserowy prowadnik &#8211; szybkie, proste ci\u0119cie<\/strong><\/h2>\n<p>Masz ochot\u0119 na odrobin\u0119 magii w Twojej pracowni krawieckiej? Nasze no\u017cyczki krawieckie z laserowym prowadnikiem to w\u0142a\u015bnie to.<\/p>\n<p>Z ich pomoc\u0105 bez trudu wykonasz proste ci\u0119cie, bez konieczno\u015bci rysowania linii na materiale. Jest to du\u017ce u\u0142atwienie przy wielkop\u0142aszczyznowych materia\u0142ach, ci\u0119cie zas\u0142on i firan nie b\u0119dzie ju\u017c problemem!  <\/p>\n<p>Teraz mo\u017cesz rze\u017abi\u0107 w materia\u0142ach tak precyzyjnie jak nigdy wcze\u015bniej, dzi\u0119ki wbudowanemu laserowi, kt\u00f3ry prowadzi si\u0119 po linii ci\u0119cia. <\/p>\n<p>Jest to niezast\u0105pione narz\u0119dzie dla ka\u017cdego, kto ceni sobie precyzj\u0119 i jako\u015b\u0107.<\/p>\n<h2>Prawid\u0142owe u\u017cycie<\/h2>\n<p>Przed rozpocz\u0119ciem ci\u0119cia materia\u0142u warto upewni\u0107 si\u0119 czy prawid\u0142owo trzymamy no\u017cyce \u2013 <strong>kciuk<\/strong> powinien znajdowa\u0107 si\u0119 w <strong>mniejszym otworze<\/strong>. W ten spos\u00f3b no\u017cyce lepiej tn\u0105. Nale\u017cy pami\u0119ta\u0107, \u017ce takie no\u017cyce u\u017cywamy <strong>tylko<\/strong> i <strong>wy\u0142\u0105cznie<\/strong> do <strong>tkanin<\/strong>. Niech nie kusi nas u\u017cywanie ich do papieru czy to innych prac niezwi\u0105zanych z szyciem. Je\u017celi maj\u0105 by\u0107 inwestycja na d\u0142ugi czas, dbajmy o nie i u\u017cywajmy zgodnie z przeznaczeniem.<\/p>\n","protected":false},"excerpt":{"rendered":"<p>Ostre no\u017cyczki krawieckie o d\u0142ugo\u015bci 21 cm z prowadnikiem laserowym. D\u0142ugo\u015b\u0107 ostrza 9 cm.<\/p>\n","protected":false},"featured_media":15617,"comment_status":"open","ping_status":"closed","template":"","meta":[],"product_brand":[],"product_cat":[768],"product_tag":[],"class_list":{"0":"post-12182","1":"product","2":"type-product","3":"status-publish","4":"has-post-thumbnail","6":"product_cat-nozyce-i-obcinaczki","8":"first","9":"instock","10":"taxable","11":"shipping-taxable","12":"purchasable","13":"product-type-simple"},"_links":{"self":[{"href":"https:\/\/gltestm.webology.pl\/pl\/wp-json\/wp\/v2\/product\/12182","targetHints":{"allow":["GET"]}}],"collection":[{"href":"https:\/\/gltestm.webology.pl\/pl\/wp-json\/wp\/v2\/product"}],"about":[{"href":"https:\/\/gltestm.webology.pl\/pl\/wp-json\/wp\/v2\/types\/product"}],"replies":[{"embeddable":true,"href":"https:\/\/gltestm.webology.pl\/pl\/wp-json\/wp\/v2\/comments?post=12182"}],"version-history":[{"count":0,"href":"https:\/\/gltestm.webology.pl\/pl\/wp-json\/wp\/v2\/product\/12182\/revisions"}],"wp:featuredmedia":[{"embeddable":true,"href":"https:\/\/gltestm.webology.pl\/pl\/wp-json\/wp\/v2\/media\/15617"}],"wp:attachment":[{"href":"https:\/\/gltestm.webology.pl\/pl\/wp-json\/wp\/v2\/media?parent=12182"}],"wp:term":[{"taxonomy":"product_brand","embeddable":true,"href":"https:\/\/gltestm.webology.pl\/pl\/wp-json\/wp\/v2\/product_brand?post=12182"},{"taxonomy":"product_cat","embeddable":true,"href":"https:\/\/gltestm.webology.pl\/pl\/wp-json\/wp\/v2\/product_cat?post=12182"},{"taxonomy":"product_tag","embeddable":true,"href":"https:\/\/gltestm.webology.pl\/pl\/wp-json\/wp\/v2\/product_tag?post=12182"}],"curies":[{"name":"wp","href":"https:\/\/api.w.org\/{rel}","templated":true}]}}