{"id":12181,"date":"2026-03-18T22:05:01","date_gmt":"2026-03-18T21:05:01","guid":{"rendered":"https:\/\/gltestm.webology.pl\/produkt\/kwadratowa-magnetyczna-podkladka-na-igly-i-szpilki-pink\/"},"modified":"2026-03-22T22:00:20","modified_gmt":"2026-03-22T21:00:20","slug":"kwadratowa-magnetyczna-podkladka-na-igly-i-szpilki-pink","status":"publish","type":"product","link":"https:\/\/gltestm.webology.pl\/pl\/produkt\/kwadratowa-magnetyczna-podkladka-na-igly-i-szpilki-pink\/","title":{"rendered":"Kwadratowa magnetyczna podk\u0142adka na ig\u0142y i szpilki PINK"},"content":{"rendered":"<h2>Magnetyczna podk\u0142adka<\/h2>\n<p>Jest to plastikowa podk\u0142adka posiadaj\u0105ca w \u015brodku magnes, dzi\u0119ki czemu przyci\u0105ga wszystkie drobne metalowe elementy. Elektryczny r\u00f3\u017cowy kolor pozwoli bez trudu zlokalizowa\u0107 j\u0105 na polu naszej kreatywnej pracy. \u015awietnie sprawdzi si\u0119 jako podk\u0142adka na ig\u0142y, szpilki, spinacze i inne metalowe akcesoria krawieckie.<\/p>\n<p>Jest solidnie wykonana i niezwykle praktyczna. Podk\u0142adka sprawi, \u017ce zapomnisz o pogubionych szpilkach i stworzysz czyste, bezpieczne miejsce pracy.<\/p>\n<p>Por\u0119czna podk\u0142adka ma idealny kwadratowy wymiar 8,5 x 8,5 cm i jest wysoka na 2,2 cm.<\/p>\n","protected":false},"excerpt":{"rendered":"<p>Bardzo przydatna magnetyczna podk\u0142adka na ig\u0142y, szpilki czy agrafki. Pozwala na szybkie zebranie igie\u0142 po pracy i dzi\u0119ki wybudowanemu magnesowi zapobiega gubieniu ostrych akcesori\u00f3w krawieckich.<\/p>\n","protected":false},"featured_media":13432,"comment_status":"open","ping_status":"closed","template":"","meta":[],"product_brand":[],"product_cat":[738],"product_tag":[],"class_list":{"0":"post-12181","1":"product","2":"type-product","3":"status-publish","4":"has-post-thumbnail","6":"product_cat-szpilki-agrafki-i-poduszeczki","8":"first","9":"instock","10":"taxable","11":"shipping-taxable","12":"purchasable","13":"product-type-simple"},"_links":{"self":[{"href":"https:\/\/gltestm.webology.pl\/pl\/wp-json\/wp\/v2\/product\/12181","targetHints":{"allow":["GET"]}}],"collection":[{"href":"https:\/\/gltestm.webology.pl\/pl\/wp-json\/wp\/v2\/product"}],"about":[{"href":"https:\/\/gltestm.webology.pl\/pl\/wp-json\/wp\/v2\/types\/product"}],"replies":[{"embeddable":true,"href":"https:\/\/gltestm.webology.pl\/pl\/wp-json\/wp\/v2\/comments?post=12181"}],"version-history":[{"count":0,"href":"https:\/\/gltestm.webology.pl\/pl\/wp-json\/wp\/v2\/product\/12181\/revisions"}],"wp:featuredmedia":[{"embeddable":true,"href":"https:\/\/gltestm.webology.pl\/pl\/wp-json\/wp\/v2\/media\/13432"}],"wp:attachment":[{"href":"https:\/\/gltestm.webology.pl\/pl\/wp-json\/wp\/v2\/media?parent=12181"}],"wp:term":[{"taxonomy":"product_brand","embeddable":true,"href":"https:\/\/gltestm.webology.pl\/pl\/wp-json\/wp\/v2\/product_brand?post=12181"},{"taxonomy":"product_cat","embeddable":true,"href":"https:\/\/gltestm.webology.pl\/pl\/wp-json\/wp\/v2\/product_cat?post=12181"},{"taxonomy":"product_tag","embeddable":true,"href":"https:\/\/gltestm.webology.pl\/pl\/wp-json\/wp\/v2\/product_tag?post=12181"}],"curies":[{"name":"wp","href":"https:\/\/api.w.org\/{rel}","templated":true}]}}