{"id":12178,"date":"2026-03-18T22:05:00","date_gmt":"2026-03-18T21:05:00","guid":{"rendered":"https:\/\/gltestm.webology.pl\/produkt\/centymetr-krawiecki-150-cm\/"},"modified":"2026-03-22T22:00:19","modified_gmt":"2026-03-22T21:00:19","slug":"centymetr-krawiecki-150-cm","status":"publish","type":"product","link":"https:\/\/gltestm.webology.pl\/pl\/produkt\/centymetr-krawiecki-150-cm\/","title":{"rendered":"Centymetr krawiecki 150 cm"},"content":{"rendered":"<p><span>Metr krawiecki o d\u0142ugo\u015bci <strong>150 cm<\/strong>, wykonany z plastiku, przeznaczony jest do mierzenia podczas szycia.<\/span><\/p>\n<p>Produkt <strong>nie nadaje si\u0119 dla dzieci poni\u017cej 3 lat ze wzgl\u0119du na ryzyko uduszenia<\/strong>. Nie jest zabawk\u0105, wi\u0119c dzieci powinny go u\u017cywa\u0107 wy\u0142\u0105cznie pod nadzorem doros\u0142ych.<\/p>\n","protected":false},"excerpt":{"rendered":"<p>Miara krawiecka dwustronna o d\u0142ugo\u015bci 150 cm.<\/p>\n","protected":false},"featured_media":13321,"comment_status":"open","ping_status":"closed","template":"","meta":[],"product_brand":[],"product_cat":[753],"product_tag":[],"class_list":{"0":"post-12178","1":"product","2":"type-product","3":"status-publish","4":"has-post-thumbnail","6":"product_cat-miary-linijki-i-cyrkle","8":"first","9":"instock","10":"taxable","11":"shipping-taxable","12":"purchasable","13":"product-type-simple"},"_links":{"self":[{"href":"https:\/\/gltestm.webology.pl\/pl\/wp-json\/wp\/v2\/product\/12178","targetHints":{"allow":["GET"]}}],"collection":[{"href":"https:\/\/gltestm.webology.pl\/pl\/wp-json\/wp\/v2\/product"}],"about":[{"href":"https:\/\/gltestm.webology.pl\/pl\/wp-json\/wp\/v2\/types\/product"}],"replies":[{"embeddable":true,"href":"https:\/\/gltestm.webology.pl\/pl\/wp-json\/wp\/v2\/comments?post=12178"}],"version-history":[{"count":0,"href":"https:\/\/gltestm.webology.pl\/pl\/wp-json\/wp\/v2\/product\/12178\/revisions"}],"wp:featuredmedia":[{"embeddable":true,"href":"https:\/\/gltestm.webology.pl\/pl\/wp-json\/wp\/v2\/media\/13321"}],"wp:attachment":[{"href":"https:\/\/gltestm.webology.pl\/pl\/wp-json\/wp\/v2\/media?parent=12178"}],"wp:term":[{"taxonomy":"product_brand","embeddable":true,"href":"https:\/\/gltestm.webology.pl\/pl\/wp-json\/wp\/v2\/product_brand?post=12178"},{"taxonomy":"product_cat","embeddable":true,"href":"https:\/\/gltestm.webology.pl\/pl\/wp-json\/wp\/v2\/product_cat?post=12178"},{"taxonomy":"product_tag","embeddable":true,"href":"https:\/\/gltestm.webology.pl\/pl\/wp-json\/wp\/v2\/product_tag?post=12178"}],"curies":[{"name":"wp","href":"https:\/\/api.w.org\/{rel}","templated":true}]}}