{"id":12174,"date":"2026-03-18T22:04:59","date_gmt":"2026-03-18T21:04:59","guid":{"rendered":"https:\/\/gltestm.webology.pl\/produkt\/szpilki-ozdobne-dlugosc-45-mm-guzik\/"},"modified":"2026-03-18T22:27:33","modified_gmt":"2026-03-18T21:27:33","slug":"szpilki-ozdobne-dlugosc-45-mm-guzik","status":"publish","type":"product","link":"https:\/\/gltestm.webology.pl\/pl\/produkt\/szpilki-ozdobne-dlugosc-45-mm-guzik\/","title":{"rendered":"Szpilki ozdobne d\u0142ugo\u015b\u0107 45 mm guzik"},"content":{"rendered":"<h2><strong>Czym wyr\u00f3\u017cniaj\u0105 si\u0119 szpilki krawieckie?<\/strong><\/h2>\n<p>Ozdobna szpilka z g\u0142\u00f3wk\u0105 w formie guzika to nietuzinkowy dodatek, kt\u00f3ry zachwyca swoim wygl\u0105dem. Doskonale sprawdza si\u0119 jako oryginalna ozdoba do przymocowywania dekoracji czy do aran\u017cacji w bukietach z \u017cywych kwiat\u00f3w.<\/p>\n<h2><strong>Wymiary szpilki ze szklanym \u0142ebkiem<\/strong><\/h2>\n<p>Wymiary:<\/p>\n<ul>\n<li>D\u0142ugo\u015b\u0107: <strong>45 mm<\/strong><\/li>\n<li>\u015arednica drutu: <strong>0,6 mm<\/strong><\/li>\n<li>\u015arednica ozdoby: <strong>11 mm<\/strong><\/li>\n<li>Zawarto\u015b\u0107 opakowania: <strong>50 szt.<\/strong><\/li>\n<li>Waga: <strong>18 g<\/strong><\/li>\n<\/ul>\n<h2><strong>Ilo\u015b\u0107 szpilek w opakowaniu<\/strong><\/h2>\n<p>Szpilki zapakowane w plastikowym pude\u0142eczku. W opakowaniu znajduje si\u0119 18 g szpilek, co daje oko\u0142o 50 szt.<\/p>\n","protected":false},"excerpt":{"rendered":"<p>Zestaw szpilek do tkanin ze szklanym \u0142ebkiem w plastikowym pude\u0142ku o d\u0142ugo\u015bci 34 mm.  80 szt. 12 g.<\/p>\n","protected":false},"featured_media":12933,"comment_status":"open","ping_status":"closed","template":"","meta":[],"product_brand":[],"product_cat":[738],"product_tag":[],"class_list":{"0":"post-12174","1":"product","2":"type-product","3":"status-publish","4":"has-post-thumbnail","6":"product_cat-szpilki-agrafki-i-poduszeczki","8":"first","9":"instock","10":"taxable","11":"shipping-taxable","12":"purchasable","13":"product-type-simple"},"_links":{"self":[{"href":"https:\/\/gltestm.webology.pl\/pl\/wp-json\/wp\/v2\/product\/12174","targetHints":{"allow":["GET"]}}],"collection":[{"href":"https:\/\/gltestm.webology.pl\/pl\/wp-json\/wp\/v2\/product"}],"about":[{"href":"https:\/\/gltestm.webology.pl\/pl\/wp-json\/wp\/v2\/types\/product"}],"replies":[{"embeddable":true,"href":"https:\/\/gltestm.webology.pl\/pl\/wp-json\/wp\/v2\/comments?post=12174"}],"version-history":[{"count":0,"href":"https:\/\/gltestm.webology.pl\/pl\/wp-json\/wp\/v2\/product\/12174\/revisions"}],"wp:featuredmedia":[{"embeddable":true,"href":"https:\/\/gltestm.webology.pl\/pl\/wp-json\/wp\/v2\/media\/12933"}],"wp:attachment":[{"href":"https:\/\/gltestm.webology.pl\/pl\/wp-json\/wp\/v2\/media?parent=12174"}],"wp:term":[{"taxonomy":"product_brand","embeddable":true,"href":"https:\/\/gltestm.webology.pl\/pl\/wp-json\/wp\/v2\/product_brand?post=12174"},{"taxonomy":"product_cat","embeddable":true,"href":"https:\/\/gltestm.webology.pl\/pl\/wp-json\/wp\/v2\/product_cat?post=12174"},{"taxonomy":"product_tag","embeddable":true,"href":"https:\/\/gltestm.webology.pl\/pl\/wp-json\/wp\/v2\/product_tag?post=12174"}],"curies":[{"name":"wp","href":"https:\/\/api.w.org\/{rel}","templated":true}]}}