{"id":12173,"date":"2026-03-18T22:04:59","date_gmt":"2026-03-18T21:04:59","guid":{"rendered":"https:\/\/gltestm.webology.pl\/produkt\/nawlekacz-do-nici-kwiatek\/"},"modified":"2026-03-22T22:00:11","modified_gmt":"2026-03-22T21:00:11","slug":"nawlekacz-do-nici-kwiatek","status":"publish","type":"product","link":"https:\/\/gltestm.webology.pl\/pl\/produkt\/nawlekacz-do-nici-kwiatek\/","title":{"rendered":"Nawlekacz do nici &#8211; kwiatek"},"content":{"rendered":"<h2><strong>Zastosowanie nawlekacza<\/strong><\/h2>\n<p><span>Praktyczny nawlekacz nici to szybki i wygodny sprzymierzeniec dla pasjonat\u00f3w szycia. Dzi\u0119ki specjalnie zaprojektowanemu plastikowemu kwiatowi, doskonale le\u017cy w d\u0142oni, umo\u017cliwiaj\u0105c \u0142atwe nawlekanie nici do uszek. To nie tylko oszcz\u0119dno\u015b\u0107 czasu, ale tak\u017ce komfortowa pomoc podczas ka\u017cdego projektu krawieckiego.<\/span><\/p>\n<h2><strong>Wymiary nawlekacza<\/strong><\/h2>\n<ul>\n<li>D\u0142ugo\u015b\u0107 drucika: <strong>20 mm<\/strong><\/li>\n<li>Ca\u0142kowita d\u0142ugo\u015b\u0107: <strong>45 mm<\/strong><\/li>\n<li>\u015arednica kwiatka: <strong>23 mm<\/strong><\/li>\n<\/ul>\n<h2><strong>Jak u\u0142atwi\u0107 sobie nawlekanie za pomoc\u0105 tego produktu<\/strong><\/h2>\n<p>Aby nawlec nitk\u0119 na ig\u0142\u0119 nale\u017cy w pierwszym kroku w\u0142o\u017cy\u0107 uszko w oczko ig\u0142y. Nast\u0119pnie przez uszko przeci\u0105gn\u0105\u0107 nitk\u0119 i na koniec wyci\u0105gn\u0105\u0107 uszko wraz z nitk\u0105 z oczka ig\u0142y. Gotowe!<\/p>\n","protected":false},"excerpt":{"rendered":"<p>Metalowy nawlekacz do nici z uchwytem w kszta\u0142cie kwiatka. U\u0142atwia czynno\u015b\u0107 nawlekania nici przez oczko ig\u0142y.<\/p>\n","protected":false},"featured_media":15765,"comment_status":"open","ping_status":"closed","template":"","meta":[],"product_brand":[],"product_cat":[773],"product_tag":[],"class_list":{"0":"post-12173","1":"product","2":"type-product","3":"status-publish","4":"has-post-thumbnail","6":"product_cat-inne-narzedzia-i-akcesoria","8":"first","9":"instock","10":"taxable","11":"shipping-taxable","12":"purchasable","13":"product-type-simple"},"_links":{"self":[{"href":"https:\/\/gltestm.webology.pl\/pl\/wp-json\/wp\/v2\/product\/12173","targetHints":{"allow":["GET"]}}],"collection":[{"href":"https:\/\/gltestm.webology.pl\/pl\/wp-json\/wp\/v2\/product"}],"about":[{"href":"https:\/\/gltestm.webology.pl\/pl\/wp-json\/wp\/v2\/types\/product"}],"replies":[{"embeddable":true,"href":"https:\/\/gltestm.webology.pl\/pl\/wp-json\/wp\/v2\/comments?post=12173"}],"version-history":[{"count":0,"href":"https:\/\/gltestm.webology.pl\/pl\/wp-json\/wp\/v2\/product\/12173\/revisions"}],"wp:featuredmedia":[{"embeddable":true,"href":"https:\/\/gltestm.webology.pl\/pl\/wp-json\/wp\/v2\/media\/15765"}],"wp:attachment":[{"href":"https:\/\/gltestm.webology.pl\/pl\/wp-json\/wp\/v2\/media?parent=12173"}],"wp:term":[{"taxonomy":"product_brand","embeddable":true,"href":"https:\/\/gltestm.webology.pl\/pl\/wp-json\/wp\/v2\/product_brand?post=12173"},{"taxonomy":"product_cat","embeddable":true,"href":"https:\/\/gltestm.webology.pl\/pl\/wp-json\/wp\/v2\/product_cat?post=12173"},{"taxonomy":"product_tag","embeddable":true,"href":"https:\/\/gltestm.webology.pl\/pl\/wp-json\/wp\/v2\/product_tag?post=12173"}],"curies":[{"name":"wp","href":"https:\/\/api.w.org\/{rel}","templated":true}]}}