{"id":12171,"date":"2026-03-18T22:04:58","date_gmt":"2026-03-18T21:04:58","guid":{"rendered":"https:\/\/gltestm.webology.pl\/produkt\/filtr-wylotowy-hepa-do-odkurzacza-lucznik-ot-2022\/"},"modified":"2026-03-18T22:27:33","modified_gmt":"2026-03-18T21:27:33","slug":"filtr-wylotowy-hepa-do-odkurzacza-lucznik-ot-2022","status":"publish","type":"product","link":"https:\/\/gltestm.webology.pl\/pl\/produkt\/filtr-wylotowy-hepa-do-odkurzacza-lucznik-ot-2022\/","title":{"rendered":"Filtr wylotowy HEPA do odkurzacza \u0141ucznik OT-2022"},"content":{"rendered":"<p>Filtr <strong>wylotowy HEPA<\/strong> do odkurzacza \u0141ucznik OT-2022 to komponent, kt\u00f3ry <strong>znacz\u0105co poprawia skuteczno\u015b\u0107<\/strong> odkurzania i pomaga w <strong>utrzymaniu czysto\u015bci<\/strong> <strong>powietrza<\/strong> w Twoim domu.<\/p>\n<p>Ten filtr zosta\u0142 specjalnie zaprojektowany do zastosowania w odkurzaczach \u0141ucznik OT-2022 i oferuje wiele korzy\u015bci:<\/p>\n<ul>\n<li><strong>Doskona\u0142e filtrowanie<\/strong>: <strong>Filtr HEPA<\/strong> (High Efficiency Particulate Air) jest znany z tego, \u017ce <strong>skutecznie usuwa nawet najmniejsze cz\u0105steczki py\u0142u<\/strong>, <strong>alergen\u00f3w<\/strong>, <strong>bakterii<\/strong> i <strong>wirus\u00f3w<\/strong>. Dzi\u0119ki temu zapewnia on wydajne oczyszczanie powietrza w czasie odkurzania.<\/li>\n<li><strong>Redukcja alergen\u00f3w<\/strong>: Filtr HEPA jest doskona\u0142y dla os\u00f3b cierpi\u0105cych na <strong>alergie<\/strong>, poniewa\u017c skutecznie usuwa <strong>py\u0142ki<\/strong>, <strong>roztocza<\/strong> i inne <strong>alergeny<\/strong> z powietrza, co poprawia <strong>jako\u015b\u0107 powietrza<\/strong> w pomieszczeniach.<\/li>\n<li><strong>D\u0142ugotrwa\u0142a wydajno\u015b\u0107<\/strong>: Filtr wylotowy HEPA do odkurzacza \u0141ucznik OT-2022 jest trwa\u0142y i zaprojektowany, aby s\u0142u\u017cy\u0107 przez d\u0142ugi czas, co minimalizuje konieczno\u015b\u0107 cz\u0119stych wymian.<\/li>\n<li><strong>\u0141atwa instalacja<\/strong>: <strong>Zamiana<\/strong> filtra wylotowego w odkurzaczu \u0141ucznik OT-2022 jest <strong>prosta<\/strong> i <strong>nie wymaga specjalnych narz\u0119dzi<\/strong> ani umiej\u0119tno\u015bci. Wystarczy usun\u0105\u0107 stary filtr i wstawi\u0107 nowy.<\/li>\n<li><strong>Wspomaga utrzymanie \u015bwie\u017co\u015bci powietrza<\/strong>: Filtr HEPA pomaga utrzyma\u0107 <strong>\u015bwie\u017ce<\/strong> i czyste powietrze w Twoim domu, co jest szczeg\u00f3lnie wa\u017cne dla os\u00f3b z <strong>alergiami<\/strong>, <strong>astm\u0105<\/strong> i innymi s<strong>chorzeniami uk\u0142adu oddechowego<\/strong>.<\/li>\n<\/ul>\n","protected":false},"excerpt":{"rendered":"<p>Filtr wylotowy HEPA do odkurzacza \u0141ucznik OT-2022.<\/p>\n","protected":false},"featured_media":15704,"comment_status":"open","ping_status":"closed","template":"","meta":[],"product_brand":[],"product_cat":[628],"product_tag":[],"class_list":{"0":"post-12171","1":"product","2":"type-product","3":"status-publish","4":"has-post-thumbnail","6":"product_cat-odkurzacze","8":"first","9":"instock","10":"taxable","11":"shipping-taxable","12":"purchasable","13":"product-type-simple"},"_links":{"self":[{"href":"https:\/\/gltestm.webology.pl\/pl\/wp-json\/wp\/v2\/product\/12171","targetHints":{"allow":["GET"]}}],"collection":[{"href":"https:\/\/gltestm.webology.pl\/pl\/wp-json\/wp\/v2\/product"}],"about":[{"href":"https:\/\/gltestm.webology.pl\/pl\/wp-json\/wp\/v2\/types\/product"}],"replies":[{"embeddable":true,"href":"https:\/\/gltestm.webology.pl\/pl\/wp-json\/wp\/v2\/comments?post=12171"}],"version-history":[{"count":0,"href":"https:\/\/gltestm.webology.pl\/pl\/wp-json\/wp\/v2\/product\/12171\/revisions"}],"wp:featuredmedia":[{"embeddable":true,"href":"https:\/\/gltestm.webology.pl\/pl\/wp-json\/wp\/v2\/media\/15704"}],"wp:attachment":[{"href":"https:\/\/gltestm.webology.pl\/pl\/wp-json\/wp\/v2\/media?parent=12171"}],"wp:term":[{"taxonomy":"product_brand","embeddable":true,"href":"https:\/\/gltestm.webology.pl\/pl\/wp-json\/wp\/v2\/product_brand?post=12171"},{"taxonomy":"product_cat","embeddable":true,"href":"https:\/\/gltestm.webology.pl\/pl\/wp-json\/wp\/v2\/product_cat?post=12171"},{"taxonomy":"product_tag","embeddable":true,"href":"https:\/\/gltestm.webology.pl\/pl\/wp-json\/wp\/v2\/product_tag?post=12171"}],"curies":[{"name":"wp","href":"https:\/\/api.w.org\/{rel}","templated":true}]}}