{"id":12170,"date":"2026-03-18T22:04:58","date_gmt":"2026-03-18T21:04:58","guid":{"rendered":"https:\/\/gltestm.webology.pl\/produkt\/centymetr-samonawijajacy-sie-dlugosc-150-cm-serce\/"},"modified":"2026-03-18T22:27:33","modified_gmt":"2026-03-18T21:27:33","slug":"centymetr-samonawijajacy-sie-dlugosc-150-cm-serce","status":"publish","type":"product","link":"https:\/\/gltestm.webology.pl\/pl\/produkt\/centymetr-samonawijajacy-sie-dlugosc-150-cm-serce\/","title":{"rendered":"Centymetr samonawijaj\u0105cy si\u0119 d\u0142ugo\u015b\u0107 150 cm  SERCE"},"content":{"rendered":"<h2>Zwijany centymetr krawiecki<\/h2>\n<p>Ma\u0142y, <strong>zwijany centymetr<\/strong> w formie <strong>uroczego serca<\/strong> to praktyczna i kompaktowa zawieszka na klucze, kt\u00f3ra zawsze mo\u017ce by\u0107 przy tobie. Ten niewielki gad\u017cet jest nie tylko uroczy, ale tak\u017ce niezwykle funkcjonalny.<\/p>\n<h2>Zalety produktu<\/h2>\n<ul>\n<li>Kszta\u0142t serca: centymetr ma wyj\u0105tkowy kszta\u0142t w formie serca, co czyni go nie tylko <strong>przydatnym narz\u0119dziem<\/strong>, ale tak\u017ce <strong>uroczym dodatkiem<\/strong> do twoich kluczy.<\/li>\n<li><strong>Dwustronny<\/strong>: centymetr jest <strong>dwustronny<\/strong>, co oznacza, \u017ce znajdziesz na nim jednostki zar\u00f3wno w <strong>centymetrach (cm)<\/strong>, jak i <strong>calach (cale)<\/strong>. Dzi\u0119ki temu mo\u017cesz \u0142atwo dokonywa\u0107 pomiar\u00f3w w obu systemach jednostek.<\/li>\n<li><strong>D\u0142ugo\u015b\u0107<\/strong>: ten ma\u0142y centymetr mo\u017ce rozwin\u0105\u0107 si\u0119 a\u017c do <strong>150 centymetr\u00f3w<\/strong>.<\/li>\n<li><strong>Kompaktowe rozmiary<\/strong>: <strong>wymiary 5 x 5 cm<\/strong>, dzi\u0119ki czemu bez problemu zmie\u015bci si\u0119 na twoich kluczach czy w kieszeni.<\/li>\n<li>T<strong>rwa\u0142y plastik<\/strong>: centymetr wykonany jest z trwa\u0142ego plastiku, jest <strong>solidny<\/strong> i <strong>wytrzyma\u0142y<\/strong>.<\/li>\n<\/ul>\n<p>Zwijany centymetr 150 cm, to <strong>idealny <\/strong>produkt dla ka\u017cdego, kto potrzebuje<strong> praktycznego narz\u0119dzia do pomiar\u00f3w<\/strong>, a jednocze\u015bnie chce mie\u0107 przy sobie<strong> uroczy dodatek<\/strong> w formie serca. Dzi\u0119ki temu zwijanemu metrowi, zawsze b\u0119dziesz przygotowana do dokonywania pomiar\u00f3w, bez wzgl\u0119du na to, gdzie si\u0119 znajdujesz.<\/p>\n","protected":false},"excerpt":{"rendered":"<p>Samozwijaj\u0105cy si\u0119 centymetr 150 cm w kszta\u0142cie serca. Dwustronny &#8211; mierz w centymetrach i calach. Ma\u0142y rozmiar &#8211; 5 x 5 cm.<\/p>\n","protected":false},"featured_media":13175,"comment_status":"open","ping_status":"closed","template":"","meta":[],"product_brand":[],"product_cat":[753],"product_tag":[],"class_list":{"0":"post-12170","1":"product","2":"type-product","3":"status-publish","4":"has-post-thumbnail","6":"product_cat-miary-linijki-i-cyrkle","8":"first","9":"instock","10":"taxable","11":"shipping-taxable","12":"purchasable","13":"product-type-simple"},"_links":{"self":[{"href":"https:\/\/gltestm.webology.pl\/pl\/wp-json\/wp\/v2\/product\/12170","targetHints":{"allow":["GET"]}}],"collection":[{"href":"https:\/\/gltestm.webology.pl\/pl\/wp-json\/wp\/v2\/product"}],"about":[{"href":"https:\/\/gltestm.webology.pl\/pl\/wp-json\/wp\/v2\/types\/product"}],"replies":[{"embeddable":true,"href":"https:\/\/gltestm.webology.pl\/pl\/wp-json\/wp\/v2\/comments?post=12170"}],"version-history":[{"count":0,"href":"https:\/\/gltestm.webology.pl\/pl\/wp-json\/wp\/v2\/product\/12170\/revisions"}],"wp:featuredmedia":[{"embeddable":true,"href":"https:\/\/gltestm.webology.pl\/pl\/wp-json\/wp\/v2\/media\/13175"}],"wp:attachment":[{"href":"https:\/\/gltestm.webology.pl\/pl\/wp-json\/wp\/v2\/media?parent=12170"}],"wp:term":[{"taxonomy":"product_brand","embeddable":true,"href":"https:\/\/gltestm.webology.pl\/pl\/wp-json\/wp\/v2\/product_brand?post=12170"},{"taxonomy":"product_cat","embeddable":true,"href":"https:\/\/gltestm.webology.pl\/pl\/wp-json\/wp\/v2\/product_cat?post=12170"},{"taxonomy":"product_tag","embeddable":true,"href":"https:\/\/gltestm.webology.pl\/pl\/wp-json\/wp\/v2\/product_tag?post=12170"}],"curies":[{"name":"wp","href":"https:\/\/api.w.org\/{rel}","templated":true}]}}