{"id":12166,"date":"2026-03-18T22:04:57","date_gmt":"2026-03-18T21:04:57","guid":{"rendered":"https:\/\/gltestm.webology.pl\/produkt\/mlynek-do-soli-pieprzu-i-przypraw-lucznik-pm-201-c-outlet\/"},"modified":"2026-03-22T22:11:30","modified_gmt":"2026-03-22T21:11:30","slug":"mlynek-do-soli-pieprzu-i-przypraw-lucznik-pm-201-c-outlet","status":"publish","type":"product","link":"https:\/\/gltestm.webology.pl\/pl\/produkt\/mlynek-do-soli-pieprzu-i-przypraw-lucznik-pm-201-c-outlet\/","title":{"rendered":"M\u0142ynek do soli, pieprzu i przypraw \u0141ucznik PM-201 C OUTLET"},"content":{"rendered":"<h2>Outlet<\/h2>\n<ul>\n<li>uszkodzone opakowanie<\/li>\n<\/ul>\n<h2><strong>M\u0142ynek do soli, pieprzu i przypraw PM-201 C<\/strong><strong><br \/><\/strong><\/h2>\n<p><strong>M\u0142ynek do soli, pieprzu i przypraw PM-201 C<\/strong> z<strong> ceramicznym mechanizmem<\/strong>, posiada<strong> regulacj\u0119 grubo\u015bci mielenia<\/strong>, dzi\u0119ki czemu dobierzesz odpowiedni\u0105 dla siebie grubo\u015b\u0107 ziaren. Idealny do mielenia soli, pieprzu, kolendry oraz innych przypraw. Jego elegancki i stylowy wygl\u0105d b\u0119dzie idealnie komponowa\u0142 si\u0119 na tle Waszej kuchni.<\/p>\n","protected":false},"excerpt":{"rendered":"<p>Elegancki i stylowy, idealny &#8211; M\u0142ynek do soli, pieprzu i przypraw PM-201 C doskonale nadaje si\u0119 do mielenia r\u00f3\u017cnych przypraw. Jest wyposa\u017cony w ceramiczny mechanizm, posiada regulacj\u0119 grubo\u015bci mielenia<\/p>\n","protected":false},"featured_media":14768,"comment_status":"open","ping_status":"closed","template":"","meta":[],"product_brand":[],"product_cat":[823],"product_tag":[],"class_list":{"0":"post-12166","1":"product","2":"type-product","3":"status-publish","4":"has-post-thumbnail","6":"product_cat-mlynki","8":"first","9":"instock","10":"taxable","11":"shipping-taxable","12":"purchasable","13":"product-type-simple"},"_links":{"self":[{"href":"https:\/\/gltestm.webology.pl\/pl\/wp-json\/wp\/v2\/product\/12166","targetHints":{"allow":["GET"]}}],"collection":[{"href":"https:\/\/gltestm.webology.pl\/pl\/wp-json\/wp\/v2\/product"}],"about":[{"href":"https:\/\/gltestm.webology.pl\/pl\/wp-json\/wp\/v2\/types\/product"}],"replies":[{"embeddable":true,"href":"https:\/\/gltestm.webology.pl\/pl\/wp-json\/wp\/v2\/comments?post=12166"}],"version-history":[{"count":0,"href":"https:\/\/gltestm.webology.pl\/pl\/wp-json\/wp\/v2\/product\/12166\/revisions"}],"wp:featuredmedia":[{"embeddable":true,"href":"https:\/\/gltestm.webology.pl\/pl\/wp-json\/wp\/v2\/media\/14768"}],"wp:attachment":[{"href":"https:\/\/gltestm.webology.pl\/pl\/wp-json\/wp\/v2\/media?parent=12166"}],"wp:term":[{"taxonomy":"product_brand","embeddable":true,"href":"https:\/\/gltestm.webology.pl\/pl\/wp-json\/wp\/v2\/product_brand?post=12166"},{"taxonomy":"product_cat","embeddable":true,"href":"https:\/\/gltestm.webology.pl\/pl\/wp-json\/wp\/v2\/product_cat?post=12166"},{"taxonomy":"product_tag","embeddable":true,"href":"https:\/\/gltestm.webology.pl\/pl\/wp-json\/wp\/v2\/product_tag?post=12166"}],"curies":[{"name":"wp","href":"https:\/\/api.w.org\/{rel}","templated":true}]}}