{"id":12163,"date":"2026-03-18T22:04:57","date_gmt":"2026-03-18T21:04:57","guid":{"rendered":"https:\/\/gltestm.webology.pl\/produkt\/turystyczna-soniczna-szczoteczka-do-zebow-lucznik-sg-515-na-usb-outlet\/"},"modified":"2026-03-22T22:11:30","modified_gmt":"2026-03-22T21:11:30","slug":"turystyczna-soniczna-szczoteczka-do-zebow-lucznik-sg-515-na-usb-outlet","status":"publish","type":"product","link":"https:\/\/gltestm.webology.pl\/pl\/produkt\/turystyczna-soniczna-szczoteczka-do-zebow-lucznik-sg-515-na-usb-outlet\/","title":{"rendered":"Turystyczna soniczna szczoteczka do z\u0119b\u00f3w \u0141ucznik SG-515 na USB OUTLET"},"content":{"rendered":"<h2><span><strong>Outlet<\/strong><\/span><\/h2>\n<ul>\n<li><span><strong>otwarte opakowanie<\/strong><\/span><\/li>\n<\/ul>\n<div>\n<div>\n<div>\n<div>\n<div>\n<div>\n<h2><strong>Innowacyjna Szczoteczka Turystyczna: Piel\u0119gnacja U\u015bmiechu w Ka\u017cdej Podr\u00f3\u017cy<\/strong><\/h2>\n<\/div>\n<\/div>\n<\/div>\n<\/div>\n<\/div>\n<\/div>\n<p>Zaawansowany technologicznie produkt do piel\u0119gnacji oraz higieny jamy ustnej. Wariant turystyczny pozwala na \u0142adowanie za pomoc\u0105 <strong>przewodu USB<\/strong>. To niesamowite u\u0142atwienie w podr\u00f3\u017cy &#8211; szczoteczk\u0119 na\u0142adowa\u0107 mo\u017cna poprzez pod\u0142\u0105czenie jej do laptopa, urz\u0105dzenia typu &#8222;power bank&#8221; a nawet niekt\u00f3rych modeli tablet\u00f3w lub telefon\u00f3w!<\/p>\n<p>Dzi\u0119ki aktywnym w\u0142\u00f3knom wybielaj\u0105cym <strong>DUPONT<\/strong> oraz specjalnemu programowi <strong>szczoteczka SG-515<\/strong> usuwa kamie\u0144 naz\u0119bny z wi\u0119ksz\u0105 skuteczno\u015bci\u0105 ni\u017c inne <strong>szczoteczki r\u0119czne<\/strong>. Jest to mo\u017cliwe dzi\u0119ki drgaj\u0105cej pracy urz\u0105dzenia oraz <strong>38 000 ruchom na minut\u0119<\/strong>.<\/p>\n<p>Wszelki nalot naz\u0119bny zostanie dok\u0142adnie usuni\u0119ty, a szkliwo nienaruszone.<\/p>\n<h2><strong>Najwa\u017cniejsze cechy<\/strong><\/h2>\n<ul>\n<li><strong>38 000 ruch\u00f3w\/min.<\/strong><\/li>\n<li><strong>2 wymienne ko\u0144c\u00f3wki<\/strong> w zestawie<\/li>\n<li><strong>3 tryby pracy<\/strong>: wybielanie, czyszczenie, masa\u017c<\/li>\n<li>sygnalizator czasu mycia<\/li>\n<li>samoczynne wy\u0142\u0105czenie po 2 min.<\/li>\n<li><strong>wodoodporna<\/strong> (norma IPX6)<\/li>\n<li>zasilanie akumulatorowe<\/li>\n<li>\u0142adowanie przez <strong>USB<\/strong><\/li>\n<\/ul>\n<h2><strong>3 tryby czyszczenia<\/strong><\/h2>\n<p>Urz\u0105dzenie aktywnie masuje dzi\u0105s\u0142a, poprawiaj\u0105c ich ukrwienie, dzi\u0119ki czemu nie powoduje narusze\u0144 tkanki czy krwawienia po u\u017cyciu. <strong>Szczoteczka soniczna do z\u0119b\u00f3w <\/strong>posiada trzy tryby pracy&#8221;<\/p>\n<ul>\n<li><strong>wybielanie<\/strong> (do usuwania przebarwie\u0144)<\/li>\n<li>tryb<strong> czyszczenia<\/strong> (do codziennego, zwyk\u0142ego u\u017cytku)<\/li>\n<li><strong>masa\u017c<\/strong> (do delikatnego masa\u017cu dzi\u0105se\u0142)<\/li>\n<\/ul>\n<h2>Timer odmierzaj\u0105cy czas mycia<\/h2>\n<p>Co <strong>30 sekund<\/strong> szczoteczka informuje o konieczno\u015bci zmiany czyszczonego obszaru jamy ustnej, a <strong>po 2 minutach ci\u0105g\u0142ej pracy urz\u0105dzanie automatycznie si\u0119 wy\u0142\u0105cza<\/strong>.<\/p>\n<h2>Wymienne ko\u0144c\u00f3wki w zestawie<\/h2>\n<p>W opakowaniu znajduj\u0119 si\u0119 baza, przew\u00f3d oraz <strong>dwie wymienne ko\u0144c\u00f3wki do szczoteczki<\/strong>. Z racji na soniczn\u0105 prac\u0119 <strong>szczoteczki<\/strong>, ko\u0144c\u00f3wki zu\u017cywaj\u0105 si\u0119 szybciej ni\u017c w szczoteczkach tradycyjnych. Denty\u015bci rekomenduj\u0105<strong> wymian\u0119 ko\u0144c\u00f3wki co 3 miesi\u0105ce<\/strong>.<\/p>\n<h2>\u0141adowanie przez USB<\/h2>\n<p>Szczoteczka \u0142adowana jest przez gniazdo USB. Przew\u00f3d zasilaj\u0105cy znajduje si\u0119 w zestawie. Zwracamy jednak uwag\u0119, \u017ce opakowanie <strong>nie zawiera<\/strong> adaptera do gniazda 220 V.<\/p>\n<p><strong>\u0141adowanie szczoteczki turystycznej<\/strong><\/p>\n<p><strong>Szczoteczka <\/strong>posiada <strong>akumulator litowo-jonowy<\/strong>, co zapewnia jej d\u0142ug\u0105 \u017cywotno\u015b\u0107 przy odpowiednim jej traktowaniu. Najlepiej nie doprowadza\u0107 do pe\u0142nego roz\u0142adowania akumulatora i pod\u0142\u0105cza\u0107 szczoteczk\u0119 do pr\u0105du od razu po zasygnalizowaniu przez ni\u0105 potrzeby na\u0142adowania. Pod\u0142\u0105czamy szczoteczk\u0119 tylko na tak d\u0142ugo, jak jest to potrzebne do pe\u0142nego na\u0142adowania akumulatora.<\/p>\n<p>Szczoteczk\u0119 najlepiej jest \u0142adowa\u0107 poprzez <strong>pod\u0142\u0105czenie do laptopa<\/strong> &#8211; wtedy czas \u0142adowania powinien by\u0107 zgodny z podanym w instrukcji obs\u0142ugi. W przypadku wyboru \u0142adowarki przeznaczonej do innego urz\u0105dzenia (na przyk\u0142ad telefonu), nale\u017cy przestrzega\u0107 nast\u0119puj\u0105cych zalece\u0144:<\/p>\n<ul>\n<li>\u0142adowarka 500 mA (ok. 40 minut)<\/li>\n<li>\u0142adowarka 1 A (ok. 20 minut)<\/li>\n<\/ul>\n<p>Nie nale\u017cy u\u017cywa\u0107 \u0142adowarek o wy\u017cszym nat\u0119\u017ceniu ani przewod\u00f3w szybkiego \u0142adowania, poniewa\u017c mo\u017ce to doprowadzi\u0107 do uszkodzenia akumulatora.<\/p>\n<h2><strong>Dlaczego soniczna szczoteczka do z\u0119b\u00f3w to najlepsze urz\u0105dzenie do codziennej piel\u0119gnacji z\u0119b\u00f3w?<\/strong><\/h2>\n<p>Niewiele rzeczy w wygl\u0105dzie cz\u0142owieka przykuwa wzrok bardziej, ni\u017c szeroki i \u015bnie\u017cnobia\u0142y u\u015bmiech. Jednak pi\u0119kny u\u015bmiech to przede wszystkim zdrowy u\u015bmiech.  Aby nigdy nie us\u0142ysze\u0107 od dentysty ma\u0142o przyjemnych s\u0142\u00f3w, takich jak &#8222;paradontoza&#8221;, &#8222;borowanie&#8221; czy &#8222;ubytki&#8221;, niezb\u0119dna jest (opr\u00f3cz regularnych przegl\u0105d\u00f3w) stosowna i codzienna dba\u0142o\u015b\u0107 o higien\u0119 jamy ustnej &#8211; z\u0119by nale\u017cy dok\u0142adnie szczotkowa\u0107 i nitkowa\u0107. Polecane jest te\u017c oczyszczanie j\u0119zyka i p\u0142ukanie jamy ustnej. Ka\u017cdy z nas niby to wie, a jednak problemy z pr\u00f3chnic\u0105 pojawiaj\u0105 si\u0119 u 9 na 10 Polak\u00f3w. To za\u015b oznacza, \u017ce co\u015b robimy \u017ale.<\/p>\n<p>Pomoc\u0105 w zaradzeniu temu problemowi mo\u017ce by\u0107 <strong>szczoteczka elektryczna<\/strong> lub <strong>szczoteczka soniczna<\/strong>. <strong>Szczoteczki elektryczne<\/strong> obecne s\u0105 na rynku od dawna i przez to powszechnie znane, jednak <strong>szczoteczka soniczna<\/strong> to pewne novum. A jak dzia\u0142a<strong> szczoteczka soniczna<\/strong>? Ot\u00f3\u017c dzia\u0142anie jej opiera si\u0119 na po\u0142\u0105czeniu dw\u00f3ch element\u00f3w &#8211; wykonywaniu ruch\u00f3w wymiataj\u0105cych i emitowaniu fal d\u017awi\u0119kowych o wysokiej cz\u0119stotliwo\u015bci.<\/p>\n<p>W\u0142osie urz\u0105dzenia porusza si\u0119 z pr\u0119dko\u015bci\u0105 powy\u017cej 38 000 ruch\u00f3w na minut\u0119. To naprawd\u0119 du\u017co &#8211; w bardziej popularnych szczoteczkach elektrycznych jest to zazwyczaj oko\u0142o 8 000 ruch\u00f3w na minut\u0119. W po\u0142\u0105czeniu z emitowanymi falami d\u017awi\u0119kowymi powoduje to powstanie tzw. aktywnej chmury, o kt\u00f3rej my\u015ble\u0107 mo\u017cna jak o swego rodzaju &#8222;oczyszczaj\u0105cym polu si\u0142owym&#8221;. Jest to obszar rozci\u0105gaj\u0105cy si\u0119 na 3-5 mm od ko\u0144c\u00f3wki w\u0142\u00f3kien i pozwalaj\u0105cy na \u0142atwe i sprawne oczyszczenie trudno dost\u0119pnych miejsc w jamie ustnej.<\/p>\n<p>Co w tym takiego wspania\u0142ego? Ot\u00f3\u017c <strong>szczoteczka soniczna<\/strong> doskonale oczyszcza nie tylko naturalnie trudno dost\u0119pne miejsca w jamie ustnej, takie jak przestrzenie mi\u0119dzy z\u0119bowe, ale r\u00f3wnie\u017c okolice aparat\u00f3w ortodontycznych. \u015awietnie spisuje si\u0119 tak do oczyszczania z\u0119b\u00f3w z resztek pokarmowych, jak i (przy regularnym stosowaniu) z zanieczyszcze\u0144 sta\u0142ych, takich jak kamie\u0144 naz\u0119bny, p\u0142ytka czy osad od kawy i herbaty.<\/p>\n<p>Co r\u00f3wnie istotne, dzi\u0119ki delikatnemu w\u0142osiu i ruchom wymiataj\u0105cym, szczotkowanie uz\u0119bienia <strong>urz\u0105dzeniem sonicznym<\/strong> nie prowadzi do recesji dzi\u0105se\u0142, co jest szczeg\u00f3lnie je\u015bli chcemy zachowa\u0107 pi\u0119kny i naturalny u\u015bmiech na wiele lat, a co wi\u0119cej <strong>szczoteczki soniczne<\/strong> <strong>do z\u0119b\u00f3w<\/strong> mog\u0105 by\u0107 z powodzeniem stosowane przez osoby cierpi\u0105ce na paradontoz\u0119.<\/p>\n","protected":false},"excerpt":{"rendered":"<p>Elektroniczna szczoteczka soniczna do z\u0119b\u00f3w SG-515 to zaawansowany technologicznie produkt do piel\u0119gnacji oraz higieny jamy ustnej. \u0141adowana za pomoc\u0105 z\u0142\u0105cza USB mikro-B, idealna tak do codziennego u\u017cycia jak i w podr\u00f3\u017cy.<br \/>\nOTWARTE OPAKOWANIE<\/p>\n","protected":false},"featured_media":13908,"comment_status":"open","ping_status":"closed","template":"","meta":[],"product_brand":[],"product_cat":[883],"product_tag":[],"class_list":{"0":"post-12163","1":"product","2":"type-product","3":"status-publish","4":"has-post-thumbnail","6":"product_cat-szczoteczki-soniczne","8":"first","9":"outofstock","10":"taxable","11":"shipping-taxable","12":"purchasable","13":"product-type-simple"},"_links":{"self":[{"href":"https:\/\/gltestm.webology.pl\/pl\/wp-json\/wp\/v2\/product\/12163","targetHints":{"allow":["GET"]}}],"collection":[{"href":"https:\/\/gltestm.webology.pl\/pl\/wp-json\/wp\/v2\/product"}],"about":[{"href":"https:\/\/gltestm.webology.pl\/pl\/wp-json\/wp\/v2\/types\/product"}],"replies":[{"embeddable":true,"href":"https:\/\/gltestm.webology.pl\/pl\/wp-json\/wp\/v2\/comments?post=12163"}],"version-history":[{"count":0,"href":"https:\/\/gltestm.webology.pl\/pl\/wp-json\/wp\/v2\/product\/12163\/revisions"}],"wp:featuredmedia":[{"embeddable":true,"href":"https:\/\/gltestm.webology.pl\/pl\/wp-json\/wp\/v2\/media\/13908"}],"wp:attachment":[{"href":"https:\/\/gltestm.webology.pl\/pl\/wp-json\/wp\/v2\/media?parent=12163"}],"wp:term":[{"taxonomy":"product_brand","embeddable":true,"href":"https:\/\/gltestm.webology.pl\/pl\/wp-json\/wp\/v2\/product_brand?post=12163"},{"taxonomy":"product_cat","embeddable":true,"href":"https:\/\/gltestm.webology.pl\/pl\/wp-json\/wp\/v2\/product_cat?post=12163"},{"taxonomy":"product_tag","embeddable":true,"href":"https:\/\/gltestm.webology.pl\/pl\/wp-json\/wp\/v2\/product_tag?post=12163"}],"curies":[{"name":"wp","href":"https:\/\/api.w.org\/{rel}","templated":true}]}}