{"id":12156,"date":"2026-03-18T22:04:55","date_gmt":"2026-03-18T21:04:55","guid":{"rendered":"https:\/\/gltestm.webology.pl\/produkt\/mlynek-do-soli-pieprzu-i-przypraw-lucznik-pm-101-zielony-outlet\/"},"modified":"2026-03-22T22:11:29","modified_gmt":"2026-03-22T21:11:29","slug":"mlynek-do-soli-pieprzu-i-przypraw-lucznik-pm-101-zielony-outlet","status":"publish","type":"product","link":"https:\/\/gltestm.webology.pl\/pl\/produkt\/mlynek-do-soli-pieprzu-i-przypraw-lucznik-pm-101-zielony-outlet\/","title":{"rendered":"M\u0142ynek do soli, pieprzu i przypraw \u0141ucznik PM-101 zielony OUTLET"},"content":{"rendered":"<h2>Outlet<\/h2>\n<ul>\n<li>otwarte opakowanie<\/li>\n<\/ul>\n<h2><strong>M\u0142ynek do soli, pieprzu i przypraw PM101 <\/strong>&#8211; informacje szczeg\u00f3\u0142owe<strong><br \/><\/strong><\/h2>\n<p><strong>M\u0142ynek do soli, pieprzu i przypraw PM101 <\/strong>wyposa\u017cony jest w <strong>ceramiczne \u017carna, <\/strong>kt\u00f3rych prac\u0119 mo\u017cna regulowa\u0107, dowolnie zmniejszaj\u0105c b\u0105d\u017a zwi\u0119kszaj\u0105c grubo\u015b\u0107 zmielenia przyprawy.<\/p>\n<p>Soczy\u015bcie zielony kolor <strong>m\u0142ynka PM 101<\/strong> wprowadza \u015bwie\u017cy, pozytywny akcent do pomieszczenia, a jego matowa, mi\u0142a w dotyku obudowa sprawia, \u017ce korzystanie z niego jest prawdziw\u0105 przyjemno\u015bci\u0105.<\/p>\n<p><strong>M\u0142ynek<\/strong> jest idealny do mielenia soli, pieprzu, kolendry oraz innych przypraw.<strong> Dost\u0119pny w r\u00f3\u017cnych kolorach: <\/strong>pomara\u0144czowym, \u017c\u00f3\u0142tym, r\u00f3\u017cowym, niebieskim, czerwonym, bia\u0142ym, czarnym, waniliowym, czekoladowym oraz fioletowym. <\/p>\n","protected":false},"excerpt":{"rendered":"<p>M\u0142ynek do soli, pieprzu i przypraw PM101 doskonale nadaje si\u0119 do mielenia soli, pieprzu, kolendry oraz innych przypraw. M\u0142ynek jest dost\u0119pny w r\u00f3\u017cnych kolorach i posiada ceramiczny mechanizm z regulacj\u0105 grubo\u015bci mielenia<br \/>\nOtwarte opakowanie<\/p>\n","protected":false},"featured_media":13267,"comment_status":"open","ping_status":"closed","template":"","meta":[],"product_brand":[],"product_cat":[823],"product_tag":[],"class_list":{"0":"post-12156","1":"product","2":"type-product","3":"status-publish","4":"has-post-thumbnail","6":"product_cat-mlynki","8":"first","9":"instock","10":"taxable","11":"shipping-taxable","12":"purchasable","13":"product-type-simple"},"_links":{"self":[{"href":"https:\/\/gltestm.webology.pl\/pl\/wp-json\/wp\/v2\/product\/12156","targetHints":{"allow":["GET"]}}],"collection":[{"href":"https:\/\/gltestm.webology.pl\/pl\/wp-json\/wp\/v2\/product"}],"about":[{"href":"https:\/\/gltestm.webology.pl\/pl\/wp-json\/wp\/v2\/types\/product"}],"replies":[{"embeddable":true,"href":"https:\/\/gltestm.webology.pl\/pl\/wp-json\/wp\/v2\/comments?post=12156"}],"version-history":[{"count":0,"href":"https:\/\/gltestm.webology.pl\/pl\/wp-json\/wp\/v2\/product\/12156\/revisions"}],"wp:featuredmedia":[{"embeddable":true,"href":"https:\/\/gltestm.webology.pl\/pl\/wp-json\/wp\/v2\/media\/13267"}],"wp:attachment":[{"href":"https:\/\/gltestm.webology.pl\/pl\/wp-json\/wp\/v2\/media?parent=12156"}],"wp:term":[{"taxonomy":"product_brand","embeddable":true,"href":"https:\/\/gltestm.webology.pl\/pl\/wp-json\/wp\/v2\/product_brand?post=12156"},{"taxonomy":"product_cat","embeddable":true,"href":"https:\/\/gltestm.webology.pl\/pl\/wp-json\/wp\/v2\/product_cat?post=12156"},{"taxonomy":"product_tag","embeddable":true,"href":"https:\/\/gltestm.webology.pl\/pl\/wp-json\/wp\/v2\/product_tag?post=12156"}],"curies":[{"name":"wp","href":"https:\/\/api.w.org\/{rel}","templated":true}]}}