{"id":12150,"date":"2026-03-18T22:04:54","date_gmt":"2026-03-18T21:04:54","guid":{"rendered":"https:\/\/gltestm.webology.pl\/produkt\/stopka-do-patchworku-z-prowadnikiem\/"},"modified":"2026-03-18T22:27:32","modified_gmt":"2026-03-18T21:27:32","slug":"stopka-do-patchworku-z-prowadnikiem","status":"publish","type":"product","link":"https:\/\/gltestm.webology.pl\/pl\/produkt\/stopka-do-patchworku-z-prowadnikiem\/","title":{"rendered":"Stopka do patchworku z prowadnikiem"},"content":{"rendered":"<h2>Stopka do patchworku z prowadnikiem<\/h2>\n<p><span>Stopka do patchworku z <strong>prowadnikiem<\/strong> 1\/4 cala to narz\u0119dzie idealne do  \u0142\u0105czenia tkanin. Jej <strong>nisko osadzony<\/strong>, <strong>spr\u0119\u017cysty<\/strong> <strong>prowadnik<\/strong> precyzyjnie prowadzi stopk\u0119 <strong>tu\u017c przy kraw\u0119dzi tkaniny<\/strong>, zapewniaj\u0105c <strong>r\u00f3wno\u015b\u0107<\/strong> szwu i <strong>doskona\u0142e<\/strong> dopasowanie do r\u00f3\u017cnych grubo\u015bci materia\u0142\u00f3w. Dzi\u0119ki tej stopce mo\u017cemy po\u0142\u0105czy\u0107 ze sob\u0105 <strong>kilka warstw materia\u0142\u00f3w<\/strong>, niezale\u017cnie od tego, czy chcemy to zrobi\u0107 <strong>na zak\u0142adk\u0119<\/strong> czy metod\u0105 &#8222;<strong>na styk<\/strong>&#8222;.<\/span><\/p>\n<h2>System szybkiego mocowania MATIC<\/h2>\n<div>Stopka pasuje do wszystkich maszyn \u0141ucznik z obecnej z oferty sprzeda\u017cowej. Stopka przeznaczona do wi\u0119kszo\u015bci domowych maszyn do szycia z uchwytem szybkomocuj\u0105cym <a href=\"https:\/\/galerialucznik.pl\/search.php?text=matic\" target=\"_blank\" rel=\"noopener\"><strong>MATIC<\/strong><\/a>. Do starszych maszyn, kt\u00f3re nie posiadaj\u0105 <strong><a href=\"https:\/\/galerialucznik.pl\/search.php?text=matic\" target=\"_blank\" rel=\"noopener\">uchwytu<\/a> <\/strong>zatrzaskowego konieczne jest jego zamontowanie.<\/div>\n<h2><strong>Przyk\u0142adowe<\/strong><strong> maszyny do kt\u00f3rych pasuje stopka<\/strong><\/h2>\n<ul>\n<li><strong>\u0141ucznik<\/strong>: wszystkie maszyny z aktualnej oferty sprzeda\u017cowej, takie jak Ewa 2014, Teresa, <a>Polonia 2018, <\/a><a>Zofia II 2015, <\/a><a>Helena 2060, <\/a><a>Marilyn 2018 HD, <\/a>Kornelia 2005 i inne.<\/li>\n<li><strong>\u0141ucznik<\/strong>: 884, 827, 877, 814, 864, 834, 833, 838 &#8211; <strong><a href=\"https:\/\/galerialucznik.pl\/pl\/products\/czesci-i-akcesoria\/stopki-i-lamowniki\/uchwyty-do-stopek\/uchwyt-matic-typ-niski-576.html\" target=\"_blank\" rel=\"noopener\">tylko z niskim uchwytem Matic.<\/a><\/strong><\/li>\n<li><strong>\u0141ucznik<\/strong> kl. 400 &#8211; <strong><a href=\"https:\/\/galerialucznik.pl\/pl\/products\/czesci-i-akcesoria\/stopki-i-lamowniki\/uchwyty-do-stopek\/uchwyt-matic-typ-wysoki-577.html\" target=\"_blank\" rel=\"noopener\">tylko z wysokim uchwytem Matic.<\/a><\/strong><\/li>\n<li><strong>Singer<\/strong>: 4411 HEAVY DUTY, 4423 HEAVY DUTY, 3221, Brilliance 6180, C44 i inne.<\/li>\n<li><strong>Singer<\/strong>: 814, 833, 518, 514 &#8211; <strong><a href=\"https:\/\/galerialucznik.pl\/pl\/products\/czesci-i-akcesoria\/stopki-i-lamowniki\/uchwyty-do-stopek\/uchwyt-matic-typ-niski-576.html\" target=\"_blank\" rel=\"noopener\">tylko z niskim uchwytem Matic<\/a><\/strong><\/li>\n<li><strong>Janome<\/strong> z chwytaczem wahad\u0142owym: 393, 415, 419S, E1015, JUNO J15, SAKURA 95 i inne.<\/li>\n<li><strong>Elna<\/strong> z chwytaczem wahad\u0142owym: 160, 220, 3210 Jeans, 560 i inne.<\/li>\n<li><strong>Brother<\/strong>: NV-10, NV-35, NV-1250, 1100, 1800, VQ2, DS-140 i inne<\/li>\n<li><strong>Juki<\/strong>: HZL-27Z, 353, F400, F600 i inne<\/li>\n<li><strong>Minerva<\/strong>: B32, 250C, Decor Professional, Experience 1000 i inne.<\/li>\n<li><strong>Toyota<\/strong> z chwytaczem wahad\u0142owym oraz rotacyjnym: 21DES, SPA15R, SUPER JEANS 26, QUILT226, SPA34, JFS18<\/li>\n<\/ul>\n<p>Zawsze wykonaj <strong>szycie pr\u00f3bne<\/strong> przed tym w\u0142a\u015bciwym.<\/p>\n","protected":false},"excerpt":{"rendered":"<p>Stopka do szycia patchwork\u00f3w i pikowania. U\u0142atwia szycie patchwork\u00f3w oraz \u0142\u0105czenia tkanin przy u\u017cyciu \u015bciegu  prostego (stebnowania).<\/p>\n","protected":false},"featured_media":13356,"comment_status":"open","ping_status":"closed","template":"","meta":[],"product_brand":[],"product_cat":[448],"product_tag":[],"class_list":{"0":"post-12150","1":"product","2":"type-product","3":"status-publish","4":"has-post-thumbnail","6":"product_cat-stopki-do-maszyn","8":"first","9":"instock","10":"taxable","11":"shipping-taxable","12":"purchasable","13":"product-type-simple"},"_links":{"self":[{"href":"https:\/\/gltestm.webology.pl\/pl\/wp-json\/wp\/v2\/product\/12150","targetHints":{"allow":["GET"]}}],"collection":[{"href":"https:\/\/gltestm.webology.pl\/pl\/wp-json\/wp\/v2\/product"}],"about":[{"href":"https:\/\/gltestm.webology.pl\/pl\/wp-json\/wp\/v2\/types\/product"}],"replies":[{"embeddable":true,"href":"https:\/\/gltestm.webology.pl\/pl\/wp-json\/wp\/v2\/comments?post=12150"}],"version-history":[{"count":0,"href":"https:\/\/gltestm.webology.pl\/pl\/wp-json\/wp\/v2\/product\/12150\/revisions"}],"wp:featuredmedia":[{"embeddable":true,"href":"https:\/\/gltestm.webology.pl\/pl\/wp-json\/wp\/v2\/media\/13356"}],"wp:attachment":[{"href":"https:\/\/gltestm.webology.pl\/pl\/wp-json\/wp\/v2\/media?parent=12150"}],"wp:term":[{"taxonomy":"product_brand","embeddable":true,"href":"https:\/\/gltestm.webology.pl\/pl\/wp-json\/wp\/v2\/product_brand?post=12150"},{"taxonomy":"product_cat","embeddable":true,"href":"https:\/\/gltestm.webology.pl\/pl\/wp-json\/wp\/v2\/product_cat?post=12150"},{"taxonomy":"product_tag","embeddable":true,"href":"https:\/\/gltestm.webology.pl\/pl\/wp-json\/wp\/v2\/product_tag?post=12150"}],"curies":[{"name":"wp","href":"https:\/\/api.w.org\/{rel}","templated":true}]}}