{"id":12149,"date":"2026-03-18T22:04:53","date_gmt":"2026-03-18T21:04:53","guid":{"rendered":"https:\/\/gltestm.webology.pl\/produkt\/stopka-do-patchworku-z-podzialka\/"},"modified":"2026-03-18T22:27:32","modified_gmt":"2026-03-18T21:27:32","slug":"stopka-do-patchworku-z-podzialka","status":"publish","type":"product","link":"https:\/\/gltestm.webology.pl\/pl\/produkt\/stopka-do-patchworku-z-podzialka\/","title":{"rendered":"Stopka do patchworku z podzia\u0142k\u0105"},"content":{"rendered":"<h2>Stopka do patchworku <\/h2>\n<p>Ta stopka jest <strong>niezast\u0105pionym narz\u0119dziem<\/strong> w \u015bwiecie szycia <strong>patchwork\u00f3w<\/strong>. Jej g\u0142\u00f3wnym celem jest <strong>u\u0142atwienie \u0142\u0105czenia ze sob\u0105 r\u00f3\u017cnych tkanin<\/strong> oraz zszywanie ich w <strong>precyzyjne szwy<\/strong>. <\/p>\n<h2>Podzia\u0142ka<\/h2>\n<p>Na stopce znajduj\u0105 si\u0119 <strong>linijki<\/strong>, kt\u00f3re stanowi\u0105 <strong>punkt odniesienia<\/strong> podczas szycia. Te linijki u\u0142atwiaj\u0105 utrzymanie r\u00f3wno\u015bci szwu, co jest niezwykle istotne przy pracy nad patchworkiem, gdzie dok\u0142adno\u015b\u0107 jest kluczowa. Dzi\u0119ki tym linijkom mo\u017cna szybko i \u0142atwo dostosowa\u0107 pozycj\u0119 tkanin podczas szycia, aby uzyska\u0107 <strong>idealnie dopasowane szwy<\/strong>.<\/p>\n<h2>Specjalny kszta\u0142t<\/h2>\n<p><strong>Kszta\u0142t stopki<\/strong> r\u00f3wnie\u017c pe\u0142ni istotn\u0105 rol\u0119. Jest on specjalnie zaprojektowany, aby zapewni\u0107 <strong>doskona\u0142y szew<\/strong>. Dzi\u0119ki temu kszta\u0142towi stopki, materia\u0142 jest <strong>odpowiednio dociskany<\/strong>, co sprawia, \u017ce szew jest <strong>r\u00f3wny<\/strong> i <strong>estetyczny<\/strong>.<\/p>\n<p>To optymalne dociskanie materia\u0142u jest kluczowe, szczeg\u00f3lnie podczas \u0142\u0105czenia <strong>cienkich<\/strong> lub <strong>elastycznych<\/strong> tkanin, kt\u00f3re mog\u0105 \u0142atwo si\u0119 przesuwa\u0107 podczas szycia.<\/p>\n<h2>Dwie kraw\u0119dzie szycia 1\/4 i 1\/8 cala<\/h2>\n<p>Stopka do patchworku ma tak\u017ce<strong> dwie r\u00f3\u017cne kraw\u0119dzie szycia<\/strong>: <strong>1\/4 cala<\/strong> oraz <strong>1\/8 cala<\/strong>. Te oznaczenia pomagaj\u0105 w utrzymaniu <strong>odpowiedniego odst\u0119pu od kraw\u0119dzi tkanin,<\/strong> co jest niezwykle wa\u017cne przy tworzeniu patchworkowych blok\u00f3w i wzor\u00f3w.<\/p>\n<p>Dzi\u0119ki tym kraw\u0119dziom mo\u017cna precyzyjnie kontrolowa\u0107 odleg\u0142o\u015b\u0107 od szwu do kraw\u0119dzi tkaniny, co prowadzi do idealnie wymiarowanych element\u00f3w patchworku.<\/p>\n<h2>System szybkiego mocowania MATIC<\/h2>\n<div>Stopka pasuje do wszystkich maszyn \u0141ucznik z obecnej z oferty sprzeda\u017cowej. Stopka przeznaczona do wi\u0119kszo\u015bci domowych maszyn do szycia z uchwytem szybkomocuj\u0105cym <a href=\"https:\/\/galerialucznik.pl\/search.php?text=matic\" target=\"_blank\" rel=\"noopener\"><strong>MATIC<\/strong><\/a>. Do starszych maszyn, kt\u00f3re nie posiadaj\u0105 <strong><a href=\"https:\/\/galerialucznik.pl\/search.php?text=matic\" target=\"_blank\" rel=\"noopener\">uchwytu<\/a> <\/strong>zatrzaskowego konieczne jest jego zamontowanie.<\/div>\n<h2><strong>Przyk\u0142adowe<\/strong><strong> maszyny do kt\u00f3rych pasuje stopka<\/strong><\/h2>\n<ul>\n<li><strong>\u0141ucznik<\/strong>: wszystkie maszyny z aktualnej oferty sprzeda\u017cowej, takie jak Ewa 2014, Teresa, <a>Polonia 2018, <\/a><a>Zofia II 2015, <\/a><a>Helena 2060, <\/a><a>Marilyn 2018 HD, <\/a>Kornelia 2005 i inne.<\/li>\n<li><strong>\u0141ucznik<\/strong>: 884, 827, 877, 814, 864, 834, 833, 838 &#8211; <strong><a href=\"https:\/\/galerialucznik.pl\/pl\/products\/czesci-i-akcesoria\/stopki-i-lamowniki\/uchwyty-do-stopek\/uchwyt-matic-typ-niski-576.html\" target=\"_blank\" rel=\"noopener\">tylko z niskim uchwytem Matic.<\/a><\/strong><\/li>\n<li><strong>\u0141ucznik<\/strong> kl. 400 &#8211; <strong><a href=\"https:\/\/galerialucznik.pl\/pl\/products\/czesci-i-akcesoria\/stopki-i-lamowniki\/uchwyty-do-stopek\/uchwyt-matic-typ-wysoki-577.html\" target=\"_blank\" rel=\"noopener\">tylko z wysokim uchwytem Matic.<\/a><\/strong><\/li>\n<li><strong>Singer<\/strong>: 4411 HEAVY DUTY, 4423 HEAVY DUTY, 3221, Brilliance 6180, C44 i inne.<\/li>\n<li><strong>Singer<\/strong>: 814, 833, 518, 514 &#8211; <strong><a href=\"https:\/\/galerialucznik.pl\/pl\/products\/czesci-i-akcesoria\/stopki-i-lamowniki\/uchwyty-do-stopek\/uchwyt-matic-typ-niski-576.html\" target=\"_blank\" rel=\"noopener\">tylko z niskim uchwytem Matic<\/a><\/strong><\/li>\n<li><strong>Janome<\/strong> z chwytaczem wahad\u0142owym: 393, 415, 419S, E1015, JUNO J15, SAKURA 95 i inne.<\/li>\n<li><strong>Elna<\/strong> z chwytaczem wahad\u0142owym: 160, 220, 3210 Jeans, 560 i inne.<\/li>\n<li><strong>Brother<\/strong>: NV-10, NV-35, NV-1250, 1100, 1800, VQ2, DS-140 i inne<\/li>\n<li><strong>Juki<\/strong>: HZL-27Z, 353, F400, F600 i inne<\/li>\n<li><strong>Minerva<\/strong>: B32, 250C, Decor Professional, Experience 1000 i inne.<\/li>\n<li><strong>Toyota<\/strong> z chwytaczem wahad\u0142owym oraz rotacyjnym: 21DES, SPA15R, SUPER JEANS 26, QUILT226, SPA34, JFS18<\/li>\n<\/ul>\n<p>Zawsze wykonaj <strong>szycie pr\u00f3bne<\/strong> przed tym w\u0142a\u015bciwym.<\/p>\n","protected":false},"excerpt":{"rendered":"<p>Stopka do szycia patchwork\u00f3w i pikowania. U\u0142atwia szycie patchwork\u00f3w oraz \u0142\u0105czenia tkanin przy u\u017cyciu \u015bciegu  prostego (stebnowania).<\/p>\n","protected":false},"featured_media":14554,"comment_status":"open","ping_status":"closed","template":"","meta":[],"product_brand":[],"product_cat":[448],"product_tag":[],"class_list":{"0":"post-12149","1":"product","2":"type-product","3":"status-publish","4":"has-post-thumbnail","6":"product_cat-stopki-do-maszyn","8":"first","9":"instock","10":"taxable","11":"shipping-taxable","12":"purchasable","13":"product-type-simple"},"_links":{"self":[{"href":"https:\/\/gltestm.webology.pl\/pl\/wp-json\/wp\/v2\/product\/12149","targetHints":{"allow":["GET"]}}],"collection":[{"href":"https:\/\/gltestm.webology.pl\/pl\/wp-json\/wp\/v2\/product"}],"about":[{"href":"https:\/\/gltestm.webology.pl\/pl\/wp-json\/wp\/v2\/types\/product"}],"replies":[{"embeddable":true,"href":"https:\/\/gltestm.webology.pl\/pl\/wp-json\/wp\/v2\/comments?post=12149"}],"version-history":[{"count":0,"href":"https:\/\/gltestm.webology.pl\/pl\/wp-json\/wp\/v2\/product\/12149\/revisions"}],"wp:featuredmedia":[{"embeddable":true,"href":"https:\/\/gltestm.webology.pl\/pl\/wp-json\/wp\/v2\/media\/14554"}],"wp:attachment":[{"href":"https:\/\/gltestm.webology.pl\/pl\/wp-json\/wp\/v2\/media?parent=12149"}],"wp:term":[{"taxonomy":"product_brand","embeddable":true,"href":"https:\/\/gltestm.webology.pl\/pl\/wp-json\/wp\/v2\/product_brand?post=12149"},{"taxonomy":"product_cat","embeddable":true,"href":"https:\/\/gltestm.webology.pl\/pl\/wp-json\/wp\/v2\/product_cat?post=12149"},{"taxonomy":"product_tag","embeddable":true,"href":"https:\/\/gltestm.webology.pl\/pl\/wp-json\/wp\/v2\/product_tag?post=12149"}],"curies":[{"name":"wp","href":"https:\/\/api.w.org\/{rel}","templated":true}]}}