{"id":12142,"date":"2026-03-18T22:04:52","date_gmt":"2026-03-18T21:04:52","guid":{"rendered":"https:\/\/gltestm.webology.pl\/produkt\/elektryczny-pilnik-do-stop-lucznik-at-15-outlet\/"},"modified":"2026-03-22T22:11:29","modified_gmt":"2026-03-22T21:11:29","slug":"elektryczny-pilnik-do-stop-lucznik-at-15-outlet","status":"publish","type":"product","link":"https:\/\/gltestm.webology.pl\/pl\/produkt\/elektryczny-pilnik-do-stop-lucznik-at-15-outlet\/","title":{"rendered":"Elektryczny pilnik do st\u00f3p \u0141ucznik AT-15 OUTLET"},"content":{"rendered":"<h2>Outlet<\/h2>\n<ul>\n<li>uszkodzone opakowanie<\/li>\n<\/ul>\n<h2><strong>Elektryczny pilnik do st\u00f3p AT-15<\/strong><\/h2>\n<p>Zadbane stopy pi\u0119knie prezentuj\u0105ce si\u0119 w letnich sanda\u0142ach to atrybut ka\u017cdej eleganckiej kobiety. <strong>Pilnik do st\u00f3p AT-15<\/strong> znacznie u\u0142atwia proces wykonywania pedicure w domowym zaciszu. Szybkie obroty pozwalaj\u0105 na bezwysi\u0142kowy, komfortowy peeling, zbli\u017cony do sposobu oczyszczania sk\u00f3ry w profesjonalnym salonie kosmetycznym. Specjalne ko\u0144c\u00f3wki peelinguj\u0105ce skutecznie usuwaj\u0105 martwy nask\u00f3rek pozostawiaj\u0105c sk\u00f3r\u0119 aksamitnie g\u0142adk\u0105 i przygotowuj\u0105c j\u0105 do dalszych zabieg\u00f3w piel\u0119gnacyjnych.<\/p>\n<p><strong>Pilnik do st\u00f3p AT-15<\/strong> bardzo dobrze sprawdza si\u0119 r\u00f3wnie\u017c przy leczeniu r\u00f3\u017cnego rodzaju dolegliwo\u015bci pi\u0119t &#8211; wystarczy kilka minut dziennie, aby stopy sta\u0142y si\u0119 g\u0142adkie i delikatne jak nigdy dot\u0105d.<\/p>\n<h2>Najwa\u017cniejsze cechy<\/h2>\n<ul>\n<li>Usuwa <strong>zrogowacia\u0142y nask\u00f3rek<\/strong><\/li>\n<li><strong>Pr\u0119dko\u015b\u0107<\/strong> obrot\u00f3w rolki pilinguj\u0105cej to <strong>30 razy na sekund\u0119!<\/strong><\/li>\n<li>Rolki pokryte <strong>mikrogranulkami<\/strong><\/li>\n<li><strong>Wodoodporna konstrukcja pilnika i rolek<\/strong><\/li>\n<li>Zasilanie akumulatorowe (\u0142adowarka do\u0142\u0105czona do zestawu)<\/li>\n<li>Akcesoria: <strong>2 wymienne rolki<\/strong>, szczoteczka, \u0142adowarka, instrukcja obs\u0142ugi w j\u0119zyku polskim<\/li>\n<\/ul>\n<h2>Informacje szczeg\u00f3\u0142owe o produkcie<\/h2>\n<p><strong>Elektryczny pilnik do st\u00f3p AT-15 <\/strong>to rewolucyjna i szybka metoda usuwania stwardnia\u0142ego nask\u00f3rka dzi\u0119ki <strong>pokrytym mikro-granulkami rolkom<\/strong>, kt\u00f3re <strong>obracaj\u0105 si\u0119 a\u017c 30 razy na sekund\u0119. <\/strong>Ponadto jest to bardzo bezpieczna metoda, gdy\u017c w przeciwie\u0144stwie do <strong>metalowych tarek <\/strong>lub innych urz\u0105dze\u0144 nie kaleczy st\u00f3p. <strong>Pilnik do st\u00f3p AT-15<\/strong> ma wygodny, ergonomiczny kszta\u0142t oraz zasilanie akumulatorowe, kt\u00f3re wystarcza na <strong>30 minut<\/strong> ci\u0105g\u0142ej pracy urz\u0105dzenia. W przypadku <span>wyczerpania akumulatora pilnik mo\u017ce by\u0107 zasilany przewodowo. Po sko\u0144czonym zabiegu zalecamy zostawi\u0107 pilnik pod\u0142\u0105czony do \u0142adowarki w celu pe\u0142nego na\u0142adowania.<\/span><\/p>\n<p>Pilnik u\u017cywany regularnie zapewnia<strong> perfekcyjny wygl\u0105d<\/strong> <strong>st\u00f3p<\/strong>, dzi\u0119ki czemu bez chwili wahania zaprezentujesz je na pla\u017cy b\u0105d\u017a basenie. Pude\u0142ko zawiera \u0142adowark\u0119, szczoteczk\u0119 do czyszczenie rolek oraz <a href=\"https:\/\/galerialucznik.pl\/product-pol-377-Wymienne-rolki-do-pilnika-do-stop-AT14A-i-AT15.html\" target=\"_blank\" rel=\"noopener\"><strong>dwie wymienne rolki<\/strong><\/a>, kt\u00f3re mo\u017cna my\u0107 pod wod\u0105.<\/p>\n","protected":false},"excerpt":{"rendered":"<p>Pilnik do st\u00f3p AT15 ma wygodny ergonomiczny kszta\u0142t oraz zasilanie akumulatorowe.<\/p>\n","protected":false},"featured_media":14508,"comment_status":"open","ping_status":"closed","template":"","meta":[],"product_brand":[],"product_cat":[893],"product_tag":[],"class_list":{"0":"post-12142","1":"product","2":"type-product","3":"status-publish","4":"has-post-thumbnail","6":"product_cat-pilniki-i-frezarki-do-stop","8":"first","9":"outofstock","10":"taxable","11":"shipping-taxable","12":"purchasable","13":"product-type-simple"},"_links":{"self":[{"href":"https:\/\/gltestm.webology.pl\/pl\/wp-json\/wp\/v2\/product\/12142","targetHints":{"allow":["GET"]}}],"collection":[{"href":"https:\/\/gltestm.webology.pl\/pl\/wp-json\/wp\/v2\/product"}],"about":[{"href":"https:\/\/gltestm.webology.pl\/pl\/wp-json\/wp\/v2\/types\/product"}],"replies":[{"embeddable":true,"href":"https:\/\/gltestm.webology.pl\/pl\/wp-json\/wp\/v2\/comments?post=12142"}],"version-history":[{"count":0,"href":"https:\/\/gltestm.webology.pl\/pl\/wp-json\/wp\/v2\/product\/12142\/revisions"}],"wp:featuredmedia":[{"embeddable":true,"href":"https:\/\/gltestm.webology.pl\/pl\/wp-json\/wp\/v2\/media\/14508"}],"wp:attachment":[{"href":"https:\/\/gltestm.webology.pl\/pl\/wp-json\/wp\/v2\/media?parent=12142"}],"wp:term":[{"taxonomy":"product_brand","embeddable":true,"href":"https:\/\/gltestm.webology.pl\/pl\/wp-json\/wp\/v2\/product_brand?post=12142"},{"taxonomy":"product_cat","embeddable":true,"href":"https:\/\/gltestm.webology.pl\/pl\/wp-json\/wp\/v2\/product_cat?post=12142"},{"taxonomy":"product_tag","embeddable":true,"href":"https:\/\/gltestm.webology.pl\/pl\/wp-json\/wp\/v2\/product_tag?post=12142"}],"curies":[{"name":"wp","href":"https:\/\/api.w.org\/{rel}","templated":true}]}}