{"id":12141,"date":"2026-03-18T22:04:52","date_gmt":"2026-03-18T21:04:52","guid":{"rendered":"https:\/\/gltestm.webology.pl\/produkt\/blender-reczny-lucznik-jk-200-c-outlet\/"},"modified":"2026-03-22T21:56:06","modified_gmt":"2026-03-22T20:56:06","slug":"blender-reczny-lucznik-jk-200-c-outlet","status":"publish","type":"product","link":"https:\/\/gltestm.webology.pl\/pl\/produkt\/blender-reczny-lucznik-jk-200-c-outlet\/","title":{"rendered":"Blender r\u0119czny \u0141ucznik JK-200 C OUTLET"},"content":{"rendered":"<h2><strong>Outlet<\/strong><\/h2>\n<ul>\n<li>uszkodzone opakowanie<\/li>\n<\/ul>\n<h2><strong>Blender r\u0119czny JK-200 C<\/strong><\/h2>\n<p><strong>Blender r\u0119czny <\/strong>to do\u015b\u0107 proste urz\u0105dzenie, kt\u00f3re jest w stanie zaspokoi\u0107 przer\u00f3\u017cne potrzeby: od tworzenia przepysznych <strong>koktajli<\/strong>, a tak\u017ce <strong>zup-krem\u00f3w <\/strong>po przygotowanie <strong>zdrowych past<\/strong>, np. z soczewicy, kt\u00f3re mo\u017cesz potem nak\u0142ada\u0107 na ulubione pieczywo. Oczywi\u015bcie mo\u017cliwo\u015bci s\u0105 wi\u0119ksze. Wszystko zale\u017cy od Ciebie i Twojej inwencji tw\u00f3rczej w kuchni. Tak naprawd\u0119 nie potrzeba nawet przepisu, by stworzy\u0107 wspania\u0142e i przepyszne jedzenie. Wystarcz\u0105 warzywa i owoce wed\u0142ug Twojego upodobania, natomiast Tw\u00f3j nowy <strong>blender <\/strong>wykona za Ciebie wi\u0119kszo\u015b\u0107 pracy.<\/p>\n<h2><strong>Blender r\u0119czny \u0141ucznik JK-200 C <\/strong><\/h2>\n<p><strong>Blender JK200C<\/strong> charakteryzuje si\u0119 <strong>nowoczesnym<\/strong> <strong>wzornictwem<\/strong>, kt\u00f3re wyr\u00f3\u017cnia go na tle innych akcesori\u00f3w kuchennych, mi\u0142\u0105 dla oka kolorystyk\u0105, <strong>cich\u0105 prac\u0105<\/strong> nie sprawiaj\u0105c\u0105 k\u0142opotu domownikom oraz \u0142atwo\u015bci\u0105 u\u017cytkowania.<\/p>\n<p><strong>Najwa\u017cniejsze cechy:<\/strong><\/p>\n<ul>\n<li>blender r\u0119czny<\/li>\n<li>ostrze ze stali nierdzewnej (INOX)<\/li>\n<li><strong>\u0142atwy do czyszczenia<\/strong><\/li>\n<li>moc <strong>200 W<\/strong><\/li>\n<li>obudowa wykonana z<strong> wytrzyma\u0142ego<\/strong><strong> tworzywa<\/strong><\/li>\n<\/ul>\n<h2>Korzy\u015bci zdrowotne<\/h2>\n<p><strong>Blender<\/strong> jest Twoim niezb\u0119dnikiem przy trzymaniu si\u0119 <strong>zdrowej diety<\/strong>. Po\u017cywne i smaczne potrawy, kt\u00f3re <strong>b\u0142yskawicznie <\/strong>przygotujesz za pomoc\u0105 <strong>blendera r\u0119cznego <\/strong>b\u0119d\u0105 mia\u0142y w sobie ogromne ilo\u015bci <strong>w<\/strong><strong>itamin<\/strong> <strong>i minera\u0142\u00f3w<\/strong>, kt\u00f3re wp\u0142yn\u0105 pozytywnie na Twoje cia\u0142o. Dzi\u0119ki tak przygotowanym posi\u0142kom <strong>stracisz nadmiarowe kilogramy<\/strong> oraz <strong>zyskasz spokojniejszy i bardziej regeneruj\u0105cy sen<\/strong>. <\/p>\n<h2><strong>Blender r\u0119czny JK-200 C<\/strong><\/h2>\n<p><strong>Blender JK-200 C<\/strong> charakteryzuje si\u0119 <strong>nowoczesnym<\/strong> <strong>wzornictwem<\/strong>, kt\u00f3re wyr\u00f3\u017cnia go na tle innych akcesori\u00f3w kuchennych, mi\u0142\u0105 dla oka kolorystyk\u0105, <strong>cich\u0105 prac\u0105<\/strong> nie sprawiaj\u0105c\u0105 k\u0142opotu domownikom oraz \u0142atwo\u015bci\u0105 u\u017cytkowania. Lekka obudowa z plastikow\u0105, wyjmowan\u0105 ko\u0144c\u00f3wk\u0105 jest \u0142atwa w czyszczeniu, a jej ergonomiczny kszta\u0142t zapewnia wygodny i pewny chwyt podczas pracy.<\/p>\n<p><span>Ostrza <strong>blendera<\/strong> wykonane zosta\u0142y z metalu, dzi\u0119ki czemu urz\u0105dzenie <\/span>idealnie spisze si\u0119 przy przygotowywaniu <strong>sos\u00f3w<\/strong>, <strong>zup-krem\u00f3w<\/strong>, <strong>smoothies<\/strong>, <strong>drink\u00f3w<\/strong> czy <strong>po\u017cywnych posi\u0142k\u00f3w dla niemowl\u0105t<\/strong>. Mo\u017cesz nim tak\u017ce rozdrabnia\u0107 mi\u0119kkie owoce i warzywa, a tak\u017ce <strong>pasty<\/strong>, <strong>zio\u0142a<\/strong>, <strong>mi\u0119so<\/strong>, <strong>orzechy<\/strong>, <strong>ser<\/strong>, <strong>jajka gotowane na twardo<\/strong> oraz <strong>cebul\u0119<\/strong>.<\/p>\n","protected":false},"excerpt":{"rendered":"<p>Blender r\u0119czny o mocy 200W ma metalowe ostrza. Jest bardzo przydatny w procesie utrzymania zdrowej diety. Dzi\u0119ki niemu zadbasz o zdrowie i urod\u0119. Blender JK-200 C charakteryzuje si\u0119 nowoczesnym wzornictwem.<br \/>\nUszkodzone opakowanie<\/p>\n","protected":false},"featured_media":14177,"comment_status":"open","ping_status":"closed","template":"","meta":[],"product_brand":[],"product_cat":[838],"product_tag":[],"class_list":{"0":"post-12141","1":"product","2":"type-product","3":"status-publish","4":"has-post-thumbnail","6":"product_cat-blendery","8":"first","9":"instock","10":"taxable","11":"shipping-taxable","12":"purchasable","13":"product-type-simple"},"_links":{"self":[{"href":"https:\/\/gltestm.webology.pl\/pl\/wp-json\/wp\/v2\/product\/12141","targetHints":{"allow":["GET"]}}],"collection":[{"href":"https:\/\/gltestm.webology.pl\/pl\/wp-json\/wp\/v2\/product"}],"about":[{"href":"https:\/\/gltestm.webology.pl\/pl\/wp-json\/wp\/v2\/types\/product"}],"replies":[{"embeddable":true,"href":"https:\/\/gltestm.webology.pl\/pl\/wp-json\/wp\/v2\/comments?post=12141"}],"version-history":[{"count":0,"href":"https:\/\/gltestm.webology.pl\/pl\/wp-json\/wp\/v2\/product\/12141\/revisions"}],"wp:featuredmedia":[{"embeddable":true,"href":"https:\/\/gltestm.webology.pl\/pl\/wp-json\/wp\/v2\/media\/14177"}],"wp:attachment":[{"href":"https:\/\/gltestm.webology.pl\/pl\/wp-json\/wp\/v2\/media?parent=12141"}],"wp:term":[{"taxonomy":"product_brand","embeddable":true,"href":"https:\/\/gltestm.webology.pl\/pl\/wp-json\/wp\/v2\/product_brand?post=12141"},{"taxonomy":"product_cat","embeddable":true,"href":"https:\/\/gltestm.webology.pl\/pl\/wp-json\/wp\/v2\/product_cat?post=12141"},{"taxonomy":"product_tag","embeddable":true,"href":"https:\/\/gltestm.webology.pl\/pl\/wp-json\/wp\/v2\/product_tag?post=12141"}],"curies":[{"name":"wp","href":"https:\/\/api.w.org\/{rel}","templated":true}]}}