{"id":12132,"date":"2026-03-18T22:04:50","date_gmt":"2026-03-18T21:04:50","guid":{"rendered":"https:\/\/gltestm.webology.pl\/produkt\/maszynka-do-popcornu-lucznik-am-6611-c-outlet\/"},"modified":"2026-03-22T22:11:29","modified_gmt":"2026-03-22T21:11:29","slug":"maszynka-do-popcornu-lucznik-am-6611-c-outlet","status":"publish","type":"product","link":"https:\/\/gltestm.webology.pl\/pl\/produkt\/maszynka-do-popcornu-lucznik-am-6611-c-outlet\/","title":{"rendered":"Maszynka do popcornu \u0141ucznik AM-6611 C OUTLET"},"content":{"rendered":"<h2><strong>Outlet<\/strong><\/h2>\n<ul>\n<li>produkt powystawowy<\/li>\n<li>otwarte opakowanie<\/li>\n<\/ul>\n<h2><strong>Marzenie ka\u017cdego dziecka \u2013 stw\u00f3rz w\u0142asny popcorn w domowym zaciszu!<\/strong><\/h2>\n<p>Maszynka do popcornu AM 6611 C-23 to idealne urz\u0105dzenie dla <strong>dzieci<\/strong>, os\u00f3b lubi\u0105cych <strong>popcorn<\/strong> do film\u00f3w oraz dla tych, kt\u00f3rzy szukaj\u0105 <strong>zdrowej przek\u0105ski<\/strong>. Z pomoc\u0105 tego sprz\u0119tu, ka\u017cdy b\u0119dzie m\u00f3g\u0142 przygotowa\u0107 <strong>pyszny<\/strong>, <strong>chrupi\u0105cy<\/strong> i zdrowy popcorn w domowym zaciszu. To \u015bwietne urz\u0105dzenie dla ka\u017cdego, kto ceni sobie pyszny i zdrowy popcorn. Dzi\u0119ki niemu mo\u017cna w<strong> prosty spos\u00f3b<\/strong> przygotowa\u0107 <strong>du\u017c\u0105 ilo\u015b\u0107<\/strong> pysznego popcornu, kt\u00f3ry b\u0119dzie idealn\u0105 przek\u0105sk\u0105 do <strong>film\u00f3w<\/strong>, <strong>gier<\/strong> wideo i innych rodzaj\u00f3w <strong>rozrywki<\/strong>.<\/p>\n<p><img fetchpriority=\"high\" decoding=\"async\" src=\"\/data\/include\/cms\/.product\/3\/2\/23\/foto_1.jpg\" alt=\"Maszynka do popcornu AM-6611 C\" width=\"768\" height=\"480\" \/><\/p>\n<h2>Najwa\u017cniejsze cechy<\/h2>\n<ul>\n<li>przygotowanie popcornu bez t\u0142uszczu<\/li>\n<li>du\u017ca pojemno\u015b\u0107 \u2013 pomie\u015bci 50-60 g ziarna kukurydzy<\/li>\n<li>czas przygotowania popcornu \u2013 3-4 minuty<\/li>\n<li>kompaktowy rozmiar<\/li>\n<li>mo\u017cliwo\u015b\u0107 mycia w zmywarce (miarka i os\u0142ona)<\/li>\n<\/ul>\n<p><strong>Outlet<\/strong><\/p>\n<ul>\n<li>produkt po zwrocie<\/li>\n<li>otwarte opakowanie<\/li>\n<\/ul>\n<p><img decoding=\"async\" src=\"\/data\/include\/cms\/.product\/3\/2\/23\/foto_5.jpg\" alt=\"Maszynka do popcornu AM-6611 C\" width=\"768\" height=\"480\" \/><\/p>\n<h2>Idealna przek\u0105ska na filmowy seans<\/h2>\n<p>Dla dzieci, urz\u0105dzenie to b\u0119dzie ciekaw\u0105 zabawk\u0105, kt\u00f3ra pozwoli im na stworzenie w\u0142asnej przek\u0105ski z ulubionym smakiem. Z kolei osoby, kt\u00f3re uwielbiaj\u0105 popcorn do film\u00f3w, z pewno\u015bci\u0105 doceni\u0105 smak i aromat \u015bwie\u017co przygotowanych ziaren. Dla smakoszy polecamy polanie mas\u0142em popcornu po jego przyrz\u0105dzeniu! Mo\u017cna je roztopi\u0107 podczas przyrz\u0105dzania popcornu, wk\u0142adaj\u0105c do odwr\u00f3conej miarki na popcorn.<\/p>\n<h2>Zdrowa alternatywa dla chips\u00f3w<\/h2>\n<p>Jedn\u0105 z najwi\u0119kszych zalet tej maszynki jest to, \u017ce do jej produkcji nie potrzeba t\u0142uszczu czy oleju, co oznacza, \u017ce mo\u017cna w ten spos\u00f3b przygotowa\u0107 zdrow\u0105 przek\u0105sk\u0119, kt\u00f3ra jest bogata w b\u0142onnik, witaminy i minera\u0142y. Jest to doskona\u0142a alternatywa dla t\u0142ustych chips\u00f3w i innych niezdrowych przek\u0105sek.<\/p>\n<p><img decoding=\"async\" src=\"\/data\/include\/cms\/.product\/3\/2\/23\/foto_4.jpg\" alt=\"Maszynka do popcornu AM-6611 C\" width=\"768\" height=\"480\" \/><\/p>\n<h2>Prosta obs\u0142uga<\/h2>\n<p>Maszynka do popcornu AM 6611-C-23 jest bardzo prosta w obs\u0142udze. Wystarczy umie\u015bci\u0107 ziarna kukurydzy w komorze, w\u0142\u0105czy\u0107 urz\u0105dzenie i w kilka minut b\u0119dzie mo\u017cna cieszy\u0107 si\u0119 aromatycznym popcornem. Urz\u0105dzenie wyposa\u017cone jest r\u00f3wnie\u017c w funkcj\u0119 utrzymywania ciep\u0142a, co oznacza, \u017ce mo\u017cna przygotowa\u0107 du\u017c\u0105 ilo\u015b\u0107 popcornu na raz i cieszy\u0107 si\u0119 nim przez d\u0142ugi czas.<\/p>\n<p><img loading=\"lazy\" decoding=\"async\" src=\"\/data\/include\/cms\/.product\/3\/2\/23\/foto_2.jpg\" alt=\"Maszynka do popcornu AM-6611 C\" width=\"768\" height=\"480\" \/><\/p>\n<h2>Dla du\u017cych i ma\u0142ych<\/h2>\n<p>To idealne rozwi\u0105zanie dla rodzin, kt\u00f3re uwielbiaj\u0105 sp\u0119dza\u0107 czas razem, ogl\u0105daj\u0105c filmy lub gry wideo. Dzieci b\u0119d\u0105 zachwycone, gdy zobacz\u0105, jak zwyk\u0142e ziarna kukurydzy zamieniaj\u0105 si\u0119 w pyszne popcorny, a doro\u015bli b\u0119d\u0105 zadowoleni, \u017ce mog\u0105 zaoferowa\u0107 swoim bliskim zdrow\u0105 przek\u0105sk\u0119.<\/p>\n","protected":false},"excerpt":{"rendered":"<p>Domowa maszyna do popcornu, kt\u00f3ra umili ka\u017cdy wiecz\u00f3r filmowy. Ta kompaktowa i prosta w obs\u0142udze maszyna do przygotowywania pra\u017conej kukurydzy pozwoli przygotowa\u0107 porcj\u0119 popcornu podczas przerwy na reklam\u0119.<\/p>\n","protected":false},"featured_media":15266,"comment_status":"open","ping_status":"closed","template":"","meta":[],"product_brand":[],"product_cat":[818],"product_tag":[],"class_list":{"0":"post-12132","1":"product","2":"type-product","3":"status-publish","4":"has-post-thumbnail","6":"product_cat-popcorn-i-wata-cukrowa","8":"first","9":"instock","10":"taxable","11":"shipping-taxable","12":"purchasable","13":"product-type-simple"},"_links":{"self":[{"href":"https:\/\/gltestm.webology.pl\/pl\/wp-json\/wp\/v2\/product\/12132","targetHints":{"allow":["GET"]}}],"collection":[{"href":"https:\/\/gltestm.webology.pl\/pl\/wp-json\/wp\/v2\/product"}],"about":[{"href":"https:\/\/gltestm.webology.pl\/pl\/wp-json\/wp\/v2\/types\/product"}],"replies":[{"embeddable":true,"href":"https:\/\/gltestm.webology.pl\/pl\/wp-json\/wp\/v2\/comments?post=12132"}],"version-history":[{"count":0,"href":"https:\/\/gltestm.webology.pl\/pl\/wp-json\/wp\/v2\/product\/12132\/revisions"}],"wp:featuredmedia":[{"embeddable":true,"href":"https:\/\/gltestm.webology.pl\/pl\/wp-json\/wp\/v2\/media\/15266"}],"wp:attachment":[{"href":"https:\/\/gltestm.webology.pl\/pl\/wp-json\/wp\/v2\/media?parent=12132"}],"wp:term":[{"taxonomy":"product_brand","embeddable":true,"href":"https:\/\/gltestm.webology.pl\/pl\/wp-json\/wp\/v2\/product_brand?post=12132"},{"taxonomy":"product_cat","embeddable":true,"href":"https:\/\/gltestm.webology.pl\/pl\/wp-json\/wp\/v2\/product_cat?post=12132"},{"taxonomy":"product_tag","embeddable":true,"href":"https:\/\/gltestm.webology.pl\/pl\/wp-json\/wp\/v2\/product_tag?post=12132"}],"curies":[{"name":"wp","href":"https:\/\/api.w.org\/{rel}","templated":true}]}}