{"id":12131,"date":"2026-03-18T22:04:49","date_gmt":"2026-03-18T21:04:49","guid":{"rendered":"https:\/\/gltestm.webology.pl\/produkt\/air-fryer-multiopiekacz-lucznik-af-2017-outlet\/"},"modified":"2026-03-22T22:11:29","modified_gmt":"2026-03-22T21:11:29","slug":"air-fryer-multiopiekacz-lucznik-af-2017-outlet","status":"publish","type":"product","link":"https:\/\/gltestm.webology.pl\/pl\/produkt\/air-fryer-multiopiekacz-lucznik-af-2017-outlet\/","title":{"rendered":"Air Fryer multiopiekacz \u0141ucznik AF-2017 OUTLET"},"content":{"rendered":"<h2>Outlet<\/h2>\n<ul>\n<li>otwarte\/uszkodzone opakowanie<\/li>\n<\/ul>\n<h2>Smak i zdrowie w jednym<\/h2>\n<p>Przygotuj <strong>smaczne<\/strong> i <strong>zdrowe<\/strong> <strong>potrawy<\/strong> dla siebie i swoich bliskich z frytkownic\u0105 bezt\u0142uszczow\u0105 \u0141ucznik AF-2017. Teraz mo\u017cesz cieszy\u0107 si\u0119 ulubionymi przysmakami <strong>bez nadmiaru t\u0142uszczu<\/strong>! Niech Twoje dania zachwyc\u0105 nie tylko <strong>smakiem<\/strong>, ale tak\u017ce korzy\u015bciami dla Twojego zdrowia.<\/p>\n<h2>Najwa\u017cniejsze cechy frytkownicy bezt\u0142uszczowej \u0141ucznik AF-2017:<\/h2>\n<ul>\n<li>Moc:<strong> 1400 W<\/strong><\/li>\n<li>Pojemno\u015b\u0107 kosza <strong>2,6 l<\/strong><\/li>\n<li><strong>P\u0142ynna regulacja temperatury 80 \u2013 200 st. C jednym pokr\u0119t\u0142em<\/strong><\/li>\n<li>Obs\u0142uga <strong>jedn\u0105 r\u0119k\u0105<\/strong><\/li>\n<li>Sterowanie<strong> mechaniczne<\/strong><\/li>\n<li><strong>Sma\u017cenie<\/strong>, <strong>pieczenie<\/strong>, <strong>grillowanie<\/strong>, duszenie i opiekanie<\/li>\n<li>Sma\u017cenie <strong>bez u\u017cycia oleju<\/strong><\/li>\n<li><strong>Czasomierz<\/strong> z funkcj\u0105 <strong>automatycznego wy\u0142\u0105czenia<\/strong><\/li>\n<li>Misa zabezpieczona <strong>termoizolacj\u0105<\/strong> &#8211; utrzymuj\u0105ca ciep\u0142o nawet po zako\u0144czeniu pieczenia<\/li>\n<li>Mo\u017cliwo\u015b\u0107 <strong>mycia w zmywarce<\/strong> \u2013 kosz, misa<\/li>\n<li><strong>Blokada otwarcia kosza<\/strong> dla bezpiecze\u0144stwa u\u017cytkowania, szczeg\u00f3lnie przy dzieciach<\/li>\n<\/ul>\n<h2>Frytki bez t\u0142uszczu &#8211; zdrowe przek\u0105ski dla Ciebie i Twoich dzieci<\/h2>\n<p>Twoje dzieci <strong>pokochaj\u0105 frytki <\/strong>przygotowane w naszej frytkownicy &#8211; <strong>chrupi\u0105ce<\/strong>, <strong>smaczne<\/strong> i <strong>zdrowsze<\/strong> ni\u017c kiedykolwiek wcze\u015bniej! Smakuj\u0105 jak prosto z ulubionej restauracji, lecz <strong>bez zb\u0119dnych kalorii<\/strong> i <strong>t\u0142uszczu<\/strong>.<\/p>\n<p>Dzi\u0119ki technologii <strong>opiekania gor\u0105cym powietrzem<\/strong>, nasza frytkownica piecze frytki chrupi\u0105ce na zewn\u0105trz i mi\u0119kkie w \u015brodku. Twoje dzieci b\u0119d\u0105 <strong>zachwycone smakiem<\/strong>, a Ty zyskasz spok\u00f3j, wiedz\u0105c \u017ce dostarczasz im <strong>smaczne<\/strong>, <strong>zdrowe przek\u0105ski<\/strong>, kt\u00f3re minimalizuj\u0105 spo\u017cycie t\u0142uszcz\u00f3w.<\/p>\n<p>Dzi\u0119ki temu, \u017ce frytki s\u0105 przygotowywane bez t\u0142uszczu, mo\u017cesz zapewni\u0107 swojej <strong>rodzinie smaczne posi\u0142ki<\/strong>, kt\u00f3re s\u0105 <strong>l\u017cejsze<\/strong> i bardziej <strong>dietetyczne<\/strong>, bez rezygnacji z ulubionych smak\u00f3w i tekstur.<\/p>\n<h2>Szybciej i wygodniej ni\u017c w piekarniku<\/h2>\n<p>Dzi\u0119ki technologii <strong>opiekania gor\u0105cym powietrzem<\/strong>, proces pieczenia w naszej frytkownicy jest zbli\u017cony do tego w piekarniku, jednak odbywa si\u0119 <strong>szybciej<\/strong> i bez <strong>utraty wody<\/strong>. Pieczenie staje si\u0119 <strong>\u0142atwiejsze<\/strong> i <strong>bardziej efektywne<\/strong>! Nie musisz martwi\u0107 si\u0119 o dodatkowe kalorie czy d\u0142ugi czas przygotowania &#8211; nasza frytkownica zrobi to za Ciebie!<\/p>\n<h2>Oszcz\u0119dno\u015b\u0107 czasu i energii<\/h2>\n<p>Z <strong>regulacj\u0105 temperatury jednym pokr\u0119t\u0142em<\/strong> oraz moc\u0105 1400 W, nasza frytkownica gwarantuje <strong>r\u00f3wnomierne<\/strong> i <strong>szybkie<\/strong> przygotowanie potraw. Nie musisz czeka\u0107 na <strong>zagrzanie si\u0119 piekarnika<\/strong> ani na <strong>odmra\u017canie produkt\u00f3w<\/strong> &#8211; wszystko odbywa si\u0119 <strong>b\u0142yskawicznie<\/strong>! Znajdziesz w niej tak\u017ce funkcj\u0119 automatycznego wy\u0142\u0105czania, co zapewni Ci dodatkowy komfort i <strong>bezpiecze\u0144stwo<\/strong>.<\/p>\n<h2>Prosta obs\u0142uga jedn\u0105 r\u0119k\u0105<\/h2>\n<p>Pokr\u0119t\u0142a naszej frytkownicy zosta\u0142y zaprojektowane z my\u015bl\u0105 o Twojej <strong>wygodzie<\/strong> i <strong>intuicyjnym u\u017cytkowaniu<\/strong>. Dzi\u0119ki <strong>p\u0142ynnej regulacji temperatury<\/strong> oraz <strong>timerowi<\/strong> sterowanemu pokr\u0119t\u0142em, masz <strong>pe\u0142n\u0105 kontrol\u0119<\/strong> nad pieczeniem. \u0141atwo\u015b\u0107 obs\u0142ugi pozwala ka\u017cdemu cz\u0142onkowi rodziny cieszy\u0107 si\u0119 smacznymi potrawami bez stresu i komplikacji.<\/p>\n<h2>Ogranicz spo\u017cycie t\u0142uszczu<\/h2>\n<p>Nasza frytkownica jest idealnym rozwi\u0105zaniem dla os\u00f3b, kt\u00f3re d\u0105\u017c\u0105 do <strong>zmniejszenia spo\u017cycia t\u0142uszczu<\/strong> w diecie. Dzi\u0119ki minimalizacji konieczno\u015bci dodawania t\u0142uszczu, mo\u017cesz cieszy\u0107 si\u0119 ulubionymi smakami <strong>bez zb\u0119dnych kalorii<\/strong>. Dodatkowo, proces opiekania <strong>gor\u0105cym powietrzem<\/strong> pozwala uzyska\u0107 chrupi\u0105c\u0105 konsystencj\u0119, jak po <strong>tradycyjnym sma\u017ceniu<\/strong>.<\/p>\n<h2>\u0141atwe czyszczenie w zmywarce!<\/h2>\n<p>Po przygotowaniu smako\u0142yk\u00f3w, czyszczenie naszej frytkownicy jest <strong>dziecinnie proste<\/strong>, a dzi\u0119ki mo\u017cliwo\u015bci <strong>mycia wybranych cz\u0119\u015bci w zmywarce<\/strong>, oszcz\u0119dzasz cenny czas, kt\u00f3ry mo\u017cesz po\u015bwi\u0119ci\u0107 na inne przyjemno\u015bci.<\/p>\n<p>Po prostu umyj <strong>kosz<\/strong> i <strong>mis\u0119<\/strong> w <strong>zmywarce<\/strong>, a nast\u0119pnie przetrzyj pozosta\u0142e elementy urz\u0105dzenia wilgotn\u0105 \u015bciereczk\u0105. To proste i wygodne rozwi\u0105zanie, kt\u00f3re sprawia, \u017ce korzystanie z naszej frytkownicy jest jeszcze przyjemniejsze!<\/p>\n<ol>\n<li>Wyjmij wtyczk\u0119 z gniazda elektrycznego i pozostaw urz\u0105dzenie do wystygni\u0119cia.<\/li>\n<li>Czy\u015b\u0107 zewn\u0119trzn\u0105 cz\u0119\u015b\u0107 urz\u0105dzenia mokr\u0105 \u015bciereczk\u0105.<\/li>\n<li>Mocz mis\u0119 i kosz w gor\u0105cej wodzie z dodatkiem \u015brodka czyszcz\u0105cego przez oko\u0142o 10 minut, a nast\u0119pnie wyczy\u015b\u0107 je mi\u0119kk\u0105 g\u0105bk\u0105.<\/li>\n<li>Wn\u0119trze urz\u0105dzenia czy\u015b\u0107 gor\u0105c\u0105 wod\u0105 i mi\u0119kk\u0105 g\u0105bk\u0105.<\/li>\n<li>U\u017cyj szczotki do czyszczenia element\u00f3w grzejnych oraz usuwania resztek po\u017cywienia.<\/li>\n<li>Regularnie oczyszczaj szczotk\u0105 wlot i wylot powietrza, aby zapewni\u0107 odpowiedni przep\u0142yw powietrza.<\/li>\n<\/ol>\n<h2>Antypo\u015blizgowe n\u00f3\u017cki &#8211; stabilno\u015b\u0107 i bezpiecze\u0144stwo<\/h2>\n<p>Dzi\u0119ki <strong>antypo\u015blizgowym n\u00f3\u017ckom<\/strong> urz\u0105dzenie <strong>pewnie stanie <\/strong>na blacie kuchennym, nawet podczas intensywnego u\u017cytkowania. Bezpiecze\u0144stwo Twojej rodziny to dla nas priorytet, dlatego projektujemy nasze produkty z my\u015bl\u0105 o zapewnieniu Ci spokoju i komfortu w ka\u017cdej chwili.<\/p>\n<h2>Blokada otwarcia misy i kosza<\/h2>\n<p>Unikaj <strong>przypadkowego otwarcia misy<\/strong> podczas pracy urz\u0105dzenia dzi\u0119ki wbudowanej blokadzie <strong>otwarcia<\/strong>.  Blokada kosza chroni przed <strong>przypadkowym wysypywaniem<\/strong> si\u0119 potraw przy wyci\u0105ganiu misy.<\/p>\n<p>Dzi\u0119ki tym zabezpieczeniom mo\u017cesz skupi\u0107 si\u0119 na przygotowywaniu pysznych potraw, maj\u0105c pewno\u015b\u0107, \u017ce Twoja frytkownica dzia\u0142a <strong>bezpiecznie<\/strong> i zgodnie z oczekiwaniami. To szczeg\u00f3lnie istotne w przypadku <strong>obecno\u015bci dzieci w kuchni<\/strong>, kt\u00f3re mog\u0105 by\u0107 ciekawe i eksplorowa\u0107 urz\u0105dzenia kuchenne.<\/p>\n<h2>Sprawd\u017a nasze pomys\u0142y na pyszne potrawy z frytkownicy bezt\u0142uszczowej \u0141ucznik AF-2017<\/h2>\n<p>Czas pieczenia uzele\u017cnony jest od ilo\u015bci sk\u0142adnik\u00f3w. Przy pierwszym pieczeniu sprawdzaj stopie\u0144 wypieczenia i dostostuj czas wedle uznania.<\/p>\n<p><strong>Frytki bez t\u0142uszczu<\/strong><\/p>\n<p>Sk\u0142adniki: ziemniaki, \u00bd \u0142y\u017cki oleju, przyprawy wed\u0142ug preferencji<\/p>\n<p>Przygotowanie: Ziemniaki pokroi\u0107 na kawa\u0142ki, posypa\u0107 ulubionymi przyprawami, umie\u015bci\u0107 w koszu frytkownicy i piec przez oko\u0142o 18-25 minut, a\u017c b\u0119d\u0105 chrupi\u0105ce i z\u0142ociste. Piec w temperaturze 180\u00baC. Przewr\u00f3ci\u0107 w po\u0142owie czasu.<\/p>\n<p><strong>Piersi z kurczaka<\/strong><\/p>\n<p>Sk\u0142adniki: piersi z kurczaka, ulubione przyprawy<\/p>\n<p>Przygotowanie: Posypa\u0107 piersi z kurczaka ulubionymi przyprawami, umie\u015bci\u0107 w koszu frytkownicy i piec przez oko\u0142o 10-15 minut, a\u017c b\u0119d\u0105 soczyste i dobrze przypieczone. Piec w temperaturze 180\u00baC<\/p>\n<p><strong>\u0141oso\u015b zapiekany<\/strong><\/p>\n<p>Sk\u0142adniki: filety z \u0142ososia, \u00bd \u0142y\u017cki oleju, sok z cytryny, zio\u0142a prowansalskie<\/p>\n<p>Przygotowanie: Posmarowa\u0107 filety sokiem z cytryny, posypa\u0107 zio\u0142ami, umie\u015bci\u0107 w koszu frytkownicy i piec przez oko\u0142o 6-10 minut, a\u017c \u0142oso\u015b b\u0119dzie mi\u0119kki i delikatny. Piec w temperaturze 200\u00baC<\/p>\n<p><strong>Krewetki marynowane<\/strong><\/p>\n<p>Sk\u0142adniki: krewetki, czosnek, sok z cytryny, oliwa z oliwek<\/p>\n<p>Przygotowanie: Marynowa\u0107 krewetki w czosnku, soku z cytryny i oliwie, nast\u0119pnie umie\u015bci\u0107 je w koszu frytkownicy i piec przez oko\u0142o 8-10 minut, a\u017c b\u0119d\u0105 r\u00f3\u017cowe i dobrze ugotowane.<\/p>\n<p><strong>Warzywa na parze<\/strong><\/p>\n<p>Sk\u0142adniki: mieszanka ulubionych warzyw (np. ziemniaki, marchew, cukinia, papryka), oliwa z oliwek, zio\u0142a prowansalskie<\/p>\n<p>Przygotowanie: Pokroi\u0107 warzywa na kawa\u0142ki, posmarowa\u0107 oliw\u0105 z oliwek, posypa\u0107 zio\u0142ami, umie\u015bci\u0107 w koszu frytkownicy i piec przez oko\u0142o 8-10 minut, a\u017c b\u0119d\u0105 mi\u0119kkie.<\/p>\n<p><strong>Paluszki rybne<\/strong><\/p>\n<p>Sk\u0142adniki: filety z ryby (np. dorsz), m\u0105ka, jajko, bu\u0142ka tarta, przyprawy<\/p>\n<p>Przygotowanie: Panierowa\u0107 filety w m\u0105ce, jajku i bu\u0142ce tartej wymieszanej z ulubionymi przyprawami, umie\u015bci\u0107 w koszu frytkownicy i piec przez oko\u0142o 15-20 minut, a\u017c b\u0119d\u0105 chrupi\u0105ce i z\u0142ociste.<\/p>\n<p><strong>Chrupi\u0105ce bu\u0142eczki<\/strong><\/p>\n<p>Sk\u0142adniki: ciasto do bu\u0142eczek, jajko do posmarowania<\/p>\n<p>Przygotowanie: przygotowa\u0107 ciasto wed\u0142ug ulubionego przepisu. Uformowa\u0107 bu\u0142eczki z ciasta, posmarowa\u0107 roztrzepanym jajkiem, umie\u015bci\u0107 w koszu frytkownicy i piec przez oko\u0142o 15-20 minut, a\u017c b\u0119d\u0105 z\u0142ociste i chrupi\u0105ce. Piec w temperaturze 180\u00baC.<\/p>\n<p><strong>Gyros<\/strong><\/p>\n<p>Sk\u0142adniki: plastry mi\u0119sa gyros, ulubione warzywa i sos<\/p>\n<p>Przygotowanie: U\u0142o\u017cy\u0107 plastry mi\u0119sa gyros w koszu frytkownicy razem z warzywami, piec przez oko\u0142o 8-15 minut, a\u017c mi\u0119so b\u0119dzie soczyste i warzywa dobrze przyrumienione. Piec w temperaturze 200\u00baC. Warto w po\u0142owie czasu przewr\u00f3ci\u0107\/zamiesza\u0107 sk\u0142adniki.<\/p>\n<p><strong>Zapiekanki<\/strong><\/p>\n<p>Sk\u0142adniki: kromki chleba, ulubione dodatki (np. szynka, ser, pieczarki)<\/p>\n<p>Przygotowanie: U\u0142o\u017cy\u0107 sk\u0142adniki na kromkach chleba, umie\u015bci\u0107 w koszu frytkownicy i piec przez oko\u0142o 5-8 minut, a\u017c ser si\u0119 roztopi i zapiekanki b\u0119d\u0105 z\u0142ociste. Piec w temperaturze 200\u00baC.<\/p>\n<p>Frytkownica bezt\u0142uszczowa \u0141ucznik AF-2017 to nie tylko doskona\u0142y spos\u00f3b na <strong>smaczne<\/strong> i <strong>zdrowe<\/strong> <strong>potrawy<\/strong>, ale tak\u017ce u\u0142atwienie w kuchni dla ka\u017cdego, kto ceni sobie szybko\u015b\u0107, wygod\u0119 i smak. Gotuj <strong>zdrowo<\/strong>, <strong>bezpiecznie<\/strong> i z <strong>przyjemno\u015bci\u0105<\/strong>!<\/p>\n","protected":false},"excerpt":{"rendered":"<p>Bezt\u0142uszczowy Air Fryer to uniwersalny multiopiekacz, kt\u00f3ry szybko podgrzewa, rozmra\u017ca i przygotowuje zdrowe posi\u0142ki bez t\u0142uszczu. Smaczne dania w prosty spos\u00f3b!<br \/>\nUszkodzone opakowanie<\/p>\n","protected":false},"featured_media":13727,"comment_status":"open","ping_status":"closed","template":"","meta":[],"product_brand":[],"product_cat":[808],"product_tag":[],"class_list":{"0":"post-12131","1":"product","2":"type-product","3":"status-publish","4":"has-post-thumbnail","6":"product_cat-tostery-i-opiekacze","8":"first","9":"instock","10":"taxable","11":"shipping-taxable","12":"purchasable","13":"product-type-simple"},"_links":{"self":[{"href":"https:\/\/gltestm.webology.pl\/pl\/wp-json\/wp\/v2\/product\/12131","targetHints":{"allow":["GET"]}}],"collection":[{"href":"https:\/\/gltestm.webology.pl\/pl\/wp-json\/wp\/v2\/product"}],"about":[{"href":"https:\/\/gltestm.webology.pl\/pl\/wp-json\/wp\/v2\/types\/product"}],"replies":[{"embeddable":true,"href":"https:\/\/gltestm.webology.pl\/pl\/wp-json\/wp\/v2\/comments?post=12131"}],"version-history":[{"count":0,"href":"https:\/\/gltestm.webology.pl\/pl\/wp-json\/wp\/v2\/product\/12131\/revisions"}],"wp:featuredmedia":[{"embeddable":true,"href":"https:\/\/gltestm.webology.pl\/pl\/wp-json\/wp\/v2\/media\/13727"}],"wp:attachment":[{"href":"https:\/\/gltestm.webology.pl\/pl\/wp-json\/wp\/v2\/media?parent=12131"}],"wp:term":[{"taxonomy":"product_brand","embeddable":true,"href":"https:\/\/gltestm.webology.pl\/pl\/wp-json\/wp\/v2\/product_brand?post=12131"},{"taxonomy":"product_cat","embeddable":true,"href":"https:\/\/gltestm.webology.pl\/pl\/wp-json\/wp\/v2\/product_cat?post=12131"},{"taxonomy":"product_tag","embeddable":true,"href":"https:\/\/gltestm.webology.pl\/pl\/wp-json\/wp\/v2\/product_tag?post=12131"}],"curies":[{"name":"wp","href":"https:\/\/api.w.org\/{rel}","templated":true}]}}