{"id":12127,"date":"2026-03-18T22:04:49","date_gmt":"2026-03-18T21:04:49","guid":{"rendered":"https:\/\/gltestm.webology.pl\/produkt\/oczyszczacz-powietrza-lucznik-ap-2019-b-outlet\/"},"modified":"2026-03-22T22:11:29","modified_gmt":"2026-03-22T21:11:29","slug":"oczyszczacz-powietrza-lucznik-ap-2019-b-outlet","status":"publish","type":"product","link":"https:\/\/gltestm.webology.pl\/pl\/produkt\/oczyszczacz-powietrza-lucznik-ap-2019-b-outlet\/","title":{"rendered":"Oczyszczacz powietrza \u0141ucznik AP-2019 B OUTLET"},"content":{"rendered":"<h2><strong>Outlet<\/strong><\/h2>\n<ul>\n<li>uszkodzone opakowanie<\/li>\n<\/ul>\n<h2><strong>Oczyszczacz powietrza \u0141ucznik AP-2019<\/strong> B &#8211; odetchnij czystym powietrzem!<strong><br \/><\/strong><\/h2>\n<p>Zim\u0105 w niekt\u00f3rych miejscowo\u015bciach w Polsce normy smogu bywaj\u0105 przekroczone od kilkuset do nawet kilku tysi\u0119cy procent. W jego sk\u0142ad wchodzi wiele szkodliwych zwi\u0105zk\u00f3w chemicznych, takich jak tlenki siarki, dwutlenek azotu, py\u0142y czy kancerogenne WWA &#8211; wszystkie one mog\u0105 powodowa\u0107 powa\u017cne uszczerbki na zdrowiu. <br \/>Bior\u0105c pod uwag\u0119 wp\u0142yw zanieczyszczonego powietrza na nasze organizmy dobrze jest zadba\u0107, by przynajmniej w naszych domach powietrze sprzyja\u0142o zdrowiu domownik\u00f3w.<\/p>\n<p><strong>Oczyszczacz powietrza \u0141ucznik AP-2019 B<\/strong> pozwoli wychwyci\u0107 nawet do 99,97% szkodliwych substancji w powietrzu wype\u0142niaj\u0105cym mieszkanie. Posiada on <strong>wydajno\u015b\u0107 CADR 185 <\/strong><span><strong>m\u00b3\/h<\/strong>. Co to znaczy? System CADR to mi\u0119dzynarodowy standard do mierzenia skuteczno\u015bci oczyszczaczy powietrza. Ocena ta wskazuje faktyczn\u0105 obj\u0119to\u015b\u0107 przefiltrowanego powietrza w ci\u0105gu godziny. Oczyszczacz o CADR 185 <span>m\u00b3\/h potrafi w ci\u0105gu godziny optymalnie przefiltrowa\u0107 pok\u00f3j o metra\u017cu <strong>oko\u0142o 46 m<\/strong><strong>2<\/strong><\/span><\/span><\/p>\n<p><strong>Oczyszczacz powietrza \u0141ucznik AP-2019 B <\/strong>wyposa\u017cony jest w <strong>3-stopniowy system filtracji<\/strong>. Powietrze przechodz\u0105ce przez oczyszczacz filtrowane jest przez:<\/p>\n<ul>\n<li><strong>Filtr wst\u0119pny<\/strong> &#8211; kt\u00f3ry usuwa najwi\u0119ksze zanieczyszczenia, takie jak py\u0142ki, kurz czy zwierz\u0119ca sier\u015b\u0107<\/li>\n<li><strong>Filtr w\u0119glowy<\/strong> &#8211; kt\u00f3ry wi\u0105\u017ce zwi\u0105zki lotne, takie jak r\u00f3\u017cnego rodzaju zapachy, dym tytoniowy czy opary kuchenne<\/li>\n<li><strong>Filtr HEPA 13<\/strong> &#8211; kt\u00f3ry jest najdrobniejszy i usuwa najmniejsze cz\u0105steczki zanieczyszcze\u0144 z powietrza, w tym smogu<\/li>\n<\/ul>\n<p>Opr\u00f3cz tego <strong>oczyszczacz powietrza \u0141ucznik AP-2019 B<\/strong> posiada tak\u017ce <strong>lamp\u0119 UV &#8211; C<\/strong>, kt\u00f3ra <strong>emituj\u0105c<\/strong> specjalne promieniowanie zabija w filtrowanym powietrzu <strong>bakterie, wirusy i grzyby.<\/strong><\/p>\n<p>Zalet\u0105 <strong>oczyszczacza powietrza \u0141ucznik AP-2019 B <\/strong>jest tak\u017ce jonizacja &#8211; dzi\u0119ki emitowaniu ujemnych jon\u00f3w skuteczno\u015b\u0107 filtracji jest wi\u0119ksza.<\/p>\n<p><strong>Oczyszczacz powietrza \u0141ucznik AP-2019 B <\/strong>to \u015bwietne rozwi\u0105zanie dla alergik\u00f3w. Pozwala on na wychwytywanie z powietrza alergen\u00f3w takich jak py\u0142ki, kurz, roztocza oraz sier\u015b\u0107, dzi\u0119ki czemu pozwala odetchn\u0105\u0107 w ko\u0144cu pe\u0142n\u0105 piersi\u0105.<\/p>\n","protected":false},"excerpt":{"rendered":"<p>Oczyszczacz powietrza AP-2019 B w eleganckim czarnym kolorze skutecznie usuwa zanieczyszczenia, zapewniaj\u0105c \u015bwie\u017ce powietrze w Twoim domu. Stylowy design idealnie wpasuje si\u0119 w ka\u017cde wn\u0119trze.<br \/>\nOutlet -uszkodzone opakowanie<\/p>\n","protected":false},"featured_media":15283,"comment_status":"open","ping_status":"closed","template":"","meta":[],"product_brand":[],"product_cat":[868],"product_tag":[],"class_list":{"0":"post-12127","1":"product","2":"type-product","3":"status-publish","4":"has-post-thumbnail","6":"product_cat-oczyszczacze-powietrza","8":"first","9":"outofstock","10":"taxable","11":"shipping-taxable","12":"purchasable","13":"product-type-simple"},"_links":{"self":[{"href":"https:\/\/gltestm.webology.pl\/pl\/wp-json\/wp\/v2\/product\/12127","targetHints":{"allow":["GET"]}}],"collection":[{"href":"https:\/\/gltestm.webology.pl\/pl\/wp-json\/wp\/v2\/product"}],"about":[{"href":"https:\/\/gltestm.webology.pl\/pl\/wp-json\/wp\/v2\/types\/product"}],"replies":[{"embeddable":true,"href":"https:\/\/gltestm.webology.pl\/pl\/wp-json\/wp\/v2\/comments?post=12127"}],"version-history":[{"count":0,"href":"https:\/\/gltestm.webology.pl\/pl\/wp-json\/wp\/v2\/product\/12127\/revisions"}],"wp:featuredmedia":[{"embeddable":true,"href":"https:\/\/gltestm.webology.pl\/pl\/wp-json\/wp\/v2\/media\/15283"}],"wp:attachment":[{"href":"https:\/\/gltestm.webology.pl\/pl\/wp-json\/wp\/v2\/media?parent=12127"}],"wp:term":[{"taxonomy":"product_brand","embeddable":true,"href":"https:\/\/gltestm.webology.pl\/pl\/wp-json\/wp\/v2\/product_brand?post=12127"},{"taxonomy":"product_cat","embeddable":true,"href":"https:\/\/gltestm.webology.pl\/pl\/wp-json\/wp\/v2\/product_cat?post=12127"},{"taxonomy":"product_tag","embeddable":true,"href":"https:\/\/gltestm.webology.pl\/pl\/wp-json\/wp\/v2\/product_tag?post=12127"}],"curies":[{"name":"wp","href":"https:\/\/api.w.org\/{rel}","templated":true}]}}