{"id":12126,"date":"2026-03-18T22:04:48","date_gmt":"2026-03-18T21:04:48","guid":{"rendered":"https:\/\/gltestm.webology.pl\/produkt\/blender-reczny-lucznik-jk-200-a-outlet\/"},"modified":"2026-03-22T22:11:29","modified_gmt":"2026-03-22T21:11:29","slug":"blender-reczny-lucznik-jk-200-a-outlet","status":"publish","type":"product","link":"https:\/\/gltestm.webology.pl\/pl\/produkt\/blender-reczny-lucznik-jk-200-a-outlet\/","title":{"rendered":"Blender r\u0119czny \u0141ucznik JK-200 A OUTLET"},"content":{"rendered":"<h2>Outlet<\/h2>\n<ul>\n<li>uszkodzone opakowanie <\/li>\n<\/ul>\n<h2><strong>Blender R\u0119czny \u2013 Tw\u00f3j Wszechstronny Pomocnik w Kuchni<\/strong><\/h2>\n<p><strong>Blender r\u0119czny <\/strong><span>to do\u015b\u0107 proste urz\u0105dzenie, kt\u00f3re jest w stanie zaspokoi\u0107 przer\u00f3\u017cne potrzeby: od tworzenia przepysznych <\/span><strong>koktajli<\/strong><span>, a tak\u017ce <\/span><strong>zup-krem\u00f3w <\/strong><span>po przygotowanie <\/span><strong>zdrowych past<\/strong><span>, np. z soczewicy, kt\u00f3re mo\u017cesz potem nak\u0142ada\u0107 na ulubione pieczywo. Oczywi\u015bcie mo\u017cliwo\u015bci s\u0105 wi\u0119ksze. Wszystko zale\u017cy od Ciebie i Twojej inwencji tw\u00f3rczej w kuchni. Tak naprawd\u0119 nie potrzeba nawet przepisu, by stworzy\u0107 wspania\u0142e i przepyszne jedzenie. Wystarcz\u0105 warzywa i owoce wed\u0142ug Twojego upodobania, natomiast Tw\u00f3j nowy <\/span><strong>blender <\/strong><span>wykona za Ciebie wi\u0119kszo\u015b\u0107 pracy.<\/span><\/p>\n<h3><strong>Blender r\u0119czny JK-200 A <\/strong>&#8211; korzy\u015bci zdrowotne<\/h3>\n<p><strong>Blender <\/strong>mo\u017ce sta\u0107 si\u0119 <span>Twoim sprzymierze\u0144cem w zachowaniu <\/span><strong>zdrowej diety<\/strong><span>. Po\u017cywne i smaczne potrawy, kt\u00f3re <\/span><strong>b\u0142yskawicznie <\/strong><span>przygotujesz za pomoc\u0105 <\/span><strong>blendera r\u0119cznego <\/strong><span>b\u0119d\u0105 mia\u0142y w sobie ogromne ilo\u015bci <\/span><strong>w<\/strong><strong>itamin<\/strong><strong>i minera\u0142\u00f3w<\/strong><span>, kt\u00f3re wp\u0142yn\u0105 pozytywnie na Twoje cia\u0142o. Dzi\u0119ki tak przygotowanym posi\u0142kom <\/span><strong>stracisz nadmiarowe kilogramy<\/strong><span> oraz <\/span><strong>zyskasz spokojniejszy i bardziej regeneruj\u0105cy sen<\/strong><span>.<\/span><\/p>\n<h3><strong>Blender r\u0119czny JK-200 A<\/strong> &#8211; informacje szczeg\u00f3\u0142owe o produkcie<\/h3>\n<p><strong>Blender JK-200 A<\/strong> charakteryzuje si\u0119 <strong>nowoczesnym<\/strong> <strong>wzornictwem<\/strong>, kt\u00f3re wyr\u00f3\u017cnia go na tle innych akcesori\u00f3w kuchennych, mi\u0142\u0105 dla oka kolorystyk\u0105, <strong>cich\u0105 prac\u0105<\/strong> nie sprawiaj\u0105c\u0105 k\u0142opotu domownikom oraz \u0142atwo\u015bci\u0105 u\u017cytkowania. Lekka obudowa z plastikow\u0105, wyjmowan\u0105 ko\u0144c\u00f3wk\u0105 jest \u0142atwa w czyszczeniu, a jej ergonomiczny kszta\u0142t zapewnia wygodny i pewny chwyt podczas pracy.<\/p>\n<p><span>Ostrza <strong>blendera<\/strong> wykonane zosta\u0142y z metalu, dzi\u0119ki czemu urz\u0105dzenie <\/span>idealnie spisze si\u0119 przy przygotowywaniu <strong>sos\u00f3w<\/strong>, <strong>zup-krem\u00f3w<\/strong>, <strong>smoothies<\/strong>, <strong>drink\u00f3w<\/strong> czy <strong>po\u017cywnych posi\u0142k\u00f3w dla niemowl\u0105t<\/strong>. Mo\u017cesz nim tak\u017ce rozdrabnia\u0107 mi\u0119kkie owoce i warzywa, a tak\u017ce <strong>pasty<\/strong>, <strong>zio\u0142a<\/strong>, <strong>mi\u0119so<\/strong>, <strong>orzechy<\/strong>, <strong>ser<\/strong>, <strong>jajka gotowane na twardo<\/strong> oraz <strong>cebul\u0119<\/strong>.<\/p>\n","protected":false},"excerpt":{"rendered":"<p>Zaopatrzony w metalow\u0105 ko\u0144c\u00f3wk\u0119 i ostrza nowoczesny blender r\u0119czny o maksymalnej mocy 200 W Blender mo\u017ce sta\u0107 si\u0119 Twoim przyjacielem, je\u017celi chodzi o zachowanie zdrowej diety. Pomo\u017ce Ci w zadbaniu o zdrowie i urod\u0119.<br \/>\nUszkodzone opakowanie<\/p>\n","protected":false},"featured_media":15688,"comment_status":"open","ping_status":"closed","template":"","meta":[],"product_brand":[],"product_cat":[838],"product_tag":[],"class_list":{"0":"post-12126","1":"product","2":"type-product","3":"status-publish","4":"has-post-thumbnail","6":"product_cat-blendery","8":"first","9":"instock","10":"taxable","11":"shipping-taxable","12":"purchasable","13":"product-type-simple"},"_links":{"self":[{"href":"https:\/\/gltestm.webology.pl\/pl\/wp-json\/wp\/v2\/product\/12126","targetHints":{"allow":["GET"]}}],"collection":[{"href":"https:\/\/gltestm.webology.pl\/pl\/wp-json\/wp\/v2\/product"}],"about":[{"href":"https:\/\/gltestm.webology.pl\/pl\/wp-json\/wp\/v2\/types\/product"}],"replies":[{"embeddable":true,"href":"https:\/\/gltestm.webology.pl\/pl\/wp-json\/wp\/v2\/comments?post=12126"}],"version-history":[{"count":0,"href":"https:\/\/gltestm.webology.pl\/pl\/wp-json\/wp\/v2\/product\/12126\/revisions"}],"wp:featuredmedia":[{"embeddable":true,"href":"https:\/\/gltestm.webology.pl\/pl\/wp-json\/wp\/v2\/media\/15688"}],"wp:attachment":[{"href":"https:\/\/gltestm.webology.pl\/pl\/wp-json\/wp\/v2\/media?parent=12126"}],"wp:term":[{"taxonomy":"product_brand","embeddable":true,"href":"https:\/\/gltestm.webology.pl\/pl\/wp-json\/wp\/v2\/product_brand?post=12126"},{"taxonomy":"product_cat","embeddable":true,"href":"https:\/\/gltestm.webology.pl\/pl\/wp-json\/wp\/v2\/product_cat?post=12126"},{"taxonomy":"product_tag","embeddable":true,"href":"https:\/\/gltestm.webology.pl\/pl\/wp-json\/wp\/v2\/product_tag?post=12126"}],"curies":[{"name":"wp","href":"https:\/\/api.w.org\/{rel}","templated":true}]}}