{"id":12121,"date":"2026-03-18T22:04:47","date_gmt":"2026-03-18T21:04:47","guid":{"rendered":"https:\/\/gltestm.webology.pl\/produkt\/elektryczna-szczotka-podlogowa-do-odkurzacza-lucznik-op-2018\/"},"modified":"2026-03-22T22:11:23","modified_gmt":"2026-03-22T21:11:23","slug":"elektryczna-szczotka-podlogowa-do-odkurzacza-lucznik-op-2018","status":"publish","type":"product","link":"https:\/\/gltestm.webology.pl\/pl\/produkt\/elektryczna-szczotka-podlogowa-do-odkurzacza-lucznik-op-2018\/","title":{"rendered":"Elektryczna szczotka pod\u0142ogowa do odkurzacza \u0141ucznik OP-2018"},"content":{"rendered":"<div>\n<div>\n<p>Elektryczna szczotka pod\u0142ogowa z wa\u0142kiem do odkurzacza OP-2018 to nowoczesna stopa, kt\u00f3ra zapewnia <strong>wygod\u0119<\/strong> i <strong>efektywno\u015b\u0107<\/strong> podczas sprz\u0105tania. Dzi\u0119ki mo\u017cliwo\u015bci ustawienia pod r\u00f3\u017cnymi k\u0105tami \u2013<strong> 90\u00b0, 135\u00b0, i 180\u00b0<\/strong> \u2013 doskonale sprawdza si\u0119 w trudno dost\u0119pnych miejscach.<\/p>\n<p><strong>Dodatkowym atutem<\/strong> jest <strong>wbudowane o\u015bwietlenie LED<\/strong>, kt\u00f3re o\u015bwietla <strong>ciemne zakamarki<\/strong>, u\u0142atwiaj\u0105c precyzyjne sprz\u0105tanie w miejscach o <strong>ograniczonej widoczno\u015bci<\/strong>.<\/p>\n<h2>Najwa\u017cniejsze cechy<\/h2>\n<ul>\n<li>Pasuje do odkurzacza pionowego <span><strong>\u0141ucznik OP-2018<\/strong>.<\/span><\/li>\n<li><span>Moc znamionowa szczotki: <strong>10,8 W<\/strong><\/span><\/li>\n<li>K\u0105ty pracy: <strong>90<\/strong> stopni, <strong>135<\/strong> stopni <strong>180<\/strong> stopni<\/li>\n<li><strong>O\u015bwietlenie<\/strong> pola pracy <strong>LED<\/strong><\/li>\n<\/ul>\n<\/div>\n<\/div>\n","protected":false},"excerpt":{"rendered":"<p>Elektryczna szczotka pod\u0142ogowa do odkurzacza \u0141ucznik OP-2018. Moc 10,8 W.<\/p>\n","protected":false},"featured_media":13845,"comment_status":"open","ping_status":"closed","template":"","meta":[],"product_brand":[],"product_cat":[628],"product_tag":[],"class_list":{"0":"post-12121","1":"product","2":"type-product","3":"status-publish","4":"has-post-thumbnail","6":"product_cat-odkurzacze","8":"first","9":"instock","10":"taxable","11":"shipping-taxable","12":"purchasable","13":"product-type-simple"},"_links":{"self":[{"href":"https:\/\/gltestm.webology.pl\/pl\/wp-json\/wp\/v2\/product\/12121","targetHints":{"allow":["GET"]}}],"collection":[{"href":"https:\/\/gltestm.webology.pl\/pl\/wp-json\/wp\/v2\/product"}],"about":[{"href":"https:\/\/gltestm.webology.pl\/pl\/wp-json\/wp\/v2\/types\/product"}],"replies":[{"embeddable":true,"href":"https:\/\/gltestm.webology.pl\/pl\/wp-json\/wp\/v2\/comments?post=12121"}],"version-history":[{"count":0,"href":"https:\/\/gltestm.webology.pl\/pl\/wp-json\/wp\/v2\/product\/12121\/revisions"}],"wp:featuredmedia":[{"embeddable":true,"href":"https:\/\/gltestm.webology.pl\/pl\/wp-json\/wp\/v2\/media\/13845"}],"wp:attachment":[{"href":"https:\/\/gltestm.webology.pl\/pl\/wp-json\/wp\/v2\/media?parent=12121"}],"wp:term":[{"taxonomy":"product_brand","embeddable":true,"href":"https:\/\/gltestm.webology.pl\/pl\/wp-json\/wp\/v2\/product_brand?post=12121"},{"taxonomy":"product_cat","embeddable":true,"href":"https:\/\/gltestm.webology.pl\/pl\/wp-json\/wp\/v2\/product_cat?post=12121"},{"taxonomy":"product_tag","embeddable":true,"href":"https:\/\/gltestm.webology.pl\/pl\/wp-json\/wp\/v2\/product_tag?post=12121"}],"curies":[{"name":"wp","href":"https:\/\/api.w.org\/{rel}","templated":true}]}}