{"id":12119,"date":"2026-03-18T22:04:46","date_gmt":"2026-03-18T21:04:46","guid":{"rendered":"https:\/\/gltestm.webology.pl\/produkt\/raczka-z-akumulatorem-do-odkurzacza-op-2018\/"},"modified":"2026-03-22T22:00:00","modified_gmt":"2026-03-22T21:00:00","slug":"raczka-z-akumulatorem-do-odkurzacza-op-2018","status":"publish","type":"product","link":"https:\/\/gltestm.webology.pl\/pl\/produkt\/raczka-z-akumulatorem-do-odkurzacza-op-2018\/","title":{"rendered":"R\u0105czka z akumulatorem do odkurzacza OP-2018"},"content":{"rendered":"<h2>Najwa\u017cniejsze cechy<\/h2>\n<ul>\n<li>Pasuje do odkurzacza pionowego <span>\u0141ucznik OP-2018.<\/span><\/li>\n<li>Moc: 85 W<\/li>\n<li>Wej\u015bcie \u0142adowarki: 100-240 V, 50-60 Hz<\/li>\n<li>Wyj\u015bcie \u0142adowarki: 18 V, 500 mA<\/li>\n<li>Napi\u0119cie robocze: DC 14,4 V<\/li>\n<li>Pojemno\u015b\u0107 akumulatora: 2000 mAh&lt;<\/li>\n<li>Rodzaj baterii: Litowo-jonowa<\/li>\n<li>Czas \u0142adowania: oko\u0142o 3-5 godzin<\/li>\n<\/ul>\n<h2>24-miesi\u0119czna gwarancja<\/h2>\n<p><span>Akumulator obj\u0119ty jest <\/span><strong>24-miesi\u0119czn\u0105 gwarancj\u0119<\/strong><span> importera.<\/span><\/p>\n","protected":false},"excerpt":{"rendered":"<p>Akumulator wraz z r\u0105czk\u0105 do odkurzacza \u0141ucznik OP-2018  z  filtrem<\/p>\n","protected":false},"featured_media":14633,"comment_status":"open","ping_status":"closed","template":"","meta":[],"product_brand":[],"product_cat":[628],"product_tag":[],"class_list":{"0":"post-12119","1":"product","2":"type-product","3":"status-publish","4":"has-post-thumbnail","6":"product_cat-odkurzacze","8":"first","9":"instock","10":"taxable","11":"shipping-taxable","12":"purchasable","13":"product-type-simple"},"_links":{"self":[{"href":"https:\/\/gltestm.webology.pl\/pl\/wp-json\/wp\/v2\/product\/12119","targetHints":{"allow":["GET"]}}],"collection":[{"href":"https:\/\/gltestm.webology.pl\/pl\/wp-json\/wp\/v2\/product"}],"about":[{"href":"https:\/\/gltestm.webology.pl\/pl\/wp-json\/wp\/v2\/types\/product"}],"replies":[{"embeddable":true,"href":"https:\/\/gltestm.webology.pl\/pl\/wp-json\/wp\/v2\/comments?post=12119"}],"version-history":[{"count":0,"href":"https:\/\/gltestm.webology.pl\/pl\/wp-json\/wp\/v2\/product\/12119\/revisions"}],"wp:featuredmedia":[{"embeddable":true,"href":"https:\/\/gltestm.webology.pl\/pl\/wp-json\/wp\/v2\/media\/14633"}],"wp:attachment":[{"href":"https:\/\/gltestm.webology.pl\/pl\/wp-json\/wp\/v2\/media?parent=12119"}],"wp:term":[{"taxonomy":"product_brand","embeddable":true,"href":"https:\/\/gltestm.webology.pl\/pl\/wp-json\/wp\/v2\/product_brand?post=12119"},{"taxonomy":"product_cat","embeddable":true,"href":"https:\/\/gltestm.webology.pl\/pl\/wp-json\/wp\/v2\/product_cat?post=12119"},{"taxonomy":"product_tag","embeddable":true,"href":"https:\/\/gltestm.webology.pl\/pl\/wp-json\/wp\/v2\/product_tag?post=12119"}],"curies":[{"name":"wp","href":"https:\/\/api.w.org\/{rel}","templated":true}]}}