{"id":12118,"date":"2026-03-18T22:04:46","date_gmt":"2026-03-18T21:04:46","guid":{"rendered":"https:\/\/gltestm.webology.pl\/produkt\/suszarka-do-wlosow-lucznik-hd-410-s-outlet\/"},"modified":"2026-03-18T22:27:30","modified_gmt":"2026-03-18T21:27:30","slug":"suszarka-do-wlosow-lucznik-hd-410-s-outlet","status":"publish","type":"product","link":"https:\/\/gltestm.webology.pl\/pl\/produkt\/suszarka-do-wlosow-lucznik-hd-410-s-outlet\/","title":{"rendered":"Suszarka do w\u0142os\u00f3w \u0141ucznik HD-410 S OUTLET"},"content":{"rendered":"<div>\n<div>\n<h2>Outlet<\/h2>\n<ul>\n<li>uszkodzone opakowanie<\/li>\n<\/ul>\n<p>Suszarka do w\u0142os\u00f3w \u0141ucznik HD-410 S to d<strong>oskona\u0142e urz\u0105dzenie do suszenia<\/strong> i <strong>stylizacji<\/strong> w\u0142os\u00f3w w domowym zaciszu. Oferuje wiele funkcji i opcji, dzi\u0119ki czemu mo\u017cna dostosowa\u0107 j\u0105 do <strong>indywidualnych<\/strong> potrzeb. Bez w\u0105tpienia jest to niezast\u0105pione narz\u0119dzie dla ka\u017cdej osoby, kt\u00f3ra dba o swoje w\u0142osy i chce wygl\u0105da\u0107 pi\u0119knie ka\u017cdego dnia.<\/p>\n<h2>Najwa\u017cniejsze cechy<\/h2>\n<ul>\n<li>Suszarka do w\u0142os\u00f3w z funkcj\u0105 jonizacji<\/li>\n<li>Stylizacja i modelowanie ciep\u0142ym i zimnym powietrzem<\/li>\n<li>Dwustopniowa regulacja pr\u0119dko\u015bci nadmuchu<\/li>\n<li>Nadmuch ciep\u0142y i zimny<\/li>\n<li>Koncentrator nadmuchu w zestawie<\/li>\n<li>Dyfuzor w zestawie<\/li>\n<li>Sk\u0142adana r\u0105czka<\/li>\n<li>Uchwyt do wieszania<\/li>\n<li>Moc 2200 W<\/li>\n<li>Satynowy, czekoladowy kolor<\/li>\n<\/ul>\n<h2>Szybkie suszenie<\/h2>\n<p>Suszarka jest wyposa\u017cona w silnik o mocy <strong>2200 W<\/strong>, dzi\u0119ki czemu suszenie w\u0142os\u00f3w zajmuje znacznie mniej czasu ni\u017c w przypadku innych suszarek o ni\u017cszej mocy.<\/p>\n<h2>Dwie pr\u0119dko\u015bci nadmuchu i regulacja temperatury<\/h2>\n<p>Posiada ona <strong>dwie pr\u0119dko\u015bci pracy<\/strong> pozwalaj\u0105ce regulowa\u0107 moc nadmuchu oraz<strong> trzy stopnie regulacji temperatury powietrza <\/strong>&#8211; po\u0142\u0105czenie najmocniejszych ustawie\u0144 sprawia, \u017ce suszenie odbywa si\u0119 niemal <strong>b\u0142yskawicznie<\/strong>! Spos\u00f3b pracy suszarki mo\u017cna dostosowa\u0107 do indywidualnych preferencji oraz rodzaju w\u0142os\u00f3w.<\/p>\n<h2>Ciep\u0142y i zimny nadmuch<\/h2>\n<p>Suszarka ma funkcj\u0119 <strong>regulacji temperatury<\/strong>, co pozwala na dostosowanie ustawie\u0144 do r\u00f3\u017cnych <strong>rodzaj\u00f3w w\u0142os\u00f3w<\/strong>. Mo\u017cna j\u0105 ustawi\u0107 na nisk\u0105, \u015bredni\u0105 lub wysok\u0105 temperatur\u0119, w zale\u017cno\u015bci od indywidualnych potrzeb. Na koniec suszenia <strong>warto sch\u0142odzi\u0107 w\u0142osy<\/strong> dzi\u0119ki funkcji nadmuchu <strong>zimnego<\/strong> powietrza dost\u0119pnej w suszarce i zamkn\u0105\u0107 \u0142uski w\u0142os\u00f3w, aby dodatkowo poprawi\u0107 ich wygl\u0105d.<\/p>\n<h2>Funkcja jonizacji<\/h2>\n<p>Suszarka jest wyposa\u017cona w funkcj\u0119 jonizacji, kt\u00f3ra redukuje elektryzowanie si\u0119 w\u0142os\u00f3w i zapobiega puszeniu si\u0119. W\u0142osy po wysuszeniu <strong>nie elektryzuj\u0105 si\u0119<\/strong>, lepiej si\u0119 <strong>prezentuj\u0105<\/strong> i lepiej <strong>uk\u0142adaj\u0105<\/strong>. To szczeg\u00f3lnie wa\u017cne dla os\u00f3b z cienkimi i delikatnymi w\u0142osami.<\/p>\n<h2>Koncentrator powietrza i dyfuzor w zestawie<\/h2>\n<p><strong>Dyfuzor<\/strong><\/p>\n<p>Dyfuzor jest doskona\u0142ym rozwi\u0105zaniem dla os\u00f3b z <strong>faluj\u0105cymi <\/strong>lub <strong>kr\u0119conymi<\/strong> w\u0142osami. Pomaga <strong>rozdzieli\u0107<\/strong> powietrze, aby suszenie by\u0142o bardziej <strong>r\u00f3wnomierne<\/strong> i jednocze\u015bnie <strong>zachowa\u0107 naturalne<\/strong> fale lub loki.<\/p>\n<p><strong>Koncentrator<\/strong><\/p>\n<p>Koncentrator pozwala <strong>skupi\u0107 strumie\u0144 powietrza<\/strong> na jednym punkcie, co <strong>u\u0142atwia stylizacj\u0119<\/strong> i <strong>uk\u0142adanie w\u0142os\u00f3w<\/strong>. Mo\u017cna go wykorzysta\u0107 do uzyskania <strong>g\u0142adkiego<\/strong> i <strong>prostego<\/strong> wyko\u0144czenia, np. po u\u017cyciu szczotki.<\/p>\n<h2>Stylowa i elegancka<\/h2>\n<p>Korzystanie z suszarki do w\u0142os\u00f3w HD 410 jest prawdziw\u0105 przyjemno\u015bci\u0105 dzi\u0119ki jej <strong>stylowemu wygl\u0105dowi<\/strong>. Powleczona jest specjaln\u0105, <strong>mi\u0142\u0105 w dotyku<\/strong> i estetyczn\u0105 <strong>pow\u0142ok\u0105<\/strong> w wyj\u0105tkowym kolorze <strong>czekoladowej satyny<\/strong>. <\/p>\n<h2>Sk\u0142adana i ergonomiczna r\u0105czka<\/h2>\n<p>R\u0105czka suszarki jest <strong>anatomicznie<\/strong> profilowana, dzi\u0119ki czemu \u015bwietnie le\u017cy w d\u0142oni i pozwala na skuteczne kierowanie strumienia powietrza w \u017c\u0105danym kierunku.<\/p>\n<h2>Uchwyt do odwieszania suszarki<\/h2>\n<p>Wbudowane <strong>oczko<\/strong> do zawieszania umo\u017cliwi natomiast <strong>od\u0142o\u017cenie<\/strong> jej na \u0142azienkowy wieszak po u\u017cyciu, aby <strong>zawsze by\u0142a pod r\u0119k\u0105<\/strong>.<\/p>\n<\/div>\n<\/div>\n","protected":false},"excerpt":{"rendered":"<p>Mocna suszarka do w\u0142os\u00f3w ze sk\u0142adan\u0105 r\u0105czk\u0105 i koncentratorem powietrza o bardzo eleganckim wygl\u0105dzie. Posiada dwie pr\u0119dko\u015bci pracy oraz trzy stopnie regulacji temperatury. Outlet-uszkodzone opakowanie<\/p>\n","protected":false},"featured_media":15002,"comment_status":"open","ping_status":"closed","template":"","meta":[],"product_brand":[],"product_cat":[888],"product_tag":[],"class_list":{"0":"post-12118","1":"product","2":"type-product","3":"status-publish","4":"has-post-thumbnail","6":"product_cat-suszarki","8":"first","9":"outofstock","10":"taxable","11":"shipping-taxable","12":"purchasable","13":"product-type-simple"},"_links":{"self":[{"href":"https:\/\/gltestm.webology.pl\/pl\/wp-json\/wp\/v2\/product\/12118","targetHints":{"allow":["GET"]}}],"collection":[{"href":"https:\/\/gltestm.webology.pl\/pl\/wp-json\/wp\/v2\/product"}],"about":[{"href":"https:\/\/gltestm.webology.pl\/pl\/wp-json\/wp\/v2\/types\/product"}],"replies":[{"embeddable":true,"href":"https:\/\/gltestm.webology.pl\/pl\/wp-json\/wp\/v2\/comments?post=12118"}],"version-history":[{"count":0,"href":"https:\/\/gltestm.webology.pl\/pl\/wp-json\/wp\/v2\/product\/12118\/revisions"}],"wp:featuredmedia":[{"embeddable":true,"href":"https:\/\/gltestm.webology.pl\/pl\/wp-json\/wp\/v2\/media\/15002"}],"wp:attachment":[{"href":"https:\/\/gltestm.webology.pl\/pl\/wp-json\/wp\/v2\/media?parent=12118"}],"wp:term":[{"taxonomy":"product_brand","embeddable":true,"href":"https:\/\/gltestm.webology.pl\/pl\/wp-json\/wp\/v2\/product_brand?post=12118"},{"taxonomy":"product_cat","embeddable":true,"href":"https:\/\/gltestm.webology.pl\/pl\/wp-json\/wp\/v2\/product_cat?post=12118"},{"taxonomy":"product_tag","embeddable":true,"href":"https:\/\/gltestm.webology.pl\/pl\/wp-json\/wp\/v2\/product_tag?post=12118"}],"curies":[{"name":"wp","href":"https:\/\/api.w.org\/{rel}","templated":true}]}}