{"id":12091,"date":"2026-03-18T22:04:42","date_gmt":"2026-03-18T21:04:42","guid":{"rendered":"https:\/\/gltestm.webology.pl\/produkt\/kreda-krawiecka-zestaw-4-szt-w-pudelku\/"},"modified":"2026-03-22T21:59:59","modified_gmt":"2026-03-22T20:59:59","slug":"kreda-krawiecka-zestaw-4-szt-w-pudelku","status":"publish","type":"product","link":"https:\/\/gltestm.webology.pl\/pl\/produkt\/kreda-krawiecka-zestaw-4-szt-w-pudelku\/","title":{"rendered":"Kreda krawiecka zestaw 4 szt. w pude\u0142ku"},"content":{"rendered":"<h2>Kreda krawiecka &#8211; Twoje idealne narz\u0119dzie do <strong>perfekcyjnego rysowania kroj\u00f3w<\/strong>!<\/h2>\n<p>Zapomnij o trudno\u015bciach z oznaczaniem wzor\u00f3w na tkaninie &#8211; teraz dzi\u0119ki kredzie krawieckiej, wszystko staje si\u0119 \u0142atwiejsze i bardziej precyzyjne. Ten produkt zosta\u0142 specjalnie zaprojektowany, aby zapewni\u0107 Ci wyj\u0105tkow\u0105 jako\u015b\u0107 i komfort pracy.<\/p>\n<h2>Co sprawia, \u017ce ta kreda krawiecka jest wyj\u0105tkowa?<\/h2>\n<ol>\n<li><strong>Precyzyjne<\/strong> <strong>rysowanie<\/strong> kroj\u00f3w: kreda krawiecka stanie si\u0119 Twoim niezawodnym pomocnikiem przy tworzeniu <strong>idealnych kroj\u00f3w<\/strong>. Dzi\u0119ki jej specjalnej konstrukcji i <strong>twardo\u015bci<\/strong>, mo\u017cesz dok\u0142adnie oznaczy\u0107 <strong>miejsca ci\u0119cia<\/strong> i <strong>szycia<\/strong> na r\u00f3\u017cnych materia\u0142ach.<\/li>\n<li><strong>Wygodne opakowanie<\/strong>: ka\u017cde opakowanie kredy krawieckiej zawiera <strong>4 sztuki umieszczone<\/strong> (czerwona,bia\u0142a,niebieska,\u017c\u00f3\u0142ta) w praktycznym plastikowym etui. Dzi\u0119ki temu mo\u017cesz mie\u0107 zawsze pod r\u0119k\u0105 wystarczaj\u0105c\u0105 ilo\u015b\u0107 kredy do swoich projekt\u00f3w.<\/li>\n<li><strong>\u0141atwe<\/strong> \u015bledzenie <strong>wzor\u00f3w<\/strong>: niezale\u017cnie od tego, czy pracujesz na <strong>dzianinie<\/strong> czy <strong>p\u0142\u00f3tnie<\/strong>, nasza kreda krawiecka zapewni Ci <strong>wyra\u017ane \u015blady<\/strong>, kt\u00f3re u\u0142atwi\u0105 \u015bledzenie wzor\u00f3w i wprowadzanie niezb\u0119dnych <strong>poprawek<\/strong>.<\/li>\n<\/ol>\n<p>Nie tra\u0107 wi\u0119cej czasu na pr\u00f3by i b\u0142\u0119dy! Daj si\u0119 porwa\u0107 niezr\u00f3wnanej precyzji i wygodzie naszej kredy krawieckiej. Spraw, aby Twoje projekty krawieckie sta\u0142y si\u0119 jeszcze bardziej profesjonalne i efektowne. Zam\u00f3w ju\u017c dzi\u015b i przekonaj si\u0119, jak nasza kreda krawiecka uczyni Tw\u00f3j proces tw\u00f3rczy znacznie przyjemniejszym!<\/p>\n<h2>Usuwanie kredy z materia\u0142\u00f3w<\/h2>\n<p>Po zastosowaniu kredy, zauwa\u017cyli\u015bmy, \u017ce \u015blady pozostawiane przez ni\u0105 na materia\u0142ach <strong>s\u0142abo znikaj\u0105 po praniu<\/strong>. Dotyczy to niebieskiej i \u017c\u00f3\u0142tej kredy, kreska po praniu by\u0142a widoczna na materiale.<\/p>\n","protected":false},"excerpt":{"rendered":"<p>Kreda krawiecka w praktycznym pude\u0142ku. 4 szt.<\/p>\n","protected":false},"featured_media":14164,"comment_status":"open","ping_status":"closed","template":"","meta":[],"product_brand":[],"product_cat":[743],"product_tag":[],"class_list":{"0":"post-12091","1":"product","2":"type-product","3":"status-publish","4":"has-post-thumbnail","6":"product_cat-mydelka-krawieckie-i-ich-zamienniki","8":"first","9":"instock","10":"taxable","11":"shipping-taxable","12":"purchasable","13":"product-type-simple"},"_links":{"self":[{"href":"https:\/\/gltestm.webology.pl\/pl\/wp-json\/wp\/v2\/product\/12091","targetHints":{"allow":["GET"]}}],"collection":[{"href":"https:\/\/gltestm.webology.pl\/pl\/wp-json\/wp\/v2\/product"}],"about":[{"href":"https:\/\/gltestm.webology.pl\/pl\/wp-json\/wp\/v2\/types\/product"}],"replies":[{"embeddable":true,"href":"https:\/\/gltestm.webology.pl\/pl\/wp-json\/wp\/v2\/comments?post=12091"}],"version-history":[{"count":0,"href":"https:\/\/gltestm.webology.pl\/pl\/wp-json\/wp\/v2\/product\/12091\/revisions"}],"wp:featuredmedia":[{"embeddable":true,"href":"https:\/\/gltestm.webology.pl\/pl\/wp-json\/wp\/v2\/media\/14164"}],"wp:attachment":[{"href":"https:\/\/gltestm.webology.pl\/pl\/wp-json\/wp\/v2\/media?parent=12091"}],"wp:term":[{"taxonomy":"product_brand","embeddable":true,"href":"https:\/\/gltestm.webology.pl\/pl\/wp-json\/wp\/v2\/product_brand?post=12091"},{"taxonomy":"product_cat","embeddable":true,"href":"https:\/\/gltestm.webology.pl\/pl\/wp-json\/wp\/v2\/product_cat?post=12091"},{"taxonomy":"product_tag","embeddable":true,"href":"https:\/\/gltestm.webology.pl\/pl\/wp-json\/wp\/v2\/product_tag?post=12091"}],"curies":[{"name":"wp","href":"https:\/\/api.w.org\/{rel}","templated":true}]}}