{"id":12090,"date":"2026-03-18T22:04:42","date_gmt":"2026-03-18T21:04:42","guid":{"rendered":"https:\/\/gltestm.webology.pl\/produkt\/kreda-krawiecka-w-olowku-samosotrzaca-niebieska\/"},"modified":"2026-03-18T22:27:29","modified_gmt":"2026-03-18T21:27:29","slug":"kreda-krawiecka-w-olowku-samosotrzaca-niebieska","status":"publish","type":"product","link":"https:\/\/gltestm.webology.pl\/pl\/produkt\/kreda-krawiecka-w-olowku-samosotrzaca-niebieska\/","title":{"rendered":"Kreda krawiecka w o\u0142\u00f3wku samosotrz\u0105ca niebieska"},"content":{"rendered":"<h2><strong>Proste i wygodne dzia\u0142anie<\/strong><\/h2>\n<p>Czy kiedykolwiek zastanawia\u0142a\u015b si\u0119, jak u\u0142atwi\u0107 sobie prac\u0119 krawieck\u0105 i oszcz\u0119dzi\u0107 czas na ci\u0105g\u0142e ostrzenie kredy? Mamy dla Ciebie rozwi\u0105zanie! Kreda krawiecka, kt\u00f3ra sama si\u0119 ostrzy, jest odpowiedzi\u0105 na Twoje potrzeby. Przygotuj si\u0119 na rewolucj\u0119 w \u015bwiecie krawiectwa.<\/p>\n<h2><strong>Jak to dzia\u0142a? <\/strong><\/h2>\n<p>To proste! Ta kreda krawiecka zosta\u0142a zaprojektowana tak, aby umo\u017cliwi\u0107 \u0142atwe ostrzenie bez konieczno\u015bci posiadania dodatkowych narz\u0119dzi. Wystarczy u\u017cy\u0107 do\u0142\u0105czonego sznureczka, kt\u00f3ry &#8222;nacina&#8221; kred\u0119, a nast\u0119pnie odwin\u0105\u0107 papier, kt\u00f3rym jest owini\u0119ta. Nie musisz si\u0119 martwi\u0107 o brudzenie r\u0105k czy u\u017cycie innych narz\u0119dzi &#8211; nasza kreda jest niezwykle wygodna w u\u017cyciu.<\/p>\n<h2><strong>Wielofunkcyjno\u015b\u0107 i precyzja<\/strong><\/h2>\n<p>To jeszcze nie wszystko! Kreda krawiecka doskonale nadaje si\u0119 do nanoszenia kroju na tkaniny oraz do innych poprawek krawieckich. Jej wszechstronno\u015b\u0107 sprawia, \u017ce mo\u017cesz jej u\u017cywa\u0107 nie tylko do tkanin, ale tak\u017ce np. do sk\u00f3ry. Dzi\u0119ki niej Twoje projekty b\u0119d\u0105 jeszcze bardziej precyzyjne i profesjonalne.<\/p>\n<h2><strong>Idealna do tkanin<\/strong><\/h2>\n<p>Niezale\u017cnie od tego, czy szukasz narz\u0119dzia do nanoszenia kroju na tkaniny czy oznaczania poprawek krawieckich, nasza kreda krawiecka jest idealnym rozwi\u0105zaniem. Dzi\u0119ki precyzyjnemu oznaczaniu, Twoje projekty nabior\u0105 profesjonalnego wygl\u0105du.<\/p>\n<h2><strong>Zalety samoostrz\u0105cej si\u0119 kredy<\/strong><\/h2>\n<ul>\n<li>Automatyczne ostrzenie: Zawsze ostra, bez potrzeby r\u0119cznego ostrzenia.<\/li>\n<li>Wygoda u\u017cytkowania: Prosta obs\u0142uga, brak brudzenia r\u0105k.<\/li>\n<li>Wielofunkcyjno\u015b\u0107: Idealna do tkanin i sk\u00f3ry<\/li>\n<\/ul>\n<h2><strong>\u0141atwiejszy i bardziej precyzyjny proces krawiecki<\/strong><\/h2>\n<p>Teraz mo\u017cesz cieszy\u0107 si\u0119 \u0142atwiejszym i bardziej precyzyjnym procesem krawieckim dzi\u0119ki naszej kredzie krawieckiej, kt\u00f3ra sama si\u0119 ostrzy. Jej d\u0142ugo\u015b\u0107 wynosi 16,7 cm, zapewniaj\u0105c komfortowe i pewne trzymanie. Wybierz innowacj\u0119 i zam\u00f3w nasz\u0105 kred\u0119 krawieck\u0105 ju\u017c dzi\u015b!<\/p>\n","protected":false},"excerpt":{"rendered":"<p>Niebieska kreda krawiecka w o\u0142\u00f3wku o d\u0142ugo\u015bci 16,7 cm. Samoostrz\u0105ca.<\/p>\n","protected":false},"featured_media":13221,"comment_status":"open","ping_status":"closed","template":"","meta":[],"product_brand":[],"product_cat":[743],"product_tag":[],"class_list":{"0":"post-12090","1":"product","2":"type-product","3":"status-publish","4":"has-post-thumbnail","6":"product_cat-mydelka-krawieckie-i-ich-zamienniki","8":"first","9":"instock","10":"taxable","11":"shipping-taxable","12":"purchasable","13":"product-type-simple"},"_links":{"self":[{"href":"https:\/\/gltestm.webology.pl\/pl\/wp-json\/wp\/v2\/product\/12090","targetHints":{"allow":["GET"]}}],"collection":[{"href":"https:\/\/gltestm.webology.pl\/pl\/wp-json\/wp\/v2\/product"}],"about":[{"href":"https:\/\/gltestm.webology.pl\/pl\/wp-json\/wp\/v2\/types\/product"}],"replies":[{"embeddable":true,"href":"https:\/\/gltestm.webology.pl\/pl\/wp-json\/wp\/v2\/comments?post=12090"}],"version-history":[{"count":0,"href":"https:\/\/gltestm.webology.pl\/pl\/wp-json\/wp\/v2\/product\/12090\/revisions"}],"wp:featuredmedia":[{"embeddable":true,"href":"https:\/\/gltestm.webology.pl\/pl\/wp-json\/wp\/v2\/media\/13221"}],"wp:attachment":[{"href":"https:\/\/gltestm.webology.pl\/pl\/wp-json\/wp\/v2\/media?parent=12090"}],"wp:term":[{"taxonomy":"product_brand","embeddable":true,"href":"https:\/\/gltestm.webology.pl\/pl\/wp-json\/wp\/v2\/product_brand?post=12090"},{"taxonomy":"product_cat","embeddable":true,"href":"https:\/\/gltestm.webology.pl\/pl\/wp-json\/wp\/v2\/product_cat?post=12090"},{"taxonomy":"product_tag","embeddable":true,"href":"https:\/\/gltestm.webology.pl\/pl\/wp-json\/wp\/v2\/product_tag?post=12090"}],"curies":[{"name":"wp","href":"https:\/\/api.w.org\/{rel}","templated":true}]}}