{"id":12089,"date":"2026-03-18T22:04:42","date_gmt":"2026-03-18T21:04:42","guid":{"rendered":"https:\/\/gltestm.webology.pl\/produkt\/szpilki-ze-szklanym-lebkiem-dl-34-mm\/"},"modified":"2026-03-18T22:27:29","modified_gmt":"2026-03-18T21:27:29","slug":"szpilki-ze-szklanym-lebkiem-dl-34-mm","status":"publish","type":"product","link":"https:\/\/gltestm.webology.pl\/pl\/produkt\/szpilki-ze-szklanym-lebkiem-dl-34-mm\/","title":{"rendered":"Szpilki ze szklanym \u0142ebkiem d\u0142. 34 mm"},"content":{"rendered":"<h2><strong>Czym wyr\u00f3\u017cniaj\u0105 si\u0119 szpilki krawieckie?<\/strong><\/h2>\n<p>Szpilki krawieckie ze szklanymi, kolorowymi g\u0142\u00f3wkami s\u0105 dobrze widoczne, dobrze si\u0119 wbijaj\u0105 i trzymaj\u0105. Szpileczki s\u0105 wysokiej jako\u015bci, nie\u0142ami\u0105ce si\u0119 i w por\u00f3wnaniu do szpilek metalowych, s\u0105 nieco bardziej elastyczne. \u015awietnie sprawdz\u0105 si\u0119 zar\u00f3wno w krawiectwie, jak i w biurze.<\/p>\n<h2><strong>Wymiary szpilki ze szklanym \u0142ebkiem<\/strong><\/h2>\n<p>Wymiary:<\/p>\n<ul>\n<li>D\u0142ugo\u015b\u0107: <strong>34 mm<\/strong><\/li>\n<li>\u015arednica drutu: <strong>0,4 mm<\/strong><\/li>\n<li>\u015arednica g\u0142\u00f3wki: <strong>2,7 mm<\/strong><\/li>\n<\/ul>\n<h2><strong>Ilo\u015b\u0107 szpilek w opakowaniu<\/strong><\/h2>\n<p>Szpilki zapakowane w plastikowym pude\u0142eczku. W opakowaniu znajduje si\u0119 12 g szpilek, co daje oko\u0142o 80 szt.<\/p>\n","protected":false},"excerpt":{"rendered":"<p>Zestaw szpilek do tkanin ze szklanym \u0142ebkiem w plastikowym pude\u0142ku o d\u0142ugo\u015bci 34 mm.  80 szt. 12 g.<\/p>\n","protected":false},"featured_media":14970,"comment_status":"open","ping_status":"closed","template":"","meta":[],"product_brand":[],"product_cat":[738],"product_tag":[],"class_list":{"0":"post-12089","1":"product","2":"type-product","3":"status-publish","4":"has-post-thumbnail","6":"product_cat-szpilki-agrafki-i-poduszeczki","8":"first","9":"instock","10":"taxable","11":"shipping-taxable","12":"purchasable","13":"product-type-simple"},"_links":{"self":[{"href":"https:\/\/gltestm.webology.pl\/pl\/wp-json\/wp\/v2\/product\/12089","targetHints":{"allow":["GET"]}}],"collection":[{"href":"https:\/\/gltestm.webology.pl\/pl\/wp-json\/wp\/v2\/product"}],"about":[{"href":"https:\/\/gltestm.webology.pl\/pl\/wp-json\/wp\/v2\/types\/product"}],"replies":[{"embeddable":true,"href":"https:\/\/gltestm.webology.pl\/pl\/wp-json\/wp\/v2\/comments?post=12089"}],"version-history":[{"count":0,"href":"https:\/\/gltestm.webology.pl\/pl\/wp-json\/wp\/v2\/product\/12089\/revisions"}],"wp:featuredmedia":[{"embeddable":true,"href":"https:\/\/gltestm.webology.pl\/pl\/wp-json\/wp\/v2\/media\/14970"}],"wp:attachment":[{"href":"https:\/\/gltestm.webology.pl\/pl\/wp-json\/wp\/v2\/media?parent=12089"}],"wp:term":[{"taxonomy":"product_brand","embeddable":true,"href":"https:\/\/gltestm.webology.pl\/pl\/wp-json\/wp\/v2\/product_brand?post=12089"},{"taxonomy":"product_cat","embeddable":true,"href":"https:\/\/gltestm.webology.pl\/pl\/wp-json\/wp\/v2\/product_cat?post=12089"},{"taxonomy":"product_tag","embeddable":true,"href":"https:\/\/gltestm.webology.pl\/pl\/wp-json\/wp\/v2\/product_tag?post=12089"}],"curies":[{"name":"wp","href":"https:\/\/api.w.org\/{rel}","templated":true}]}}