{"id":12088,"date":"2026-03-18T22:04:41","date_gmt":"2026-03-18T21:04:41","guid":{"rendered":"https:\/\/gltestm.webology.pl\/produkt\/odkamieniacz-do-ekspresu-czajnika-zelazka\/"},"modified":"2026-03-22T21:59:58","modified_gmt":"2026-03-22T20:59:58","slug":"odkamieniacz-do-ekspresu-czajnika-zelazka","status":"publish","type":"product","link":"https:\/\/gltestm.webology.pl\/pl\/produkt\/odkamieniacz-do-ekspresu-czajnika-zelazka\/","title":{"rendered":"Odkamieniacz do ekspresu, czajnika, \u017celazka"},"content":{"rendered":"<div>\n<div><img fetchpriority=\"high\" decoding=\"async\" src=\"\/hpeciai\/b75fd320377ba6b54789b842351299e2\/pol_pl_Odkamieniacz-do-ekspresu-czajnika-zelazka-1654_5.png\" alt=\"odkamieniacz \u0142ucznik\" width=\"1472\" height=\"704\"><\/div>\n<div>\n<p>Czy Twoje <strong>\u017celazko<\/strong>, <strong>czajnik<\/strong>, <strong>ekspres<\/strong> i inne drobne urz\u0105dzenia gospodarstwa domowego borykaj\u0105 si\u0119 z<strong> uporczywym kamieniem<\/strong>? <strong>Odkamieniacz \u0141ucznik<\/strong> jest <strong>rozwi\u0105zaniem<\/strong>, kt\u00f3rego szukasz! \u015arodek o <strong>pojemno\u015bci 500 m<\/strong>l zosta\u0142 stworzony <strong>specjalnie<\/strong> dla urz\u0105dze\u0144 nara\u017conych na tworzenie si\u0119 <strong>kamienistego osadu<\/strong>.<\/p>\n<h2>\u2b55 Walka z kamieniem na r\u00f3\u017cnych frontach<\/h2>\n<p>Dzi\u0119ki zastosowaniu odkamieniacza \u0141ucznik, mo\u017cesz <strong>skutecznie usun\u0105\u0107 kamie\u0144<\/strong> z r\u00f3\u017cnych powierzchni, <strong>od\u015bwie\u017caj\u0105c<\/strong> sprz\u0119t AGD i przywracaj\u0105c mu <strong>pe\u0142n\u0105 sprawno\u015b\u0107<\/strong>. <strong>Regularne stosowanie<\/strong> tego produktu nie tylko pozwoli Ci pozby\u0107 si\u0119 <strong>uporczywych osad\u00f3w<\/strong>, ale tak\u017ce <strong>przed\u0142u\u017cy \u017cywotno\u015b\u0107<\/strong> Twojego drogocennego sprz\u0119tu.<\/p>\n<h2>\u2b55 Wygodna p\u0142ynna forma dla precyzyjnego stosowania<\/h2>\n<p>Odkamieniacz \u0141ucznik to <strong>uniwersalne rozwi\u0105zanie<\/strong> dla wielu drobnych urz\u0105dze\u0144 gospodarstwa domowego. Jego p\u0142ynna formu\u0142a sprawia, \u017ce <strong>\u0142atwo<\/strong> i <strong>precyzyjnie<\/strong> mo\u017cesz aplikowa\u0107 go na <strong>problematyczne obszary<\/strong>, zapewniaj\u0105c skuteczne dzia\u0142anie. Niezale\u017cnie od tego, czy masz do czynienia z \u017celazkiem, czajnikiem, ekspresem czy innym urz\u0105dzeniem, ten odkamieniacz spe\u0142ni Twoje oczekiwania.<\/p>\n<p>Odkamieniacz \u0141ucznik o<strong> pojemno\u015bci 500 ml<\/strong> to <strong>wydajne rozwi\u0105zanie<\/strong>, kt\u00f3re wystarczy na d\u0142u\u017cszy okres u\u017cytkowania. Dzi\u0119ki temu mo\u017cesz korzysta\u0107 z niego przez d\u0142u\u017cszy czas, a jedno opakowanie zapewni Ci <strong>wielokrotne zastosowanie<\/strong>.<\/p>\n<h2>\u2b55 Zapewnij przed\u0142u\u017con\u0105 \u017cywotno\u015b\u0107 swojego sprz\u0119tu AGD<\/h2>\n<p>Produkt jest marki \u0141ucznik, co gwarantuje <strong>wysok\u0105 jako\u015b\u0107<\/strong> i <strong>skuteczno\u015b\u0107<\/strong> dzia\u0142ania. Odkamieniacz jest dost\u0119pny w <strong>postaci p\u0142ynnej<\/strong>, co u\u0142atwia jego aplikacj\u0119 i zapewnia r\u00f3wnomierne pokrycie powierzchni. Skorzystaj z odkamieniacza \u0141ucznik i ciesz si\u0119<strong> sprawnym sprz\u0119tem AGD<\/strong> przez wiele lat!<\/p>\n<p>Zainwestuj w <strong>odkamieniacz<\/strong> \u0141ucznik i ciesz si\u0119 <strong>sprawno\u015bci\u0105<\/strong> swojego sprz\u0119tu <strong>AGD<\/strong> bez obawy o kamie\u0144!<\/p>\n<h2>\u2b55 Spos\u00f3b u\u017cycia<\/h2>\n<h3><strong>Odkamienianie ekspresu do kawy<\/strong><\/h3>\n<p>Je\u015bli producent ekspresu w instrukcji odkamieniania nie podaje inaczej:<\/p>\n<ol>\n<li>Nape\u0142ni\u0107 zbiornik wod\u0105.<\/li>\n<li>Doda\u0107 odkamieniacz pami\u0119taj\u0105c o zachowaniu proporcji 100 ml \u015brodka (1\/5 zawarto\u015bci opakowania) na 1 litr wody.<\/li>\n<li>Pozostawi\u0107 na okres 5 minut w celu rozpuszczenia.<\/li>\n<li>W\u0142\u0105czy\u0107 ekspres. Przepu\u015bci\u0107 cz\u0119\u015b\u0107 roztworu przez urz\u0105dzenie (oko\u0142o 2 minuty w zale\u017cno\u015bci od programu).<\/li>\n<li>Wy\u0142\u0105czy\u0107 urz\u0105dzenie na czas ok. 10 minut. Powt\u00f3rzy\u0107 cykl kilka razy w celu dzia\u0142ania.<\/li>\n<li>Przepu\u015bci\u0107 powsta\u0142y roztw\u00f3r.<\/li>\n<li>Opr\u00f3\u017cni\u0107 zbiornik i dok\u0142adnie wyp\u0142uka\u0107 zawarto\u015b\u0107 czyst\u0105 wod\u0105, przepuszczaj\u0105c j\u0105 przez ekspres.<\/li>\n<\/ol>\n<h3>Odkamienianie czajnika<\/h3>\n<ol>\n<li>Nape\u0142ni\u0107 czajnik wod\u0105.<\/li>\n<li>Doda\u0107 odkamieniacz pami\u0119taj\u0105c o zachowaniu proporcji 100 ml \u015brodka na 1 litr wody.<\/li>\n<li>Zagotowa\u0107 powsta\u0142y roztw\u00f3r i pozostawi\u0107 na czas ok. 10 minut.<\/li>\n<li>Wyla\u0107 zawarto\u015b\u0107.<\/li>\n<li>Kilkakrotnie wyp\u0142uka\u0107 czajnik czyst\u0105 wod\u0105, powtarzaj\u0105c czynno\u015bci z punkt\u00f3w od 4 do 6 a\u017c do uzyskania czystej wody.<\/li>\n<li>Zagotowa\u0107 wod\u0119 i powt\u00f3rzy\u0107.<\/li>\n<\/ol>\n<h3>Odkamienianie \u017celazka<\/h3>\n<p>Stosowa\u0107 zgodnie z instrukcj\u0105 odkamieniania \u017celazka, w st\u0119\u017ceniu nie wi\u0119kszym ni\u017c 100 ml na 500 ml wody destylowanej. <\/p>\n<\/div>\n<\/div>\n","protected":false},"excerpt":{"rendered":"<p>Uniwersalny p\u0142yn do odkamieniania czajnik\u00f3w, \u017celazek czy ekspres\u00f3w do kawy. Wydajna formu\u0142a i bezpieczna formu\u0142a. Pojemno\u015b\u0107 500 ml. Poprawia dzia\u0142anie i przed\u0142u\u017ca \u017cywotno\u015b\u0107 domowego AGD.<\/p>\n","protected":false},"featured_media":13980,"comment_status":"open","ping_status":"closed","template":"","meta":[],"product_brand":[],"product_cat":[648],"product_tag":[],"class_list":{"0":"post-12088","1":"product","2":"type-product","3":"status-publish","4":"has-post-thumbnail","6":"product_cat-pozostale","8":"first","9":"instock","10":"sale","11":"taxable","12":"shipping-taxable","13":"purchasable","14":"product-type-simple"},"_links":{"self":[{"href":"https:\/\/gltestm.webology.pl\/pl\/wp-json\/wp\/v2\/product\/12088","targetHints":{"allow":["GET"]}}],"collection":[{"href":"https:\/\/gltestm.webology.pl\/pl\/wp-json\/wp\/v2\/product"}],"about":[{"href":"https:\/\/gltestm.webology.pl\/pl\/wp-json\/wp\/v2\/types\/product"}],"replies":[{"embeddable":true,"href":"https:\/\/gltestm.webology.pl\/pl\/wp-json\/wp\/v2\/comments?post=12088"}],"version-history":[{"count":0,"href":"https:\/\/gltestm.webology.pl\/pl\/wp-json\/wp\/v2\/product\/12088\/revisions"}],"wp:featuredmedia":[{"embeddable":true,"href":"https:\/\/gltestm.webology.pl\/pl\/wp-json\/wp\/v2\/media\/13980"}],"wp:attachment":[{"href":"https:\/\/gltestm.webology.pl\/pl\/wp-json\/wp\/v2\/media?parent=12088"}],"wp:term":[{"taxonomy":"product_brand","embeddable":true,"href":"https:\/\/gltestm.webology.pl\/pl\/wp-json\/wp\/v2\/product_brand?post=12088"},{"taxonomy":"product_cat","embeddable":true,"href":"https:\/\/gltestm.webology.pl\/pl\/wp-json\/wp\/v2\/product_cat?post=12088"},{"taxonomy":"product_tag","embeddable":true,"href":"https:\/\/gltestm.webology.pl\/pl\/wp-json\/wp\/v2\/product_tag?post=12088"}],"curies":[{"name":"wp","href":"https:\/\/api.w.org\/{rel}","templated":true}]}}