{"id":12087,"date":"2026-03-18T22:04:41","date_gmt":"2026-03-18T21:04:41","guid":{"rendered":"https:\/\/gltestm.webology.pl\/produkt\/overlock-lucznik-2023-4-nitkowy-100w-1300-rpm\/"},"modified":"2026-03-22T22:11:23","modified_gmt":"2026-03-22T21:11:23","slug":"overlock-lucznik-2023-4-nitkowy-100w-1300-rpm","status":"publish","type":"product","link":"https:\/\/gltestm.webology.pl\/pl\/produkt\/overlock-lucznik-2023-4-nitkowy-100w-1300-rpm\/","title":{"rendered":"Overlock \u0141ucznik 2023 4-nitkowy 100W 1300 RPM"},"content":{"rendered":"<div>Nasza najnowsza maszyna do szycia &#8211; <span>Overlock-4 nitkowy 2023<\/span> &#8211; przeniesie Twoje umiej\u0119tno\u015bci krawieckie na <span>zupe\u0142nie nowy poziom<\/span>. Przygotuj si\u0119 na fascynuj\u0105c\u0105 podr\u00f3\u017c po \u015bwiecie precyzyjnego szycia i nieograniczonych mo\u017cliwo\u015bci tw\u00f3rczych!<\/div>\n<h2>Najwa\u017cniejsze cechy Overlocka 2023<\/h2>\n<ul>\n<li>Moc <span>100 W<\/span><\/li>\n<li>Liczba <span>nici<\/span>: <span>4<\/span><\/li>\n<li>Liczba <span>igie\u0142<\/span>: <span>2<\/span><\/li>\n<li>Liczba <span>\u015bcieg\u00f3w<\/span>: <span>12<\/span><\/li>\n<li>Rodzaje \u015bcieg\u00f3w: <span>overlockowe<\/span>, <span>roluj\u0105ce<\/span> oraz <span>p\u0142askie<\/span><\/li>\n<li>Regulacja <span>szeroko\u015bci<\/span> \u015bciegu 1-7 mm<\/li>\n<li>Regulacja <span>d\u0142ugo\u015bci<\/span> \u015bciegu 1,1-4 mm<\/li>\n<li>Regulacja <span>napr\u0119\u017cenia<\/span> nici 0-9<\/li>\n<li>Regulacja <span>docisku<\/span> stopki<\/li>\n<li>Transport r\u00f3\u017cnicowy (<span>dyferencja\u0142<\/span>) 0,7-2 mm<\/li>\n<li>\u0141atwe nawlekanie nitek (<span>system kolorowych oznacze\u0144<\/span>)<\/li>\n<li><span>Pr\u0119dko\u015b\u0107 szycia 1300 RPM<\/span><\/li>\n<li>Zwi\u0119kszona powierzchnia szycia (11 cm)<\/li>\n<li>Zaokr\u0105glone wolne rami\u0119 u\u0142atwiaj\u0105ce transport tkaniny<\/li>\n<li>Podn\u00f3\u017cki o \u015brednicy 4 cm zapewniaj\u0105ce stabilno\u015b\u0107 maszyny<\/li>\n<li>Wbudowane o\u015bwietlenie LED<\/li>\n<\/ul>\n<h2>Standardowe wyposa\u017cenie<\/h2>\n<ul>\n<li>Stopka do <span>wszywania lam\u00f3wki ze sznurkiem<\/span><\/li>\n<li>Stopka do <span>wszywania ta\u015bm elastycznych<\/span><\/li>\n<li>Stopka do <span>\u015bciegu krytego<\/span><\/li>\n<li><span>Zestaw igie\u0142<\/span> (zawiera dwie ig\u0142y w opakowaniu oraz dwie zamontowane na overlocku)<\/li>\n<li><span>4 szpule<\/span> bia\u0142ych nici<\/li>\n<li><span>4 siatki<\/span> zabezpieczaj\u0105ce szpule z ni\u0107mi w czasie ich przechowywania<\/li>\n<li><span>4 nak\u0142adki<\/span> centruj\u0105co-stabilizuj\u0105ce szpul\u0119<\/li>\n<li><span>4 ograniczniki<\/span> szpuli<\/li>\n<li>Konwerter do \u015bciegu <span>2-nitkowego<\/span><\/li>\n<li>No\u017cny regulator obrot\u00f3w<\/li>\n<li>P\u0119dzelek<\/li>\n<li>Pokrowiec przeciwkurzowy<\/li>\n<li>Pojemnik na \u015bcinki<\/li>\n<li>P\u0119seta<\/li>\n<li>Klucz imbusowy do wymiany igie\u0142<\/li>\n<li>\u015arubokr\u0119t<\/li>\n<\/ul>\n<h2>Tw\u00f3rz pi\u0119kno w ka\u017cdym \u015bciegu<\/h2>\n<p>Overlock 4-nitkowy 2023 to urz\u0105dzenie, kt\u00f3re niezawodnie zapewni Ci <span>doskona\u0142e efekty<\/span> szycia. Z jego pomoc\u0105 mo\u017cesz wykona\u0107 najtrwalsze i profesjonalne szwy. Liczba nici &#8211; 2, 3 lub 4 &#8211; daje Ci ogromn\u0105 <span>elastyczno\u015b\u0107<\/span> w tworzeniu r\u00f3\u017cnorodnych projekt\u00f3w. Zastosowanie <span>1 lub 2 igie\u0142<\/span>, pozwala na jeszcze wi\u0119ksz\u0105 precyzj\u0119 w detalach.<\/p>\n<h2>Odkryj tajemnic\u0119 perfekcyjnych szw\u00f3w<\/h2>\n<p>Niezale\u017cnie od Twoich potrzeb krawieckich, maszyna do szycia Overlock 4-nitkowy 2023 ma dla Ciebie odpowiednie rozwi\u0105zanie. Wybierz spo\u015br\u00f3d <span>12 r\u00f3\u017cnych \u015bcieg\u00f3w<\/span>, kt\u00f3re otworz\u0105 przed Tob\u0105 wrota do <span>niezliczonych projekt\u00f3w<\/span>. Regulacja szeroko\u015bci \u015bciegu w zakresie od <span>1 do 7 mm<\/span> oraz d\u0142ugo\u015bci \u015bciegu <span>od 1,1 do 4 mm<\/span> daje Ci pe\u0142n\u0105 kontrol\u0119 nad ka\u017cdym detalem Twojego dzie\u0142a. Dodatkowo regulacja napr\u0119\u017cenia nici od <span>0 do 9<\/span> oraz <span>docisku stopki<\/span> sprawiaj\u0105, \u017ce Twoje szwy zawsze b\u0119d\u0105 perfekcyjne.<\/p>\n<h2>Niezawodno\u015b\u0107, kt\u00f3ra zapiera dech w piersiach<\/h2>\n<p>Nasz Overlock 4-nitkowy 2023 zosta\u0142 stworzony z my\u015bl\u0105 o <span>Twojej wygodzie<\/span>. Dzi\u0119ki <span>transportowi r\u00f3\u017cnicowemu<\/span> (dyferencja\u0142) o zakresie od 0,7 do 2 mm, Twoje tkaniny zawsze b\u0119d\u0105 r\u00f3wnomiernie i p\u0142ynnie przechodzi\u0107 pod stopk\u0105.<\/p>\n<p>A co najwa\u017cniejsze, <span>\u0142atwe nawlekanie nitek<\/span> sprawia, \u017ce korzystanie z tego overlocka to czysta przyjemno\u015b\u0107. Zapomnij o <span>frustruj\u0105cym marnowaniu czasu<\/span> na skomplikowane nawlekanie &#8211; teraz to zrobisz w mgnieniu oka dzi\u0119ki <span>systemowi kolorowych oznacze\u0144<\/span>.<\/p>\n<h2>Technologia i innowacje dla Twojej pasji<\/h2>\n<p>Maszyna do szycia Overlock 4-nitkowy 2023 to nie tylko <span>niezawodno\u015b\u0107<\/span>, ale tak\u017ce <span>moc<\/span> i <span>zaawansowana<\/span> technologia. Z pr\u0119dko\u015bci\u0105 szycia <span>1300 RPM<\/span>, mo\u017cesz tworzy\u0107 swoje projekty <span>szybko<\/span> i <span>efektywnie<\/span>. Mocy <span>100 W<\/span> zapewni p\u0142ynnie i niezawodnie dzia\u0142anie w ka\u017cdych warunkach.<\/p>\n<p>Ponadto, <span>zwi\u0119kszona powierzchnia szycia<\/span> o szeroko\u015bci <span>11 cm<\/span>, <span>zaokr\u0105glone wolne rami\u0119<\/span> u\u0142atwiaj\u0105ce transport tkaniny oraz <span>stabilne podn\u00f3\u017cki<\/span> o \u015brednicy 4 cm gwarantuj\u0105 <span>komfort<\/span> i <span>precyzj\u0119<\/span> podczas pracy.<\/p>\n<h2>Odkryj \u015bwiat pe\u0142en mo\u017cliwo\u015bci<\/h2>\n<p>Overlock 2023 nie by\u0142by kompletny bez <span>zestawu akcesori\u00f3w<\/span>, kt\u00f3re dostajesz wraz z nim.<\/p>\n<p>Wraz z overlockiem otrzymasz <span>3 specjalistyczne stopki<\/span>:<\/p>\n<ul>\n<li>stopk\u0119 do wszywania lam\u00f3wki ze sznurkiem,<\/li>\n<li>stopk\u0119 do wszywania ta\u015bm elastycznych<\/li>\n<li>stopk\u0119 do \u015bciegu krytego<\/li>\n<\/ul>\n<p>Pozosta\u0142e <span>stopki do overlock\u00f3w<\/span> znajdziesz w naszej ofercie na <span><span><a href=\"https:\/\/galerialucznik.pl\/pl\/menu\/czesci-i-akcesoria\/stopki-i-lamowniki\/stopki-do-overlockow-664.html\" target=\"_blank\" rel=\"noopener\">tej stronie<\/a><\/span>.<\/span> <\/p>\n<p>Zestaw <span>igie\u0142<\/span>, <span>p\u0119seta<\/span>, klucz <span>imbusowy<\/span> do wymiany igie\u0142, <span>\u015brubokr\u0119t<\/span> &#8211; wszystko, czego potrzebujesz, aby Twoja maszyna do szycia typu Overlock 4-nitkowy 2023 dzia\u0142a\u0142a perfekcyjnie. Je\u015bli potrzebujesz wi\u0119cej igie\u0142, to koniecznie <span><span><a href=\"https:\/\/galerialucznik.pl\/pl\/menu\/czesci-i-akcesoria\/akcesoria-do-maszyn-do-szycia\/igly-do-maszyn-676.html\" target=\"_blank\" rel=\"noopener\">zajrzyj tutaj<\/a><\/span>.<\/span><\/p>\n<p>Dodatkowo, masz do dyspozycji <span>4 nak\u0142adki centruj\u0105co-stabilizuj\u0105ce szpul\u0119<\/span>, <span>4 ograniczniki szpuli<\/span>, p\u0119dzelek, pokrowiec <span>przeciwkurzowy<\/span>, 4 <span>siatki zabezpieczaj\u0105ce szpule<\/span> z ni\u0107mi podczas przechowywania<span>, 4 szpule bia\u0142ych nici<\/span> oraz <span>konwerter<\/span> do \u015bciegu 2-nitkowego. Szukasz innych, fantastycznych kolor\u00f3w nici do swojego nowego overlocka? Sprawd\u017a nasz\u0105 ofert\u0119 na <span><span><a href=\"https:\/\/galerialucznik.pl\/pl\/menu\/przybory-do-szycia\/nici\/nici-do-overlockow-694.html\" target=\"_blank\" rel=\"noopener\">tej stronie<\/a><\/span><\/span>.<\/p>\n<p>To <span>kompleksowe wyposa\u017cenie<\/span>, kt\u00f3re pozwoli Ci w pe\u0142ni wykorzysta\u0107 potencja\u0142 Overlocka 2023.<\/p>\n<h2>Do\u0142\u0105cz do rewolucji szycia z \u0141ucznikiem!<\/h2>\n<p>Pozw\u00f3l naszemu najnowszemu overlockowi przemieni\u0107 Twoje pomys\u0142y w rzeczywisto\u015b\u0107. Odkryj swoje <span>artystyczne mo\u017cliwo\u015bci<\/span>, ciesz si\u0119 <span>niezawodno\u015bci\u0105<\/span> i <span>precyzj\u0105<\/span>, jakiej jeszcze nie do\u015bwiadczy\u0142e\u015b. Wybierz maszyn\u0119 do szycia &#8211; Overlocka 4-nitkowego 2023 i wejd\u017a na nowy poziom tw\u00f3rczego szycia!<\/p>\n","protected":false},"excerpt":{"rendered":"<p>4-nitkowy, 2- ig\u0142owy overlock o mocy 100 W. 1300 RPM. 12 \u015bcieg\u00f3w w tym overlockowe, roluj\u0105ce i p\u0142askie. Szycie 1 lub 2 ig\u0142ami. Mo\u017cliwo\u015b\u0107 regulacji szeroko\u015bci i d\u0142ugo\u015bci \u015bciegu, napr\u0119\u017cenia nici i docisku stopki. Transport r\u00f3\u017cnicowy i \u0142atwe nawlekanie nici.<\/p>\n","protected":false},"featured_media":13681,"comment_status":"open","ping_status":"closed","template":"","meta":[],"product_brand":[],"product_cat":[433],"product_tag":[],"class_list":{"0":"post-12087","1":"product","2":"type-product","3":"status-publish","4":"has-post-thumbnail","6":"product_cat-overlocki","8":"first","9":"instock","10":"taxable","11":"shipping-taxable","12":"purchasable","13":"product-type-simple"},"_links":{"self":[{"href":"https:\/\/gltestm.webology.pl\/pl\/wp-json\/wp\/v2\/product\/12087","targetHints":{"allow":["GET"]}}],"collection":[{"href":"https:\/\/gltestm.webology.pl\/pl\/wp-json\/wp\/v2\/product"}],"about":[{"href":"https:\/\/gltestm.webology.pl\/pl\/wp-json\/wp\/v2\/types\/product"}],"replies":[{"embeddable":true,"href":"https:\/\/gltestm.webology.pl\/pl\/wp-json\/wp\/v2\/comments?post=12087"}],"version-history":[{"count":0,"href":"https:\/\/gltestm.webology.pl\/pl\/wp-json\/wp\/v2\/product\/12087\/revisions"}],"wp:featuredmedia":[{"embeddable":true,"href":"https:\/\/gltestm.webology.pl\/pl\/wp-json\/wp\/v2\/media\/13681"}],"wp:attachment":[{"href":"https:\/\/gltestm.webology.pl\/pl\/wp-json\/wp\/v2\/media?parent=12087"}],"wp:term":[{"taxonomy":"product_brand","embeddable":true,"href":"https:\/\/gltestm.webology.pl\/pl\/wp-json\/wp\/v2\/product_brand?post=12087"},{"taxonomy":"product_cat","embeddable":true,"href":"https:\/\/gltestm.webology.pl\/pl\/wp-json\/wp\/v2\/product_cat?post=12087"},{"taxonomy":"product_tag","embeddable":true,"href":"https:\/\/gltestm.webology.pl\/pl\/wp-json\/wp\/v2\/product_tag?post=12087"}],"curies":[{"name":"wp","href":"https:\/\/api.w.org\/{rel}","templated":true}]}}